{"id":988,"date":"2022-04-14T09:00:38","date_gmt":"2022-04-14T09:00:38","guid":{"rendered":"https:\/\/systronemv.com\/references\/medizinische-geraete\/"},"modified":"2024-03-14T10:56:30","modified_gmt":"2024-03-14T10:56:30","slug":"reference-medical-devices","status":"publish","type":"page","link":"https:\/\/systronemv.com\/en\/references\/reference-medical-devices\/","title":{"rendered":"Ref. Medical equipment"},"content":{"rendered":"<div class=\"wpb-content-wrapper\"><p>[vc_row][vc_column][systron_generalboxes]Medical equipment such as EEG, EKG and EMG are disturbed by alternating magnetic fields. Thus, for example in hospitals, it must be ensured that the required limit values are not exceeded in areas where such devices are used.[\/systron_generalboxes][\/vc_column][\/vc_row][vc_row][vc_column][systron_generalboxes box_color=&#8221;general-color&#8221; left_general=&#8221;Title&#8221; box_left_title=&#8221;Krankenhaus Nord, Vienna&#8221;]<\/p>\n<figure id=\"attachment_783\" aria-describedby=\"caption-attachment-783\" style=\"width: 800px\" class=\"wp-caption aligncenter\"><img loading=\"lazy\" decoding=\"async\" class=\"wp-image-783 size-full\" src=\"https:\/\/systronemv.com\/wp-content\/uploads\/2022\/04\/Krankenhaus_Nord_Wien.jpg\" alt=\"\" width=\"800\" height=\"407\" srcset=\"https:\/\/systronemv.com\/wp-content\/uploads\/2022\/04\/Krankenhaus_Nord_Wien.jpg 800w, https:\/\/systronemv.com\/wp-content\/uploads\/2022\/04\/Krankenhaus_Nord_Wien-300x153.jpg 300w, https:\/\/systronemv.com\/wp-content\/uploads\/2022\/04\/Krankenhaus_Nord_Wien-768x391.jpg 768w\" sizes=\"auto, (max-width: 800px) 100vw, 800px\" \/><figcaption id=\"caption-attachment-783\" class=\"wp-caption-text\">Krankenhaus Nord, Vienna<\/figcaption><\/figure>\n<p>Before the start of the construction of Krankenhaus Nord, Vienna, simulations and measurements were carried out to determine the strength of the magnetic fields at the site of the new hospital. This was done in particular because three railway lines and a substation of the Austrian Federal Railways (\u00d6BB) are located in the immediate vicinity of the hospital. The studies and measurements showed that the values for the operation of medical equipment such as EEG, EKG and EMG according to the \u00d6VE\/\u00d6NORM E 8007 &#8220;Starkstromanlagen in Krankenh\u00e4usern und medizinischen genutzten R\u00e4umen&#8221; are exceeded.<\/p>\n<div id='gallery-1' class='gallery galleryid-988 gallery-columns-3 gallery-size-full'><figure class='gallery-item'>\n\t\t\t<div class='gallery-icon landscape'>\n\t\t\t\t<a href='https:\/\/systronemv.com\/wp-content\/uploads\/2022\/04\/KH_Wien_Simulation_Bahnfelder-800.jpg'><img loading=\"lazy\" decoding=\"async\" width=\"800\" height=\"494\" src=\"https:\/\/systronemv.com\/wp-content\/uploads\/2022\/04\/KH_Wien_Simulation_Bahnfelder-800.jpg\" class=\"attachment-full size-full landscape\" alt=\"\" aria-describedby=\"gallery-1-787\" srcset=\"https:\/\/systronemv.com\/wp-content\/uploads\/2022\/04\/KH_Wien_Simulation_Bahnfelder-800.jpg 800w, https:\/\/systronemv.com\/wp-content\/uploads\/2022\/04\/KH_Wien_Simulation_Bahnfelder-800-300x185.jpg 300w, https:\/\/systronemv.com\/wp-content\/uploads\/2022\/04\/KH_Wien_Simulation_Bahnfelder-800-768x474.jpg 768w\" sizes=\"auto, (max-width: 800px) 100vw, 800px\" \/><\/a>\n\t\t\t<\/div>\n\t\t\t\t<figcaption class='wp-caption-text gallery-caption' id='gallery-1-787'>\n\t\t\t\tSimulation of the track fields on the hospital premises\n\t\t\t\t<\/figcaption><\/figure>\n\t\t<\/div>\n\n<p><strong>Limit values in the standard \u00d6VE\/\u00d6NORM E8007<\/strong><\/p>\n<div class=\"data-table-container\">\n<table class=\"table align-top\" style=\"width: 96.9397%; height: 53px;\">\n<thead>\n<tr>\n<th style=\"width: 30.448%;\">EKG<\/th>\n<th style=\"width: 32.9537%;\">EEG<\/th>\n<th style=\"width: 35.839%;\">EMG<\/th>\n<\/tr>\n<\/thead>\n<tbody>\n<tr>\n<td style=\"width: 30.448%;\">400 nT<sub>SS<\/sub><\/td>\n<td style=\"width: 32.9537%;\">200nT<sub>SS<\/sub><\/td>\n<td style=\"width: 35.839%;\">100 nT<sub>SS<\/sub><\/td>\n<\/tr>\n<\/tbody>\n<\/table>\n<p>Preliminary measurements in selected rooms during the construction phase revealed peak values of magnetic flux density B of 2 \u03bcT for external 16.7 Hz magnetic fields and B = 300 nT for 50 Hz magnetic fields.<\/p>\n<p>Thus, it could be assumed that influences on electromedical measuring equipment were to be expected. As a measure to reduce the magnetic fields in those rooms in which intensive medical examinations are planned or where sensitive medical electronic devices are to be used, a shielding, flat encapsulation was provided. In total, more than 60 critical rooms with a shielding area of more than 13,000m2 were affected.<\/p>\n<p>The Systron PowerShield<sup>\u00ae<\/sup> room shielding system was chosen for the large-area enclosure. This is based on a combination of Mu-metal and aluminium and was described in a study by a technical university as the most suitable system for limiting magnetic fields in hospitals. Systron PowerShield<sup>\u00ae<\/sup> room shielding system elements are mounted on floors, walls and ceilings. Finally, the sheets are welded together. The mumetal-based system is lightweight, corrosion-resistant, has a high shielding effect and thus meets the high requirements for medically used rooms.<\/p>\n<p>After completion of the shielding work, measurements were carried out in the shielded rooms to prove the effect. The specified shielding factor of 2-5 could be confirmed without any problems.<\/p>\n<div id='gallery-2' class='gallery galleryid-988 gallery-columns-3 gallery-size-full'><figure class='gallery-item'>\n\t\t\t<div class='gallery-icon landscape'>\n\t\t\t\t<a href='https:\/\/systronemv.com\/wp-content\/uploads\/2022\/04\/KH_Wien_Fertig_abgeschirmte_Decke-800.jpg'><img loading=\"lazy\" decoding=\"async\" width=\"800\" height=\"529\" src=\"https:\/\/systronemv.com\/wp-content\/uploads\/2022\/04\/KH_Wien_Fertig_abgeschirmte_Decke-800.jpg\" class=\"attachment-full size-full landscape\" alt=\"\" aria-describedby=\"gallery-2-789\" srcset=\"https:\/\/systronemv.com\/wp-content\/uploads\/2022\/04\/KH_Wien_Fertig_abgeschirmte_Decke-800.jpg 800w, https:\/\/systronemv.com\/wp-content\/uploads\/2022\/04\/KH_Wien_Fertig_abgeschirmte_Decke-800-300x198.jpg 300w, https:\/\/systronemv.com\/wp-content\/uploads\/2022\/04\/KH_Wien_Fertig_abgeschirmte_Decke-800-768x508.jpg 768w\" sizes=\"auto, (max-width: 800px) 100vw, 800px\" \/><\/a>\n\t\t\t<\/div>\n\t\t\t\t<figcaption class='wp-caption-text gallery-caption' id='gallery-2-789'>\n\t\t\t\tFinished shielded ceiling of the future operating rooms\n\t\t\t\t<\/figcaption><\/figure><figure class='gallery-item'>\n\t\t\t<div class='gallery-icon landscape'>\n\t\t\t\t<a href='https:\/\/systronemv.com\/wp-content\/uploads\/2022\/04\/KH_Wien_Nahtloses_Verschweissen.jpg'><img loading=\"lazy\" decoding=\"async\" width=\"768\" height=\"575\" src=\"https:\/\/systronemv.com\/wp-content\/uploads\/2022\/04\/KH_Wien_Nahtloses_Verschweissen.jpg\" class=\"attachment-full size-full landscape\" alt=\"\" aria-describedby=\"gallery-2-791\" srcset=\"https:\/\/systronemv.com\/wp-content\/uploads\/2022\/04\/KH_Wien_Nahtloses_Verschweissen.jpg 768w, https:\/\/systronemv.com\/wp-content\/uploads\/2022\/04\/KH_Wien_Nahtloses_Verschweissen-300x225.jpg 300w\" sizes=\"auto, (max-width: 768px) 100vw, 768px\" \/><\/a>\n\t\t\t<\/div>\n\t\t\t\t<figcaption class='wp-caption-text gallery-caption' id='gallery-2-791'>\n\t\t\t\tSeamless welding of the shielding plates\n\t\t\t\t<\/figcaption><\/figure><figure class='gallery-item'>\n\t\t\t<div class='gallery-icon landscape'>\n\t\t\t\t<a href='https:\/\/systronemv.com\/wp-content\/uploads\/2022\/04\/KH_Wien_Magnetfeldmessung_im_abgeschirmten_Raum-800.jpg'><img loading=\"lazy\" decoding=\"async\" width=\"800\" height=\"600\" src=\"https:\/\/systronemv.com\/wp-content\/uploads\/2022\/04\/KH_Wien_Magnetfeldmessung_im_abgeschirmten_Raum-800.jpg\" class=\"attachment-full size-full landscape\" alt=\"\" aria-describedby=\"gallery-2-793\" srcset=\"https:\/\/systronemv.com\/wp-content\/uploads\/2022\/04\/KH_Wien_Magnetfeldmessung_im_abgeschirmten_Raum-800.jpg 800w, https:\/\/systronemv.com\/wp-content\/uploads\/2022\/04\/KH_Wien_Magnetfeldmessung_im_abgeschirmten_Raum-800-300x225.jpg 300w, https:\/\/systronemv.com\/wp-content\/uploads\/2022\/04\/KH_Wien_Magnetfeldmessung_im_abgeschirmten_Raum-800-768x576.jpg 768w\" sizes=\"auto, (max-width: 800px) 100vw, 800px\" \/><\/a>\n\t\t\t<\/div>\n\t\t\t\t<figcaption class='wp-caption-text gallery-caption' id='gallery-2-793'>\n\t\t\t\tMagnetic field measurements in the shielded intensive care room\n\t\t\t\t<\/figcaption><\/figure><figure class='gallery-item'>\n\t\t\t<div class='gallery-icon landscape'>\n\t\t\t\t<a href='https:\/\/systronemv.com\/wp-content\/uploads\/2022\/04\/KH_Wien_Magnetisch_abgeschirmtes_Intensivzimmer_kurz_vor_Inbetriebnahme-800.jpg'><img loading=\"lazy\" decoding=\"async\" width=\"800\" height=\"450\" src=\"https:\/\/systronemv.com\/wp-content\/uploads\/2022\/04\/KH_Wien_Magnetisch_abgeschirmtes_Intensivzimmer_kurz_vor_Inbetriebnahme-800.jpg\" class=\"attachment-full size-full landscape\" alt=\"\" aria-describedby=\"gallery-2-795\" srcset=\"https:\/\/systronemv.com\/wp-content\/uploads\/2022\/04\/KH_Wien_Magnetisch_abgeschirmtes_Intensivzimmer_kurz_vor_Inbetriebnahme-800.jpg 800w, https:\/\/systronemv.com\/wp-content\/uploads\/2022\/04\/KH_Wien_Magnetisch_abgeschirmtes_Intensivzimmer_kurz_vor_Inbetriebnahme-800-300x169.jpg 300w, https:\/\/systronemv.com\/wp-content\/uploads\/2022\/04\/KH_Wien_Magnetisch_abgeschirmtes_Intensivzimmer_kurz_vor_Inbetriebnahme-800-768x432.jpg 768w\" sizes=\"auto, (max-width: 800px) 100vw, 800px\" \/><\/a>\n\t\t\t<\/div>\n\t\t\t\t<figcaption class='wp-caption-text gallery-caption' id='gallery-2-795'>\n\t\t\t\tMagnetically shielded intensive care room shortly before commissioning of the hospital\n\t\t\t\t<\/figcaption><\/figure>\n\t\t<\/div>\n\n<p>In total, more than 60 rooms in which EEG, EKG, EMG and other sensitive medical equipment is operated were effectively protected from the low-frequency magnetic fields of the railway using the Systron PowerShield<sup>\u00ae<\/sup> room shielding system. With these measures, 16.7 Hz fields in particular, but also 50 Hz fields, are reduced to uncritical values.<\/p>\n<\/div>\n<p>[\/systron_generalboxes][\/vc_column][\/vc_row]<\/p>\n<\/div>","protected":false},"excerpt":{"rendered":"<p>[vc_row][vc_column][systron_generalboxes]Medical equipment such as EEG, EKG and EMG are disturbed by alternating magnetic fields. Thus, for example in hospitals, it must be ensured that the required limit values are not exceeded in areas where such devices are used.[\/systron_generalboxes][\/vc_column][\/vc_row][vc_row][vc_column][systron_generalboxes box_color=&#8221;general-color&#8221; left_general=&#8221;Title&#8221; box_left_title=&#8221;Krankenhaus Nord, Vienna&#8221;] Before the start of the construction of Krankenhaus Nord, Vienna, simulations and [&hellip;]<\/p>\n","protected":false},"author":3,"featured_media":0,"parent":946,"menu_order":0,"comment_status":"closed","ping_status":"closed","template":"","meta":{"_acf_changed":false,"inline_featured_image":false,"footnotes":""},"class_list":["post-988","page","type-page","status-publish","hentry"],"acf":[],"yoast_head":"<!-- This site is optimized with the Yoast SEO Premium plugin v26.2 (Yoast SEO v27.2) - https:\/\/yoast.com\/product\/yoast-seo-premium-wordpress\/ -->\n<title>Reference medical devices - Shielding<\/title>\n<meta name=\"description\" content=\"Reference medical equipment- shielding: Limits in hospitals so that medical equipment such as EEG, ECG, EMG are not disturbed by alternating magnetic fields.\" \/>\n<meta name=\"robots\" content=\"index, follow, max-snippet:-1, max-image-preview:large, max-video-preview:-1\" \/>\n<link rel=\"canonical\" href=\"https:\/\/systronemv.com\/en\/references\/reference-medical-devices\/\" \/>\n<meta property=\"og:locale\" content=\"en_US\" \/>\n<meta property=\"og:type\" content=\"article\" \/>\n<meta property=\"og:title\" content=\"Ref. Medical equipment\" \/>\n<meta property=\"og:description\" content=\"Reference medical equipment- shielding: Limits in hospitals so that medical equipment such as EEG, ECG, EMG are not disturbed by alternating magnetic fields.\" \/>\n<meta property=\"og:url\" content=\"https:\/\/systronemv.com\/en\/references\/reference-medical-devices\/\" \/>\n<meta property=\"og:site_name\" content=\"Systron EMV\" \/>\n<meta property=\"article:modified_time\" content=\"2024-03-14T10:56:30+00:00\" \/>\n<meta property=\"og:image\" content=\"https:\/\/systronemv.com\/wp-content\/uploads\/2022\/04\/KH_Wien_Simulation_Bahnfelder-800.jpg\" \/>\n<meta name=\"twitter:card\" content=\"summary_large_image\" \/>\n<meta name=\"twitter:label1\" content=\"Est. reading time\" \/>\n\t<meta name=\"twitter:data1\" content=\"3 minutes\" \/>\n<script type=\"application\/ld+json\" class=\"yoast-schema-graph\">{\"@context\":\"https:\/\/schema.org\",\"@graph\":[{\"@type\":\"WebPage\",\"@id\":\"https:\/\/systronemv.com\/en\/references\/reference-medical-devices\/\",\"url\":\"https:\/\/systronemv.com\/en\/references\/reference-medical-devices\/\",\"name\":\"Reference medical devices - Shielding\",\"isPartOf\":{\"@id\":\"https:\/\/systronemv.com\/de\/#website\"},\"primaryImageOfPage\":{\"@id\":\"https:\/\/systronemv.com\/en\/references\/reference-medical-devices\/#primaryimage\"},\"image\":{\"@id\":\"https:\/\/systronemv.com\/en\/references\/reference-medical-devices\/#primaryimage\"},\"thumbnailUrl\":\"https:\/\/systronemv.com\/wp-content\/uploads\/2022\/04\/Krankenhaus_Nord_Wien.jpg\",\"datePublished\":\"2022-04-14T09:00:38+00:00\",\"dateModified\":\"2024-03-14T10:56:30+00:00\",\"description\":\"Reference medical equipment- shielding: Limits in hospitals so that medical equipment such as EEG, ECG, EMG are not disturbed by alternating magnetic fields.\",\"breadcrumb\":{\"@id\":\"https:\/\/systronemv.com\/en\/references\/reference-medical-devices\/#breadcrumb\"},\"inLanguage\":\"en-US\",\"potentialAction\":[{\"@type\":\"ReadAction\",\"target\":[\"https:\/\/systronemv.com\/en\/references\/reference-medical-devices\/\"]}]},{\"@type\":\"ImageObject\",\"inLanguage\":\"en-US\",\"@id\":\"https:\/\/systronemv.com\/en\/references\/reference-medical-devices\/#primaryimage\",\"url\":\"https:\/\/systronemv.com\/wp-content\/uploads\/2022\/04\/Krankenhaus_Nord_Wien.jpg\",\"contentUrl\":\"https:\/\/systronemv.com\/wp-content\/uploads\/2022\/04\/Krankenhaus_Nord_Wien.jpg\"},{\"@type\":\"BreadcrumbList\",\"@id\":\"https:\/\/systronemv.com\/en\/references\/reference-medical-devices\/#breadcrumb\",\"itemListElement\":[{\"@type\":\"ListItem\",\"position\":1,\"name\":\"Home\",\"item\":\"https:\/\/systronemv.com\/en\/\"},{\"@type\":\"ListItem\",\"position\":2,\"name\":\"References\",\"item\":\"https:\/\/systronemv.com\/en\/references\/\"},{\"@type\":\"ListItem\",\"position\":3,\"name\":\"Ref. Medical equipment\"}]},{\"@type\":\"WebSite\",\"@id\":\"https:\/\/systronemv.com\/de\/#website\",\"url\":\"https:\/\/systronemv.com\/de\/\",\"name\":\"SYSTRON\",\"description\":\"Magnetfeld-Abschirmungen\",\"publisher\":{\"@id\":\"https:\/\/systronemv.com\/de\/#organization\"},\"potentialAction\":[{\"@type\":\"SearchAction\",\"target\":{\"@type\":\"EntryPoint\",\"urlTemplate\":\"https:\/\/systronemv.com\/de\/?s={search_term_string}\"},\"query-input\":{\"@type\":\"PropertyValueSpecification\",\"valueRequired\":true,\"valueName\":\"search_term_string\"}}],\"inLanguage\":\"en-US\"},{\"@type\":\"Organization\",\"@id\":\"https:\/\/systronemv.com\/de\/#organization\",\"name\":\"Systron emv GmbH\",\"url\":\"https:\/\/systronemv.com\/de\/\",\"logo\":{\"@type\":\"ImageObject\",\"inLanguage\":\"en-US\",\"@id\":\"https:\/\/systronemv.com\/de\/#\/schema\/logo\/image\/\",\"url\":\"https:\/\/systronemv.com\/wp-content\/uploads\/2024\/02\/Systron_Logo_positiv_Rahmen-scaled.jpg\",\"contentUrl\":\"https:\/\/systronemv.com\/wp-content\/uploads\/2024\/02\/Systron_Logo_positiv_Rahmen-scaled.jpg\",\"width\":2560,\"height\":738,\"caption\":\"Systron emv GmbH\"},\"image\":{\"@id\":\"https:\/\/systronemv.com\/de\/#\/schema\/logo\/image\/\"}}]}<\/script>\n<!-- \/ Yoast SEO Premium plugin. -->","yoast_head_json":{"title":"Reference medical devices - Shielding","description":"Reference medical equipment- shielding: Limits in hospitals so that medical equipment such as EEG, ECG, EMG are not disturbed by alternating magnetic fields.","robots":{"index":"index","follow":"follow","max-snippet":"max-snippet:-1","max-image-preview":"max-image-preview:large","max-video-preview":"max-video-preview:-1"},"canonical":"https:\/\/systronemv.com\/en\/references\/reference-medical-devices\/","og_locale":"en_US","og_type":"article","og_title":"Ref. Medical equipment","og_description":"Reference medical equipment- shielding: Limits in hospitals so that medical equipment such as EEG, ECG, EMG are not disturbed by alternating magnetic fields.","og_url":"https:\/\/systronemv.com\/en\/references\/reference-medical-devices\/","og_site_name":"Systron EMV","article_modified_time":"2024-03-14T10:56:30+00:00","og_image":[{"url":"https:\/\/systronemv.com\/wp-content\/uploads\/2022\/04\/KH_Wien_Simulation_Bahnfelder-800.jpg","type":"","width":"","height":""}],"twitter_card":"summary_large_image","twitter_misc":{"Est. reading time":"3 minutes"},"schema":{"@context":"https:\/\/schema.org","@graph":[{"@type":"WebPage","@id":"https:\/\/systronemv.com\/en\/references\/reference-medical-devices\/","url":"https:\/\/systronemv.com\/en\/references\/reference-medical-devices\/","name":"Reference medical devices - Shielding","isPartOf":{"@id":"https:\/\/systronemv.com\/de\/#website"},"primaryImageOfPage":{"@id":"https:\/\/systronemv.com\/en\/references\/reference-medical-devices\/#primaryimage"},"image":{"@id":"https:\/\/systronemv.com\/en\/references\/reference-medical-devices\/#primaryimage"},"thumbnailUrl":"https:\/\/systronemv.com\/wp-content\/uploads\/2022\/04\/Krankenhaus_Nord_Wien.jpg","datePublished":"2022-04-14T09:00:38+00:00","dateModified":"2024-03-14T10:56:30+00:00","description":"Reference medical equipment- shielding: Limits in hospitals so that medical equipment such as EEG, ECG, EMG are not disturbed by alternating magnetic fields.","breadcrumb":{"@id":"https:\/\/systronemv.com\/en\/references\/reference-medical-devices\/#breadcrumb"},"inLanguage":"en-US","potentialAction":[{"@type":"ReadAction","target":["https:\/\/systronemv.com\/en\/references\/reference-medical-devices\/"]}]},{"@type":"ImageObject","inLanguage":"en-US","@id":"https:\/\/systronemv.com\/en\/references\/reference-medical-devices\/#primaryimage","url":"https:\/\/systronemv.com\/wp-content\/uploads\/2022\/04\/Krankenhaus_Nord_Wien.jpg","contentUrl":"https:\/\/systronemv.com\/wp-content\/uploads\/2022\/04\/Krankenhaus_Nord_Wien.jpg"},{"@type":"BreadcrumbList","@id":"https:\/\/systronemv.com\/en\/references\/reference-medical-devices\/#breadcrumb","itemListElement":[{"@type":"ListItem","position":1,"name":"Home","item":"https:\/\/systronemv.com\/en\/"},{"@type":"ListItem","position":2,"name":"References","item":"https:\/\/systronemv.com\/en\/references\/"},{"@type":"ListItem","position":3,"name":"Ref. Medical equipment"}]},{"@type":"WebSite","@id":"https:\/\/systronemv.com\/de\/#website","url":"https:\/\/systronemv.com\/de\/","name":"SYSTRON","description":"Magnetfeld-Abschirmungen","publisher":{"@id":"https:\/\/systronemv.com\/de\/#organization"},"potentialAction":[{"@type":"SearchAction","target":{"@type":"EntryPoint","urlTemplate":"https:\/\/systronemv.com\/de\/?s={search_term_string}"},"query-input":{"@type":"PropertyValueSpecification","valueRequired":true,"valueName":"search_term_string"}}],"inLanguage":"en-US"},{"@type":"Organization","@id":"https:\/\/systronemv.com\/de\/#organization","name":"Systron emv GmbH","url":"https:\/\/systronemv.com\/de\/","logo":{"@type":"ImageObject","inLanguage":"en-US","@id":"https:\/\/systronemv.com\/de\/#\/schema\/logo\/image\/","url":"https:\/\/systronemv.com\/wp-content\/uploads\/2024\/02\/Systron_Logo_positiv_Rahmen-scaled.jpg","contentUrl":"https:\/\/systronemv.com\/wp-content\/uploads\/2024\/02\/Systron_Logo_positiv_Rahmen-scaled.jpg","width":2560,"height":738,"caption":"Systron emv GmbH"},"image":{"@id":"https:\/\/systronemv.com\/de\/#\/schema\/logo\/image\/"}}]}},"_links":{"self":[{"href":"https:\/\/systronemv.com\/en\/wp-json\/wp\/v2\/pages\/988","targetHints":{"allow":["GET"]}}],"collection":[{"href":"https:\/\/systronemv.com\/en\/wp-json\/wp\/v2\/pages"}],"about":[{"href":"https:\/\/systronemv.com\/en\/wp-json\/wp\/v2\/types\/page"}],"author":[{"embeddable":true,"href":"https:\/\/systronemv.com\/en\/wp-json\/wp\/v2\/users\/3"}],"replies":[{"embeddable":true,"href":"https:\/\/systronemv.com\/en\/wp-json\/wp\/v2\/comments?post=988"}],"version-history":[{"count":0,"href":"https:\/\/systronemv.com\/en\/wp-json\/wp\/v2\/pages\/988\/revisions"}],"up":[{"embeddable":true,"href":"https:\/\/systronemv.com\/en\/wp-json\/wp\/v2\/pages\/946"}],"wp:attachment":[{"href":"https:\/\/systronemv.com\/en\/wp-json\/wp\/v2\/media?parent=988"}],"curies":[{"name":"wp","href":"https:\/\/api.w.org\/{rel}","templated":true}]}}