{"id":84,"date":"2022-03-24T08:35:23","date_gmt":"2022-03-24T08:35:23","guid":{"rendered":"https:\/\/systronemv.com\/syst\/?page_id=84"},"modified":"2025-03-07T07:04:49","modified_gmt":"2025-03-07T07:04:49","slug":"elektrische-betriebsmittel","status":"publish","type":"page","link":"https:\/\/systronemv.com\/de\/abschirmungen\/elektrische-betriebsmittel\/","title":{"rendered":"Elektrische Betriebsmittel"},"content":{"rendered":"<div class=\"wpb-content-wrapper\"><p>[vc_row][vc_column][systron_generalboxes left_general=&#8220;Title&#8220; box_left_title=&#8220;<\/p>\n<h1>Abschirmungen f\u00fcr elektrische Betriebsmittel<\/h1>\n<p>&#8222;]Elektrische Betriebsmittel dienen zur \u00dcbertragung und Verteilung elektrischer Energie. Darunter verstehen sich Transformatoren, Niederspannungsverteilungen, Kabel und Stromschienen. Die dabei entstehenden Magnetfelder k\u00f6nnen mit <a href=\"https:\/\/systronemv.com\/abschirmsysteme\/systron-powershield\/\">Systron PowerShield\u00ae<\/a> oder <a href=\"https:\/\/systronemv.com\/abschirmsysteme\/systron-cableshield\/\">Systron CableShield\u00ae<\/a> effizient abgeschirmt werden. Die Abschirmung erfolgt in Form einer Fl\u00e4chen- und Raumabschirmung oder als Komponentenabschirmung.[\/systron_generalboxes][\/vc_column][\/vc_row][vc_row][vc_column][systron_generalboxes box_color=&#8220;general-color&#8220; left_general=&#8220;Title&#8220; box_left_title=&#8220;<\/p>\n<h2>Abschirmung Trafostation<\/h2>\n<p>&#8222;]Die <a href=\"https:\/\/systronemv.com\/abschirmsysteme\/systron-powershield\/\">Systron PowerShield\u00ae<\/a>\u00a0 Fl\u00e4chenabschirmung wird eingesetzt, um niederfrequente Magnetfelder in Trafostationen, zu reduzieren und Personen und Ger\u00e4te vor den Feldern zu sch\u00fctzen.\u00a0 Die Abschirmung kann in den Trafostationen selbst oder in den betroffenen, benachbarten R\u00e4umen eingebaut werden.<\/p>\n<p>Mit der Abschirmung werden gesetzliche oder technische Grenzwerte eingehalten oder Feldbelastungen auf Personen vorsoglicherweise so klein wie m\u00f6glich gehalten. Die Abschirmungen werden f\u00fcr kleine und grosse Fl\u00e4chen gleichermassen eingesetzt.<\/p>\n<p>Das <a href=\"https:\/\/systronemv.com\/abschirmsysteme\/systron-powershield\/\">Systron PowerShield\u00ae<\/a> Abschirmsystem besteht aus einer Kombination von magnetisch und elektrisch leitenden Metallen und wird typischerweise zur Begrenzung niederfrequenter Magnetfelder mit Frequenzen von 16.7Hz, 50Hz bis ca. 1000Hz eingesetzt. Die Abschirmung kann auf B\u00f6den, W\u00e4nden oder Decken montiert werden.<\/p>\n<div id='gallery-1' class='gallery galleryid-84 gallery-columns-3 gallery-size-full'><figure class='gallery-item'>\n\t\t\t<div class='gallery-icon landscape'>\n\t\t\t\t<a href='https:\/\/systronemv.com\/wp-content\/uploads\/2022\/04\/magnetfeld-abschirmung-einer-trafostation.jpg'><img loading=\"lazy\" decoding=\"async\" width=\"800\" height=\"600\" src=\"https:\/\/systronemv.com\/wp-content\/uploads\/2022\/04\/magnetfeld-abschirmung-einer-trafostation.jpg\" class=\"attachment-full size-full landscape\" alt=\"Magnetfeld-Abschirmung einer Trafostation\" aria-describedby=\"gallery-1-458\" srcset=\"https:\/\/systronemv.com\/wp-content\/uploads\/2022\/04\/magnetfeld-abschirmung-einer-trafostation.jpg 800w, https:\/\/systronemv.com\/wp-content\/uploads\/2022\/04\/magnetfeld-abschirmung-einer-trafostation-300x225.jpg 300w, https:\/\/systronemv.com\/wp-content\/uploads\/2022\/04\/magnetfeld-abschirmung-einer-trafostation-768x576.jpg 768w\" sizes=\"auto, (max-width: 800px) 100vw, 800px\" \/><\/a>\n\t\t\t<\/div>\n\t\t\t\t<figcaption class='wp-caption-text gallery-caption' id='gallery-1-458'>\n\t\t\t\tMagnetfeld-Abschirmung einer Trafostation\n\t\t\t\t<\/figcaption><\/figure><figure class='gallery-item'>\n\t\t\t<div class='gallery-icon landscape'>\n\t\t\t\t<a href='https:\/\/systronemv.com\/wp-content\/uploads\/2022\/04\/magnetfeld-abschirmung-unter-gebaeude.jpg'><img loading=\"lazy\" decoding=\"async\" width=\"800\" height=\"600\" src=\"https:\/\/systronemv.com\/wp-content\/uploads\/2022\/04\/magnetfeld-abschirmung-unter-gebaeude.jpg\" class=\"attachment-full size-full landscape\" alt=\"Magnetfeld-Abschirmung unter einem Gebaeude\" aria-describedby=\"gallery-1-460\" srcset=\"https:\/\/systronemv.com\/wp-content\/uploads\/2022\/04\/magnetfeld-abschirmung-unter-gebaeude.jpg 800w, https:\/\/systronemv.com\/wp-content\/uploads\/2022\/04\/magnetfeld-abschirmung-unter-gebaeude-300x225.jpg 300w, https:\/\/systronemv.com\/wp-content\/uploads\/2022\/04\/magnetfeld-abschirmung-unter-gebaeude-768x576.jpg 768w\" sizes=\"auto, (max-width: 800px) 100vw, 800px\" \/><\/a>\n\t\t\t<\/div>\n\t\t\t\t<figcaption class='wp-caption-text gallery-caption' id='gallery-1-460'>\n\t\t\t\tMagnetfeld-Abschirmung unter einem Geb\u00e4ude\n\t\t\t\t<\/figcaption><\/figure>\n\t\t<\/div>\n\n<p>[\/systron_generalboxes][\/vc_column][\/vc_row][vc_row][vc_column][systron_generalboxes left_general=&#8220;Title&#8220; box_left_title=&#8220;<\/p>\n<h2>Rohrblockabschirmung<\/h2>\n<p>&#8222;]Die <a href=\"https:\/\/systronemv.com\/abschirmsysteme\/systron-cableshield\/\">Systron CableShield\u00ae<\/a> Rohrblockabschirmung wird zur Reduktion elektromagnetischer Felder von erdverlegten Hochspannungskabeln eingesetzt, um die Immissions- und Anlagegrenzwerte einzuhalten.<\/p>\n<p>Die Abschirmung besteht aus aneinandergereihten, korrosionsfesten Elementen und ist speziell f\u00fcr den Einbau im Erdreich vorgesehen. Die Montage ist \u00e4usserst einfach und ben\u00f6tigt keine speziellen Werkzeuge. Die Abschirmung wird f\u00fcr die entsprechenden Rohrbl\u00f6cke und Stromst\u00e4rken individuell dimensioniert und gefertigt.<\/p>\n<div id='gallery-2' class='gallery galleryid-84 gallery-columns-3 gallery-size-full'><figure class='gallery-item'>\n\t\t\t<div class='gallery-icon portrait'>\n\t\t\t\t<a href='https:\/\/systronemv.com\/wp-content\/uploads\/2022\/04\/magnetfeld-abschirmung-eines-rohrblocks-beim-verlegen.jpg'><img loading=\"lazy\" decoding=\"async\" width=\"400\" height=\"533\" src=\"https:\/\/systronemv.com\/wp-content\/uploads\/2022\/04\/magnetfeld-abschirmung-eines-rohrblocks-beim-verlegen.jpg\" class=\"attachment-full size-full landscape\" alt=\"Magnetfeld-Abschirmung eines Rohrblocks beim verlegen\" aria-describedby=\"gallery-2-464\" srcset=\"https:\/\/systronemv.com\/wp-content\/uploads\/2022\/04\/magnetfeld-abschirmung-eines-rohrblocks-beim-verlegen.jpg 400w, https:\/\/systronemv.com\/wp-content\/uploads\/2022\/04\/magnetfeld-abschirmung-eines-rohrblocks-beim-verlegen-225x300.jpg 225w\" sizes=\"auto, (max-width: 400px) 100vw, 400px\" \/><\/a>\n\t\t\t<\/div>\n\t\t\t\t<figcaption class='wp-caption-text gallery-caption' id='gallery-2-464'>\n\t\t\t\tVerlegen einer Magnetfeld-Abschirmung eines Rohrblocks\n\t\t\t\t<\/figcaption><\/figure><figure class='gallery-item'>\n\t\t\t<div class='gallery-icon portrait'>\n\t\t\t\t<a href='https:\/\/systronemv.com\/wp-content\/uploads\/2022\/04\/magnetfeld-abschirmung-eines-rohrblocks-verlegt.jpg'><img loading=\"lazy\" decoding=\"async\" width=\"400\" height=\"533\" src=\"https:\/\/systronemv.com\/wp-content\/uploads\/2022\/04\/magnetfeld-abschirmung-eines-rohrblocks-verlegt.jpg\" class=\"attachment-full size-full landscape\" alt=\"Magnetfeld-Abschirmung eines Rohrblocks verlegt\" aria-describedby=\"gallery-2-466\" srcset=\"https:\/\/systronemv.com\/wp-content\/uploads\/2022\/04\/magnetfeld-abschirmung-eines-rohrblocks-verlegt.jpg 400w, https:\/\/systronemv.com\/wp-content\/uploads\/2022\/04\/magnetfeld-abschirmung-eines-rohrblocks-verlegt-225x300.jpg 225w\" sizes=\"auto, (max-width: 400px) 100vw, 400px\" \/><\/a>\n\t\t\t<\/div>\n\t\t\t\t<figcaption class='wp-caption-text gallery-caption' id='gallery-2-466'>\n\t\t\t\tVerlegte Magnetfeld-Abschirmung eines Rohrblocks\n\t\t\t\t<\/figcaption><\/figure>\n\t\t<\/div>\n\n<p>[\/systron_generalboxes][\/vc_column][\/vc_row][vc_row][vc_column][systron_generalboxes box_color=&#8220;general-color&#8220; left_general=&#8220;Title&#8220; box_left_title=&#8220;<\/p>\n<h2>Trasseabschirmung<\/h2>\n<p>&#8222;]Die <a href=\"https:\/\/systronemv.com\/abschirmsysteme\/systron-cableshield\/\">Systron CableShield\u00ae<\/a> Trasseabschirmung wird f\u00fcr die Feldreduktion an Kabeltrassen mit typischerweise 50Hz Netzfrequenz eingesetzt. Die Trasseabschirmung basiert auf dem bew\u00e4hrten Verbundplattensystem <a href=\"https:\/\/systronemv.com\/abschirmsysteme\/systron-powershield\/\">Systron PowerShield\u00ae<\/a>. Mit den Trasseabschirmungen werden Streufelder von Einzelleiter- und Mehrleiter-Kabeln wirkungsvoll reduziert.<\/p>\n<p>Die Trasseabschirmung gelangt \u00fcberall dort zum Einsatz, wo Streufelder von Kabeln reduziert werden m\u00fcssen, um Ger\u00e4te oder Menschen zu sch\u00fctzen. Typische Einsatzorte sind Spit\u00e4ler, Forschungslabore aber auch Industrieumgebungen und B\u00fcrogeb\u00e4ude. Das Abschirmsystem besteht aus aneinander reihbaren Abschirmelementen, welche einfach an Kabeltrassen eingeh\u00e4ngt und mit dem Deckel verschlossen werden.<\/p>\n<div id='gallery-3' class='gallery galleryid-84 gallery-columns-3 gallery-size-full'><figure class='gallery-item'>\n\t\t\t<div class='gallery-icon landscape'>\n\t\t\t\t<a href='https:\/\/systronemv.com\/wp-content\/uploads\/2022\/04\/Trasseabschirmung.jpg'><img loading=\"lazy\" decoding=\"async\" width=\"800\" height=\"601\" src=\"https:\/\/systronemv.com\/wp-content\/uploads\/2022\/04\/Trasseabschirmung.jpg\" class=\"attachment-full size-full landscape\" alt=\"Elektrische Betriebsmittel - Abschirmungen - Trasseabschirmung - Trafostation\" aria-describedby=\"gallery-3-470\" srcset=\"https:\/\/systronemv.com\/wp-content\/uploads\/2022\/04\/Trasseabschirmung.jpg 800w, https:\/\/systronemv.com\/wp-content\/uploads\/2022\/04\/Trasseabschirmung-300x225.jpg 300w, https:\/\/systronemv.com\/wp-content\/uploads\/2022\/04\/Trasseabschirmung-768x577.jpg 768w\" sizes=\"auto, (max-width: 800px) 100vw, 800px\" \/><\/a>\n\t\t\t<\/div>\n\t\t\t\t<figcaption class='wp-caption-text gallery-caption' id='gallery-3-470'>\n\t\t\t\tTrasseabschirmung Systron CableShield\u00ae\n\t\t\t\t<\/figcaption><\/figure>\n\t\t<\/div>\n\n<p>[\/systron_generalboxes][\/vc_column][\/vc_row][vc_row][vc_column][systron_generalboxes left_general=&#8220;Title&#8220; box_left_title=&#8220;<\/p>\n<h2>Stromschienenabschirmung<\/h2>\n<p>&#8222;]Die <a href=\"https:\/\/systronemv.com\/abschirmsysteme\/systron-cableshield\/\">Systron CableShield\u00ae<\/a> Stromschienenabschirmung wird zur Reduktion magnetischer Felder von Stromschienen eingesetzt. Die Abschirmung basiert auf dem bew\u00e4hrten Verbundplattensystem <a href=\"https:\/\/systronemv.com\/abschirmsysteme\/systron-powershield\/\">Systron PowerShield\u00ae<\/a>. Mit der Abschirmung werden Streufelder von Stromschienen wirkungsvoll reduziert.<\/p>\n<p>Die Stromschienenabschirmung besteht aus aneinander reihbaren Elementen und gelangt dort zum Einsatz, wo die Magnetfelder der Stromschienen zum Schutz von Ger\u00e4ten oder Menschen reduziert werden m\u00fcssen. Die Abschirmelemente werden passend f\u00fcr die verschiedenen Dimensionen und Stromst\u00e4rken gefertigt. Typische Einsatzorte sind Forschungslabore, Industrieumgebungen, Spit\u00e4ler und B\u00fcrogeb\u00e4ude.<\/p>\n<div id='gallery-4' class='gallery galleryid-84 gallery-columns-3 gallery-size-full'><figure class='gallery-item'>\n\t\t\t<div class='gallery-icon landscape'>\n\t\t\t\t<a href='https:\/\/systronemv.com\/wp-content\/uploads\/2022\/03\/magnetfeld-abschirmung-einer-stromschiene.jpg'><img loading=\"lazy\" decoding=\"async\" width=\"800\" height=\"600\" src=\"https:\/\/systronemv.com\/wp-content\/uploads\/2022\/03\/magnetfeld-abschirmung-einer-stromschiene.jpg\" class=\"attachment-full size-full landscape\" alt=\"Magnetfeld-Abschirmung einer Stromschiene\" aria-describedby=\"gallery-4-112\" srcset=\"https:\/\/systronemv.com\/wp-content\/uploads\/2022\/03\/magnetfeld-abschirmung-einer-stromschiene.jpg 800w, https:\/\/systronemv.com\/wp-content\/uploads\/2022\/03\/magnetfeld-abschirmung-einer-stromschiene-300x225.jpg 300w, https:\/\/systronemv.com\/wp-content\/uploads\/2022\/03\/magnetfeld-abschirmung-einer-stromschiene-768x576.jpg 768w\" sizes=\"auto, (max-width: 800px) 100vw, 800px\" \/><\/a>\n\t\t\t<\/div>\n\t\t\t\t<figcaption class='wp-caption-text gallery-caption' id='gallery-4-112'>\n\t\t\t\tMagnetfeld-Abschirmung einer Stromschiene\n\t\t\t\t<\/figcaption><\/figure>\n\t\t<\/div>\n\n<p>[\/systron_generalboxes][\/vc_column][\/vc_row][vc_row][vc_column][systron_generalboxes box_color=&#8220;general-color&#8220; left_general=&#8220;Title&#8220; box_left_title=&#8220;<\/p>\n<h2>Trafoabschirmung<\/h2>\n<p>&#8222;]Die <a href=\"https:\/\/systronemv.com\/abschirmsysteme\/systron-powershield\/\">Systron PowerShield\u00ae<\/a> Trafoabschirmung reduziert Magnetfelder von \u00d6l- und Trocken-, respektive Giessharztransformatoren. Das Transformatoren-Abschirmsystem, auch als Kompaktabschirmung bekannt, wurde insbesondere daf\u00fcr entwickelt, den Anlagengrenzwert AGW, gem\u00e4ss der Schweizerischen NISV, einzuhalten. Mit der Abschirmung werden die Magnetfelder nach oben und zur Seite reduziert.<\/p>\n<p>Die Abschirmung wurde f\u00fcr Transformatoren unterschiedlicher Leistungen und Abmessungen entwickelt. Die Abschirmung ist in verschiedenen Abmessungen f\u00fcr Transformatoren bis 1600kVA erh\u00e4ltlich.<\/p>\n<div id='gallery-5' class='gallery galleryid-84 gallery-columns-3 gallery-size-full'><figure class='gallery-item'>\n\t\t\t<div class='gallery-icon landscape'>\n\t\t\t\t<a href='https:\/\/systronemv.com\/wp-content\/uploads\/2022\/04\/magnetfeld-abschirmung-eines-transformators.jpg'><img loading=\"lazy\" decoding=\"async\" width=\"800\" height=\"600\" src=\"https:\/\/systronemv.com\/wp-content\/uploads\/2022\/04\/magnetfeld-abschirmung-eines-transformators.jpg\" class=\"attachment-full size-full landscape\" alt=\"Magnetfeld-Abschirmung eines Transformators\" aria-describedby=\"gallery-5-480\" srcset=\"https:\/\/systronemv.com\/wp-content\/uploads\/2022\/04\/magnetfeld-abschirmung-eines-transformators.jpg 800w, https:\/\/systronemv.com\/wp-content\/uploads\/2022\/04\/magnetfeld-abschirmung-eines-transformators-300x225.jpg 300w, https:\/\/systronemv.com\/wp-content\/uploads\/2022\/04\/magnetfeld-abschirmung-eines-transformators-768x576.jpg 768w\" sizes=\"auto, (max-width: 800px) 100vw, 800px\" \/><\/a>\n\t\t\t<\/div>\n\t\t\t\t<figcaption class='wp-caption-text gallery-caption' id='gallery-5-480'>\n\t\t\t\tMontierte Trafoabschirmung\n\t\t\t\t<\/figcaption><\/figure>\n\t\t<\/div>\n\n<p>[\/systron_generalboxes][\/vc_column][\/vc_row][vc_row][vc_column][systron_referenceboxes box_left_title=&#8220;<\/p>\n<h2>Referenzen<\/h2>\n<p>&#8220; references=&#8220;%5B%7B%22reference_title%22%3A%22B%C3%BCror%C3%A4umlichkeiten%20Z%C3%BCrich%20West%2C%20PSP%20Swiss%20Property%22%2C%22url%22%3A%22url%3Ahttps%253A%252F%252Fwww.systronemv.com%252Fde%252Freferenzen%252Freferenz-elektrische-betriebsmittel%252F%7Ctitle%3AHome%22%7D%2C%7B%22reference_title%22%3A%22Universit%C3%A4t%20Z%C3%BCrich%2C%20Kanton%20Z%C3%BCrich%20%2F%20ewz%22%2C%22url%22%3A%22url%3Ahttps%253A%252F%252Fwww.systronemv.com%252Fde%252Freferenzen%252Freferenz-elektrische-betriebsmittel%252F%7Ctitle%3AHome%22%7D%5D&#8220;][\/vc_column][\/vc_row]<\/p>\n<\/div>","protected":false},"excerpt":{"rendered":"<p>[vc_row][vc_column][systron_generalboxes left_general=&#8220;Title&#8220; box_left_title=&#8220; Abschirmungen f\u00fcr elektrische Betriebsmittel &#8222;]Elektrische Betriebsmittel dienen zur \u00dcbertragung und Verteilung elektrischer Energie. Darunter verstehen sich Transformatoren, Niederspannungsverteilungen, Kabel und Stromschienen. Die dabei entstehenden Magnetfelder k\u00f6nnen mit Systron PowerShield\u00ae oder Systron CableShield\u00ae effizient abgeschirmt werden. Die Abschirmung erfolgt in Form einer Fl\u00e4chen- und Raumabschirmung oder als Komponentenabschirmung.[\/systron_generalboxes][\/vc_column][\/vc_row][vc_row][vc_column][systron_generalboxes box_color=&#8220;general-color&#8220; left_general=&#8220;Title&#8220; box_left_title=&#8220; Abschirmung Trafostation [&hellip;]<\/p>\n","protected":false},"author":3,"featured_media":0,"parent":37,"menu_order":0,"comment_status":"closed","ping_status":"closed","template":"","meta":{"_acf_changed":false,"inline_featured_image":false,"footnotes":""},"class_list":["post-84","page","type-page","status-publish","hentry"],"acf":[],"yoast_head":"<!-- This site is optimized with the Yoast SEO Premium plugin v26.2 (Yoast SEO v27.5) - https:\/\/yoast.com\/product\/yoast-seo-premium-wordpress\/ -->\n<title>Elektrische Betriebsmittel - Abschirmungen - Trafostation<\/title>\n<meta name=\"description\" content=\"Elektrische Betriebsmittel - Abschirmungen - Fl\u00e4chenabschirmung - Rohrblockabschirmung - Trasseabschirmung -Stromschienenabschirmung - Trafoabschirmung\" \/>\n<meta name=\"robots\" content=\"index, follow, max-snippet:-1, max-image-preview:large, max-video-preview:-1\" \/>\n<link rel=\"canonical\" href=\"https:\/\/systronemv.com\/de\/abschirmungen\/elektrische-betriebsmittel\/\" \/>\n<meta property=\"og:locale\" content=\"de_DE\" \/>\n<meta property=\"og:type\" content=\"article\" \/>\n<meta property=\"og:title\" content=\"Elektrische Betriebsmittel\" \/>\n<meta property=\"og:description\" content=\"Elektrische Betriebsmittel - Abschirmungen - Fl\u00e4chenabschirmung - Rohrblockabschirmung - Trasseabschirmung -Stromschienenabschirmung - Trafoabschirmung\" \/>\n<meta property=\"og:url\" content=\"https:\/\/systronemv.com\/de\/abschirmungen\/elektrische-betriebsmittel\/\" \/>\n<meta property=\"og:site_name\" content=\"Systron EMV\" \/>\n<meta property=\"article:modified_time\" content=\"2025-03-07T07:04:49+00:00\" \/>\n<meta name=\"twitter:card\" content=\"summary_large_image\" \/>\n<meta name=\"twitter:label1\" content=\"Gesch\u00e4tzte Lesezeit\" \/>\n\t<meta name=\"twitter:data1\" content=\"3\u00a0Minuten\" \/>\n<script type=\"application\/ld+json\" class=\"yoast-schema-graph\">{\"@context\":\"https:\\\/\\\/schema.org\",\"@graph\":[{\"@type\":\"WebPage\",\"@id\":\"https:\\\/\\\/systronemv.com\\\/de\\\/abschirmungen\\\/elektrische-betriebsmittel\\\/\",\"url\":\"https:\\\/\\\/systronemv.com\\\/de\\\/abschirmungen\\\/elektrische-betriebsmittel\\\/\",\"name\":\"Elektrische Betriebsmittel - Abschirmungen - Trafostation\",\"isPartOf\":{\"@id\":\"https:\\\/\\\/systronemv.com\\\/de\\\/#website\"},\"datePublished\":\"2022-03-24T08:35:23+00:00\",\"dateModified\":\"2025-03-07T07:04:49+00:00\",\"description\":\"Elektrische Betriebsmittel - Abschirmungen - Fl\u00e4chenabschirmung - Rohrblockabschirmung - Trasseabschirmung -Stromschienenabschirmung - Trafoabschirmung\",\"breadcrumb\":{\"@id\":\"https:\\\/\\\/systronemv.com\\\/de\\\/abschirmungen\\\/elektrische-betriebsmittel\\\/#breadcrumb\"},\"inLanguage\":\"de\",\"potentialAction\":[{\"@type\":\"ReadAction\",\"target\":[\"https:\\\/\\\/systronemv.com\\\/de\\\/abschirmungen\\\/elektrische-betriebsmittel\\\/\"]}]},{\"@type\":\"BreadcrumbList\",\"@id\":\"https:\\\/\\\/systronemv.com\\\/de\\\/abschirmungen\\\/elektrische-betriebsmittel\\\/#breadcrumb\",\"itemListElement\":[{\"@type\":\"ListItem\",\"position\":1,\"name\":\"Home\",\"item\":\"https:\\\/\\\/systronemv.com\\\/de\\\/\"},{\"@type\":\"ListItem\",\"position\":2,\"name\":\"Abschirmungen\",\"item\":\"https:\\\/\\\/systronemv.com\\\/de\\\/abschirmungen\\\/\"},{\"@type\":\"ListItem\",\"position\":3,\"name\":\"Elektrische Betriebsmittel\"}]},{\"@type\":\"WebSite\",\"@id\":\"https:\\\/\\\/systronemv.com\\\/de\\\/#website\",\"url\":\"https:\\\/\\\/systronemv.com\\\/de\\\/\",\"name\":\"SYSTRON\",\"description\":\"Magnetfeld-Abschirmungen\",\"publisher\":{\"@id\":\"https:\\\/\\\/systronemv.com\\\/de\\\/#organization\"},\"potentialAction\":[{\"@type\":\"SearchAction\",\"target\":{\"@type\":\"EntryPoint\",\"urlTemplate\":\"https:\\\/\\\/systronemv.com\\\/de\\\/?s={search_term_string}\"},\"query-input\":{\"@type\":\"PropertyValueSpecification\",\"valueRequired\":true,\"valueName\":\"search_term_string\"}}],\"inLanguage\":\"de\"},{\"@type\":\"Organization\",\"@id\":\"https:\\\/\\\/systronemv.com\\\/de\\\/#organization\",\"name\":\"Systron emv GmbH\",\"url\":\"https:\\\/\\\/systronemv.com\\\/de\\\/\",\"logo\":{\"@type\":\"ImageObject\",\"inLanguage\":\"de\",\"@id\":\"https:\\\/\\\/systronemv.com\\\/de\\\/#\\\/schema\\\/logo\\\/image\\\/\",\"url\":\"https:\\\/\\\/systronemv.com\\\/wp-content\\\/uploads\\\/2024\\\/02\\\/Systron_Logo_positiv_Rahmen-scaled.jpg\",\"contentUrl\":\"https:\\\/\\\/systronemv.com\\\/wp-content\\\/uploads\\\/2024\\\/02\\\/Systron_Logo_positiv_Rahmen-scaled.jpg\",\"width\":2560,\"height\":738,\"caption\":\"Systron emv GmbH\"},\"image\":{\"@id\":\"https:\\\/\\\/systronemv.com\\\/de\\\/#\\\/schema\\\/logo\\\/image\\\/\"}}]}<\/script>\n<!-- \/ Yoast SEO Premium plugin. -->","yoast_head_json":{"title":"Elektrische Betriebsmittel - Abschirmungen - Trafostation","description":"Elektrische Betriebsmittel - Abschirmungen - Fl\u00e4chenabschirmung - Rohrblockabschirmung - Trasseabschirmung -Stromschienenabschirmung - Trafoabschirmung","robots":{"index":"index","follow":"follow","max-snippet":"max-snippet:-1","max-image-preview":"max-image-preview:large","max-video-preview":"max-video-preview:-1"},"canonical":"https:\/\/systronemv.com\/de\/abschirmungen\/elektrische-betriebsmittel\/","og_locale":"de_DE","og_type":"article","og_title":"Elektrische Betriebsmittel","og_description":"Elektrische Betriebsmittel - Abschirmungen - Fl\u00e4chenabschirmung - Rohrblockabschirmung - Trasseabschirmung -Stromschienenabschirmung - Trafoabschirmung","og_url":"https:\/\/systronemv.com\/de\/abschirmungen\/elektrische-betriebsmittel\/","og_site_name":"Systron EMV","article_modified_time":"2025-03-07T07:04:49+00:00","twitter_card":"summary_large_image","twitter_misc":{"Gesch\u00e4tzte Lesezeit":"3\u00a0Minuten"},"schema":{"@context":"https:\/\/schema.org","@graph":[{"@type":"WebPage","@id":"https:\/\/systronemv.com\/de\/abschirmungen\/elektrische-betriebsmittel\/","url":"https:\/\/systronemv.com\/de\/abschirmungen\/elektrische-betriebsmittel\/","name":"Elektrische Betriebsmittel - Abschirmungen - Trafostation","isPartOf":{"@id":"https:\/\/systronemv.com\/de\/#website"},"datePublished":"2022-03-24T08:35:23+00:00","dateModified":"2025-03-07T07:04:49+00:00","description":"Elektrische Betriebsmittel - Abschirmungen - Fl\u00e4chenabschirmung - Rohrblockabschirmung - Trasseabschirmung -Stromschienenabschirmung - Trafoabschirmung","breadcrumb":{"@id":"https:\/\/systronemv.com\/de\/abschirmungen\/elektrische-betriebsmittel\/#breadcrumb"},"inLanguage":"de","potentialAction":[{"@type":"ReadAction","target":["https:\/\/systronemv.com\/de\/abschirmungen\/elektrische-betriebsmittel\/"]}]},{"@type":"BreadcrumbList","@id":"https:\/\/systronemv.com\/de\/abschirmungen\/elektrische-betriebsmittel\/#breadcrumb","itemListElement":[{"@type":"ListItem","position":1,"name":"Home","item":"https:\/\/systronemv.com\/de\/"},{"@type":"ListItem","position":2,"name":"Abschirmungen","item":"https:\/\/systronemv.com\/de\/abschirmungen\/"},{"@type":"ListItem","position":3,"name":"Elektrische Betriebsmittel"}]},{"@type":"WebSite","@id":"https:\/\/systronemv.com\/de\/#website","url":"https:\/\/systronemv.com\/de\/","name":"SYSTRON","description":"Magnetfeld-Abschirmungen","publisher":{"@id":"https:\/\/systronemv.com\/de\/#organization"},"potentialAction":[{"@type":"SearchAction","target":{"@type":"EntryPoint","urlTemplate":"https:\/\/systronemv.com\/de\/?s={search_term_string}"},"query-input":{"@type":"PropertyValueSpecification","valueRequired":true,"valueName":"search_term_string"}}],"inLanguage":"de"},{"@type":"Organization","@id":"https:\/\/systronemv.com\/de\/#organization","name":"Systron emv GmbH","url":"https:\/\/systronemv.com\/de\/","logo":{"@type":"ImageObject","inLanguage":"de","@id":"https:\/\/systronemv.com\/de\/#\/schema\/logo\/image\/","url":"https:\/\/systronemv.com\/wp-content\/uploads\/2024\/02\/Systron_Logo_positiv_Rahmen-scaled.jpg","contentUrl":"https:\/\/systronemv.com\/wp-content\/uploads\/2024\/02\/Systron_Logo_positiv_Rahmen-scaled.jpg","width":2560,"height":738,"caption":"Systron emv GmbH"},"image":{"@id":"https:\/\/systronemv.com\/de\/#\/schema\/logo\/image\/"}}]}},"_links":{"self":[{"href":"https:\/\/systronemv.com\/de\/wp-json\/wp\/v2\/pages\/84","targetHints":{"allow":["GET"]}}],"collection":[{"href":"https:\/\/systronemv.com\/de\/wp-json\/wp\/v2\/pages"}],"about":[{"href":"https:\/\/systronemv.com\/de\/wp-json\/wp\/v2\/types\/page"}],"author":[{"embeddable":true,"href":"https:\/\/systronemv.com\/de\/wp-json\/wp\/v2\/users\/3"}],"replies":[{"embeddable":true,"href":"https:\/\/systronemv.com\/de\/wp-json\/wp\/v2\/comments?post=84"}],"version-history":[{"count":0,"href":"https:\/\/systronemv.com\/de\/wp-json\/wp\/v2\/pages\/84\/revisions"}],"up":[{"embeddable":true,"href":"https:\/\/systronemv.com\/de\/wp-json\/wp\/v2\/pages\/37"}],"wp:attachment":[{"href":"https:\/\/systronemv.com\/de\/wp-json\/wp\/v2\/media?parent=84"}],"curies":[{"name":"wp","href":"https:\/\/api.w.org\/{rel}","templated":true}]}}