{"id":802,"date":"2022-04-14T11:27:00","date_gmt":"2022-04-14T11:27:00","guid":{"rendered":"https:\/\/systronemv.com\/syst\/?page_id=802"},"modified":"2024-03-14T10:40:34","modified_gmt":"2024-03-14T10:40:34","slug":"referenz-kundenspezifische-abschirmungen","status":"publish","type":"page","link":"https:\/\/systronemv.com\/de\/referenzen\/referenz-kundenspezifische-abschirmungen\/","title":{"rendered":"Ref. Kundenspezifische Abschirmungen"},"content":{"rendered":"<div class=\"wpb-content-wrapper\"><p>[vc_row][vc_column][systron_generalboxes]Dank dem Einsatz professioneller Software wie 3D CAD \/ 3D FEM\u00a0und eigener Fertigung ist Systron in der Lage komplexe, kundenspezifische Abschirmungen zu designen und zu fertigen. Nachfolgend werden zwei Referenzprojekte vorgestellt.[\/systron_generalboxes][\/vc_column][\/vc_row][vc_row][vc_column][systron_generalboxes box_color=&#8220;general-color&#8220; left_general=&#8220;Title&#8220; box_left_title=&#8220;Abschirmbox f\u00fcr Pr\u00e4zisionswaage bei Straumann&#8220;]Ein Analyseger\u00e4t zur Bestimmung von Massen\u00e4nderung, welches eine Pr\u00e4zisionswaage beinhaltet wird bei Straumann in Basel erheblich durch externe Magnetfelder gest\u00f6rt. Messungen ergaben, dass extreme Near-DC Ver\u00e4nderungen von bis zu 19 \u00b5T auftreten. Als Quelle konnten Stromzuleitungen der Strassenbahn eruiert werden, welche parallel zum Geb\u00e4ude verlaufen.<\/p>\n<p>Systron wurde damit beauftragt eine Abschirmbox f\u00fcr das Ger\u00e4t zu designen und zu fertigen, um die Magnetfeld\u00e4nderungen auf deutlich &lt;1 \u00b5T zu reduzieren.<\/p>\n<div id='gallery-1' class='gallery galleryid-802 gallery-columns-3 gallery-size-full'><figure class='gallery-item'>\n\t\t\t<div class='gallery-icon landscape'>\n\t\t\t\t<a href='https:\/\/systronemv.com\/wp-content\/uploads\/2022\/04\/Straumann_Abschirmung-800.jpg'><img loading=\"lazy\" decoding=\"async\" width=\"800\" height=\"600\" src=\"https:\/\/systronemv.com\/wp-content\/uploads\/2022\/04\/Straumann_Abschirmung-800.jpg\" class=\"attachment-full size-full landscape\" alt=\"\" aria-describedby=\"gallery-1-806\" srcset=\"https:\/\/systronemv.com\/wp-content\/uploads\/2022\/04\/Straumann_Abschirmung-800.jpg 800w, https:\/\/systronemv.com\/wp-content\/uploads\/2022\/04\/Straumann_Abschirmung-800-300x225.jpg 300w, https:\/\/systronemv.com\/wp-content\/uploads\/2022\/04\/Straumann_Abschirmung-800-768x576.jpg 768w\" sizes=\"auto, (max-width: 800px) 100vw, 800px\" \/><\/a>\n\t\t\t<\/div>\n\t\t\t\t<figcaption class='wp-caption-text gallery-caption' id='gallery-1-806'>\n\t\t\t\tAbschirmung um Massen\u00e4nderungsanalyseger\u00e4t mit Pr\u00e4zisionswaage\n\t\t\t\t<\/figcaption><\/figure>\n\t\t<\/div>\n\n<p>Messungen nach Installation der schlussgegl\u00fchten Mu-Metall Abschirmung zeigen, dass die Near-DC Felder um gut 99% und somit auf &lt;200nT reduziert werden konnten.<\/p>\n<div id='gallery-2' class='gallery galleryid-802 gallery-columns-3 gallery-size-full'><figure class='gallery-item'>\n\t\t\t<div class='gallery-icon landscape'>\n\t\t\t\t<a href='https:\/\/systronemv.com\/wp-content\/uploads\/2022\/04\/Straumann_Messwerte-900.jpg'><img loading=\"lazy\" decoding=\"async\" width=\"900\" height=\"418\" src=\"https:\/\/systronemv.com\/wp-content\/uploads\/2022\/04\/Straumann_Messwerte-900.jpg\" class=\"attachment-full size-full landscape\" alt=\"\" aria-describedby=\"gallery-2-808\" srcset=\"https:\/\/systronemv.com\/wp-content\/uploads\/2022\/04\/Straumann_Messwerte-900.jpg 900w, https:\/\/systronemv.com\/wp-content\/uploads\/2022\/04\/Straumann_Messwerte-900-300x139.jpg 300w, https:\/\/systronemv.com\/wp-content\/uploads\/2022\/04\/Straumann_Messwerte-900-768x357.jpg 768w\" sizes=\"auto, (max-width: 900px) 100vw, 900px\" \/><\/a>\n\t\t\t<\/div>\n\t\t\t\t<figcaption class='wp-caption-text gallery-caption' id='gallery-2-808'>\n\t\t\t\tMesswerte ausserhalb und innerhalb der Abschirmbox\n\t\t\t\t<\/figcaption><\/figure>\n\t\t<\/div>\n\n<p>Gem\u00e4ss Straumann kann nun das Analyseger\u00e4t, dank der Abschirmbox st\u00f6rungsfrei betrieben werden.[\/systron_generalboxes][\/vc_column][\/vc_row][vc_row][vc_column][systron_generalboxes left_general=&#8220;Title&#8220; box_left_title=&#8220;Abschirmgeh\u00e4use f\u00fcr Pipettierkanal MagPip von Hamilton&#8220;]In enger Zusammenarbeit mit Hamilton entwickelte und fertigte Systron ein zweiteiliges Abschirmgeh\u00e4use aus Mu-Metall um den Linearmotor des MagPip Pipettierkanals. Dies, um St\u00f6rungen zwischen den Kan\u00e4len zu verhindern.<\/p>\n<div id='gallery-3' class='gallery galleryid-802 gallery-columns-3 gallery-size-full'><figure class='gallery-item'>\n\t\t\t<div class='gallery-icon landscape'>\n\t\t\t\t<a href='https:\/\/systronemv.com\/wp-content\/uploads\/2022\/04\/Hamilton_Gehuse_konstruktion-800.jpg'><img loading=\"lazy\" decoding=\"async\" width=\"800\" height=\"448\" src=\"https:\/\/systronemv.com\/wp-content\/uploads\/2022\/04\/Hamilton_Gehuse_konstruktion-800.jpg\" class=\"attachment-full size-full landscape\" alt=\"\" aria-describedby=\"gallery-3-811\" srcset=\"https:\/\/systronemv.com\/wp-content\/uploads\/2022\/04\/Hamilton_Gehuse_konstruktion-800.jpg 800w, https:\/\/systronemv.com\/wp-content\/uploads\/2022\/04\/Hamilton_Gehuse_konstruktion-800-300x168.jpg 300w, https:\/\/systronemv.com\/wp-content\/uploads\/2022\/04\/Hamilton_Gehuse_konstruktion-800-768x430.jpg 768w\" sizes=\"auto, (max-width: 800px) 100vw, 800px\" \/><\/a>\n\t\t\t<\/div>\n\t\t\t\t<figcaption class='wp-caption-text gallery-caption' id='gallery-3-811'>\n\t\t\t\t3D Modell Oberteil Abschirmgeh\u00e4use MagPip\n\t\t\t\t<\/figcaption><\/figure>\n\t\t<\/div>\n\n<p>Eine besondere, konstruktive Herausforderung boten die engen Platzverh\u00e4ltnisse und die geforderten Toleranzen. Des Weiteren musste ein Augenmerk daraufgelegt werden, dass das Geh\u00e4use in der Produktion einfach und schnell zusammengebaut werden kann.<\/p>\n<div id='gallery-4' class='gallery galleryid-802 gallery-columns-3 gallery-size-full'><figure class='gallery-item'>\n\t\t\t<div class='gallery-icon landscape'>\n\t\t\t\t<a href='https:\/\/systronemv.com\/wp-content\/uploads\/2022\/04\/Hamilton_Gehuse_eingebaut-800.jpg'><img loading=\"lazy\" decoding=\"async\" width=\"800\" height=\"470\" src=\"https:\/\/systronemv.com\/wp-content\/uploads\/2022\/04\/Hamilton_Gehuse_eingebaut-800.jpg\" class=\"attachment-full size-full landscape\" alt=\"\" aria-describedby=\"gallery-4-813\" srcset=\"https:\/\/systronemv.com\/wp-content\/uploads\/2022\/04\/Hamilton_Gehuse_eingebaut-800.jpg 800w, https:\/\/systronemv.com\/wp-content\/uploads\/2022\/04\/Hamilton_Gehuse_eingebaut-800-300x176.jpg 300w, https:\/\/systronemv.com\/wp-content\/uploads\/2022\/04\/Hamilton_Gehuse_eingebaut-800-768x451.jpg 768w\" sizes=\"auto, (max-width: 800px) 100vw, 800px\" \/><\/a>\n\t\t\t<\/div>\n\t\t\t\t<figcaption class='wp-caption-text gallery-caption' id='gallery-4-813'>\n\t\t\t\tEingebautes Abschirmgeh\u00e4use in Pipettierkanal\n\t\t\t\t<\/figcaption><\/figure><figure class='gallery-item'>\n\t\t\t<div class='gallery-icon portrait'>\n\t\t\t\t<a href='https:\/\/systronemv.com\/wp-content\/uploads\/2022\/04\/Hamilton_Gehuse_eingebaut_2-800.jpg'><img loading=\"lazy\" decoding=\"async\" width=\"579\" height=\"800\" src=\"https:\/\/systronemv.com\/wp-content\/uploads\/2022\/04\/Hamilton_Gehuse_eingebaut_2-800.jpg\" class=\"attachment-full size-full landscape\" alt=\"\" aria-describedby=\"gallery-4-815\" srcset=\"https:\/\/systronemv.com\/wp-content\/uploads\/2022\/04\/Hamilton_Gehuse_eingebaut_2-800.jpg 579w, https:\/\/systronemv.com\/wp-content\/uploads\/2022\/04\/Hamilton_Gehuse_eingebaut_2-800-217x300.jpg 217w\" sizes=\"auto, (max-width: 579px) 100vw, 579px\" \/><\/a>\n\t\t\t<\/div>\n\t\t\t\t<figcaption class='wp-caption-text gallery-caption' id='gallery-4-815'>\n\t\t\t\tMehrere Pipettierkan\u00e4le nebeneinander\n\t\t\t\t<\/figcaption><\/figure>\n\t\t<\/div>\n\n<p><iframe loading=\"lazy\" title=\"YouTube video player\" src=\"https:\/\/www.youtube.com\/embed\/1n8IHGOARsQ\" width=\"100%\" height=\"450\" frameborder=\"0\" allowfullscreen=\"allowfullscreen\"><\/iframe>[\/systron_generalboxes][\/vc_column][\/vc_row]<\/p>\n<\/div>","protected":false},"excerpt":{"rendered":"<p>[vc_row][vc_column][systron_generalboxes]Dank dem Einsatz professioneller Software wie 3D CAD \/ 3D FEM\u00a0und eigener Fertigung ist Systron in der Lage komplexe, kundenspezifische Abschirmungen zu designen und zu fertigen. Nachfolgend werden zwei Referenzprojekte vorgestellt.[\/systron_generalboxes][\/vc_column][\/vc_row][vc_row][vc_column][systron_generalboxes box_color=&#8220;general-color&#8220; left_general=&#8220;Title&#8220; box_left_title=&#8220;Abschirmbox f\u00fcr Pr\u00e4zisionswaage bei Straumann&#8220;]Ein Analyseger\u00e4t zur Bestimmung von Massen\u00e4nderung, welches eine Pr\u00e4zisionswaage beinhaltet wird bei Straumann in Basel erheblich durch externe [&hellip;]<\/p>\n","protected":false},"author":3,"featured_media":0,"parent":196,"menu_order":0,"comment_status":"closed","ping_status":"closed","template":"","meta":{"_acf_changed":false,"inline_featured_image":false,"footnotes":""},"class_list":["post-802","page","type-page","status-publish","hentry"],"acf":[],"yoast_head":"<!-- This site is optimized with the Yoast SEO Premium plugin v26.2 (Yoast SEO v27.4) - https:\/\/yoast.com\/product\/yoast-seo-premium-wordpress\/ -->\n<title>Referenz Kundenspezifische Abschirmungen<\/title>\n<meta name=\"description\" content=\"Referenz Kundenspezifische Abschirmungen: Abschirmbox f\u00fcr Pr\u00e4zisionswaage, Abschirmgeh\u00e4use aus Mu-Metall f\u00fcr Pipettierkanal.\" \/>\n<meta name=\"robots\" content=\"index, follow, max-snippet:-1, max-image-preview:large, max-video-preview:-1\" \/>\n<link rel=\"canonical\" href=\"https:\/\/systronemv.com\/de\/referenzen\/referenz-kundenspezifische-abschirmungen\/\" \/>\n<meta property=\"og:locale\" content=\"de_DE\" \/>\n<meta property=\"og:type\" content=\"article\" \/>\n<meta property=\"og:title\" content=\"Ref. Kundenspezifische Abschirmungen\" \/>\n<meta property=\"og:description\" content=\"Referenz Kundenspezifische Abschirmungen: Abschirmbox f\u00fcr Pr\u00e4zisionswaage, Abschirmgeh\u00e4use aus Mu-Metall f\u00fcr Pipettierkanal.\" \/>\n<meta property=\"og:url\" content=\"https:\/\/systronemv.com\/de\/referenzen\/referenz-kundenspezifische-abschirmungen\/\" \/>\n<meta property=\"og:site_name\" content=\"Systron EMV\" \/>\n<meta property=\"article:modified_time\" content=\"2024-03-14T10:40:34+00:00\" \/>\n<meta property=\"og:image\" content=\"https:\/\/systronemv.com\/wp-content\/uploads\/2022\/04\/Straumann_Abschirmung-800.jpg\" \/>\n<meta name=\"twitter:card\" content=\"summary_large_image\" \/>\n<meta name=\"twitter:label1\" content=\"Gesch\u00e4tzte Lesezeit\" \/>\n\t<meta name=\"twitter:data1\" content=\"2\u00a0Minuten\" \/>\n<script type=\"application\/ld+json\" class=\"yoast-schema-graph\">{\"@context\":\"https:\\\/\\\/schema.org\",\"@graph\":[{\"@type\":\"WebPage\",\"@id\":\"https:\\\/\\\/systronemv.com\\\/de\\\/referenzen\\\/referenz-kundenspezifische-abschirmungen\\\/\",\"url\":\"https:\\\/\\\/systronemv.com\\\/de\\\/referenzen\\\/referenz-kundenspezifische-abschirmungen\\\/\",\"name\":\"Referenz Kundenspezifische Abschirmungen\",\"isPartOf\":{\"@id\":\"https:\\\/\\\/systronemv.com\\\/de\\\/#website\"},\"datePublished\":\"2022-04-14T11:27:00+00:00\",\"dateModified\":\"2024-03-14T10:40:34+00:00\",\"description\":\"Referenz Kundenspezifische Abschirmungen: Abschirmbox f\u00fcr Pr\u00e4zisionswaage, Abschirmgeh\u00e4use aus Mu-Metall f\u00fcr Pipettierkanal.\",\"breadcrumb\":{\"@id\":\"https:\\\/\\\/systronemv.com\\\/de\\\/referenzen\\\/referenz-kundenspezifische-abschirmungen\\\/#breadcrumb\"},\"inLanguage\":\"de\",\"potentialAction\":[{\"@type\":\"ReadAction\",\"target\":[\"https:\\\/\\\/systronemv.com\\\/de\\\/referenzen\\\/referenz-kundenspezifische-abschirmungen\\\/\"]}]},{\"@type\":\"BreadcrumbList\",\"@id\":\"https:\\\/\\\/systronemv.com\\\/de\\\/referenzen\\\/referenz-kundenspezifische-abschirmungen\\\/#breadcrumb\",\"itemListElement\":[{\"@type\":\"ListItem\",\"position\":1,\"name\":\"Home\",\"item\":\"https:\\\/\\\/systronemv.com\\\/de\\\/\"},{\"@type\":\"ListItem\",\"position\":2,\"name\":\"Referenzen\",\"item\":\"https:\\\/\\\/systronemv.com\\\/de\\\/referenzen\\\/\"},{\"@type\":\"ListItem\",\"position\":3,\"name\":\"Ref. Kundenspezifische Abschirmungen\"}]},{\"@type\":\"WebSite\",\"@id\":\"https:\\\/\\\/systronemv.com\\\/de\\\/#website\",\"url\":\"https:\\\/\\\/systronemv.com\\\/de\\\/\",\"name\":\"SYSTRON\",\"description\":\"Magnetfeld-Abschirmungen\",\"publisher\":{\"@id\":\"https:\\\/\\\/systronemv.com\\\/de\\\/#organization\"},\"potentialAction\":[{\"@type\":\"SearchAction\",\"target\":{\"@type\":\"EntryPoint\",\"urlTemplate\":\"https:\\\/\\\/systronemv.com\\\/de\\\/?s={search_term_string}\"},\"query-input\":{\"@type\":\"PropertyValueSpecification\",\"valueRequired\":true,\"valueName\":\"search_term_string\"}}],\"inLanguage\":\"de\"},{\"@type\":\"Organization\",\"@id\":\"https:\\\/\\\/systronemv.com\\\/de\\\/#organization\",\"name\":\"Systron emv GmbH\",\"url\":\"https:\\\/\\\/systronemv.com\\\/de\\\/\",\"logo\":{\"@type\":\"ImageObject\",\"inLanguage\":\"de\",\"@id\":\"https:\\\/\\\/systronemv.com\\\/de\\\/#\\\/schema\\\/logo\\\/image\\\/\",\"url\":\"https:\\\/\\\/systronemv.com\\\/wp-content\\\/uploads\\\/2024\\\/02\\\/Systron_Logo_positiv_Rahmen-scaled.jpg\",\"contentUrl\":\"https:\\\/\\\/systronemv.com\\\/wp-content\\\/uploads\\\/2024\\\/02\\\/Systron_Logo_positiv_Rahmen-scaled.jpg\",\"width\":2560,\"height\":738,\"caption\":\"Systron emv GmbH\"},\"image\":{\"@id\":\"https:\\\/\\\/systronemv.com\\\/de\\\/#\\\/schema\\\/logo\\\/image\\\/\"}}]}<\/script>\n<!-- \/ Yoast SEO Premium plugin. -->","yoast_head_json":{"title":"Referenz Kundenspezifische Abschirmungen","description":"Referenz Kundenspezifische Abschirmungen: Abschirmbox f\u00fcr Pr\u00e4zisionswaage, Abschirmgeh\u00e4use aus Mu-Metall f\u00fcr Pipettierkanal.","robots":{"index":"index","follow":"follow","max-snippet":"max-snippet:-1","max-image-preview":"max-image-preview:large","max-video-preview":"max-video-preview:-1"},"canonical":"https:\/\/systronemv.com\/de\/referenzen\/referenz-kundenspezifische-abschirmungen\/","og_locale":"de_DE","og_type":"article","og_title":"Ref. Kundenspezifische Abschirmungen","og_description":"Referenz Kundenspezifische Abschirmungen: Abschirmbox f\u00fcr Pr\u00e4zisionswaage, Abschirmgeh\u00e4use aus Mu-Metall f\u00fcr Pipettierkanal.","og_url":"https:\/\/systronemv.com\/de\/referenzen\/referenz-kundenspezifische-abschirmungen\/","og_site_name":"Systron EMV","article_modified_time":"2024-03-14T10:40:34+00:00","og_image":[{"url":"https:\/\/systronemv.com\/wp-content\/uploads\/2022\/04\/Straumann_Abschirmung-800.jpg","type":"","width":"","height":""}],"twitter_card":"summary_large_image","twitter_misc":{"Gesch\u00e4tzte Lesezeit":"2\u00a0Minuten"},"schema":{"@context":"https:\/\/schema.org","@graph":[{"@type":"WebPage","@id":"https:\/\/systronemv.com\/de\/referenzen\/referenz-kundenspezifische-abschirmungen\/","url":"https:\/\/systronemv.com\/de\/referenzen\/referenz-kundenspezifische-abschirmungen\/","name":"Referenz Kundenspezifische Abschirmungen","isPartOf":{"@id":"https:\/\/systronemv.com\/de\/#website"},"datePublished":"2022-04-14T11:27:00+00:00","dateModified":"2024-03-14T10:40:34+00:00","description":"Referenz Kundenspezifische Abschirmungen: Abschirmbox f\u00fcr Pr\u00e4zisionswaage, Abschirmgeh\u00e4use aus Mu-Metall f\u00fcr Pipettierkanal.","breadcrumb":{"@id":"https:\/\/systronemv.com\/de\/referenzen\/referenz-kundenspezifische-abschirmungen\/#breadcrumb"},"inLanguage":"de","potentialAction":[{"@type":"ReadAction","target":["https:\/\/systronemv.com\/de\/referenzen\/referenz-kundenspezifische-abschirmungen\/"]}]},{"@type":"BreadcrumbList","@id":"https:\/\/systronemv.com\/de\/referenzen\/referenz-kundenspezifische-abschirmungen\/#breadcrumb","itemListElement":[{"@type":"ListItem","position":1,"name":"Home","item":"https:\/\/systronemv.com\/de\/"},{"@type":"ListItem","position":2,"name":"Referenzen","item":"https:\/\/systronemv.com\/de\/referenzen\/"},{"@type":"ListItem","position":3,"name":"Ref. Kundenspezifische Abschirmungen"}]},{"@type":"WebSite","@id":"https:\/\/systronemv.com\/de\/#website","url":"https:\/\/systronemv.com\/de\/","name":"SYSTRON","description":"Magnetfeld-Abschirmungen","publisher":{"@id":"https:\/\/systronemv.com\/de\/#organization"},"potentialAction":[{"@type":"SearchAction","target":{"@type":"EntryPoint","urlTemplate":"https:\/\/systronemv.com\/de\/?s={search_term_string}"},"query-input":{"@type":"PropertyValueSpecification","valueRequired":true,"valueName":"search_term_string"}}],"inLanguage":"de"},{"@type":"Organization","@id":"https:\/\/systronemv.com\/de\/#organization","name":"Systron emv GmbH","url":"https:\/\/systronemv.com\/de\/","logo":{"@type":"ImageObject","inLanguage":"de","@id":"https:\/\/systronemv.com\/de\/#\/schema\/logo\/image\/","url":"https:\/\/systronemv.com\/wp-content\/uploads\/2024\/02\/Systron_Logo_positiv_Rahmen-scaled.jpg","contentUrl":"https:\/\/systronemv.com\/wp-content\/uploads\/2024\/02\/Systron_Logo_positiv_Rahmen-scaled.jpg","width":2560,"height":738,"caption":"Systron emv GmbH"},"image":{"@id":"https:\/\/systronemv.com\/de\/#\/schema\/logo\/image\/"}}]}},"_links":{"self":[{"href":"https:\/\/systronemv.com\/de\/wp-json\/wp\/v2\/pages\/802","targetHints":{"allow":["GET"]}}],"collection":[{"href":"https:\/\/systronemv.com\/de\/wp-json\/wp\/v2\/pages"}],"about":[{"href":"https:\/\/systronemv.com\/de\/wp-json\/wp\/v2\/types\/page"}],"author":[{"embeddable":true,"href":"https:\/\/systronemv.com\/de\/wp-json\/wp\/v2\/users\/3"}],"replies":[{"embeddable":true,"href":"https:\/\/systronemv.com\/de\/wp-json\/wp\/v2\/comments?post=802"}],"version-history":[{"count":0,"href":"https:\/\/systronemv.com\/de\/wp-json\/wp\/v2\/pages\/802\/revisions"}],"up":[{"embeddable":true,"href":"https:\/\/systronemv.com\/de\/wp-json\/wp\/v2\/pages\/196"}],"wp:attachment":[{"href":"https:\/\/systronemv.com\/de\/wp-json\/wp\/v2\/media?parent=802"}],"curies":[{"name":"wp","href":"https:\/\/api.w.org\/{rel}","templated":true}]}}