{"id":778,"date":"2022-04-14T09:00:38","date_gmt":"2022-04-14T09:00:38","guid":{"rendered":"https:\/\/systronemv.com\/syst\/?page_id=778"},"modified":"2024-03-14T10:41:51","modified_gmt":"2024-03-14T10:41:51","slug":"referenz-medizinische-geraete","status":"publish","type":"page","link":"https:\/\/systronemv.com\/de\/referenzen\/referenz-medizinische-geraete\/","title":{"rendered":"Ref. Medizinische Ger\u00e4te"},"content":{"rendered":"<div class=\"wpb-content-wrapper\"><p>[vc_row][vc_column][systron_generalboxes]Medizinische Ger\u00e4te wie EEG, EKG und EMG werden durch magnetische Wechselfelder gest\u00f6rt. Somit muss beispielsweise in Krankenh\u00e4user sichergestellt werden, dass in Bereichen wo solche Ger\u00e4te eingesetzt werden die geforderten Grenzwerte nicht \u00fcberschritten werden.[\/systron_generalboxes][\/vc_column][\/vc_row][vc_row][vc_column][systron_generalboxes box_color=&#8220;general-color&#8220; left_general=&#8220;Title&#8220; box_left_title=&#8220;Krankenhaus Nord, Wien&#8220;]<\/p>\n<figure id=\"attachment_783\" aria-describedby=\"caption-attachment-783\" style=\"width: 800px\" class=\"wp-caption aligncenter\"><img loading=\"lazy\" decoding=\"async\" class=\"wp-image-783 size-full\" src=\"https:\/\/systronemv.com\/wp-content\/uploads\/2022\/04\/Krankenhaus_Nord_Wien.jpg\" alt=\"\" width=\"800\" height=\"407\" srcset=\"https:\/\/systronemv.com\/wp-content\/uploads\/2022\/04\/Krankenhaus_Nord_Wien.jpg 800w, https:\/\/systronemv.com\/wp-content\/uploads\/2022\/04\/Krankenhaus_Nord_Wien-300x153.jpg 300w, https:\/\/systronemv.com\/wp-content\/uploads\/2022\/04\/Krankenhaus_Nord_Wien-768x391.jpg 768w\" sizes=\"auto, (max-width: 800px) 100vw, 800px\" \/><figcaption id=\"caption-attachment-783\" class=\"wp-caption-text\">Krankenhaus Nord, Wien<\/figcaption><\/figure>\n<p>Vor Beginn des Baus des Krankenhaus Nord, Wien, wurden Simulationen und Messungen zur Feststellung der St\u00e4rke der magnetischen Felder am Standort des neuen Krankenhauses durchgef\u00fchrt. Dies insbesondere deshalb, weil sich drei Bahnlinien und ein Unterwerk der \u00d6BB in unmittelbarer N\u00e4he des Krankenhauses befinden. Die Studien und Messungen ergaben, dass die Werte f\u00fcr den Betrieb von medizinischen Ger\u00e4ten wie EEG, EKG und EMG gem\u00e4ss der \u00d6VE\/\u00d6NORM E 8007 \u201eStarkstromanlagen in Krankenh\u00e4usern und medizinischen genutzten R\u00e4umen\u201c \u00fcberschritten werden.<\/p>\n<div id='gallery-1' class='gallery galleryid-778 gallery-columns-3 gallery-size-full'><figure class='gallery-item'>\n\t\t\t<div class='gallery-icon landscape'>\n\t\t\t\t<a href='https:\/\/systronemv.com\/wp-content\/uploads\/2022\/04\/KH_Wien_Simulation_Bahnfelder-800.jpg'><img loading=\"lazy\" decoding=\"async\" width=\"800\" height=\"494\" src=\"https:\/\/systronemv.com\/wp-content\/uploads\/2022\/04\/KH_Wien_Simulation_Bahnfelder-800.jpg\" class=\"attachment-full size-full landscape\" alt=\"\" aria-describedby=\"gallery-1-786\" srcset=\"https:\/\/systronemv.com\/wp-content\/uploads\/2022\/04\/KH_Wien_Simulation_Bahnfelder-800.jpg 800w, https:\/\/systronemv.com\/wp-content\/uploads\/2022\/04\/KH_Wien_Simulation_Bahnfelder-800-300x185.jpg 300w, https:\/\/systronemv.com\/wp-content\/uploads\/2022\/04\/KH_Wien_Simulation_Bahnfelder-800-768x474.jpg 768w\" sizes=\"auto, (max-width: 800px) 100vw, 800px\" \/><\/a>\n\t\t\t<\/div>\n\t\t\t\t<figcaption class='wp-caption-text gallery-caption' id='gallery-1-786'>\n\t\t\t\tSimulation der Bahnfelder im Bahndreieck auf dem Gel\u00e4nde Krankenhaus\n\t\t\t\t<\/figcaption><\/figure>\n\t\t<\/div>\n\n<p><strong>Grenzwerte in der Norm \u00d6VE\/\u00d6NORM E8007<\/strong><\/p>\n<div class=\"data-table-container\">\n<table class=\"table align-top\" style=\"width: 96.9397%; height: 53px;\">\n<thead>\n<tr>\n<th style=\"width: 30.448%;\">EKG<\/th>\n<th style=\"width: 32.9537%;\">EEG<\/th>\n<th style=\"width: 35.839%;\">EMG<\/th>\n<\/tr>\n<\/thead>\n<tbody>\n<tr>\n<td style=\"width: 30.448%;\">400 nT\u03c1\u03c1<\/td>\n<td style=\"width: 32.9537%;\">200 nT\u03c1\u03c1<\/td>\n<td style=\"width: 35.839%;\">100 nT\u03c1\u03c1<\/td>\n<\/tr>\n<\/tbody>\n<\/table>\n<p>Vorl\u00e4ufige Messungen in ausgew\u00e4hlten R\u00e4umen w\u00e4hrend der Bauphase haben Spitzenwerte der magnetischen Flussdichte B von 2 \u03bcT f\u00fcr externe 16,7 Hz-Magnetfelder und B = 300 nT f\u00fcr 50 Hz- Magnetfelder ergeben.<\/p>\n<p>Somit war davon auszugehen, dass Beeinflussungen von elektromedizinischen Messeinrichtungen zu erwarten waren. Als Massnahme zur Reduktion der magnetischen Felder in jenen R\u00e4umen, in denen intensivmedizinische Untersuchungen vorgesehen sind bzw. dort, wo empfindliche medizinelektronische Ger\u00e4te eingesetzt werden sollen, wurde eine abschirmende, fl\u00e4chige Kapselung vorgesehen. Insgesamt waren davon \u00fcber 60 kritische R\u00e4ume mit einer Abschirmfl\u00e4che von \u00fcber 13\u2018000m2 betroffen.<\/p>\n<p>F\u00fcr die fl\u00e4chige Kapselung wurde das <a href=\"https:\/\/systronemv.com\/abschirmsysteme\/systron-powershield\/\">Systron PowerShield\u00ae<\/a> Raumabschirmsystem gew\u00e4hlt. Dieses basiert auf einer Kombination aus Mumetall und Aluminium und wurde in einer Studie einer Technischen Universit\u00e4t als das am besten geeignete System f\u00fcr die Begrenzung der magnetischen Felder im Krankenhaus bezeichnet. <a href=\"https:\/\/systronemv.com\/abschirmsysteme\/systron-powershield\/\">Systron PowerShield\u00ae<\/a> Raumabschirmsystem Elemente werden auf B\u00f6den, an W\u00e4nden und auf Decken montiert. Zum Abschluss werden die Bleche miteinander verschweisst. Das auf Mumetall basierende System ist leicht, korrosionsfest, besitzt eine hohe Schirmwirkung und erf\u00fcllt somit die hohen Anforderungen f\u00fcr medizinisch genutzte R\u00e4ume.<\/p>\n<p>Nach Abschluss der Abschirmarbeiten wurden zum Nachweis der Wirkung Messungen in den geschirmten R\u00e4umen durchgef\u00fchrt. Der vorgegebene Schirmfaktor in der H\u00f6he von 2-5 konnte einwandfrei best\u00e4tigt werden.<\/p>\n<div id='gallery-2' class='gallery galleryid-778 gallery-columns-3 gallery-size-full'><figure class='gallery-item'>\n\t\t\t<div class='gallery-icon landscape'>\n\t\t\t\t<a href='https:\/\/systronemv.com\/wp-content\/uploads\/2022\/04\/KH_Wien_Fertig_abgeschirmte_Decke-800.jpg'><img loading=\"lazy\" decoding=\"async\" width=\"800\" height=\"529\" src=\"https:\/\/systronemv.com\/wp-content\/uploads\/2022\/04\/KH_Wien_Fertig_abgeschirmte_Decke-800.jpg\" class=\"attachment-full size-full landscape\" alt=\"\" aria-describedby=\"gallery-2-788\" srcset=\"https:\/\/systronemv.com\/wp-content\/uploads\/2022\/04\/KH_Wien_Fertig_abgeschirmte_Decke-800.jpg 800w, https:\/\/systronemv.com\/wp-content\/uploads\/2022\/04\/KH_Wien_Fertig_abgeschirmte_Decke-800-300x198.jpg 300w, https:\/\/systronemv.com\/wp-content\/uploads\/2022\/04\/KH_Wien_Fertig_abgeschirmte_Decke-800-768x508.jpg 768w\" sizes=\"auto, (max-width: 800px) 100vw, 800px\" \/><\/a>\n\t\t\t<\/div>\n\t\t\t\t<figcaption class='wp-caption-text gallery-caption' id='gallery-2-788'>\n\t\t\t\tFertig abgeschirmte Decke der zuk\u00fcnftigen Operationsr\u00e4ume\n\t\t\t\t<\/figcaption><\/figure><figure class='gallery-item'>\n\t\t\t<div class='gallery-icon landscape'>\n\t\t\t\t<a href='https:\/\/systronemv.com\/wp-content\/uploads\/2022\/04\/KH_Wien_Nahtloses_Verschweissen.jpg'><img loading=\"lazy\" decoding=\"async\" width=\"768\" height=\"575\" src=\"https:\/\/systronemv.com\/wp-content\/uploads\/2022\/04\/KH_Wien_Nahtloses_Verschweissen.jpg\" class=\"attachment-full size-full landscape\" alt=\"\" aria-describedby=\"gallery-2-790\" srcset=\"https:\/\/systronemv.com\/wp-content\/uploads\/2022\/04\/KH_Wien_Nahtloses_Verschweissen.jpg 768w, https:\/\/systronemv.com\/wp-content\/uploads\/2022\/04\/KH_Wien_Nahtloses_Verschweissen-300x225.jpg 300w\" sizes=\"auto, (max-width: 768px) 100vw, 768px\" \/><\/a>\n\t\t\t<\/div>\n\t\t\t\t<figcaption class='wp-caption-text gallery-caption' id='gallery-2-790'>\n\t\t\t\tNahtloses Verschweissen der Abschirmbleche\n\t\t\t\t<\/figcaption><\/figure><figure class='gallery-item'>\n\t\t\t<div class='gallery-icon landscape'>\n\t\t\t\t<a href='https:\/\/systronemv.com\/wp-content\/uploads\/2022\/04\/KH_Wien_Magnetfeldmessung_im_abgeschirmten_Raum-800.jpg'><img loading=\"lazy\" decoding=\"async\" width=\"800\" height=\"600\" src=\"https:\/\/systronemv.com\/wp-content\/uploads\/2022\/04\/KH_Wien_Magnetfeldmessung_im_abgeschirmten_Raum-800.jpg\" class=\"attachment-full size-full landscape\" alt=\"\" aria-describedby=\"gallery-2-792\" srcset=\"https:\/\/systronemv.com\/wp-content\/uploads\/2022\/04\/KH_Wien_Magnetfeldmessung_im_abgeschirmten_Raum-800.jpg 800w, https:\/\/systronemv.com\/wp-content\/uploads\/2022\/04\/KH_Wien_Magnetfeldmessung_im_abgeschirmten_Raum-800-300x225.jpg 300w, https:\/\/systronemv.com\/wp-content\/uploads\/2022\/04\/KH_Wien_Magnetfeldmessung_im_abgeschirmten_Raum-800-768x576.jpg 768w\" sizes=\"auto, (max-width: 800px) 100vw, 800px\" \/><\/a>\n\t\t\t<\/div>\n\t\t\t\t<figcaption class='wp-caption-text gallery-caption' id='gallery-2-792'>\n\t\t\t\tMagnetfeldmessungen im abgeschirmten Intensivzimmer\n\t\t\t\t<\/figcaption><\/figure><figure class='gallery-item'>\n\t\t\t<div class='gallery-icon landscape'>\n\t\t\t\t<a href='https:\/\/systronemv.com\/wp-content\/uploads\/2022\/04\/KH_Wien_Magnetisch_abgeschirmtes_Intensivzimmer_kurz_vor_Inbetriebnahme-800.jpg'><img loading=\"lazy\" decoding=\"async\" width=\"800\" height=\"450\" src=\"https:\/\/systronemv.com\/wp-content\/uploads\/2022\/04\/KH_Wien_Magnetisch_abgeschirmtes_Intensivzimmer_kurz_vor_Inbetriebnahme-800.jpg\" class=\"attachment-full size-full landscape\" alt=\"\" aria-describedby=\"gallery-2-794\" srcset=\"https:\/\/systronemv.com\/wp-content\/uploads\/2022\/04\/KH_Wien_Magnetisch_abgeschirmtes_Intensivzimmer_kurz_vor_Inbetriebnahme-800.jpg 800w, https:\/\/systronemv.com\/wp-content\/uploads\/2022\/04\/KH_Wien_Magnetisch_abgeschirmtes_Intensivzimmer_kurz_vor_Inbetriebnahme-800-300x169.jpg 300w, https:\/\/systronemv.com\/wp-content\/uploads\/2022\/04\/KH_Wien_Magnetisch_abgeschirmtes_Intensivzimmer_kurz_vor_Inbetriebnahme-800-768x432.jpg 768w\" sizes=\"auto, (max-width: 800px) 100vw, 800px\" \/><\/a>\n\t\t\t<\/div>\n\t\t\t\t<figcaption class='wp-caption-text gallery-caption' id='gallery-2-794'>\n\t\t\t\tMagnetisch abgeschirmtes Intensivzimmer kurz vor Inbetriebnahme des Krankenhauses\n\t\t\t\t<\/figcaption><\/figure>\n\t\t<\/div>\n\n<p>Insgesamt wurden im Krankenhaus Nord mit dem <a href=\"https:\/\/systronemv.com\/abschirmsysteme\/systron-powershield\/\">Systron PowerShield\u00ae<\/a> Raumabschirmsystem \u00fcber 60 R\u00e4ume in welchen EEG, EKG, EMG und andere empfindliche medizinische Ger\u00e4te betrieben werden wirkungsvoll vor den niederfrequenten Magnetfeldern der Bahn gesch\u00fctzt. Mit den Massnahmen werden insbesondere 16.7 Hz, jedoch auch 50 Hz Felder auf unkritische Werte reduziert.<\/p>\n<\/div>\n<p>[\/systron_generalboxes][\/vc_column][\/vc_row]<\/p>\n<\/div>","protected":false},"excerpt":{"rendered":"<p>[vc_row][vc_column][systron_generalboxes]Medizinische Ger\u00e4te wie EEG, EKG und EMG werden durch magnetische Wechselfelder gest\u00f6rt. Somit muss beispielsweise in Krankenh\u00e4user sichergestellt werden, dass in Bereichen wo solche Ger\u00e4te eingesetzt werden die geforderten Grenzwerte nicht \u00fcberschritten werden.[\/systron_generalboxes][\/vc_column][\/vc_row][vc_row][vc_column][systron_generalboxes box_color=&#8220;general-color&#8220; left_general=&#8220;Title&#8220; box_left_title=&#8220;Krankenhaus Nord, Wien&#8220;] Vor Beginn des Baus des Krankenhaus Nord, Wien, wurden Simulationen und Messungen zur Feststellung der St\u00e4rke der [&hellip;]<\/p>\n","protected":false},"author":3,"featured_media":0,"parent":196,"menu_order":0,"comment_status":"closed","ping_status":"closed","template":"","meta":{"_acf_changed":false,"inline_featured_image":false,"footnotes":""},"class_list":["post-778","page","type-page","status-publish","hentry"],"acf":[],"yoast_head":"<!-- This site is optimized with the Yoast SEO Premium plugin v26.2 (Yoast SEO v27.3) - https:\/\/yoast.com\/product\/yoast-seo-premium-wordpress\/ -->\n<title>Referenz Medizinische Ger\u00e4te - Abschirmungen<\/title>\n<meta name=\"description\" content=\"Referenz Medizinische Ger\u00e4te - Abschirmungen: Grenzwerte in Krankenh\u00e4usern, damit Ger\u00e4te wie EEG, EKG, EMG, nicht durch magnetische Wechselfelder gest\u00f6rt werden\" \/>\n<meta name=\"robots\" content=\"index, follow, max-snippet:-1, max-image-preview:large, max-video-preview:-1\" \/>\n<link rel=\"canonical\" href=\"https:\/\/systronemv.com\/de\/referenzen\/referenz-medizinische-geraete\/\" \/>\n<meta property=\"og:locale\" content=\"de_DE\" \/>\n<meta property=\"og:type\" content=\"article\" \/>\n<meta property=\"og:title\" content=\"Ref. Medizinische Ger\u00e4te\" \/>\n<meta property=\"og:description\" content=\"Referenz Medizinische Ger\u00e4te - Abschirmungen: Grenzwerte in Krankenh\u00e4usern, damit Ger\u00e4te wie EEG, EKG, EMG, nicht durch magnetische Wechselfelder gest\u00f6rt werden\" \/>\n<meta property=\"og:url\" content=\"https:\/\/systronemv.com\/de\/referenzen\/referenz-medizinische-geraete\/\" \/>\n<meta property=\"og:site_name\" content=\"Systron EMV\" \/>\n<meta property=\"article:modified_time\" content=\"2024-03-14T10:41:51+00:00\" \/>\n<meta property=\"og:image\" content=\"https:\/\/systronemv.com\/wp-content\/uploads\/2022\/04\/KH_Wien_Simulation_Bahnfelder-800.jpg\" \/>\n<meta name=\"twitter:card\" content=\"summary_large_image\" \/>\n<meta name=\"twitter:label1\" content=\"Gesch\u00e4tzte Lesezeit\" \/>\n\t<meta name=\"twitter:data1\" content=\"3\u00a0Minuten\" \/>\n<script type=\"application\/ld+json\" class=\"yoast-schema-graph\">{\"@context\":\"https:\\\/\\\/schema.org\",\"@graph\":[{\"@type\":\"WebPage\",\"@id\":\"https:\\\/\\\/systronemv.com\\\/de\\\/referenzen\\\/referenz-medizinische-geraete\\\/\",\"url\":\"https:\\\/\\\/systronemv.com\\\/de\\\/referenzen\\\/referenz-medizinische-geraete\\\/\",\"name\":\"Referenz Medizinische Ger\u00e4te - Abschirmungen\",\"isPartOf\":{\"@id\":\"https:\\\/\\\/systronemv.com\\\/de\\\/#website\"},\"primaryImageOfPage\":{\"@id\":\"https:\\\/\\\/systronemv.com\\\/de\\\/referenzen\\\/referenz-medizinische-geraete\\\/#primaryimage\"},\"image\":{\"@id\":\"https:\\\/\\\/systronemv.com\\\/de\\\/referenzen\\\/referenz-medizinische-geraete\\\/#primaryimage\"},\"thumbnailUrl\":\"https:\\\/\\\/systronemv.com\\\/wp-content\\\/uploads\\\/2022\\\/04\\\/Krankenhaus_Nord_Wien.jpg\",\"datePublished\":\"2022-04-14T09:00:38+00:00\",\"dateModified\":\"2024-03-14T10:41:51+00:00\",\"description\":\"Referenz Medizinische Ger\u00e4te - Abschirmungen: Grenzwerte in Krankenh\u00e4usern, damit Ger\u00e4te wie EEG, EKG, EMG, nicht durch magnetische Wechselfelder gest\u00f6rt werden\",\"breadcrumb\":{\"@id\":\"https:\\\/\\\/systronemv.com\\\/de\\\/referenzen\\\/referenz-medizinische-geraete\\\/#breadcrumb\"},\"inLanguage\":\"de\",\"potentialAction\":[{\"@type\":\"ReadAction\",\"target\":[\"https:\\\/\\\/systronemv.com\\\/de\\\/referenzen\\\/referenz-medizinische-geraete\\\/\"]}]},{\"@type\":\"ImageObject\",\"inLanguage\":\"de\",\"@id\":\"https:\\\/\\\/systronemv.com\\\/de\\\/referenzen\\\/referenz-medizinische-geraete\\\/#primaryimage\",\"url\":\"https:\\\/\\\/systronemv.com\\\/wp-content\\\/uploads\\\/2022\\\/04\\\/Krankenhaus_Nord_Wien.jpg\",\"contentUrl\":\"https:\\\/\\\/systronemv.com\\\/wp-content\\\/uploads\\\/2022\\\/04\\\/Krankenhaus_Nord_Wien.jpg\"},{\"@type\":\"BreadcrumbList\",\"@id\":\"https:\\\/\\\/systronemv.com\\\/de\\\/referenzen\\\/referenz-medizinische-geraete\\\/#breadcrumb\",\"itemListElement\":[{\"@type\":\"ListItem\",\"position\":1,\"name\":\"Home\",\"item\":\"https:\\\/\\\/systronemv.com\\\/de\\\/\"},{\"@type\":\"ListItem\",\"position\":2,\"name\":\"Referenzen\",\"item\":\"https:\\\/\\\/systronemv.com\\\/de\\\/referenzen\\\/\"},{\"@type\":\"ListItem\",\"position\":3,\"name\":\"Ref. Medizinische Ger\u00e4te\"}]},{\"@type\":\"WebSite\",\"@id\":\"https:\\\/\\\/systronemv.com\\\/de\\\/#website\",\"url\":\"https:\\\/\\\/systronemv.com\\\/de\\\/\",\"name\":\"SYSTRON\",\"description\":\"Magnetfeld-Abschirmungen\",\"publisher\":{\"@id\":\"https:\\\/\\\/systronemv.com\\\/de\\\/#organization\"},\"potentialAction\":[{\"@type\":\"SearchAction\",\"target\":{\"@type\":\"EntryPoint\",\"urlTemplate\":\"https:\\\/\\\/systronemv.com\\\/de\\\/?s={search_term_string}\"},\"query-input\":{\"@type\":\"PropertyValueSpecification\",\"valueRequired\":true,\"valueName\":\"search_term_string\"}}],\"inLanguage\":\"de\"},{\"@type\":\"Organization\",\"@id\":\"https:\\\/\\\/systronemv.com\\\/de\\\/#organization\",\"name\":\"Systron emv GmbH\",\"url\":\"https:\\\/\\\/systronemv.com\\\/de\\\/\",\"logo\":{\"@type\":\"ImageObject\",\"inLanguage\":\"de\",\"@id\":\"https:\\\/\\\/systronemv.com\\\/de\\\/#\\\/schema\\\/logo\\\/image\\\/\",\"url\":\"https:\\\/\\\/systronemv.com\\\/wp-content\\\/uploads\\\/2024\\\/02\\\/Systron_Logo_positiv_Rahmen-scaled.jpg\",\"contentUrl\":\"https:\\\/\\\/systronemv.com\\\/wp-content\\\/uploads\\\/2024\\\/02\\\/Systron_Logo_positiv_Rahmen-scaled.jpg\",\"width\":2560,\"height\":738,\"caption\":\"Systron emv GmbH\"},\"image\":{\"@id\":\"https:\\\/\\\/systronemv.com\\\/de\\\/#\\\/schema\\\/logo\\\/image\\\/\"}}]}<\/script>\n<!-- \/ Yoast SEO Premium plugin. -->","yoast_head_json":{"title":"Referenz Medizinische Ger\u00e4te - Abschirmungen","description":"Referenz Medizinische Ger\u00e4te - Abschirmungen: Grenzwerte in Krankenh\u00e4usern, damit Ger\u00e4te wie EEG, EKG, EMG, nicht durch magnetische Wechselfelder gest\u00f6rt werden","robots":{"index":"index","follow":"follow","max-snippet":"max-snippet:-1","max-image-preview":"max-image-preview:large","max-video-preview":"max-video-preview:-1"},"canonical":"https:\/\/systronemv.com\/de\/referenzen\/referenz-medizinische-geraete\/","og_locale":"de_DE","og_type":"article","og_title":"Ref. Medizinische Ger\u00e4te","og_description":"Referenz Medizinische Ger\u00e4te - Abschirmungen: Grenzwerte in Krankenh\u00e4usern, damit Ger\u00e4te wie EEG, EKG, EMG, nicht durch magnetische Wechselfelder gest\u00f6rt werden","og_url":"https:\/\/systronemv.com\/de\/referenzen\/referenz-medizinische-geraete\/","og_site_name":"Systron EMV","article_modified_time":"2024-03-14T10:41:51+00:00","og_image":[{"url":"https:\/\/systronemv.com\/wp-content\/uploads\/2022\/04\/KH_Wien_Simulation_Bahnfelder-800.jpg","type":"","width":"","height":""}],"twitter_card":"summary_large_image","twitter_misc":{"Gesch\u00e4tzte Lesezeit":"3\u00a0Minuten"},"schema":{"@context":"https:\/\/schema.org","@graph":[{"@type":"WebPage","@id":"https:\/\/systronemv.com\/de\/referenzen\/referenz-medizinische-geraete\/","url":"https:\/\/systronemv.com\/de\/referenzen\/referenz-medizinische-geraete\/","name":"Referenz Medizinische Ger\u00e4te - Abschirmungen","isPartOf":{"@id":"https:\/\/systronemv.com\/de\/#website"},"primaryImageOfPage":{"@id":"https:\/\/systronemv.com\/de\/referenzen\/referenz-medizinische-geraete\/#primaryimage"},"image":{"@id":"https:\/\/systronemv.com\/de\/referenzen\/referenz-medizinische-geraete\/#primaryimage"},"thumbnailUrl":"https:\/\/systronemv.com\/wp-content\/uploads\/2022\/04\/Krankenhaus_Nord_Wien.jpg","datePublished":"2022-04-14T09:00:38+00:00","dateModified":"2024-03-14T10:41:51+00:00","description":"Referenz Medizinische Ger\u00e4te - Abschirmungen: Grenzwerte in Krankenh\u00e4usern, damit Ger\u00e4te wie EEG, EKG, EMG, nicht durch magnetische Wechselfelder gest\u00f6rt werden","breadcrumb":{"@id":"https:\/\/systronemv.com\/de\/referenzen\/referenz-medizinische-geraete\/#breadcrumb"},"inLanguage":"de","potentialAction":[{"@type":"ReadAction","target":["https:\/\/systronemv.com\/de\/referenzen\/referenz-medizinische-geraete\/"]}]},{"@type":"ImageObject","inLanguage":"de","@id":"https:\/\/systronemv.com\/de\/referenzen\/referenz-medizinische-geraete\/#primaryimage","url":"https:\/\/systronemv.com\/wp-content\/uploads\/2022\/04\/Krankenhaus_Nord_Wien.jpg","contentUrl":"https:\/\/systronemv.com\/wp-content\/uploads\/2022\/04\/Krankenhaus_Nord_Wien.jpg"},{"@type":"BreadcrumbList","@id":"https:\/\/systronemv.com\/de\/referenzen\/referenz-medizinische-geraete\/#breadcrumb","itemListElement":[{"@type":"ListItem","position":1,"name":"Home","item":"https:\/\/systronemv.com\/de\/"},{"@type":"ListItem","position":2,"name":"Referenzen","item":"https:\/\/systronemv.com\/de\/referenzen\/"},{"@type":"ListItem","position":3,"name":"Ref. Medizinische Ger\u00e4te"}]},{"@type":"WebSite","@id":"https:\/\/systronemv.com\/de\/#website","url":"https:\/\/systronemv.com\/de\/","name":"SYSTRON","description":"Magnetfeld-Abschirmungen","publisher":{"@id":"https:\/\/systronemv.com\/de\/#organization"},"potentialAction":[{"@type":"SearchAction","target":{"@type":"EntryPoint","urlTemplate":"https:\/\/systronemv.com\/de\/?s={search_term_string}"},"query-input":{"@type":"PropertyValueSpecification","valueRequired":true,"valueName":"search_term_string"}}],"inLanguage":"de"},{"@type":"Organization","@id":"https:\/\/systronemv.com\/de\/#organization","name":"Systron emv GmbH","url":"https:\/\/systronemv.com\/de\/","logo":{"@type":"ImageObject","inLanguage":"de","@id":"https:\/\/systronemv.com\/de\/#\/schema\/logo\/image\/","url":"https:\/\/systronemv.com\/wp-content\/uploads\/2024\/02\/Systron_Logo_positiv_Rahmen-scaled.jpg","contentUrl":"https:\/\/systronemv.com\/wp-content\/uploads\/2024\/02\/Systron_Logo_positiv_Rahmen-scaled.jpg","width":2560,"height":738,"caption":"Systron emv GmbH"},"image":{"@id":"https:\/\/systronemv.com\/de\/#\/schema\/logo\/image\/"}}]}},"_links":{"self":[{"href":"https:\/\/systronemv.com\/de\/wp-json\/wp\/v2\/pages\/778","targetHints":{"allow":["GET"]}}],"collection":[{"href":"https:\/\/systronemv.com\/de\/wp-json\/wp\/v2\/pages"}],"about":[{"href":"https:\/\/systronemv.com\/de\/wp-json\/wp\/v2\/types\/page"}],"author":[{"embeddable":true,"href":"https:\/\/systronemv.com\/de\/wp-json\/wp\/v2\/users\/3"}],"replies":[{"embeddable":true,"href":"https:\/\/systronemv.com\/de\/wp-json\/wp\/v2\/comments?post=778"}],"version-history":[{"count":0,"href":"https:\/\/systronemv.com\/de\/wp-json\/wp\/v2\/pages\/778\/revisions"}],"up":[{"embeddable":true,"href":"https:\/\/systronemv.com\/de\/wp-json\/wp\/v2\/pages\/196"}],"wp:attachment":[{"href":"https:\/\/systronemv.com\/de\/wp-json\/wp\/v2\/media?parent=778"}],"curies":[{"name":"wp","href":"https:\/\/api.w.org\/{rel}","templated":true}]}}