{"id":765,"date":"2022-04-14T08:54:14","date_gmt":"2022-04-14T08:54:14","guid":{"rendered":"https:\/\/systronemv.com\/syst\/?page_id=765"},"modified":"2025-02-14T09:10:33","modified_gmt":"2025-02-14T09:10:33","slug":"referenz-magnete","status":"publish","type":"page","link":"https:\/\/systronemv.com\/de\/referenzen\/referenz-magnete\/","title":{"rendered":"Ref. Magnete"},"content":{"rendered":"<div class=\"wpb-content-wrapper\"><p>[vc_row][vc_column][systron_generalboxes]Magnete erzeugen typischerweise sehr starke statischen Magnetfelder. Dies trifft sowohl f\u00fcr Permanentmagnete wie auch f\u00fcr Elektromagnete, wie sie beispielsweise bei NMR oder MRI eingesetzt werden, zu. Je nach Anwendung m\u00fcssen diese Felder reduziert werden.[\/systron_generalboxes][\/vc_column][\/vc_row][vc_row][vc_column][systron_generalboxes box_color=&#8220;general-color&#8220; left_general=&#8220;Title&#8220; box_left_title=&#8220;NMR-Abschirmung Institute Pasteur Paris&#8220;]Beim Institute Pasteur ist neben einem magnetfeldsensitiven Labor ein NMR installiert. Das statische Magnetfeld dieses starken Magneten muss so weit reduziert werden, damit dieses \u00fcberall im sensitiven Labor &lt; 73 \u00b5T betr\u00e4gt. Bei Messungen vor Installation der Abschirmung wurden Feldst\u00e4rken bis 500 \u00b5T gemessen.<\/p>\n<div id='gallery-1' class='gallery galleryid-765 gallery-columns-3 gallery-size-full'><figure class='gallery-item'>\n\t\t\t<div class='gallery-icon landscape'>\n\t\t\t\t<a href='https:\/\/systronemv.com\/wp-content\/uploads\/2022\/04\/Pasteur_Situationsplan-800_2.jpg'><img loading=\"lazy\" decoding=\"async\" width=\"800\" height=\"558\" src=\"https:\/\/systronemv.com\/wp-content\/uploads\/2022\/04\/Pasteur_Situationsplan-800_2.jpg\" class=\"attachment-full size-full landscape\" alt=\"\" aria-describedby=\"gallery-1-769\" srcset=\"https:\/\/systronemv.com\/wp-content\/uploads\/2022\/04\/Pasteur_Situationsplan-800_2.jpg 800w, https:\/\/systronemv.com\/wp-content\/uploads\/2022\/04\/Pasteur_Situationsplan-800_2-300x209.jpg 300w, https:\/\/systronemv.com\/wp-content\/uploads\/2022\/04\/Pasteur_Situationsplan-800_2-768x536.jpg 768w\" sizes=\"auto, (max-width: 800px) 100vw, 800px\" \/><\/a>\n\t\t\t<\/div>\n\t\t\t\t<figcaption class='wp-caption-text gallery-caption' id='gallery-1-769'>\n\t\t\t\tSituationsplan\n\t\t\t\t<\/figcaption><\/figure>\n\t\t<\/div>\n\n<p>Mittels FEM Simulationen wurde eine geeignete Abschirml\u00f6sung um den Magneten herum entwickelt. Aufgrund der sehr starken Magnetfelder wurde die Abschirmung aus schlussgegl\u00fchtem Reineisen gefertigt, da die S\u00e4ttigungsflussdichte dieses Materials sehr hoch ist.<\/p>\n<div id='gallery-2' class='gallery galleryid-765 gallery-columns-3 gallery-size-full'><figure class='gallery-item'>\n\t\t\t<div class='gallery-icon landscape'>\n\t\t\t\t<a href='https:\/\/systronemv.com\/wp-content\/uploads\/2022\/04\/Pasteur_FEM-800.jpg'><img loading=\"lazy\" decoding=\"async\" width=\"800\" height=\"636\" src=\"https:\/\/systronemv.com\/wp-content\/uploads\/2022\/04\/Pasteur_FEM-800.jpg\" class=\"attachment-full size-full landscape\" alt=\"\" aria-describedby=\"gallery-2-771\" srcset=\"https:\/\/systronemv.com\/wp-content\/uploads\/2022\/04\/Pasteur_FEM-800.jpg 800w, https:\/\/systronemv.com\/wp-content\/uploads\/2022\/04\/Pasteur_FEM-800-300x239.jpg 300w, https:\/\/systronemv.com\/wp-content\/uploads\/2022\/04\/Pasteur_FEM-800-768x611.jpg 768w\" sizes=\"auto, (max-width: 800px) 100vw, 800px\" \/><\/a>\n\t\t\t<\/div>\n\t\t\t\t<figcaption class='wp-caption-text gallery-caption' id='gallery-2-771'>\n\t\t\t\tFEM Simulation\n\t\t\t\t<\/figcaption><\/figure><figure class='gallery-item'>\n\t\t\t<div class='gallery-icon portrait'>\n\t\t\t\t<a href='https:\/\/systronemv.com\/wp-content\/uploads\/2022\/04\/Pasteur_Abschirmung-800.jpg'><img loading=\"lazy\" decoding=\"async\" width=\"800\" height=\"844\" src=\"https:\/\/systronemv.com\/wp-content\/uploads\/2022\/04\/Pasteur_Abschirmung-800.jpg\" class=\"attachment-full size-full landscape\" alt=\"\" aria-describedby=\"gallery-2-773\" srcset=\"https:\/\/systronemv.com\/wp-content\/uploads\/2022\/04\/Pasteur_Abschirmung-800.jpg 800w, https:\/\/systronemv.com\/wp-content\/uploads\/2022\/04\/Pasteur_Abschirmung-800-284x300.jpg 284w, https:\/\/systronemv.com\/wp-content\/uploads\/2022\/04\/Pasteur_Abschirmung-800-768x810.jpg 768w\" sizes=\"auto, (max-width: 800px) 100vw, 800px\" \/><\/a>\n\t\t\t<\/div>\n\t\t\t\t<figcaption class='wp-caption-text gallery-caption' id='gallery-2-773'>\n\t\t\t\tKonstruktion Abschirmung\n\t\t\t\t<\/figcaption><\/figure><figure class='gallery-item'>\n\t\t\t<div class='gallery-icon landscape'>\n\t\t\t\t<a href='https:\/\/systronemv.com\/wp-content\/uploads\/2022\/04\/Pasteur_nachInstallation_Abschirmung-800.jpg'><img loading=\"lazy\" decoding=\"async\" width=\"800\" height=\"450\" src=\"https:\/\/systronemv.com\/wp-content\/uploads\/2022\/04\/Pasteur_nachInstallation_Abschirmung-800.jpg\" class=\"attachment-full size-full landscape\" alt=\"\" aria-describedby=\"gallery-2-775\" srcset=\"https:\/\/systronemv.com\/wp-content\/uploads\/2022\/04\/Pasteur_nachInstallation_Abschirmung-800.jpg 800w, https:\/\/systronemv.com\/wp-content\/uploads\/2022\/04\/Pasteur_nachInstallation_Abschirmung-800-300x169.jpg 300w, https:\/\/systronemv.com\/wp-content\/uploads\/2022\/04\/Pasteur_nachInstallation_Abschirmung-800-768x432.jpg 768w\" sizes=\"auto, (max-width: 800px) 100vw, 800px\" \/><\/a>\n\t\t\t<\/div>\n\t\t\t\t<figcaption class='wp-caption-text gallery-caption' id='gallery-2-775'>\n\t\t\t\tInstallierte Abschirmung um NMR\n\t\t\t\t<\/figcaption><\/figure>\n\t\t<\/div>\n\n<p>Die Abnahmemessungen zeigten, dass das statische Magnetfeld im sensitiven Raum auf deutlich &lt;73 \u00b5T reduziert werden konnte.[\/systron_generalboxes][\/vc_column][\/vc_row]<\/p>\n<\/div>","protected":false},"excerpt":{"rendered":"<p>[vc_row][vc_column][systron_generalboxes]Magnete erzeugen typischerweise sehr starke statischen Magnetfelder. Dies trifft sowohl f\u00fcr Permanentmagnete wie auch f\u00fcr Elektromagnete, wie sie beispielsweise bei NMR oder MRI eingesetzt werden, zu. Je nach Anwendung m\u00fcssen diese Felder reduziert werden.[\/systron_generalboxes][\/vc_column][\/vc_row][vc_row][vc_column][systron_generalboxes box_color=&#8220;general-color&#8220; left_general=&#8220;Title&#8220; box_left_title=&#8220;NMR-Abschirmung Institute Pasteur Paris&#8220;]Beim Institute Pasteur ist neben einem magnetfeldsensitiven Labor ein NMR installiert. Das statische Magnetfeld dieses starken [&hellip;]<\/p>\n","protected":false},"author":3,"featured_media":0,"parent":196,"menu_order":0,"comment_status":"closed","ping_status":"closed","template":"","meta":{"_acf_changed":false,"inline_featured_image":false,"footnotes":""},"class_list":["post-765","page","type-page","status-publish","hentry"],"acf":[],"yoast_head":"<!-- This site is optimized with the Yoast SEO Premium plugin v26.2 (Yoast SEO v27.2) - https:\/\/yoast.com\/product\/yoast-seo-premium-wordpress\/ -->\n<title>Referenz Magnete - Abschirmungen<\/title>\n<meta name=\"description\" content=\"Referenz Magnete - Abschirmungen: starke statische Magnetfelder (Permanentmagnete &amp; Elektromagnete, NMR, MRI) reduzieren.\" \/>\n<meta name=\"robots\" content=\"index, follow, max-snippet:-1, max-image-preview:large, max-video-preview:-1\" \/>\n<link rel=\"canonical\" href=\"https:\/\/systronemv.com\/de\/referenzen\/referenz-magnete\/\" \/>\n<meta property=\"og:locale\" content=\"de_DE\" \/>\n<meta property=\"og:type\" content=\"article\" \/>\n<meta property=\"og:title\" content=\"Ref. Magnete\" \/>\n<meta property=\"og:description\" content=\"Referenz Magnete - Abschirmungen: starke statische Magnetfelder (Permanentmagnete &amp; Elektromagnete, NMR, MRI) reduzieren.\" \/>\n<meta property=\"og:url\" content=\"https:\/\/systronemv.com\/de\/referenzen\/referenz-magnete\/\" \/>\n<meta property=\"og:site_name\" content=\"Systron EMV\" \/>\n<meta property=\"article:modified_time\" content=\"2025-02-14T09:10:33+00:00\" \/>\n<meta name=\"twitter:card\" content=\"summary_large_image\" \/>\n<meta name=\"twitter:label1\" content=\"Gesch\u00e4tzte Lesezeit\" \/>\n\t<meta name=\"twitter:data1\" content=\"1\u00a0Minute\" \/>\n<script type=\"application\/ld+json\" class=\"yoast-schema-graph\">{\"@context\":\"https:\/\/schema.org\",\"@graph\":[{\"@type\":\"WebPage\",\"@id\":\"https:\/\/systronemv.com\/de\/referenzen\/referenz-magnete\/\",\"url\":\"https:\/\/systronemv.com\/de\/referenzen\/referenz-magnete\/\",\"name\":\"Referenz Magnete - Abschirmungen\",\"isPartOf\":{\"@id\":\"https:\/\/systronemv.com\/de\/#website\"},\"datePublished\":\"2022-04-14T08:54:14+00:00\",\"dateModified\":\"2025-02-14T09:10:33+00:00\",\"description\":\"Referenz Magnete - Abschirmungen: starke statische Magnetfelder (Permanentmagnete & Elektromagnete, NMR, MRI) reduzieren.\",\"breadcrumb\":{\"@id\":\"https:\/\/systronemv.com\/de\/referenzen\/referenz-magnete\/#breadcrumb\"},\"inLanguage\":\"de\",\"potentialAction\":[{\"@type\":\"ReadAction\",\"target\":[\"https:\/\/systronemv.com\/de\/referenzen\/referenz-magnete\/\"]}]},{\"@type\":\"BreadcrumbList\",\"@id\":\"https:\/\/systronemv.com\/de\/referenzen\/referenz-magnete\/#breadcrumb\",\"itemListElement\":[{\"@type\":\"ListItem\",\"position\":1,\"name\":\"Home\",\"item\":\"https:\/\/systronemv.com\/de\/\"},{\"@type\":\"ListItem\",\"position\":2,\"name\":\"Referenzen\",\"item\":\"https:\/\/systronemv.com\/de\/referenzen\/\"},{\"@type\":\"ListItem\",\"position\":3,\"name\":\"Ref. Magnete\"}]},{\"@type\":\"WebSite\",\"@id\":\"https:\/\/systronemv.com\/de\/#website\",\"url\":\"https:\/\/systronemv.com\/de\/\",\"name\":\"SYSTRON\",\"description\":\"Magnetfeld-Abschirmungen\",\"publisher\":{\"@id\":\"https:\/\/systronemv.com\/de\/#organization\"},\"potentialAction\":[{\"@type\":\"SearchAction\",\"target\":{\"@type\":\"EntryPoint\",\"urlTemplate\":\"https:\/\/systronemv.com\/de\/?s={search_term_string}\"},\"query-input\":{\"@type\":\"PropertyValueSpecification\",\"valueRequired\":true,\"valueName\":\"search_term_string\"}}],\"inLanguage\":\"de\"},{\"@type\":\"Organization\",\"@id\":\"https:\/\/systronemv.com\/de\/#organization\",\"name\":\"Systron emv GmbH\",\"url\":\"https:\/\/systronemv.com\/de\/\",\"logo\":{\"@type\":\"ImageObject\",\"inLanguage\":\"de\",\"@id\":\"https:\/\/systronemv.com\/de\/#\/schema\/logo\/image\/\",\"url\":\"https:\/\/systronemv.com\/wp-content\/uploads\/2024\/02\/Systron_Logo_positiv_Rahmen-scaled.jpg\",\"contentUrl\":\"https:\/\/systronemv.com\/wp-content\/uploads\/2024\/02\/Systron_Logo_positiv_Rahmen-scaled.jpg\",\"width\":2560,\"height\":738,\"caption\":\"Systron emv GmbH\"},\"image\":{\"@id\":\"https:\/\/systronemv.com\/de\/#\/schema\/logo\/image\/\"}}]}<\/script>\n<!-- \/ Yoast SEO Premium plugin. -->","yoast_head_json":{"title":"Referenz Magnete - Abschirmungen","description":"Referenz Magnete - Abschirmungen: starke statische Magnetfelder (Permanentmagnete & Elektromagnete, NMR, MRI) reduzieren.","robots":{"index":"index","follow":"follow","max-snippet":"max-snippet:-1","max-image-preview":"max-image-preview:large","max-video-preview":"max-video-preview:-1"},"canonical":"https:\/\/systronemv.com\/de\/referenzen\/referenz-magnete\/","og_locale":"de_DE","og_type":"article","og_title":"Ref. Magnete","og_description":"Referenz Magnete - Abschirmungen: starke statische Magnetfelder (Permanentmagnete & Elektromagnete, NMR, MRI) reduzieren.","og_url":"https:\/\/systronemv.com\/de\/referenzen\/referenz-magnete\/","og_site_name":"Systron EMV","article_modified_time":"2025-02-14T09:10:33+00:00","twitter_card":"summary_large_image","twitter_misc":{"Gesch\u00e4tzte Lesezeit":"1\u00a0Minute"},"schema":{"@context":"https:\/\/schema.org","@graph":[{"@type":"WebPage","@id":"https:\/\/systronemv.com\/de\/referenzen\/referenz-magnete\/","url":"https:\/\/systronemv.com\/de\/referenzen\/referenz-magnete\/","name":"Referenz Magnete - Abschirmungen","isPartOf":{"@id":"https:\/\/systronemv.com\/de\/#website"},"datePublished":"2022-04-14T08:54:14+00:00","dateModified":"2025-02-14T09:10:33+00:00","description":"Referenz Magnete - Abschirmungen: starke statische Magnetfelder (Permanentmagnete & Elektromagnete, NMR, MRI) reduzieren.","breadcrumb":{"@id":"https:\/\/systronemv.com\/de\/referenzen\/referenz-magnete\/#breadcrumb"},"inLanguage":"de","potentialAction":[{"@type":"ReadAction","target":["https:\/\/systronemv.com\/de\/referenzen\/referenz-magnete\/"]}]},{"@type":"BreadcrumbList","@id":"https:\/\/systronemv.com\/de\/referenzen\/referenz-magnete\/#breadcrumb","itemListElement":[{"@type":"ListItem","position":1,"name":"Home","item":"https:\/\/systronemv.com\/de\/"},{"@type":"ListItem","position":2,"name":"Referenzen","item":"https:\/\/systronemv.com\/de\/referenzen\/"},{"@type":"ListItem","position":3,"name":"Ref. Magnete"}]},{"@type":"WebSite","@id":"https:\/\/systronemv.com\/de\/#website","url":"https:\/\/systronemv.com\/de\/","name":"SYSTRON","description":"Magnetfeld-Abschirmungen","publisher":{"@id":"https:\/\/systronemv.com\/de\/#organization"},"potentialAction":[{"@type":"SearchAction","target":{"@type":"EntryPoint","urlTemplate":"https:\/\/systronemv.com\/de\/?s={search_term_string}"},"query-input":{"@type":"PropertyValueSpecification","valueRequired":true,"valueName":"search_term_string"}}],"inLanguage":"de"},{"@type":"Organization","@id":"https:\/\/systronemv.com\/de\/#organization","name":"Systron emv GmbH","url":"https:\/\/systronemv.com\/de\/","logo":{"@type":"ImageObject","inLanguage":"de","@id":"https:\/\/systronemv.com\/de\/#\/schema\/logo\/image\/","url":"https:\/\/systronemv.com\/wp-content\/uploads\/2024\/02\/Systron_Logo_positiv_Rahmen-scaled.jpg","contentUrl":"https:\/\/systronemv.com\/wp-content\/uploads\/2024\/02\/Systron_Logo_positiv_Rahmen-scaled.jpg","width":2560,"height":738,"caption":"Systron emv GmbH"},"image":{"@id":"https:\/\/systronemv.com\/de\/#\/schema\/logo\/image\/"}}]}},"_links":{"self":[{"href":"https:\/\/systronemv.com\/de\/wp-json\/wp\/v2\/pages\/765","targetHints":{"allow":["GET"]}}],"collection":[{"href":"https:\/\/systronemv.com\/de\/wp-json\/wp\/v2\/pages"}],"about":[{"href":"https:\/\/systronemv.com\/de\/wp-json\/wp\/v2\/types\/page"}],"author":[{"embeddable":true,"href":"https:\/\/systronemv.com\/de\/wp-json\/wp\/v2\/users\/3"}],"replies":[{"embeddable":true,"href":"https:\/\/systronemv.com\/de\/wp-json\/wp\/v2\/comments?post=765"}],"version-history":[{"count":0,"href":"https:\/\/systronemv.com\/de\/wp-json\/wp\/v2\/pages\/765\/revisions"}],"up":[{"embeddable":true,"href":"https:\/\/systronemv.com\/de\/wp-json\/wp\/v2\/pages\/196"}],"wp:attachment":[{"href":"https:\/\/systronemv.com\/de\/wp-json\/wp\/v2\/media?parent=765"}],"curies":[{"name":"wp","href":"https:\/\/api.w.org\/{rel}","templated":true}]}}