{"id":749,"date":"2022-04-14T08:42:37","date_gmt":"2022-04-14T08:42:37","guid":{"rendered":"https:\/\/systronemv.com\/syst\/?page_id=749"},"modified":"2024-03-14T10:42:32","modified_gmt":"2024-03-14T10:42:32","slug":"referenz-personenschutz","status":"publish","type":"page","link":"https:\/\/systronemv.com\/de\/referenzen\/referenz-personenschutz\/","title":{"rendered":"Ref. Personenschutz"},"content":{"rendered":"<div class=\"wpb-content-wrapper\"><p>[vc_row][vc_column][systron_generalboxes]Um Personen an Ihrem Arbeitsplatz oder in ihrer Wohnung vor niederfrequenten Magnetfeldern zu sch\u00fctzen, k\u00f6nnen ganze R\u00e4ume geschirmt werden. Nachfolgend wird ein Referenzprojekt beschrieben.[\/systron_generalboxes][\/vc_column][\/vc_row][vc_row][vc_column][systron_generalboxes box_color=&#8220;general-color&#8220; left_general=&#8220;Title&#8220; box_left_title=&#8220;Panoramapark Emmenbr\u00fccke Luzern&#8220;]Eine doppelspurige Bahnstrecke f\u00fchrt unmittelbar an der Gewerbeliegenschaft Panoramapark entlang. Die Distanz der Arbeitspl\u00e4tz zu den Fahrleitungen betr\u00e4gt lediglich wenige Meter. Messungen in den R\u00e4umen der Liegenschaft haben Magnetfeld-Spitzenwerte von bis zu 9 \u00b5T (Mikrotesla) und 24Std.-Mittelwerte von rund 2 \u00b5T ergeben. Da der Anlagegrenzwert, AGW (1 \u00b5T gemittelt \u00fcber 24 Std.) gem\u00e4ss der Verordnung \u00fcber nichtionisierende Strahlung, NISV deutlich \u00fcberschritten wurde, mussten Abschirmmassnahmen zur Begrenzung der Felder getroffen werden.<\/p>\n<div id='gallery-1' class='gallery galleryid-749 gallery-columns-3 gallery-size-full'><figure class='gallery-item'>\n\t\t\t<div class='gallery-icon landscape'>\n\t\t\t\t<a href='https:\/\/systronemv.com\/wp-content\/uploads\/2022\/04\/Geb\u201eude_Ausgangslage-800.jpg'><img loading=\"lazy\" decoding=\"async\" width=\"800\" height=\"600\" src=\"https:\/\/systronemv.com\/wp-content\/uploads\/2022\/04\/Geb\u201eude_Ausgangslage-800.jpg\" class=\"attachment-full size-full landscape\" alt=\"\" aria-describedby=\"gallery-1-753\" srcset=\"https:\/\/systronemv.com\/wp-content\/uploads\/2022\/04\/Geb\u201eude_Ausgangslage-800.jpg 800w, https:\/\/systronemv.com\/wp-content\/uploads\/2022\/04\/Geb\u201eude_Ausgangslage-800-300x225.jpg 300w, https:\/\/systronemv.com\/wp-content\/uploads\/2022\/04\/Geb\u201eude_Ausgangslage-800-768x576.jpg 768w\" sizes=\"auto, (max-width: 800px) 100vw, 800px\" \/><\/a>\n\t\t\t<\/div>\n\t\t\t\t<figcaption class='wp-caption-text gallery-caption' id='gallery-1-753'>\n\t\t\t\tPanoramapark Emmenbr\u00fccke\n\t\t\t\t<\/figcaption><\/figure>\n\t\t<\/div>\n\n<p>Mit einer Simulation wurde die zu erwartende Wirkung der vorgesehenen Abschirmmassnahmen visualisiert. In solchen Simulationen werden die Str\u00f6me der Fahrleiter, \u00dcbertragungsleitungen sowie die R\u00fcckstr\u00f6me in Erdleiterkabeln, Schienen und Erdreich ber\u00fccksichtigt. Mit einer solchen Simulation kann das Abschirmkonzept \u00fcberpr\u00fcft werden.<\/p>\n<div id='gallery-2' class='gallery galleryid-749 gallery-columns-3 gallery-size-full'><figure class='gallery-item'>\n\t\t\t<div class='gallery-icon landscape'>\n\t\t\t\t<a href='https:\/\/systronemv.com\/wp-content\/uploads\/2022\/04\/Simulation-800.jpg'><img loading=\"lazy\" decoding=\"async\" width=\"800\" height=\"485\" src=\"https:\/\/systronemv.com\/wp-content\/uploads\/2022\/04\/Simulation-800.jpg\" class=\"attachment-full size-full landscape\" alt=\"\" aria-describedby=\"gallery-2-756\" srcset=\"https:\/\/systronemv.com\/wp-content\/uploads\/2022\/04\/Simulation-800.jpg 800w, https:\/\/systronemv.com\/wp-content\/uploads\/2022\/04\/Simulation-800-300x182.jpg 300w, https:\/\/systronemv.com\/wp-content\/uploads\/2022\/04\/Simulation-800-768x466.jpg 768w\" sizes=\"auto, (max-width: 800px) 100vw, 800px\" \/><\/a>\n\t\t\t<\/div>\n\t\t\t\t<figcaption class='wp-caption-text gallery-caption' id='gallery-2-756'>\n\t\t\t\tMagnetfeldsimulation\n\t\t\t\t<\/figcaption><\/figure>\n\t\t<\/div>\n\n<p>F\u00fcr die Feldreduktion wurde das passive Abschirmsystem <a href=\"https:\/\/systronemv.com\/abschirmsysteme\/systron-powershield\/\">Systron PowerShield\u00ae<\/a> gew\u00e4hlt. Damit werden kleine R\u00e4ume, Grossraumb\u00fcros oder ganze Stockwerke wirksam vor Magnetfeldern gesch\u00fctzt. Damit Bahnfelder wirkungsvoll reduziert werden k\u00f6nnen m\u00fcssen die Abschirmbleche in der Regel allseitig, also an W\u00e4nden und auf Boden und Decke montiert werden. Im Projekt wurden entsprechend zwei Grossraumb\u00fcros allseitig geschirmt. So geschirmt k\u00f6nnen die Felder nicht mehr in die R\u00e4ume eindringen, die Personen sind entsprechend gesch\u00fctzt.<\/p>\n<p>&nbsp;<\/p>\n<div id='gallery-3' class='gallery galleryid-749 gallery-columns-3 gallery-size-full'><figure class='gallery-item'>\n\t\t\t<div class='gallery-icon landscape'>\n\t\t\t\t<a href='https:\/\/systronemv.com\/wp-content\/uploads\/2022\/04\/Abschirmung_Fertig-800-2.jpg'><img loading=\"lazy\" decoding=\"async\" width=\"800\" height=\"600\" src=\"https:\/\/systronemv.com\/wp-content\/uploads\/2022\/04\/Abschirmung_Fertig-800-2.jpg\" class=\"attachment-full size-full landscape\" alt=\"Abschirmungen\" aria-describedby=\"gallery-3-758\" srcset=\"https:\/\/systronemv.com\/wp-content\/uploads\/2022\/04\/Abschirmung_Fertig-800-2.jpg 800w, https:\/\/systronemv.com\/wp-content\/uploads\/2022\/04\/Abschirmung_Fertig-800-2-300x225.jpg 300w, https:\/\/systronemv.com\/wp-content\/uploads\/2022\/04\/Abschirmung_Fertig-800-2-768x576.jpg 768w\" sizes=\"auto, (max-width: 800px) 100vw, 800px\" \/><\/a>\n\t\t\t<\/div>\n\t\t\t\t<figcaption class='wp-caption-text gallery-caption' id='gallery-3-758'>\n\t\t\t\tAbgeschirmtes Grossraumb\u00fcro\n\t\t\t\t<\/figcaption><\/figure>\n\t\t<\/div>\n\n<p>Im Rahmen des Umbaus eines der Geschosse der Liegenschaft wurden die <a href=\"https:\/\/systronemv.com\/abschirmsysteme\/systron-powershield\/\">Systron PowerShield\u00ae<\/a> Raumabschirmungen in zwei der Grossraumb\u00fcros eingebaut. Die R\u00e4ume wurden allseitig, also auf B\u00f6den, W\u00e4nden und Decken geschirmt. Lediglich die Fenster wurden ausgespart.<\/p>\n<p>Zum Nachweis der Wirkung der Massnahmen wurden Messungen vor und nach Installation der Raumabschirmungen durchgef\u00fchrt und miteinander verglichen. Sowohl der Spitzenwert als auch der Mittelwert wurde mit den Massnahmen wesentlich reduziert und die Grenzwerte eingehalten.<\/p>\n<div id='gallery-4' class='gallery galleryid-749 gallery-columns-3 gallery-size-full'><figure class='gallery-item'>\n\t\t\t<div class='gallery-icon landscape'>\n\t\t\t\t<a href='https:\/\/systronemv.com\/wp-content\/uploads\/2022\/04\/Spitzenwerte.jpg'><img loading=\"lazy\" decoding=\"async\" width=\"612\" height=\"545\" src=\"https:\/\/systronemv.com\/wp-content\/uploads\/2022\/04\/Spitzenwerte.jpg\" class=\"attachment-full size-full landscape\" alt=\"\" aria-describedby=\"gallery-4-760\" srcset=\"https:\/\/systronemv.com\/wp-content\/uploads\/2022\/04\/Spitzenwerte.jpg 612w, https:\/\/systronemv.com\/wp-content\/uploads\/2022\/04\/Spitzenwerte-300x267.jpg 300w\" sizes=\"auto, (max-width: 612px) 100vw, 612px\" \/><\/a>\n\t\t\t<\/div>\n\t\t\t\t<figcaption class='wp-caption-text gallery-caption' id='gallery-4-760'>\n\t\t\t\tMessresultate Spitzenwerte ungeschirmt und geschirmt\n\t\t\t\t<\/figcaption><\/figure><figure class='gallery-item'>\n\t\t\t<div class='gallery-icon landscape'>\n\t\t\t\t<a href='https:\/\/systronemv.com\/wp-content\/uploads\/2022\/04\/Mittelwerte.jpg'><img loading=\"lazy\" decoding=\"async\" width=\"603\" height=\"539\" src=\"https:\/\/systronemv.com\/wp-content\/uploads\/2022\/04\/Mittelwerte.jpg\" class=\"attachment-full size-full landscape\" alt=\"\" aria-describedby=\"gallery-4-762\" srcset=\"https:\/\/systronemv.com\/wp-content\/uploads\/2022\/04\/Mittelwerte.jpg 603w, https:\/\/systronemv.com\/wp-content\/uploads\/2022\/04\/Mittelwerte-300x268.jpg 300w\" sizes=\"auto, (max-width: 603px) 100vw, 603px\" \/><\/a>\n\t\t\t<\/div>\n\t\t\t\t<figcaption class='wp-caption-text gallery-caption' id='gallery-4-762'>\n\t\t\t\tMessresultate 24h Mittelwerte ungeschirmt und geschirmt\n\t\t\t\t<\/figcaption><\/figure>\n\t\t<\/div>\n\n<p>Im vorliegenden Projekt konnten die Magnetfelder mit dem <a href=\"https:\/\/systronemv.com\/abschirmsysteme\/systron-powershield\/\">Systron PowerShield\u00ae<\/a> Raumabschirmsystem signifikant reduziert und somit die Grenzwerte klar eingehalten werden.[\/systron_generalboxes][\/vc_column][\/vc_row]<\/p>\n<\/div>","protected":false},"excerpt":{"rendered":"<p>[vc_row][vc_column][systron_generalboxes]Um Personen an Ihrem Arbeitsplatz oder in ihrer Wohnung vor niederfrequenten Magnetfeldern zu sch\u00fctzen, k\u00f6nnen ganze R\u00e4ume geschirmt werden. Nachfolgend wird ein Referenzprojekt beschrieben.[\/systron_generalboxes][\/vc_column][\/vc_row][vc_row][vc_column][systron_generalboxes box_color=&#8220;general-color&#8220; left_general=&#8220;Title&#8220; box_left_title=&#8220;Panoramapark Emmenbr\u00fccke Luzern&#8220;]Eine doppelspurige Bahnstrecke f\u00fchrt unmittelbar an der Gewerbeliegenschaft Panoramapark entlang. Die Distanz der Arbeitspl\u00e4tz zu den Fahrleitungen betr\u00e4gt lediglich wenige Meter. Messungen in den R\u00e4umen der Liegenschaft [&hellip;]<\/p>\n","protected":false},"author":3,"featured_media":0,"parent":196,"menu_order":0,"comment_status":"closed","ping_status":"closed","template":"","meta":{"_acf_changed":false,"inline_featured_image":false,"footnotes":""},"class_list":["post-749","page","type-page","status-publish","hentry"],"acf":[],"yoast_head":"<!-- This site is optimized with the Yoast SEO Premium plugin v26.2 (Yoast SEO v27.4) - https:\/\/yoast.com\/product\/yoast-seo-premium-wordpress\/ -->\n<title>Referenz Personenschutz - Abschirmungen<\/title>\n<meta name=\"description\" content=\"Referenz Personenschutz - Abschirmungen: Personen an Ihrem Arbeitsplatz vor niederfrequenten Magnetfeldern sch\u00fctzen (NISV)\" \/>\n<meta name=\"robots\" content=\"index, follow, max-snippet:-1, max-image-preview:large, max-video-preview:-1\" \/>\n<link rel=\"canonical\" href=\"https:\/\/systronemv.com\/de\/referenzen\/referenz-personenschutz\/\" \/>\n<meta property=\"og:locale\" content=\"de_DE\" \/>\n<meta property=\"og:type\" content=\"article\" \/>\n<meta property=\"og:title\" content=\"Ref. Personenschutz\" \/>\n<meta property=\"og:description\" content=\"Referenz Personenschutz - Abschirmungen: Personen an Ihrem Arbeitsplatz vor niederfrequenten Magnetfeldern sch\u00fctzen (NISV)\" \/>\n<meta property=\"og:url\" content=\"https:\/\/systronemv.com\/de\/referenzen\/referenz-personenschutz\/\" \/>\n<meta property=\"og:site_name\" content=\"Systron EMV\" \/>\n<meta property=\"article:modified_time\" content=\"2024-03-14T10:42:32+00:00\" \/>\n<meta property=\"og:image\" content=\"https:\/\/systronemv.com\/wp-content\/uploads\/2022\/04\/Geb\u201eude_Ausgangslage-800.jpg\" \/>\n<meta name=\"twitter:card\" content=\"summary_large_image\" \/>\n<meta name=\"twitter:label1\" content=\"Gesch\u00e4tzte Lesezeit\" \/>\n\t<meta name=\"twitter:data1\" content=\"2\u00a0Minuten\" \/>\n<script type=\"application\/ld+json\" class=\"yoast-schema-graph\">{\"@context\":\"https:\\\/\\\/schema.org\",\"@graph\":[{\"@type\":\"WebPage\",\"@id\":\"https:\\\/\\\/systronemv.com\\\/de\\\/referenzen\\\/referenz-personenschutz\\\/\",\"url\":\"https:\\\/\\\/systronemv.com\\\/de\\\/referenzen\\\/referenz-personenschutz\\\/\",\"name\":\"Referenz Personenschutz - Abschirmungen\",\"isPartOf\":{\"@id\":\"https:\\\/\\\/systronemv.com\\\/de\\\/#website\"},\"datePublished\":\"2022-04-14T08:42:37+00:00\",\"dateModified\":\"2024-03-14T10:42:32+00:00\",\"description\":\"Referenz Personenschutz - Abschirmungen: Personen an Ihrem Arbeitsplatz vor niederfrequenten Magnetfeldern sch\u00fctzen (NISV)\",\"breadcrumb\":{\"@id\":\"https:\\\/\\\/systronemv.com\\\/de\\\/referenzen\\\/referenz-personenschutz\\\/#breadcrumb\"},\"inLanguage\":\"de\",\"potentialAction\":[{\"@type\":\"ReadAction\",\"target\":[\"https:\\\/\\\/systronemv.com\\\/de\\\/referenzen\\\/referenz-personenschutz\\\/\"]}]},{\"@type\":\"BreadcrumbList\",\"@id\":\"https:\\\/\\\/systronemv.com\\\/de\\\/referenzen\\\/referenz-personenschutz\\\/#breadcrumb\",\"itemListElement\":[{\"@type\":\"ListItem\",\"position\":1,\"name\":\"Home\",\"item\":\"https:\\\/\\\/systronemv.com\\\/de\\\/\"},{\"@type\":\"ListItem\",\"position\":2,\"name\":\"Referenzen\",\"item\":\"https:\\\/\\\/systronemv.com\\\/de\\\/referenzen\\\/\"},{\"@type\":\"ListItem\",\"position\":3,\"name\":\"Ref. Personenschutz\"}]},{\"@type\":\"WebSite\",\"@id\":\"https:\\\/\\\/systronemv.com\\\/de\\\/#website\",\"url\":\"https:\\\/\\\/systronemv.com\\\/de\\\/\",\"name\":\"SYSTRON\",\"description\":\"Magnetfeld-Abschirmungen\",\"publisher\":{\"@id\":\"https:\\\/\\\/systronemv.com\\\/de\\\/#organization\"},\"potentialAction\":[{\"@type\":\"SearchAction\",\"target\":{\"@type\":\"EntryPoint\",\"urlTemplate\":\"https:\\\/\\\/systronemv.com\\\/de\\\/?s={search_term_string}\"},\"query-input\":{\"@type\":\"PropertyValueSpecification\",\"valueRequired\":true,\"valueName\":\"search_term_string\"}}],\"inLanguage\":\"de\"},{\"@type\":\"Organization\",\"@id\":\"https:\\\/\\\/systronemv.com\\\/de\\\/#organization\",\"name\":\"Systron emv GmbH\",\"url\":\"https:\\\/\\\/systronemv.com\\\/de\\\/\",\"logo\":{\"@type\":\"ImageObject\",\"inLanguage\":\"de\",\"@id\":\"https:\\\/\\\/systronemv.com\\\/de\\\/#\\\/schema\\\/logo\\\/image\\\/\",\"url\":\"https:\\\/\\\/systronemv.com\\\/wp-content\\\/uploads\\\/2024\\\/02\\\/Systron_Logo_positiv_Rahmen-scaled.jpg\",\"contentUrl\":\"https:\\\/\\\/systronemv.com\\\/wp-content\\\/uploads\\\/2024\\\/02\\\/Systron_Logo_positiv_Rahmen-scaled.jpg\",\"width\":2560,\"height\":738,\"caption\":\"Systron emv GmbH\"},\"image\":{\"@id\":\"https:\\\/\\\/systronemv.com\\\/de\\\/#\\\/schema\\\/logo\\\/image\\\/\"}}]}<\/script>\n<!-- \/ Yoast SEO Premium plugin. -->","yoast_head_json":{"title":"Referenz Personenschutz - Abschirmungen","description":"Referenz Personenschutz - Abschirmungen: Personen an Ihrem Arbeitsplatz vor niederfrequenten Magnetfeldern sch\u00fctzen (NISV)","robots":{"index":"index","follow":"follow","max-snippet":"max-snippet:-1","max-image-preview":"max-image-preview:large","max-video-preview":"max-video-preview:-1"},"canonical":"https:\/\/systronemv.com\/de\/referenzen\/referenz-personenschutz\/","og_locale":"de_DE","og_type":"article","og_title":"Ref. Personenschutz","og_description":"Referenz Personenschutz - Abschirmungen: Personen an Ihrem Arbeitsplatz vor niederfrequenten Magnetfeldern sch\u00fctzen (NISV)","og_url":"https:\/\/systronemv.com\/de\/referenzen\/referenz-personenschutz\/","og_site_name":"Systron EMV","article_modified_time":"2024-03-14T10:42:32+00:00","og_image":[{"url":"https:\/\/systronemv.com\/wp-content\/uploads\/2022\/04\/Geb\u201eude_Ausgangslage-800.jpg","type":"","width":"","height":""}],"twitter_card":"summary_large_image","twitter_misc":{"Gesch\u00e4tzte Lesezeit":"2\u00a0Minuten"},"schema":{"@context":"https:\/\/schema.org","@graph":[{"@type":"WebPage","@id":"https:\/\/systronemv.com\/de\/referenzen\/referenz-personenschutz\/","url":"https:\/\/systronemv.com\/de\/referenzen\/referenz-personenschutz\/","name":"Referenz Personenschutz - Abschirmungen","isPartOf":{"@id":"https:\/\/systronemv.com\/de\/#website"},"datePublished":"2022-04-14T08:42:37+00:00","dateModified":"2024-03-14T10:42:32+00:00","description":"Referenz Personenschutz - Abschirmungen: Personen an Ihrem Arbeitsplatz vor niederfrequenten Magnetfeldern sch\u00fctzen (NISV)","breadcrumb":{"@id":"https:\/\/systronemv.com\/de\/referenzen\/referenz-personenschutz\/#breadcrumb"},"inLanguage":"de","potentialAction":[{"@type":"ReadAction","target":["https:\/\/systronemv.com\/de\/referenzen\/referenz-personenschutz\/"]}]},{"@type":"BreadcrumbList","@id":"https:\/\/systronemv.com\/de\/referenzen\/referenz-personenschutz\/#breadcrumb","itemListElement":[{"@type":"ListItem","position":1,"name":"Home","item":"https:\/\/systronemv.com\/de\/"},{"@type":"ListItem","position":2,"name":"Referenzen","item":"https:\/\/systronemv.com\/de\/referenzen\/"},{"@type":"ListItem","position":3,"name":"Ref. Personenschutz"}]},{"@type":"WebSite","@id":"https:\/\/systronemv.com\/de\/#website","url":"https:\/\/systronemv.com\/de\/","name":"SYSTRON","description":"Magnetfeld-Abschirmungen","publisher":{"@id":"https:\/\/systronemv.com\/de\/#organization"},"potentialAction":[{"@type":"SearchAction","target":{"@type":"EntryPoint","urlTemplate":"https:\/\/systronemv.com\/de\/?s={search_term_string}"},"query-input":{"@type":"PropertyValueSpecification","valueRequired":true,"valueName":"search_term_string"}}],"inLanguage":"de"},{"@type":"Organization","@id":"https:\/\/systronemv.com\/de\/#organization","name":"Systron emv GmbH","url":"https:\/\/systronemv.com\/de\/","logo":{"@type":"ImageObject","inLanguage":"de","@id":"https:\/\/systronemv.com\/de\/#\/schema\/logo\/image\/","url":"https:\/\/systronemv.com\/wp-content\/uploads\/2024\/02\/Systron_Logo_positiv_Rahmen-scaled.jpg","contentUrl":"https:\/\/systronemv.com\/wp-content\/uploads\/2024\/02\/Systron_Logo_positiv_Rahmen-scaled.jpg","width":2560,"height":738,"caption":"Systron emv GmbH"},"image":{"@id":"https:\/\/systronemv.com\/de\/#\/schema\/logo\/image\/"}}]}},"_links":{"self":[{"href":"https:\/\/systronemv.com\/de\/wp-json\/wp\/v2\/pages\/749","targetHints":{"allow":["GET"]}}],"collection":[{"href":"https:\/\/systronemv.com\/de\/wp-json\/wp\/v2\/pages"}],"about":[{"href":"https:\/\/systronemv.com\/de\/wp-json\/wp\/v2\/types\/page"}],"author":[{"embeddable":true,"href":"https:\/\/systronemv.com\/de\/wp-json\/wp\/v2\/users\/3"}],"replies":[{"embeddable":true,"href":"https:\/\/systronemv.com\/de\/wp-json\/wp\/v2\/comments?post=749"}],"version-history":[{"count":0,"href":"https:\/\/systronemv.com\/de\/wp-json\/wp\/v2\/pages\/749\/revisions"}],"up":[{"embeddable":true,"href":"https:\/\/systronemv.com\/de\/wp-json\/wp\/v2\/pages\/196"}],"wp:attachment":[{"href":"https:\/\/systronemv.com\/de\/wp-json\/wp\/v2\/media?parent=749"}],"curies":[{"name":"wp","href":"https:\/\/api.w.org\/{rel}","templated":true}]}}