{"id":645,"date":"2022-04-13T15:24:37","date_gmt":"2022-04-13T15:24:37","guid":{"rendered":"https:\/\/systronemv.com\/syst\/?page_id=645"},"modified":"2025-02-27T14:12:23","modified_gmt":"2025-02-27T14:12:23","slug":"magnetfeld-messungen","status":"publish","type":"page","link":"https:\/\/systronemv.com\/de\/magnetfeldanalyse\/magnetfeld-messungen\/","title":{"rendered":"Magnetfeld-Messungen"},"content":{"rendered":"<div class=\"wpb-content-wrapper\"><p>[vc_row][vc_column][systron_generalboxes left_general=&#8220;Title&#8220; box_left_title=&#8220;<\/p>\n<h1>Magnetfeld-Messungen<\/h1>\n<p>&#8222;]Magnetische Gleichfelder und niederfrequente Wechselfelder werden mit kalibrierten Ger\u00e4ten gemessen. Typischer Einsatz ist das \u00dcberpr\u00fcfen von Magnetfeldst\u00e4rken wie sie beispielsweise an Arbeitspl\u00e4tzen, in Forschungsr\u00e4umen, an Bahnanlagen und Hochspannungsleitungen auftreten. Mit den Magnetfeld-Messungen kann das Einhalten von Grenzwerten \u00fcberpr\u00fcft werden, respektive aufgezeigt werden, welche Quellen vorhanden sind und wie starke St\u00f6rfelder diese erzeugen.<\/p>\n<p>Alle eingesetzten Messger\u00e4te sind tragbar und in der Lage auch Werte \u00fcber l\u00e4ngere Zeit hinweg aufzuzeichnen. Die Messger\u00e4te dienen zur gleichzeitigen, dreidimensionalen Erfassung von Magnetfeldern. Abh\u00e4ngig von den Ger\u00e4ten liegt die Empfindlichkeit im Nanotesla bis hin zum Picotesla-Bereich.<\/p>\n<p>Mithilfe von Magnetfeldmessungen l\u00e4sst sich auch bereits in der Planung eine Bestandesaufnahme (Site-Survey) machen. Basierend auf den Messresultaten k\u00f6nnen dann Empfehlung f\u00fcr geeignete Abschirmmassnahmen getroffen werden.<\/p>\n<p>Beispielsweise f\u00fchren wir folgende Magnetfeldmessungen f\u00fcr unsere Kunden durch:<\/p>\n<ul>\n<li>Magnetfeldmessungen von einzelnen elektrischen Komponenten<\/li>\n<li>Langzeitmessungen von Magnetfeldern \u00fcber mehrere Tage oder gar Wochen<\/li>\n<li>Magnetfeldmessungen bei Trafostationen, Bahnleitungen, NS- Verteilungen, etc.<\/li>\n<li>Komplexe Site-Surveys f\u00fcr geplante oder bestehende Forschungsr\u00e4ume<\/li>\n<\/ul>\n<div id='gallery-1' class='gallery galleryid-645 gallery-columns-3 gallery-size-full'><figure class='gallery-item'>\n\t\t\t<div class='gallery-icon landscape'>\n\t\t\t\t<a href='https:\/\/systronemv.com\/wp-content\/uploads\/2022\/04\/Magnetfeld-messungen-reinraum-2-800-1.jpg'><img loading=\"lazy\" decoding=\"async\" width=\"800\" height=\"600\" src=\"https:\/\/systronemv.com\/wp-content\/uploads\/2022\/04\/Magnetfeld-messungen-reinraum-2-800-1.jpg\" class=\"attachment-full size-full landscape\" alt=\"Magnetfeldmessungen - Abschirmungen: Magnetfeldmessung im abgeschirmten Reinraum\" aria-describedby=\"gallery-1-649\" srcset=\"https:\/\/systronemv.com\/wp-content\/uploads\/2022\/04\/Magnetfeld-messungen-reinraum-2-800-1.jpg 800w, https:\/\/systronemv.com\/wp-content\/uploads\/2022\/04\/Magnetfeld-messungen-reinraum-2-800-1-300x225.jpg 300w, https:\/\/systronemv.com\/wp-content\/uploads\/2022\/04\/Magnetfeld-messungen-reinraum-2-800-1-768x576.jpg 768w\" sizes=\"auto, (max-width: 800px) 100vw, 800px\" \/><\/a>\n\t\t\t<\/div>\n\t\t\t\t<figcaption class='wp-caption-text gallery-caption' id='gallery-1-649'>\n\t\t\t\tMagnetfeldmessung im abgeschirmten Reinraum\n\t\t\t\t<\/figcaption><\/figure><figure class='gallery-item'>\n\t\t\t<div class='gallery-icon portrait'>\n\t\t\t\t<a href='https:\/\/systronemv.com\/wp-content\/uploads\/2022\/04\/Messung_oberhalb_Trafostation-Spital-600.jpg'><img loading=\"lazy\" decoding=\"async\" width=\"274\" height=\"601\" src=\"https:\/\/systronemv.com\/wp-content\/uploads\/2022\/04\/Messung_oberhalb_Trafostation-Spital-600.jpg\" class=\"attachment-full size-full landscape\" alt=\"Magnetfeldmessungen - Abschirmungen: Magnetfeldmessungen \u00fcber einer Trafostation in einem Spital\" aria-describedby=\"gallery-1-651\" srcset=\"https:\/\/systronemv.com\/wp-content\/uploads\/2022\/04\/Messung_oberhalb_Trafostation-Spital-600.jpg 274w, https:\/\/systronemv.com\/wp-content\/uploads\/2022\/04\/Messung_oberhalb_Trafostation-Spital-600-137x300.jpg 137w\" sizes=\"auto, (max-width: 274px) 100vw, 274px\" \/><\/a>\n\t\t\t<\/div>\n\t\t\t\t<figcaption class='wp-caption-text gallery-caption' id='gallery-1-651'>\n\t\t\t\tMagnetfeldmessungen \u00fcber einer Trafostation in einem Spital\n\t\t\t\t<\/figcaption><\/figure><figure class='gallery-item'>\n\t\t\t<div class='gallery-icon landscape'>\n\t\t\t\t<a href='https:\/\/systronemv.com\/wp-content\/uploads\/2022\/04\/Magnetfeldmessung_Bahn-800.jpg'><img loading=\"lazy\" decoding=\"async\" width=\"800\" height=\"600\" src=\"https:\/\/systronemv.com\/wp-content\/uploads\/2022\/04\/Magnetfeldmessung_Bahn-800.jpg\" class=\"attachment-full size-full landscape\" alt=\"Magnetfeldmessungen - Abschirmungen: Magnetfeldmessung von Bahnfelder\" aria-describedby=\"gallery-1-653\" srcset=\"https:\/\/systronemv.com\/wp-content\/uploads\/2022\/04\/Magnetfeldmessung_Bahn-800.jpg 800w, https:\/\/systronemv.com\/wp-content\/uploads\/2022\/04\/Magnetfeldmessung_Bahn-800-300x225.jpg 300w, https:\/\/systronemv.com\/wp-content\/uploads\/2022\/04\/Magnetfeldmessung_Bahn-800-768x576.jpg 768w\" sizes=\"auto, (max-width: 800px) 100vw, 800px\" \/><\/a>\n\t\t\t<\/div>\n\t\t\t\t<figcaption class='wp-caption-text gallery-caption' id='gallery-1-653'>\n\t\t\t\tMagnetfeldmessung von Bahnfelder\n\t\t\t\t<\/figcaption><\/figure><figure class='gallery-item'>\n\t\t\t<div class='gallery-icon landscape'>\n\t\t\t\t<a href='https:\/\/systronemv.com\/wp-content\/uploads\/2022\/04\/Messung-Pumpe-800.jpg'><img loading=\"lazy\" decoding=\"async\" width=\"800\" height=\"599\" src=\"https:\/\/systronemv.com\/wp-content\/uploads\/2022\/04\/Messung-Pumpe-800.jpg\" class=\"attachment-full size-full landscape\" alt=\"Magnetfeldmessungen - Abschirmungen: Magnetfeldmessung von Wechselfelder (AC)\" aria-describedby=\"gallery-1-656\" srcset=\"https:\/\/systronemv.com\/wp-content\/uploads\/2022\/04\/Messung-Pumpe-800.jpg 800w, https:\/\/systronemv.com\/wp-content\/uploads\/2022\/04\/Messung-Pumpe-800-300x225.jpg 300w, https:\/\/systronemv.com\/wp-content\/uploads\/2022\/04\/Messung-Pumpe-800-768x575.jpg 768w\" sizes=\"auto, (max-width: 800px) 100vw, 800px\" \/><\/a>\n\t\t\t<\/div>\n\t\t\t\t<figcaption class='wp-caption-text gallery-caption' id='gallery-1-656'>\n\t\t\t\tMagnetfeldmessung von Wechselfelder (AC)\n\t\t\t\t<\/figcaption><\/figure><figure class='gallery-item'>\n\t\t\t<div class='gallery-icon landscape'>\n\t\t\t\t<a href='https:\/\/systronemv.com\/wp-content\/uploads\/2022\/04\/Site_survey_el_microscope-800.jpg'><img loading=\"lazy\" decoding=\"async\" width=\"800\" height=\"600\" src=\"https:\/\/systronemv.com\/wp-content\/uploads\/2022\/04\/Site_survey_el_microscope-800.jpg\" class=\"attachment-full size-full landscape\" alt=\"Magnetfeldmessungen - Abschirmungen: Site-Survey bei Elektronenstrahlmikroskop\" aria-describedby=\"gallery-1-658\" srcset=\"https:\/\/systronemv.com\/wp-content\/uploads\/2022\/04\/Site_survey_el_microscope-800.jpg 800w, https:\/\/systronemv.com\/wp-content\/uploads\/2022\/04\/Site_survey_el_microscope-800-300x225.jpg 300w, https:\/\/systronemv.com\/wp-content\/uploads\/2022\/04\/Site_survey_el_microscope-800-768x576.jpg 768w\" sizes=\"auto, (max-width: 800px) 100vw, 800px\" \/><\/a>\n\t\t\t<\/div>\n\t\t\t\t<figcaption class='wp-caption-text gallery-caption' id='gallery-1-658'>\n\t\t\t\tSite-Survey bei Elektronenstrahlmikroskop\n\t\t\t\t<\/figcaption><\/figure>\n\t\t<\/div>\n\n<p>[\/systron_generalboxes][\/vc_column][\/vc_row]<\/p>\n<\/div>","protected":false},"excerpt":{"rendered":"<p>[vc_row][vc_column][systron_generalboxes left_general=&#8220;Title&#8220; box_left_title=&#8220; Magnetfeld-Messungen &#8222;]Magnetische Gleichfelder und niederfrequente Wechselfelder werden mit kalibrierten Ger\u00e4ten gemessen. Typischer Einsatz ist das \u00dcberpr\u00fcfen von Magnetfeldst\u00e4rken wie sie beispielsweise an Arbeitspl\u00e4tzen, in Forschungsr\u00e4umen, an Bahnanlagen und Hochspannungsleitungen auftreten. Mit den Magnetfeld-Messungen kann das Einhalten von Grenzwerten \u00fcberpr\u00fcft werden, respektive aufgezeigt werden, welche Quellen vorhanden sind und wie starke St\u00f6rfelder diese [&hellip;]<\/p>\n","protected":false},"author":3,"featured_media":0,"parent":201,"menu_order":0,"comment_status":"closed","ping_status":"closed","template":"","meta":{"_acf_changed":false,"inline_featured_image":false,"footnotes":""},"class_list":["post-645","page","type-page","status-publish","hentry"],"acf":[],"yoast_head":"<!-- This site is optimized with the Yoast SEO Premium plugin v26.2 (Yoast SEO v27.2) - https:\/\/yoast.com\/product\/yoast-seo-premium-wordpress\/ -->\n<title>Magnetfeldmessungen - Abschirmungen<\/title>\n<meta name=\"description\" content=\"Magnetfeldmessungen - Abschirmungen: Durch das \u00dcberpr\u00fcfen von Magnetfeldst\u00e4rken kann das Einhalten von Grenzwerten \u00fcberpr\u00fcft werden.\" \/>\n<meta name=\"robots\" content=\"index, follow, max-snippet:-1, max-image-preview:large, max-video-preview:-1\" \/>\n<link rel=\"canonical\" href=\"https:\/\/systronemv.com\/de\/magnetfeldanalyse\/magnetfeld-messungen\/\" \/>\n<meta property=\"og:locale\" content=\"de_DE\" \/>\n<meta property=\"og:type\" content=\"article\" \/>\n<meta property=\"og:title\" content=\"Magnetfeld-Messungen\" \/>\n<meta property=\"og:description\" content=\"Magnetfeldmessungen - Abschirmungen: Durch das \u00dcberpr\u00fcfen von Magnetfeldst\u00e4rken kann das Einhalten von Grenzwerten \u00fcberpr\u00fcft werden.\" \/>\n<meta property=\"og:url\" content=\"https:\/\/systronemv.com\/de\/magnetfeldanalyse\/magnetfeld-messungen\/\" \/>\n<meta property=\"og:site_name\" content=\"Systron EMV\" \/>\n<meta property=\"article:modified_time\" content=\"2025-02-27T14:12:23+00:00\" \/>\n<meta name=\"twitter:card\" content=\"summary_large_image\" \/>\n<meta name=\"twitter:label1\" content=\"Gesch\u00e4tzte Lesezeit\" \/>\n\t<meta name=\"twitter:data1\" content=\"1\u00a0Minute\" \/>\n<script type=\"application\/ld+json\" class=\"yoast-schema-graph\">{\"@context\":\"https:\/\/schema.org\",\"@graph\":[{\"@type\":\"WebPage\",\"@id\":\"https:\/\/systronemv.com\/de\/magnetfeldanalyse\/magnetfeld-messungen\/\",\"url\":\"https:\/\/systronemv.com\/de\/magnetfeldanalyse\/magnetfeld-messungen\/\",\"name\":\"Magnetfeldmessungen - Abschirmungen\",\"isPartOf\":{\"@id\":\"https:\/\/systronemv.com\/de\/#website\"},\"datePublished\":\"2022-04-13T15:24:37+00:00\",\"dateModified\":\"2025-02-27T14:12:23+00:00\",\"description\":\"Magnetfeldmessungen - Abschirmungen: Durch das \u00dcberpr\u00fcfen von Magnetfeldst\u00e4rken kann das Einhalten von Grenzwerten \u00fcberpr\u00fcft werden.\",\"breadcrumb\":{\"@id\":\"https:\/\/systronemv.com\/de\/magnetfeldanalyse\/magnetfeld-messungen\/#breadcrumb\"},\"inLanguage\":\"de\",\"potentialAction\":[{\"@type\":\"ReadAction\",\"target\":[\"https:\/\/systronemv.com\/de\/magnetfeldanalyse\/magnetfeld-messungen\/\"]}]},{\"@type\":\"BreadcrumbList\",\"@id\":\"https:\/\/systronemv.com\/de\/magnetfeldanalyse\/magnetfeld-messungen\/#breadcrumb\",\"itemListElement\":[{\"@type\":\"ListItem\",\"position\":1,\"name\":\"Home\",\"item\":\"https:\/\/systronemv.com\/de\/\"},{\"@type\":\"ListItem\",\"position\":2,\"name\":\"Magnetfeldanalyse\",\"item\":\"https:\/\/systronemv.com\/de\/magnetfeldanalyse\/\"},{\"@type\":\"ListItem\",\"position\":3,\"name\":\"Magnetfeld-Messungen\"}]},{\"@type\":\"WebSite\",\"@id\":\"https:\/\/systronemv.com\/de\/#website\",\"url\":\"https:\/\/systronemv.com\/de\/\",\"name\":\"SYSTRON\",\"description\":\"Magnetfeld-Abschirmungen\",\"publisher\":{\"@id\":\"https:\/\/systronemv.com\/de\/#organization\"},\"potentialAction\":[{\"@type\":\"SearchAction\",\"target\":{\"@type\":\"EntryPoint\",\"urlTemplate\":\"https:\/\/systronemv.com\/de\/?s={search_term_string}\"},\"query-input\":{\"@type\":\"PropertyValueSpecification\",\"valueRequired\":true,\"valueName\":\"search_term_string\"}}],\"inLanguage\":\"de\"},{\"@type\":\"Organization\",\"@id\":\"https:\/\/systronemv.com\/de\/#organization\",\"name\":\"Systron emv GmbH\",\"url\":\"https:\/\/systronemv.com\/de\/\",\"logo\":{\"@type\":\"ImageObject\",\"inLanguage\":\"de\",\"@id\":\"https:\/\/systronemv.com\/de\/#\/schema\/logo\/image\/\",\"url\":\"https:\/\/systronemv.com\/wp-content\/uploads\/2024\/02\/Systron_Logo_positiv_Rahmen-scaled.jpg\",\"contentUrl\":\"https:\/\/systronemv.com\/wp-content\/uploads\/2024\/02\/Systron_Logo_positiv_Rahmen-scaled.jpg\",\"width\":2560,\"height\":738,\"caption\":\"Systron emv GmbH\"},\"image\":{\"@id\":\"https:\/\/systronemv.com\/de\/#\/schema\/logo\/image\/\"}}]}<\/script>\n<!-- \/ Yoast SEO Premium plugin. -->","yoast_head_json":{"title":"Magnetfeldmessungen - Abschirmungen","description":"Magnetfeldmessungen - Abschirmungen: Durch das \u00dcberpr\u00fcfen von Magnetfeldst\u00e4rken kann das Einhalten von Grenzwerten \u00fcberpr\u00fcft werden.","robots":{"index":"index","follow":"follow","max-snippet":"max-snippet:-1","max-image-preview":"max-image-preview:large","max-video-preview":"max-video-preview:-1"},"canonical":"https:\/\/systronemv.com\/de\/magnetfeldanalyse\/magnetfeld-messungen\/","og_locale":"de_DE","og_type":"article","og_title":"Magnetfeld-Messungen","og_description":"Magnetfeldmessungen - Abschirmungen: Durch das \u00dcberpr\u00fcfen von Magnetfeldst\u00e4rken kann das Einhalten von Grenzwerten \u00fcberpr\u00fcft werden.","og_url":"https:\/\/systronemv.com\/de\/magnetfeldanalyse\/magnetfeld-messungen\/","og_site_name":"Systron EMV","article_modified_time":"2025-02-27T14:12:23+00:00","twitter_card":"summary_large_image","twitter_misc":{"Gesch\u00e4tzte Lesezeit":"1\u00a0Minute"},"schema":{"@context":"https:\/\/schema.org","@graph":[{"@type":"WebPage","@id":"https:\/\/systronemv.com\/de\/magnetfeldanalyse\/magnetfeld-messungen\/","url":"https:\/\/systronemv.com\/de\/magnetfeldanalyse\/magnetfeld-messungen\/","name":"Magnetfeldmessungen - Abschirmungen","isPartOf":{"@id":"https:\/\/systronemv.com\/de\/#website"},"datePublished":"2022-04-13T15:24:37+00:00","dateModified":"2025-02-27T14:12:23+00:00","description":"Magnetfeldmessungen - Abschirmungen: Durch das \u00dcberpr\u00fcfen von Magnetfeldst\u00e4rken kann das Einhalten von Grenzwerten \u00fcberpr\u00fcft werden.","breadcrumb":{"@id":"https:\/\/systronemv.com\/de\/magnetfeldanalyse\/magnetfeld-messungen\/#breadcrumb"},"inLanguage":"de","potentialAction":[{"@type":"ReadAction","target":["https:\/\/systronemv.com\/de\/magnetfeldanalyse\/magnetfeld-messungen\/"]}]},{"@type":"BreadcrumbList","@id":"https:\/\/systronemv.com\/de\/magnetfeldanalyse\/magnetfeld-messungen\/#breadcrumb","itemListElement":[{"@type":"ListItem","position":1,"name":"Home","item":"https:\/\/systronemv.com\/de\/"},{"@type":"ListItem","position":2,"name":"Magnetfeldanalyse","item":"https:\/\/systronemv.com\/de\/magnetfeldanalyse\/"},{"@type":"ListItem","position":3,"name":"Magnetfeld-Messungen"}]},{"@type":"WebSite","@id":"https:\/\/systronemv.com\/de\/#website","url":"https:\/\/systronemv.com\/de\/","name":"SYSTRON","description":"Magnetfeld-Abschirmungen","publisher":{"@id":"https:\/\/systronemv.com\/de\/#organization"},"potentialAction":[{"@type":"SearchAction","target":{"@type":"EntryPoint","urlTemplate":"https:\/\/systronemv.com\/de\/?s={search_term_string}"},"query-input":{"@type":"PropertyValueSpecification","valueRequired":true,"valueName":"search_term_string"}}],"inLanguage":"de"},{"@type":"Organization","@id":"https:\/\/systronemv.com\/de\/#organization","name":"Systron emv GmbH","url":"https:\/\/systronemv.com\/de\/","logo":{"@type":"ImageObject","inLanguage":"de","@id":"https:\/\/systronemv.com\/de\/#\/schema\/logo\/image\/","url":"https:\/\/systronemv.com\/wp-content\/uploads\/2024\/02\/Systron_Logo_positiv_Rahmen-scaled.jpg","contentUrl":"https:\/\/systronemv.com\/wp-content\/uploads\/2024\/02\/Systron_Logo_positiv_Rahmen-scaled.jpg","width":2560,"height":738,"caption":"Systron emv GmbH"},"image":{"@id":"https:\/\/systronemv.com\/de\/#\/schema\/logo\/image\/"}}]}},"_links":{"self":[{"href":"https:\/\/systronemv.com\/de\/wp-json\/wp\/v2\/pages\/645","targetHints":{"allow":["GET"]}}],"collection":[{"href":"https:\/\/systronemv.com\/de\/wp-json\/wp\/v2\/pages"}],"about":[{"href":"https:\/\/systronemv.com\/de\/wp-json\/wp\/v2\/types\/page"}],"author":[{"embeddable":true,"href":"https:\/\/systronemv.com\/de\/wp-json\/wp\/v2\/users\/3"}],"replies":[{"embeddable":true,"href":"https:\/\/systronemv.com\/de\/wp-json\/wp\/v2\/comments?post=645"}],"version-history":[{"count":0,"href":"https:\/\/systronemv.com\/de\/wp-json\/wp\/v2\/pages\/645\/revisions"}],"up":[{"embeddable":true,"href":"https:\/\/systronemv.com\/de\/wp-json\/wp\/v2\/pages\/201"}],"wp:attachment":[{"href":"https:\/\/systronemv.com\/de\/wp-json\/wp\/v2\/media?parent=645"}],"curies":[{"name":"wp","href":"https:\/\/api.w.org\/{rel}","templated":true}]}}