{"id":604,"date":"2022-04-13T14:52:07","date_gmt":"2022-04-13T14:52:07","guid":{"rendered":"https:\/\/systronemv.com\/syst\/?page_id=604"},"modified":"2024-03-14T10:18:48","modified_gmt":"2024-03-14T10:18:48","slug":"streufeldabschirmung","status":"publish","type":"page","link":"https:\/\/systronemv.com\/de\/abschirmsysteme\/streufeldabschirmung\/","title":{"rendered":"Streufeldabschirmung"},"content":{"rendered":"<div class=\"wpb-content-wrapper\"><p>[vc_row][vc_column][systron_generalboxes left_general=&#8220;Image&#8220;]Um die hohen Magnetfelder von starken Magneten (z.B. NMR&#8217;s) zu reduzieren, werden Streufeldabschirmungen mit hoher S\u00e4ttigungsflussdichte eingesetzt. Dazu werden Reineisen- oder Silizium-Eisen- Legierungen verwendet.<\/p>\n<p>Dies meistens, um den zug\u00e4nglichen Bereich rund um den Magneten auf weniger als 5 Gauss (500\u00b5T) zu reduzieren. Dies entspricht dem empfohlenen Grenzwert f\u00fcr Personen mit Implantaten, wie beispielsweise Herzschrittmachern.<\/p>\n<p>Die Anwendung ist jedoch nicht nur auf das Einhalten der 5 Gauss Linie begrenzt, sondern richtet sich auch nach den Vorgaben des Kunden. So werden im biologischen Forschungsbereich\u00a0 oftmals Werte in der Gr\u00f6ssenordnung des Erdmagnetfeldes, also ca. 50\u00b5T gefordert, um biologische Experimente in \u201cneutraler\u201d Umgebung durchzuf\u00fchren. Oder es m\u00fcssen Komponenten gesch\u00fctzt werden, die sich in einem sehr starken statischen Magnetfeld befinden.<\/p>\n<div id='gallery-1' class='gallery galleryid-604 gallery-columns-3 gallery-size-full'><figure class='gallery-item'>\n\t\t\t<div class='gallery-icon landscape'>\n\t\t\t\t<a href='https:\/\/systronemv.com\/wp-content\/uploads\/2022\/04\/Streufeldabschirmung_um_NMR_800.jpg'><img loading=\"lazy\" decoding=\"async\" width=\"800\" height=\"450\" src=\"https:\/\/systronemv.com\/wp-content\/uploads\/2022\/04\/Streufeldabschirmung_um_NMR_800.jpg\" class=\"attachment-full size-full landscape\" alt=\"Streufeldabschirmung - Abschirmungen: Streufeldabschirmung gegen Magnetfelder bei NMR\" aria-describedby=\"gallery-1-607\" srcset=\"https:\/\/systronemv.com\/wp-content\/uploads\/2022\/04\/Streufeldabschirmung_um_NMR_800.jpg 800w, https:\/\/systronemv.com\/wp-content\/uploads\/2022\/04\/Streufeldabschirmung_um_NMR_800-300x169.jpg 300w, https:\/\/systronemv.com\/wp-content\/uploads\/2022\/04\/Streufeldabschirmung_um_NMR_800-768x432.jpg 768w\" sizes=\"auto, (max-width: 800px) 100vw, 800px\" \/><\/a>\n\t\t\t<\/div>\n\t\t\t\t<figcaption class='wp-caption-text gallery-caption' id='gallery-1-607'>\n\t\t\t\tStreufeldabschirmung um NMR\n\t\t\t\t<\/figcaption><\/figure>\n\t\t<\/div>\n\n<p>Mit dem Streufeld-Abschirmsystem k\u00f6nnen die Felder von Magneten wirkungsvoll reduziert werden. Die notwendige Dicke, Gr\u00f6sse und Materialisierung der Abschirmfl\u00e4che wird mittels <strong>3D Finite Elemente Methode<\/strong> Simulationen ermittelt.[\/systron_generalboxes][\/vc_column][\/vc_row][vc_row][vc_column][systron_generalboxes box_color=&#8220;general-color&#8220; left_general=&#8220;Title&#8220; technische=&#8220;yes&#8220; box_left_title=&#8220;Technische Spezifikationen&#8220;]<\/p>\n<table style=\"height: 59px; width: 99.999%; border-collapse: collapse;\" cellspacing=\"6\">\n<tbody>\n<tr style=\"height: 30px;\">\n<td style=\"width: 20.7904%; height: 10px;\"><strong>Frequenz:<br \/>\n<\/strong><\/td>\n<td style=\"width: 79.2096%; height: 10px;\">DC (0Hz)<\/td>\n<\/tr>\n<tr style=\"height: 24px;\">\n<td style=\"width: 20.7904%; height: 25px;\"><strong>Typischer Schirmfaktor:<\/strong><\/td>\n<td style=\"width: 79.2096%; height: 25px;\">50 @ 0 Hz<\/td>\n<\/tr>\n<tr style=\"height: 24px;\">\n<td style=\"width: 20.7904%; height: 24px;\"><strong>Anwendungen:<\/strong><\/td>\n<td style=\"width: 79.2096%; height: 24px;\">NMR \/ MRI \/ Magnete<\/td>\n<\/tr>\n<\/tbody>\n<\/table>\n<p>[\/systron_generalboxes][\/vc_column][\/vc_row]<\/p>\n<\/div>","protected":false},"excerpt":{"rendered":"<p>[vc_row][vc_column][systron_generalboxes left_general=&#8220;Image&#8220;]Um die hohen Magnetfelder von starken Magneten (z.B. NMR&#8217;s) zu reduzieren, werden Streufeldabschirmungen mit hoher S\u00e4ttigungsflussdichte eingesetzt. Dazu werden Reineisen- oder Silizium-Eisen- Legierungen verwendet. Dies meistens, um den zug\u00e4nglichen Bereich rund um den Magneten auf weniger als 5 Gauss (500\u00b5T) zu reduzieren. Dies entspricht dem empfohlenen Grenzwert f\u00fcr Personen mit Implantaten, wie beispielsweise Herzschrittmachern. [&hellip;]<\/p>\n","protected":false},"author":3,"featured_media":0,"parent":172,"menu_order":0,"comment_status":"closed","ping_status":"closed","template":"","meta":{"_acf_changed":false,"inline_featured_image":false,"footnotes":""},"class_list":["post-604","page","type-page","status-publish","hentry"],"acf":[],"yoast_head":"<!-- This site is optimized with the Yoast SEO Premium plugin v26.2 (Yoast SEO v27.3) - https:\/\/yoast.com\/product\/yoast-seo-premium-wordpress\/ -->\n<title>Streufeldabschirmung - Abschirmungen<\/title>\n<meta name=\"description\" content=\"Streufeldabschirmung - Abschirmungen: die Streufeld-Abschirmung wird bei starken Magnetfeldern wie bei NMR oder MRI eingesetzt\" \/>\n<meta name=\"robots\" content=\"index, follow, max-snippet:-1, max-image-preview:large, max-video-preview:-1\" \/>\n<link rel=\"canonical\" href=\"https:\/\/systronemv.com\/de\/abschirmsysteme\/streufeldabschirmung\/\" \/>\n<meta property=\"og:locale\" content=\"de_DE\" \/>\n<meta property=\"og:type\" content=\"article\" \/>\n<meta property=\"og:title\" content=\"Streufeldabschirmung\" \/>\n<meta property=\"og:description\" content=\"Streufeldabschirmung - Abschirmungen: die Streufeld-Abschirmung wird bei starken Magnetfeldern wie bei NMR oder MRI eingesetzt\" \/>\n<meta property=\"og:url\" content=\"https:\/\/systronemv.com\/de\/abschirmsysteme\/streufeldabschirmung\/\" \/>\n<meta property=\"og:site_name\" content=\"Systron EMV\" \/>\n<meta property=\"article:modified_time\" content=\"2024-03-14T10:18:48+00:00\" \/>\n<meta property=\"og:image\" content=\"https:\/\/systronemv.com\/wp-content\/uploads\/2022\/04\/Streufeldabschirmung_um_NMR_800.jpg\" \/>\n<meta name=\"twitter:card\" content=\"summary_large_image\" \/>\n<meta name=\"twitter:label1\" content=\"Gesch\u00e4tzte Lesezeit\" \/>\n\t<meta name=\"twitter:data1\" content=\"1\u00a0Minute\" \/>\n<script type=\"application\/ld+json\" class=\"yoast-schema-graph\">{\"@context\":\"https:\\\/\\\/schema.org\",\"@graph\":[{\"@type\":\"WebPage\",\"@id\":\"https:\\\/\\\/systronemv.com\\\/de\\\/abschirmsysteme\\\/streufeldabschirmung\\\/\",\"url\":\"https:\\\/\\\/systronemv.com\\\/de\\\/abschirmsysteme\\\/streufeldabschirmung\\\/\",\"name\":\"Streufeldabschirmung - Abschirmungen\",\"isPartOf\":{\"@id\":\"https:\\\/\\\/systronemv.com\\\/de\\\/#website\"},\"datePublished\":\"2022-04-13T14:52:07+00:00\",\"dateModified\":\"2024-03-14T10:18:48+00:00\",\"description\":\"Streufeldabschirmung - Abschirmungen: die Streufeld-Abschirmung wird bei starken Magnetfeldern wie bei NMR oder MRI eingesetzt\",\"breadcrumb\":{\"@id\":\"https:\\\/\\\/systronemv.com\\\/de\\\/abschirmsysteme\\\/streufeldabschirmung\\\/#breadcrumb\"},\"inLanguage\":\"de\",\"potentialAction\":[{\"@type\":\"ReadAction\",\"target\":[\"https:\\\/\\\/systronemv.com\\\/de\\\/abschirmsysteme\\\/streufeldabschirmung\\\/\"]}]},{\"@type\":\"BreadcrumbList\",\"@id\":\"https:\\\/\\\/systronemv.com\\\/de\\\/abschirmsysteme\\\/streufeldabschirmung\\\/#breadcrumb\",\"itemListElement\":[{\"@type\":\"ListItem\",\"position\":1,\"name\":\"Home\",\"item\":\"https:\\\/\\\/systronemv.com\\\/de\\\/\"},{\"@type\":\"ListItem\",\"position\":2,\"name\":\"Abschirmsysteme\",\"item\":\"https:\\\/\\\/systronemv.com\\\/de\\\/abschirmsysteme\\\/\"},{\"@type\":\"ListItem\",\"position\":3,\"name\":\"Streufeldabschirmung\"}]},{\"@type\":\"WebSite\",\"@id\":\"https:\\\/\\\/systronemv.com\\\/de\\\/#website\",\"url\":\"https:\\\/\\\/systronemv.com\\\/de\\\/\",\"name\":\"SYSTRON\",\"description\":\"Magnetfeld-Abschirmungen\",\"publisher\":{\"@id\":\"https:\\\/\\\/systronemv.com\\\/de\\\/#organization\"},\"potentialAction\":[{\"@type\":\"SearchAction\",\"target\":{\"@type\":\"EntryPoint\",\"urlTemplate\":\"https:\\\/\\\/systronemv.com\\\/de\\\/?s={search_term_string}\"},\"query-input\":{\"@type\":\"PropertyValueSpecification\",\"valueRequired\":true,\"valueName\":\"search_term_string\"}}],\"inLanguage\":\"de\"},{\"@type\":\"Organization\",\"@id\":\"https:\\\/\\\/systronemv.com\\\/de\\\/#organization\",\"name\":\"Systron emv GmbH\",\"url\":\"https:\\\/\\\/systronemv.com\\\/de\\\/\",\"logo\":{\"@type\":\"ImageObject\",\"inLanguage\":\"de\",\"@id\":\"https:\\\/\\\/systronemv.com\\\/de\\\/#\\\/schema\\\/logo\\\/image\\\/\",\"url\":\"https:\\\/\\\/systronemv.com\\\/wp-content\\\/uploads\\\/2024\\\/02\\\/Systron_Logo_positiv_Rahmen-scaled.jpg\",\"contentUrl\":\"https:\\\/\\\/systronemv.com\\\/wp-content\\\/uploads\\\/2024\\\/02\\\/Systron_Logo_positiv_Rahmen-scaled.jpg\",\"width\":2560,\"height\":738,\"caption\":\"Systron emv GmbH\"},\"image\":{\"@id\":\"https:\\\/\\\/systronemv.com\\\/de\\\/#\\\/schema\\\/logo\\\/image\\\/\"}}]}<\/script>\n<!-- \/ Yoast SEO Premium plugin. -->","yoast_head_json":{"title":"Streufeldabschirmung - Abschirmungen","description":"Streufeldabschirmung - Abschirmungen: die Streufeld-Abschirmung wird bei starken Magnetfeldern wie bei NMR oder MRI eingesetzt","robots":{"index":"index","follow":"follow","max-snippet":"max-snippet:-1","max-image-preview":"max-image-preview:large","max-video-preview":"max-video-preview:-1"},"canonical":"https:\/\/systronemv.com\/de\/abschirmsysteme\/streufeldabschirmung\/","og_locale":"de_DE","og_type":"article","og_title":"Streufeldabschirmung","og_description":"Streufeldabschirmung - Abschirmungen: die Streufeld-Abschirmung wird bei starken Magnetfeldern wie bei NMR oder MRI eingesetzt","og_url":"https:\/\/systronemv.com\/de\/abschirmsysteme\/streufeldabschirmung\/","og_site_name":"Systron EMV","article_modified_time":"2024-03-14T10:18:48+00:00","og_image":[{"url":"https:\/\/systronemv.com\/wp-content\/uploads\/2022\/04\/Streufeldabschirmung_um_NMR_800.jpg","type":"","width":"","height":""}],"twitter_card":"summary_large_image","twitter_misc":{"Gesch\u00e4tzte Lesezeit":"1\u00a0Minute"},"schema":{"@context":"https:\/\/schema.org","@graph":[{"@type":"WebPage","@id":"https:\/\/systronemv.com\/de\/abschirmsysteme\/streufeldabschirmung\/","url":"https:\/\/systronemv.com\/de\/abschirmsysteme\/streufeldabschirmung\/","name":"Streufeldabschirmung - Abschirmungen","isPartOf":{"@id":"https:\/\/systronemv.com\/de\/#website"},"datePublished":"2022-04-13T14:52:07+00:00","dateModified":"2024-03-14T10:18:48+00:00","description":"Streufeldabschirmung - Abschirmungen: die Streufeld-Abschirmung wird bei starken Magnetfeldern wie bei NMR oder MRI eingesetzt","breadcrumb":{"@id":"https:\/\/systronemv.com\/de\/abschirmsysteme\/streufeldabschirmung\/#breadcrumb"},"inLanguage":"de","potentialAction":[{"@type":"ReadAction","target":["https:\/\/systronemv.com\/de\/abschirmsysteme\/streufeldabschirmung\/"]}]},{"@type":"BreadcrumbList","@id":"https:\/\/systronemv.com\/de\/abschirmsysteme\/streufeldabschirmung\/#breadcrumb","itemListElement":[{"@type":"ListItem","position":1,"name":"Home","item":"https:\/\/systronemv.com\/de\/"},{"@type":"ListItem","position":2,"name":"Abschirmsysteme","item":"https:\/\/systronemv.com\/de\/abschirmsysteme\/"},{"@type":"ListItem","position":3,"name":"Streufeldabschirmung"}]},{"@type":"WebSite","@id":"https:\/\/systronemv.com\/de\/#website","url":"https:\/\/systronemv.com\/de\/","name":"SYSTRON","description":"Magnetfeld-Abschirmungen","publisher":{"@id":"https:\/\/systronemv.com\/de\/#organization"},"potentialAction":[{"@type":"SearchAction","target":{"@type":"EntryPoint","urlTemplate":"https:\/\/systronemv.com\/de\/?s={search_term_string}"},"query-input":{"@type":"PropertyValueSpecification","valueRequired":true,"valueName":"search_term_string"}}],"inLanguage":"de"},{"@type":"Organization","@id":"https:\/\/systronemv.com\/de\/#organization","name":"Systron emv GmbH","url":"https:\/\/systronemv.com\/de\/","logo":{"@type":"ImageObject","inLanguage":"de","@id":"https:\/\/systronemv.com\/de\/#\/schema\/logo\/image\/","url":"https:\/\/systronemv.com\/wp-content\/uploads\/2024\/02\/Systron_Logo_positiv_Rahmen-scaled.jpg","contentUrl":"https:\/\/systronemv.com\/wp-content\/uploads\/2024\/02\/Systron_Logo_positiv_Rahmen-scaled.jpg","width":2560,"height":738,"caption":"Systron emv GmbH"},"image":{"@id":"https:\/\/systronemv.com\/de\/#\/schema\/logo\/image\/"}}]}},"_links":{"self":[{"href":"https:\/\/systronemv.com\/de\/wp-json\/wp\/v2\/pages\/604","targetHints":{"allow":["GET"]}}],"collection":[{"href":"https:\/\/systronemv.com\/de\/wp-json\/wp\/v2\/pages"}],"about":[{"href":"https:\/\/systronemv.com\/de\/wp-json\/wp\/v2\/types\/page"}],"author":[{"embeddable":true,"href":"https:\/\/systronemv.com\/de\/wp-json\/wp\/v2\/users\/3"}],"replies":[{"embeddable":true,"href":"https:\/\/systronemv.com\/de\/wp-json\/wp\/v2\/comments?post=604"}],"version-history":[{"count":0,"href":"https:\/\/systronemv.com\/de\/wp-json\/wp\/v2\/pages\/604\/revisions"}],"up":[{"embeddable":true,"href":"https:\/\/systronemv.com\/de\/wp-json\/wp\/v2\/pages\/172"}],"wp:attachment":[{"href":"https:\/\/systronemv.com\/de\/wp-json\/wp\/v2\/media?parent=604"}],"curies":[{"name":"wp","href":"https:\/\/api.w.org\/{rel}","templated":true}]}}