{"id":596,"date":"2022-04-13T14:45:05","date_gmt":"2022-04-13T14:45:05","guid":{"rendered":"https:\/\/systronemv.com\/syst\/?page_id=596"},"modified":"2024-03-14T10:18:17","modified_gmt":"2024-03-14T10:18:17","slug":"aktive-magnetfeldkompensation","status":"publish","type":"page","link":"https:\/\/systronemv.com\/de\/abschirmsysteme\/aktive-magnetfeldkompensation\/","title":{"rendered":"Aktive Magnetfeldkompensation"},"content":{"rendered":"<div class=\"wpb-content-wrapper\"><p>[vc_row][vc_column][systron_generalboxes left_general=&#8220;Image&#8220;]Aktive Magnetfeldkompensationssysteme reduzieren niederfrequente Magnetfelder die durch Fahrzeuge, Aufz\u00fcge, Bahn, Elektroanlagen oder andere St\u00f6rquellen verursacht werden in Echtzeit. Mittels eines empfindlichen Sensors werden die St\u00f6rfelder gemessen und durch Gegenfelder aktiv kompensiert.<\/p>\n<p>Voraussetzung f\u00fcr eine wirkungsvolle Kompensation ist, dass das St\u00f6rfeld homogen ist und einen niedrigen Gradienten aufweist. Dies trifft in der Regel f\u00fcr entfernte Feldquellen wie Hochspannungsleitungen, Strassenbahn \/ Tram und Bahnanlagen zu. Befinden sich die Quellen in der N\u00e4he, wie zum Beispiel Stromschienen oder Elektrokabel, reduziert sich die Kompensationswirkung.<\/p>\n<div id='gallery-1' class='gallery galleryid-596 gallery-columns-3 gallery-size-full'><figure class='gallery-item'>\n\t\t\t<div class='gallery-icon landscape'>\n\t\t\t\t<a href='https:\/\/systronemv.com\/wp-content\/uploads\/2022\/04\/Kompresor.jpg'><img loading=\"lazy\" decoding=\"async\" width=\"800\" height=\"618\" src=\"https:\/\/systronemv.com\/wp-content\/uploads\/2022\/04\/Kompresor.jpg\" class=\"attachment-full size-full landscape\" alt=\"Aktive Magnetfeldkompensation - Abschirmungen: Magnetfeldkompensationssysteme reduzieren Magnetfelder in Echtzeit\" aria-describedby=\"gallery-1-599\" srcset=\"https:\/\/systronemv.com\/wp-content\/uploads\/2022\/04\/Kompresor.jpg 800w, https:\/\/systronemv.com\/wp-content\/uploads\/2022\/04\/Kompresor-300x232.jpg 300w, https:\/\/systronemv.com\/wp-content\/uploads\/2022\/04\/Kompresor-768x593.jpg 768w, https:\/\/systronemv.com\/wp-content\/uploads\/2022\/04\/Kompresor-620x480.jpg 620w\" sizes=\"auto, (max-width: 800px) 100vw, 800px\" \/><\/a>\n\t\t\t<\/div>\n\t\t\t\t<figcaption class='wp-caption-text gallery-caption' id='gallery-1-599'>\n\t\t\t\tAktives Kompensationssystem f\u00fcr TEM\n\t\t\t\t<\/figcaption><\/figure>\n\t\t<\/div>\n\n<p>Um auch inhomogene Felder zu reduzieren oder in einem Raum die bestm\u00f6gliche Performance zu garantieren, werden aktive Kompensationssysteme h\u00e4ufig mit passiven Raumabschirmungen kombiniert (siehe Systron LabShield\u00ae).[\/systron_generalboxes][\/vc_column][\/vc_row][vc_row][vc_column][systron_generalboxes box_color=&#8220;general-color&#8220; left_general=&#8220;Title&#8220; technische=&#8220;yes&#8220; box_left_title=&#8220;Technische Spezifikationen&#8220;]<\/p>\n<table style=\"height: 35px; width: 99.999%; border-collapse: collapse;\" cellspacing=\"6\">\n<tbody>\n<tr style=\"height: 30px;\">\n<td style=\"width: 20.7904%; height: 10px;\"><strong>Frequenz:<br \/>\n<\/strong><\/td>\n<td style=\"width: 79.2096%; height: 10px;\">0.001 Hz bis ca. 1000 Hz<\/td>\n<\/tr>\n<tr style=\"height: 24px;\">\n<td style=\"width: 20.7904%; height: 25px;\"><strong>Schirmfaktor:<\/strong><\/td>\n<td style=\"width: 79.2096%; height: 25px;\">bis 100 @ 50 Hz beim Sensor<\/td>\n<\/tr>\n<tr>\n<td style=\"width: 20.7904%;\"><strong>Anwendungen:<\/strong><\/td>\n<td style=\"width: 79.2096%;\">Elektronenstrahlger\u00e4te<\/td>\n<\/tr>\n<\/tbody>\n<\/table>\n<p>[\/systron_generalboxes][\/vc_column][\/vc_row]<\/p>\n<\/div>","protected":false},"excerpt":{"rendered":"<p>[vc_row][vc_column][systron_generalboxes left_general=&#8220;Image&#8220;]Aktive Magnetfeldkompensationssysteme reduzieren niederfrequente Magnetfelder die durch Fahrzeuge, Aufz\u00fcge, Bahn, Elektroanlagen oder andere St\u00f6rquellen verursacht werden in Echtzeit. Mittels eines empfindlichen Sensors werden die St\u00f6rfelder gemessen und durch Gegenfelder aktiv kompensiert. Voraussetzung f\u00fcr eine wirkungsvolle Kompensation ist, dass das St\u00f6rfeld homogen ist und einen niedrigen Gradienten aufweist. Dies trifft in der Regel f\u00fcr entfernte [&hellip;]<\/p>\n","protected":false},"author":3,"featured_media":0,"parent":172,"menu_order":0,"comment_status":"closed","ping_status":"closed","template":"","meta":{"_acf_changed":false,"inline_featured_image":false,"footnotes":""},"class_list":["post-596","page","type-page","status-publish","hentry"],"acf":[],"yoast_head":"<!-- This site is optimized with the Yoast SEO Premium plugin v26.2 (Yoast SEO v27.3) - https:\/\/yoast.com\/product\/yoast-seo-premium-wordpress\/ -->\n<title>Aktive Magnetfeldkompensation - Abschirmungen<\/title>\n<meta name=\"description\" content=\"Aktive Magnetfeldkompensation - Abschirmungen: Kompensationssysteme reduzieren niederfrequente Magnetfelder von Bahn, Aufz\u00fcgen, Fahrzeugen\" \/>\n<meta name=\"robots\" content=\"index, follow, max-snippet:-1, max-image-preview:large, max-video-preview:-1\" \/>\n<link rel=\"canonical\" href=\"https:\/\/systronemv.com\/de\/abschirmsysteme\/aktive-magnetfeldkompensation\/\" \/>\n<meta property=\"og:locale\" content=\"de_DE\" \/>\n<meta property=\"og:type\" content=\"article\" \/>\n<meta property=\"og:title\" content=\"Aktive Magnetfeldkompensation\" \/>\n<meta property=\"og:description\" content=\"Aktive Magnetfeldkompensation - Abschirmungen: Kompensationssysteme reduzieren niederfrequente Magnetfelder von Bahn, Aufz\u00fcgen, Fahrzeugen\" \/>\n<meta property=\"og:url\" content=\"https:\/\/systronemv.com\/de\/abschirmsysteme\/aktive-magnetfeldkompensation\/\" \/>\n<meta property=\"og:site_name\" content=\"Systron EMV\" \/>\n<meta property=\"article:modified_time\" content=\"2024-03-14T10:18:17+00:00\" \/>\n<meta property=\"og:image\" content=\"https:\/\/systronemv.com\/wp-content\/uploads\/2022\/04\/Kompresor.jpg\" \/>\n<meta name=\"twitter:card\" content=\"summary_large_image\" \/>\n<meta name=\"twitter:label1\" content=\"Gesch\u00e4tzte Lesezeit\" \/>\n\t<meta name=\"twitter:data1\" content=\"1\u00a0Minute\" \/>\n<script type=\"application\/ld+json\" class=\"yoast-schema-graph\">{\"@context\":\"https:\\\/\\\/schema.org\",\"@graph\":[{\"@type\":\"WebPage\",\"@id\":\"https:\\\/\\\/systronemv.com\\\/de\\\/abschirmsysteme\\\/aktive-magnetfeldkompensation\\\/\",\"url\":\"https:\\\/\\\/systronemv.com\\\/de\\\/abschirmsysteme\\\/aktive-magnetfeldkompensation\\\/\",\"name\":\"Aktive Magnetfeldkompensation - Abschirmungen\",\"isPartOf\":{\"@id\":\"https:\\\/\\\/systronemv.com\\\/de\\\/#website\"},\"datePublished\":\"2022-04-13T14:45:05+00:00\",\"dateModified\":\"2024-03-14T10:18:17+00:00\",\"description\":\"Aktive Magnetfeldkompensation - Abschirmungen: Kompensationssysteme reduzieren niederfrequente Magnetfelder von Bahn, Aufz\u00fcgen, Fahrzeugen\",\"breadcrumb\":{\"@id\":\"https:\\\/\\\/systronemv.com\\\/de\\\/abschirmsysteme\\\/aktive-magnetfeldkompensation\\\/#breadcrumb\"},\"inLanguage\":\"de\",\"potentialAction\":[{\"@type\":\"ReadAction\",\"target\":[\"https:\\\/\\\/systronemv.com\\\/de\\\/abschirmsysteme\\\/aktive-magnetfeldkompensation\\\/\"]}]},{\"@type\":\"BreadcrumbList\",\"@id\":\"https:\\\/\\\/systronemv.com\\\/de\\\/abschirmsysteme\\\/aktive-magnetfeldkompensation\\\/#breadcrumb\",\"itemListElement\":[{\"@type\":\"ListItem\",\"position\":1,\"name\":\"Home\",\"item\":\"https:\\\/\\\/systronemv.com\\\/de\\\/\"},{\"@type\":\"ListItem\",\"position\":2,\"name\":\"Abschirmsysteme\",\"item\":\"https:\\\/\\\/systronemv.com\\\/de\\\/abschirmsysteme\\\/\"},{\"@type\":\"ListItem\",\"position\":3,\"name\":\"Aktive Magnetfeldkompensation\"}]},{\"@type\":\"WebSite\",\"@id\":\"https:\\\/\\\/systronemv.com\\\/de\\\/#website\",\"url\":\"https:\\\/\\\/systronemv.com\\\/de\\\/\",\"name\":\"SYSTRON\",\"description\":\"Magnetfeld-Abschirmungen\",\"publisher\":{\"@id\":\"https:\\\/\\\/systronemv.com\\\/de\\\/#organization\"},\"potentialAction\":[{\"@type\":\"SearchAction\",\"target\":{\"@type\":\"EntryPoint\",\"urlTemplate\":\"https:\\\/\\\/systronemv.com\\\/de\\\/?s={search_term_string}\"},\"query-input\":{\"@type\":\"PropertyValueSpecification\",\"valueRequired\":true,\"valueName\":\"search_term_string\"}}],\"inLanguage\":\"de\"},{\"@type\":\"Organization\",\"@id\":\"https:\\\/\\\/systronemv.com\\\/de\\\/#organization\",\"name\":\"Systron emv GmbH\",\"url\":\"https:\\\/\\\/systronemv.com\\\/de\\\/\",\"logo\":{\"@type\":\"ImageObject\",\"inLanguage\":\"de\",\"@id\":\"https:\\\/\\\/systronemv.com\\\/de\\\/#\\\/schema\\\/logo\\\/image\\\/\",\"url\":\"https:\\\/\\\/systronemv.com\\\/wp-content\\\/uploads\\\/2024\\\/02\\\/Systron_Logo_positiv_Rahmen-scaled.jpg\",\"contentUrl\":\"https:\\\/\\\/systronemv.com\\\/wp-content\\\/uploads\\\/2024\\\/02\\\/Systron_Logo_positiv_Rahmen-scaled.jpg\",\"width\":2560,\"height\":738,\"caption\":\"Systron emv GmbH\"},\"image\":{\"@id\":\"https:\\\/\\\/systronemv.com\\\/de\\\/#\\\/schema\\\/logo\\\/image\\\/\"}}]}<\/script>\n<!-- \/ Yoast SEO Premium plugin. -->","yoast_head_json":{"title":"Aktive Magnetfeldkompensation - Abschirmungen","description":"Aktive Magnetfeldkompensation - Abschirmungen: Kompensationssysteme reduzieren niederfrequente Magnetfelder von Bahn, Aufz\u00fcgen, Fahrzeugen","robots":{"index":"index","follow":"follow","max-snippet":"max-snippet:-1","max-image-preview":"max-image-preview:large","max-video-preview":"max-video-preview:-1"},"canonical":"https:\/\/systronemv.com\/de\/abschirmsysteme\/aktive-magnetfeldkompensation\/","og_locale":"de_DE","og_type":"article","og_title":"Aktive Magnetfeldkompensation","og_description":"Aktive Magnetfeldkompensation - Abschirmungen: Kompensationssysteme reduzieren niederfrequente Magnetfelder von Bahn, Aufz\u00fcgen, Fahrzeugen","og_url":"https:\/\/systronemv.com\/de\/abschirmsysteme\/aktive-magnetfeldkompensation\/","og_site_name":"Systron EMV","article_modified_time":"2024-03-14T10:18:17+00:00","og_image":[{"url":"https:\/\/systronemv.com\/wp-content\/uploads\/2022\/04\/Kompresor.jpg","type":"","width":"","height":""}],"twitter_card":"summary_large_image","twitter_misc":{"Gesch\u00e4tzte Lesezeit":"1\u00a0Minute"},"schema":{"@context":"https:\/\/schema.org","@graph":[{"@type":"WebPage","@id":"https:\/\/systronemv.com\/de\/abschirmsysteme\/aktive-magnetfeldkompensation\/","url":"https:\/\/systronemv.com\/de\/abschirmsysteme\/aktive-magnetfeldkompensation\/","name":"Aktive Magnetfeldkompensation - Abschirmungen","isPartOf":{"@id":"https:\/\/systronemv.com\/de\/#website"},"datePublished":"2022-04-13T14:45:05+00:00","dateModified":"2024-03-14T10:18:17+00:00","description":"Aktive Magnetfeldkompensation - Abschirmungen: Kompensationssysteme reduzieren niederfrequente Magnetfelder von Bahn, Aufz\u00fcgen, Fahrzeugen","breadcrumb":{"@id":"https:\/\/systronemv.com\/de\/abschirmsysteme\/aktive-magnetfeldkompensation\/#breadcrumb"},"inLanguage":"de","potentialAction":[{"@type":"ReadAction","target":["https:\/\/systronemv.com\/de\/abschirmsysteme\/aktive-magnetfeldkompensation\/"]}]},{"@type":"BreadcrumbList","@id":"https:\/\/systronemv.com\/de\/abschirmsysteme\/aktive-magnetfeldkompensation\/#breadcrumb","itemListElement":[{"@type":"ListItem","position":1,"name":"Home","item":"https:\/\/systronemv.com\/de\/"},{"@type":"ListItem","position":2,"name":"Abschirmsysteme","item":"https:\/\/systronemv.com\/de\/abschirmsysteme\/"},{"@type":"ListItem","position":3,"name":"Aktive Magnetfeldkompensation"}]},{"@type":"WebSite","@id":"https:\/\/systronemv.com\/de\/#website","url":"https:\/\/systronemv.com\/de\/","name":"SYSTRON","description":"Magnetfeld-Abschirmungen","publisher":{"@id":"https:\/\/systronemv.com\/de\/#organization"},"potentialAction":[{"@type":"SearchAction","target":{"@type":"EntryPoint","urlTemplate":"https:\/\/systronemv.com\/de\/?s={search_term_string}"},"query-input":{"@type":"PropertyValueSpecification","valueRequired":true,"valueName":"search_term_string"}}],"inLanguage":"de"},{"@type":"Organization","@id":"https:\/\/systronemv.com\/de\/#organization","name":"Systron emv GmbH","url":"https:\/\/systronemv.com\/de\/","logo":{"@type":"ImageObject","inLanguage":"de","@id":"https:\/\/systronemv.com\/de\/#\/schema\/logo\/image\/","url":"https:\/\/systronemv.com\/wp-content\/uploads\/2024\/02\/Systron_Logo_positiv_Rahmen-scaled.jpg","contentUrl":"https:\/\/systronemv.com\/wp-content\/uploads\/2024\/02\/Systron_Logo_positiv_Rahmen-scaled.jpg","width":2560,"height":738,"caption":"Systron emv GmbH"},"image":{"@id":"https:\/\/systronemv.com\/de\/#\/schema\/logo\/image\/"}}]}},"_links":{"self":[{"href":"https:\/\/systronemv.com\/de\/wp-json\/wp\/v2\/pages\/596","targetHints":{"allow":["GET"]}}],"collection":[{"href":"https:\/\/systronemv.com\/de\/wp-json\/wp\/v2\/pages"}],"about":[{"href":"https:\/\/systronemv.com\/de\/wp-json\/wp\/v2\/types\/page"}],"author":[{"embeddable":true,"href":"https:\/\/systronemv.com\/de\/wp-json\/wp\/v2\/users\/3"}],"replies":[{"embeddable":true,"href":"https:\/\/systronemv.com\/de\/wp-json\/wp\/v2\/comments?post=596"}],"version-history":[{"count":0,"href":"https:\/\/systronemv.com\/de\/wp-json\/wp\/v2\/pages\/596\/revisions"}],"up":[{"embeddable":true,"href":"https:\/\/systronemv.com\/de\/wp-json\/wp\/v2\/pages\/172"}],"wp:attachment":[{"href":"https:\/\/systronemv.com\/de\/wp-json\/wp\/v2\/media?parent=596"}],"curies":[{"name":"wp","href":"https:\/\/api.w.org\/{rel}","templated":true}]}}