{"id":584,"date":"2022-04-13T14:35:36","date_gmt":"2022-04-13T14:35:36","guid":{"rendered":"https:\/\/systronemv.com\/syst\/?page_id=584"},"modified":"2024-03-14T10:19:17","modified_gmt":"2024-03-14T10:19:17","slug":"systron-cableshield","status":"publish","type":"page","link":"https:\/\/systronemv.com\/de\/abschirmsysteme\/systron-cableshield\/","title":{"rendered":"Systron CableShield\u00ae"},"content":{"rendered":"<div class=\"wpb-content-wrapper\"><p>[vc_row][vc_column][systron_generalboxes left_general=&#8220;Image&#8220; left_image=&#8220;586&#8243;]Systron CableShield\u00ae wird zur Reduktion elektromagnetischer Felder, erzeugt durch elektrische Kabel, eingesetzt. Systron CableShield\u00ae gelangt als Trasseabschirmung f\u00fcr Niederspannungskabel oder als Rohrblockabschirmung f\u00fcr erdverlegte Mittel- und Hochspannungskabel zum Einsatz.<\/p>\n<p>Das System besteht aus mehreren Verbundschichten (Aluminium und Siliziumeisen). Das Siliziumeisen ist zwischen zwei Aluminiumlagen angeordnet, um die Magnetfelder von Kabelleitungen bestm\u00f6glich zu reduzieren.<\/p>\n<p>Die einfache Geometrie aus einem \u00abU-F\u00f6rmigen\u00bb Unterteil und einem Deckel (mittels Aluminiumschrauben verbunden) garantiert eine einfache Montage ohne Spezialwerkzeug. Die Standardl\u00e4nge der Elemente betr\u00e4gt 100 cm, Breite und H\u00f6he der Elemente werden anwendungsspezifisch ausgelegt.<\/p>\n<div id='gallery-1' class='gallery galleryid-584 gallery-columns-3 gallery-size-full'><figure class='gallery-item'>\n\t\t\t<div class='gallery-icon portrait'>\n\t\t\t\t<a href='https:\/\/systronemv.com\/wp-content\/uploads\/2022\/04\/Rohrblockabschirmung_Bulletin_rot_800.jpg'><img loading=\"lazy\" decoding=\"async\" width=\"800\" height=\"843\" src=\"https:\/\/systronemv.com\/wp-content\/uploads\/2022\/04\/Rohrblockabschirmung_Bulletin_rot_800.jpg\" class=\"attachment-full size-full landscape\" alt=\"Systron CableShield\u00ae - Abschirmungen: Rohrblockabschirmung zur Reduktion Magnetischer Felder bei erdverlegten Kabel\" aria-describedby=\"gallery-1-588\" srcset=\"https:\/\/systronemv.com\/wp-content\/uploads\/2022\/04\/Rohrblockabschirmung_Bulletin_rot_800.jpg 800w, https:\/\/systronemv.com\/wp-content\/uploads\/2022\/04\/Rohrblockabschirmung_Bulletin_rot_800-285x300.jpg 285w, https:\/\/systronemv.com\/wp-content\/uploads\/2022\/04\/Rohrblockabschirmung_Bulletin_rot_800-768x809.jpg 768w\" sizes=\"auto, (max-width: 800px) 100vw, 800px\" \/><\/a>\n\t\t\t<\/div>\n\t\t\t\t<figcaption class='wp-caption-text gallery-caption' id='gallery-1-588'>\n\t\t\t\tSystron CableShield\u00ae Rohrblockabschirmung\n\t\t\t\t<\/figcaption><\/figure>\n\t\t<\/div>\n\n<p>Bei Rohrblockanwendungen werden die Elemente wasserdicht gefertigt, damit diese korrosionsbest\u00e4ndig sind.[\/systron_generalboxes][\/vc_column][\/vc_row][vc_row][vc_column][systron_generalboxes box_color=&#8220;general-color&#8220; left_general=&#8220;Title&#8220; technische=&#8220;yes&#8220; box_left_title=&#8220;Technische Spezifikationen&#8220;]<\/p>\n<table style=\"height: 133px; width: 99.999%; border-collapse: collapse;\" cellspacing=\"6\">\n<tbody>\n<tr style=\"height: 24px;\">\n<td style=\"width: 20.7904%; height: 27px;\"><strong>Materialst\u00e4rke:<\/strong><\/td>\n<td style=\"width: 79.2096%; height: 27px;\">insgesamt rund 3mm<\/td>\n<\/tr>\n<tr style=\"height: 30px;\">\n<td style=\"width: 20.7904%; height: 25px;\"><strong>Frequenz:<br \/>\n<\/strong><\/td>\n<td style=\"width: 79.2096%; height: 25px;\">16.7 Hz \/ 50 Hz<\/td>\n<\/tr>\n<tr style=\"height: 24px;\">\n<td style=\"width: 20.7904%; height: 28px;\"><strong>Wasserdichte:<\/strong><\/td>\n<td style=\"width: 79.2096%; height: 28px;\">Wasserdicht bei Rohblockanwendungen<\/td>\n<\/tr>\n<tr style=\"height: 24px;\">\n<td style=\"width: 20.7904%; height: 28px;\"><strong>Montage:<\/strong><\/td>\n<td style=\"width: 79.2096%; height: 28px;\">Einfache Montage ohne Spezialwerkzeug<\/td>\n<\/tr>\n<tr style=\"height: 24px;\">\n<td style=\"width: 20.7904%; height: 25px;\"><strong>Schirmfaktor:<\/strong><\/td>\n<td style=\"width: 79.2096%; height: 25px;\">ca. 10 @ 16.7 Hz, 20 @ 50 Hz<\/td>\n<\/tr>\n<\/tbody>\n<\/table>\n<p>[\/systron_generalboxes][\/vc_column][\/vc_row]<\/p>\n<\/div>","protected":false},"excerpt":{"rendered":"<p>[vc_row][vc_column][systron_generalboxes left_general=&#8220;Image&#8220; left_image=&#8220;586&#8243;]Systron CableShield\u00ae wird zur Reduktion elektromagnetischer Felder, erzeugt durch elektrische Kabel, eingesetzt. Systron CableShield\u00ae gelangt als Trasseabschirmung f\u00fcr Niederspannungskabel oder als Rohrblockabschirmung f\u00fcr erdverlegte Mittel- und Hochspannungskabel zum Einsatz. Das System besteht aus mehreren Verbundschichten (Aluminium und Siliziumeisen). Das Siliziumeisen ist zwischen zwei Aluminiumlagen angeordnet, um die Magnetfelder von Kabelleitungen bestm\u00f6glich zu reduzieren. [&hellip;]<\/p>\n","protected":false},"author":3,"featured_media":0,"parent":172,"menu_order":0,"comment_status":"closed","ping_status":"closed","template":"","meta":{"_acf_changed":false,"inline_featured_image":false,"footnotes":""},"class_list":["post-584","page","type-page","status-publish","hentry"],"acf":[],"yoast_head":"<!-- This site is optimized with the Yoast SEO Premium plugin v26.2 (Yoast SEO v27.4) - https:\/\/yoast.com\/product\/yoast-seo-premium-wordpress\/ -->\n<title>Systron CableShield\u00ae - Abschirmungen<\/title>\n<meta name=\"description\" content=\"Systron CableShield\u00ae - Abschirmungen: Reduktion der elektromagnetischen Felder, erzeugt durch Kabel\" \/>\n<meta name=\"robots\" content=\"index, follow, max-snippet:-1, max-image-preview:large, max-video-preview:-1\" \/>\n<link rel=\"canonical\" href=\"https:\/\/systronemv.com\/de\/abschirmsysteme\/systron-cableshield\/\" \/>\n<meta property=\"og:locale\" content=\"de_DE\" \/>\n<meta property=\"og:type\" content=\"article\" \/>\n<meta property=\"og:title\" content=\"Systron CableShield\u00ae\" \/>\n<meta property=\"og:description\" content=\"Systron CableShield\u00ae - Abschirmungen: Reduktion der elektromagnetischen Felder, erzeugt durch Kabel\" \/>\n<meta property=\"og:url\" content=\"https:\/\/systronemv.com\/de\/abschirmsysteme\/systron-cableshield\/\" \/>\n<meta property=\"og:site_name\" content=\"Systron EMV\" \/>\n<meta property=\"article:modified_time\" content=\"2024-03-14T10:19:17+00:00\" \/>\n<meta property=\"og:image\" content=\"https:\/\/systronemv.com\/wp-content\/uploads\/2022\/04\/Rohrblockabschirmung_Bulletin_rot_800.jpg\" \/>\n<meta name=\"twitter:card\" content=\"summary_large_image\" \/>\n<meta name=\"twitter:label1\" content=\"Gesch\u00e4tzte Lesezeit\" \/>\n\t<meta name=\"twitter:data1\" content=\"1\u00a0Minute\" \/>\n<script type=\"application\/ld+json\" class=\"yoast-schema-graph\">{\"@context\":\"https:\\\/\\\/schema.org\",\"@graph\":[{\"@type\":\"WebPage\",\"@id\":\"https:\\\/\\\/systronemv.com\\\/de\\\/abschirmsysteme\\\/systron-cableshield\\\/\",\"url\":\"https:\\\/\\\/systronemv.com\\\/de\\\/abschirmsysteme\\\/systron-cableshield\\\/\",\"name\":\"Systron CableShield\u00ae - Abschirmungen\",\"isPartOf\":{\"@id\":\"https:\\\/\\\/systronemv.com\\\/de\\\/#website\"},\"datePublished\":\"2022-04-13T14:35:36+00:00\",\"dateModified\":\"2024-03-14T10:19:17+00:00\",\"description\":\"Systron CableShield\u00ae - Abschirmungen: Reduktion der elektromagnetischen Felder, erzeugt durch Kabel\",\"breadcrumb\":{\"@id\":\"https:\\\/\\\/systronemv.com\\\/de\\\/abschirmsysteme\\\/systron-cableshield\\\/#breadcrumb\"},\"inLanguage\":\"de\",\"potentialAction\":[{\"@type\":\"ReadAction\",\"target\":[\"https:\\\/\\\/systronemv.com\\\/de\\\/abschirmsysteme\\\/systron-cableshield\\\/\"]}]},{\"@type\":\"BreadcrumbList\",\"@id\":\"https:\\\/\\\/systronemv.com\\\/de\\\/abschirmsysteme\\\/systron-cableshield\\\/#breadcrumb\",\"itemListElement\":[{\"@type\":\"ListItem\",\"position\":1,\"name\":\"Home\",\"item\":\"https:\\\/\\\/systronemv.com\\\/de\\\/\"},{\"@type\":\"ListItem\",\"position\":2,\"name\":\"Abschirmsysteme\",\"item\":\"https:\\\/\\\/systronemv.com\\\/de\\\/abschirmsysteme\\\/\"},{\"@type\":\"ListItem\",\"position\":3,\"name\":\"Systron CableShield\u00ae\"}]},{\"@type\":\"WebSite\",\"@id\":\"https:\\\/\\\/systronemv.com\\\/de\\\/#website\",\"url\":\"https:\\\/\\\/systronemv.com\\\/de\\\/\",\"name\":\"SYSTRON\",\"description\":\"Magnetfeld-Abschirmungen\",\"publisher\":{\"@id\":\"https:\\\/\\\/systronemv.com\\\/de\\\/#organization\"},\"potentialAction\":[{\"@type\":\"SearchAction\",\"target\":{\"@type\":\"EntryPoint\",\"urlTemplate\":\"https:\\\/\\\/systronemv.com\\\/de\\\/?s={search_term_string}\"},\"query-input\":{\"@type\":\"PropertyValueSpecification\",\"valueRequired\":true,\"valueName\":\"search_term_string\"}}],\"inLanguage\":\"de\"},{\"@type\":\"Organization\",\"@id\":\"https:\\\/\\\/systronemv.com\\\/de\\\/#organization\",\"name\":\"Systron emv GmbH\",\"url\":\"https:\\\/\\\/systronemv.com\\\/de\\\/\",\"logo\":{\"@type\":\"ImageObject\",\"inLanguage\":\"de\",\"@id\":\"https:\\\/\\\/systronemv.com\\\/de\\\/#\\\/schema\\\/logo\\\/image\\\/\",\"url\":\"https:\\\/\\\/systronemv.com\\\/wp-content\\\/uploads\\\/2024\\\/02\\\/Systron_Logo_positiv_Rahmen-scaled.jpg\",\"contentUrl\":\"https:\\\/\\\/systronemv.com\\\/wp-content\\\/uploads\\\/2024\\\/02\\\/Systron_Logo_positiv_Rahmen-scaled.jpg\",\"width\":2560,\"height\":738,\"caption\":\"Systron emv GmbH\"},\"image\":{\"@id\":\"https:\\\/\\\/systronemv.com\\\/de\\\/#\\\/schema\\\/logo\\\/image\\\/\"}}]}<\/script>\n<!-- \/ Yoast SEO Premium plugin. -->","yoast_head_json":{"title":"Systron CableShield\u00ae - Abschirmungen","description":"Systron CableShield\u00ae - Abschirmungen: Reduktion der elektromagnetischen Felder, erzeugt durch Kabel","robots":{"index":"index","follow":"follow","max-snippet":"max-snippet:-1","max-image-preview":"max-image-preview:large","max-video-preview":"max-video-preview:-1"},"canonical":"https:\/\/systronemv.com\/de\/abschirmsysteme\/systron-cableshield\/","og_locale":"de_DE","og_type":"article","og_title":"Systron CableShield\u00ae","og_description":"Systron CableShield\u00ae - Abschirmungen: Reduktion der elektromagnetischen Felder, erzeugt durch Kabel","og_url":"https:\/\/systronemv.com\/de\/abschirmsysteme\/systron-cableshield\/","og_site_name":"Systron EMV","article_modified_time":"2024-03-14T10:19:17+00:00","og_image":[{"url":"https:\/\/systronemv.com\/wp-content\/uploads\/2022\/04\/Rohrblockabschirmung_Bulletin_rot_800.jpg","type":"","width":"","height":""}],"twitter_card":"summary_large_image","twitter_misc":{"Gesch\u00e4tzte Lesezeit":"1\u00a0Minute"},"schema":{"@context":"https:\/\/schema.org","@graph":[{"@type":"WebPage","@id":"https:\/\/systronemv.com\/de\/abschirmsysteme\/systron-cableshield\/","url":"https:\/\/systronemv.com\/de\/abschirmsysteme\/systron-cableshield\/","name":"Systron CableShield\u00ae - Abschirmungen","isPartOf":{"@id":"https:\/\/systronemv.com\/de\/#website"},"datePublished":"2022-04-13T14:35:36+00:00","dateModified":"2024-03-14T10:19:17+00:00","description":"Systron CableShield\u00ae - Abschirmungen: Reduktion der elektromagnetischen Felder, erzeugt durch Kabel","breadcrumb":{"@id":"https:\/\/systronemv.com\/de\/abschirmsysteme\/systron-cableshield\/#breadcrumb"},"inLanguage":"de","potentialAction":[{"@type":"ReadAction","target":["https:\/\/systronemv.com\/de\/abschirmsysteme\/systron-cableshield\/"]}]},{"@type":"BreadcrumbList","@id":"https:\/\/systronemv.com\/de\/abschirmsysteme\/systron-cableshield\/#breadcrumb","itemListElement":[{"@type":"ListItem","position":1,"name":"Home","item":"https:\/\/systronemv.com\/de\/"},{"@type":"ListItem","position":2,"name":"Abschirmsysteme","item":"https:\/\/systronemv.com\/de\/abschirmsysteme\/"},{"@type":"ListItem","position":3,"name":"Systron CableShield\u00ae"}]},{"@type":"WebSite","@id":"https:\/\/systronemv.com\/de\/#website","url":"https:\/\/systronemv.com\/de\/","name":"SYSTRON","description":"Magnetfeld-Abschirmungen","publisher":{"@id":"https:\/\/systronemv.com\/de\/#organization"},"potentialAction":[{"@type":"SearchAction","target":{"@type":"EntryPoint","urlTemplate":"https:\/\/systronemv.com\/de\/?s={search_term_string}"},"query-input":{"@type":"PropertyValueSpecification","valueRequired":true,"valueName":"search_term_string"}}],"inLanguage":"de"},{"@type":"Organization","@id":"https:\/\/systronemv.com\/de\/#organization","name":"Systron emv GmbH","url":"https:\/\/systronemv.com\/de\/","logo":{"@type":"ImageObject","inLanguage":"de","@id":"https:\/\/systronemv.com\/de\/#\/schema\/logo\/image\/","url":"https:\/\/systronemv.com\/wp-content\/uploads\/2024\/02\/Systron_Logo_positiv_Rahmen-scaled.jpg","contentUrl":"https:\/\/systronemv.com\/wp-content\/uploads\/2024\/02\/Systron_Logo_positiv_Rahmen-scaled.jpg","width":2560,"height":738,"caption":"Systron emv GmbH"},"image":{"@id":"https:\/\/systronemv.com\/de\/#\/schema\/logo\/image\/"}}]}},"_links":{"self":[{"href":"https:\/\/systronemv.com\/de\/wp-json\/wp\/v2\/pages\/584","targetHints":{"allow":["GET"]}}],"collection":[{"href":"https:\/\/systronemv.com\/de\/wp-json\/wp\/v2\/pages"}],"about":[{"href":"https:\/\/systronemv.com\/de\/wp-json\/wp\/v2\/types\/page"}],"author":[{"embeddable":true,"href":"https:\/\/systronemv.com\/de\/wp-json\/wp\/v2\/users\/3"}],"replies":[{"embeddable":true,"href":"https:\/\/systronemv.com\/de\/wp-json\/wp\/v2\/comments?post=584"}],"version-history":[{"count":0,"href":"https:\/\/systronemv.com\/de\/wp-json\/wp\/v2\/pages\/584\/revisions"}],"up":[{"embeddable":true,"href":"https:\/\/systronemv.com\/de\/wp-json\/wp\/v2\/pages\/172"}],"wp:attachment":[{"href":"https:\/\/systronemv.com\/de\/wp-json\/wp\/v2\/media?parent=584"}],"curies":[{"name":"wp","href":"https:\/\/api.w.org\/{rel}","templated":true}]}}