{"id":572,"date":"2022-04-13T14:20:59","date_gmt":"2022-04-13T14:20:59","guid":{"rendered":"https:\/\/systronemv.com\/syst\/?page_id=572"},"modified":"2024-03-14T10:20:08","modified_gmt":"2024-03-14T10:20:08","slug":"systron-labshield","status":"publish","type":"page","link":"https:\/\/systronemv.com\/de\/abschirmsysteme\/systron-labshield\/","title":{"rendered":"Systron LabShield\u00ae"},"content":{"rendered":"<div class=\"wpb-content-wrapper\"><p>[vc_row][vc_column][systron_generalboxes left_general=&#8220;Image&#8220; left_image=&#8220;578&#8243;]Systron LabShield\u00ae wurde entwickelt, um Laborr\u00e4ume mit besonders empfindlichen Ger\u00e4ten mit Mu-Metall abzuschirmen. Die Systron LabShield\u00ae Mu-Metall Abschirmung sch\u00fctzt als Raumabschirmung oder in Form einer Abschirmkabine vor magnetischen Feldern. Mit Systron LabShield\u00ae werden die stetig wachsenden Anforderungen an die elektromagnetische Umgebung von Elektronenstrahlger\u00e4ten erf\u00fcllt. Dabei wird die Abschirmung f\u00fcr jedes Projekt individuell ausgelegt. Mit der Abschirmung werden sowohl f\u00fcr statische DC Felder, Near-DC Felder und AC Felder hervorragende D\u00e4mpfungswerte erreicht.<\/p>\n<p>Die Basis von Systron LabShield\u00ae besteht aus thermisch behandeltem Nickel-Eisen. Dieses wird umgangssprachlich als \u201cMu-Metall\u201d oder \u201cPermalloy\u201d bezeichnet. In diesem schlussgegl\u00fchten Zustand sind mit Mu-Metall Blechen Schirmfaktoren m\u00f6glich, welche mit Silizium-Eisen (Trafoblech, Elektroblech, Dynamoblech) basierten L\u00f6sungen niemals erreicht werden k\u00f6nnen.<\/p>\n<p>Die Materialqualit\u00e4t, Materialst\u00e4rke und Materialkombination wird auf Grund der geforderten D\u00e4mpfung festgelegt. Mit der der Materialwahl wird auch bestimmt, in welchem Frequenzbereich die Schirmung wirkt.<\/p>\n<p>Typische St\u00f6rfrequenzen sind das statische DC Feld (Erdmagnetfeld), langsam \u00e4ndernde DC Felder sowie AC Felder mit niederen Frequenzen von 16.7Hz \/ 50Hz und deren Oberwellen.<\/p>\n<p>F\u00fcr Elektronenmikroskopie-R\u00e4ume ist vielfach ein Abschirmfaktor von mindestens 10-20 erforderlich. Mit der Wahl der Materialst\u00e4rke k\u00f6nnen aber auch weitaus h\u00f6here Reduktionsfaktoren erreicht werden. Mit einer verschachtelten Konstruktion k\u00f6nnen die Abschirmfaktoren sogar multipliziert werden.<\/p>\n<p>Damit die sensitive Mu-Metall Abschirmung die optimale Abschirmwirkung erreicht, ist\u00a0 die Unterkonstruktion und der Schutz des Materials von zentraler Bedeutung, weil jede mechanische Belastung des Materials zu einer Schw\u00e4chung der Abschirmwirkung f\u00fchrt.<\/p>\n<p>Das Systron LabShield\u00ae Konzept beinhaltet das Design und die Installation dieser Layer. Das System kann mit einer aktiven Magnetfeldkompensation erg\u00e4nzt werden, die optimiert ins Raumdesign integriert wird. Systron ist in der Lage, ganze R\u00e4ume mit optimal integrierter Abschirmung in 3D zu planen und zu bauen.<\/p>\n<div id='gallery-1' class='gallery galleryid-572 gallery-columns-3 gallery-size-full'><figure class='gallery-item'>\n\t\t\t<div class='gallery-icon landscape'>\n\t\t\t\t<a href='https:\/\/systronemv.com\/wp-content\/uploads\/2022\/04\/LabShield_passive_active_800.jpg'><img loading=\"lazy\" decoding=\"async\" width=\"800\" height=\"618\" src=\"https:\/\/systronemv.com\/wp-content\/uploads\/2022\/04\/LabShield_passive_active_800.jpg\" class=\"attachment-full size-full landscape\" alt=\"Systron LabShield\u00ae - passive und aktive Magnetfeldabschirmung\" aria-describedby=\"gallery-1-580\" srcset=\"https:\/\/systronemv.com\/wp-content\/uploads\/2022\/04\/LabShield_passive_active_800.jpg 800w, https:\/\/systronemv.com\/wp-content\/uploads\/2022\/04\/LabShield_passive_active_800-300x232.jpg 300w, https:\/\/systronemv.com\/wp-content\/uploads\/2022\/04\/LabShield_passive_active_800-768x593.jpg 768w, https:\/\/systronemv.com\/wp-content\/uploads\/2022\/04\/LabShield_passive_active_800-620x480.jpg 620w\" sizes=\"auto, (max-width: 800px) 100vw, 800px\" \/><\/a>\n\t\t\t<\/div>\n\t\t\t\t<figcaption class='wp-caption-text gallery-caption' id='gallery-1-580'>\n\t\t\t\tSystron LabShield\u00ae mit passiver und aktiver Magnetfeldabschirmung\n\t\t\t\t<\/figcaption><\/figure>\n\t\t<\/div>\n\n<p>[\/systron_generalboxes][\/vc_column][\/vc_row][vc_row][vc_column][systron_generalboxes box_color=&#8220;general-color&#8220; left_general=&#8220;Title&#8220; technische=&#8220;yes&#8220; box_left_title=&#8220;Technische Spezifikationen&#8220;]<\/p>\n<table style=\"height: 157px; width: 100%; border-collapse: collapse;\" cellspacing=\"6\">\n<tbody>\n<tr style=\"height: 24px;\">\n<td style=\"width: 20.7904%; height: 30px;\"><strong>Materialst\u00e4rke:<\/strong><\/td>\n<td style=\"width: 79.2096%; height: 30px;\">1-2 mm<\/td>\n<\/tr>\n<tr style=\"height: 24px;\">\n<td style=\"width: 20.7904%; height: 31px;\"><strong>Gewicht:<\/strong><\/td>\n<td style=\"width: 79.2096%; height: 31px;\">8kg\/m\u00b2 bis 11kg\/m\u00b2<\/td>\n<\/tr>\n<tr style=\"height: 24px;\">\n<td style=\"width: 20.7904%; height: 32px;\"><strong>Frequenzbereich:<\/strong><\/td>\n<td style=\"width: 79.2096%; height: 32px;\">DC &#8211; 1000Hz<\/td>\n<\/tr>\n<tr style=\"height: 24px;\">\n<td style=\"width: 20.7904%; height: 34px;\"><strong>Schirmfaktor:<\/strong><\/td>\n<td style=\"width: 79.2096%; height: 34px;\">ca. 30 @ DC, 8 &#8211; 150 @ Near-DC, 8 &#8211; 150 @ 50Hz<\/td>\n<\/tr>\n<tr style=\"height: 30px;\">\n<td style=\"width: 20.7904%; height: 30px;\"><strong>Anwendungen:<br \/>\n<\/strong><\/td>\n<td style=\"width: 79.2096%; height: 30px;\">Laborr\u00e4ume mit Elektronenstrahlger\u00e4ten<\/td>\n<\/tr>\n<\/tbody>\n<\/table>\n<p>[\/systron_generalboxes][\/vc_column][\/vc_row]<\/p>\n<\/div>","protected":false},"excerpt":{"rendered":"<p>[vc_row][vc_column][systron_generalboxes left_general=&#8220;Image&#8220; left_image=&#8220;578&#8243;]Systron LabShield\u00ae wurde entwickelt, um Laborr\u00e4ume mit besonders empfindlichen Ger\u00e4ten mit Mu-Metall abzuschirmen. Die Systron LabShield\u00ae Mu-Metall Abschirmung sch\u00fctzt als Raumabschirmung oder in Form einer Abschirmkabine vor magnetischen Feldern. Mit Systron LabShield\u00ae werden die stetig wachsenden Anforderungen an die elektromagnetische Umgebung von Elektronenstrahlger\u00e4ten erf\u00fcllt. Dabei wird die Abschirmung f\u00fcr jedes Projekt individuell ausgelegt. [&hellip;]<\/p>\n","protected":false},"author":3,"featured_media":0,"parent":172,"menu_order":0,"comment_status":"closed","ping_status":"closed","template":"","meta":{"_acf_changed":false,"inline_featured_image":false,"footnotes":""},"class_list":["post-572","page","type-page","status-publish","hentry"],"acf":[],"yoast_head":"<!-- This site is optimized with the Yoast SEO Premium plugin v26.2 (Yoast SEO v27.3) - https:\/\/yoast.com\/product\/yoast-seo-premium-wordpress\/ -->\n<title>Systron LabShield\u00ae - Mu-Metall<\/title>\n<meta name=\"description\" content=\"Systron LabShield\u00ae Abschirmungen aus Mu-Metall (auch: \u00b5-Metall, Mumetall, mu-metal, mu-blech, Permalloy)\" \/>\n<meta name=\"robots\" content=\"index, follow, max-snippet:-1, max-image-preview:large, max-video-preview:-1\" \/>\n<link rel=\"canonical\" href=\"https:\/\/systronemv.com\/de\/abschirmsysteme\/systron-labshield\/\" \/>\n<meta property=\"og:locale\" content=\"de_DE\" \/>\n<meta property=\"og:type\" content=\"article\" \/>\n<meta property=\"og:title\" content=\"Systron LabShield\u00ae\" \/>\n<meta property=\"og:description\" content=\"Systron LabShield\u00ae Abschirmungen aus Mu-Metall (auch: \u00b5-Metall, Mumetall, mu-metal, mu-blech, Permalloy)\" \/>\n<meta property=\"og:url\" content=\"https:\/\/systronemv.com\/de\/abschirmsysteme\/systron-labshield\/\" \/>\n<meta property=\"og:site_name\" content=\"Systron EMV\" \/>\n<meta property=\"article:modified_time\" content=\"2024-03-14T10:20:08+00:00\" \/>\n<meta property=\"og:image\" content=\"https:\/\/systronemv.com\/wp-content\/uploads\/2022\/04\/LabShield_passive_active_800.jpg\" \/>\n<meta name=\"twitter:card\" content=\"summary_large_image\" \/>\n<meta name=\"twitter:label1\" content=\"Gesch\u00e4tzte Lesezeit\" \/>\n\t<meta name=\"twitter:data1\" content=\"2\u00a0Minuten\" \/>\n<script type=\"application\/ld+json\" class=\"yoast-schema-graph\">{\"@context\":\"https:\\\/\\\/schema.org\",\"@graph\":[{\"@type\":\"WebPage\",\"@id\":\"https:\\\/\\\/systronemv.com\\\/de\\\/abschirmsysteme\\\/systron-labshield\\\/\",\"url\":\"https:\\\/\\\/systronemv.com\\\/de\\\/abschirmsysteme\\\/systron-labshield\\\/\",\"name\":\"Systron LabShield\u00ae - Mu-Metall\",\"isPartOf\":{\"@id\":\"https:\\\/\\\/systronemv.com\\\/de\\\/#website\"},\"datePublished\":\"2022-04-13T14:20:59+00:00\",\"dateModified\":\"2024-03-14T10:20:08+00:00\",\"description\":\"Systron LabShield\u00ae Abschirmungen aus Mu-Metall (auch: \u00b5-Metall, Mumetall, mu-metal, mu-blech, Permalloy)\",\"breadcrumb\":{\"@id\":\"https:\\\/\\\/systronemv.com\\\/de\\\/abschirmsysteme\\\/systron-labshield\\\/#breadcrumb\"},\"inLanguage\":\"de\",\"potentialAction\":[{\"@type\":\"ReadAction\",\"target\":[\"https:\\\/\\\/systronemv.com\\\/de\\\/abschirmsysteme\\\/systron-labshield\\\/\"]}]},{\"@type\":\"BreadcrumbList\",\"@id\":\"https:\\\/\\\/systronemv.com\\\/de\\\/abschirmsysteme\\\/systron-labshield\\\/#breadcrumb\",\"itemListElement\":[{\"@type\":\"ListItem\",\"position\":1,\"name\":\"Home\",\"item\":\"https:\\\/\\\/systronemv.com\\\/de\\\/\"},{\"@type\":\"ListItem\",\"position\":2,\"name\":\"Abschirmsysteme\",\"item\":\"https:\\\/\\\/systronemv.com\\\/de\\\/abschirmsysteme\\\/\"},{\"@type\":\"ListItem\",\"position\":3,\"name\":\"Systron LabShield\u00ae\"}]},{\"@type\":\"WebSite\",\"@id\":\"https:\\\/\\\/systronemv.com\\\/de\\\/#website\",\"url\":\"https:\\\/\\\/systronemv.com\\\/de\\\/\",\"name\":\"SYSTRON\",\"description\":\"Magnetfeld-Abschirmungen\",\"publisher\":{\"@id\":\"https:\\\/\\\/systronemv.com\\\/de\\\/#organization\"},\"potentialAction\":[{\"@type\":\"SearchAction\",\"target\":{\"@type\":\"EntryPoint\",\"urlTemplate\":\"https:\\\/\\\/systronemv.com\\\/de\\\/?s={search_term_string}\"},\"query-input\":{\"@type\":\"PropertyValueSpecification\",\"valueRequired\":true,\"valueName\":\"search_term_string\"}}],\"inLanguage\":\"de\"},{\"@type\":\"Organization\",\"@id\":\"https:\\\/\\\/systronemv.com\\\/de\\\/#organization\",\"name\":\"Systron emv GmbH\",\"url\":\"https:\\\/\\\/systronemv.com\\\/de\\\/\",\"logo\":{\"@type\":\"ImageObject\",\"inLanguage\":\"de\",\"@id\":\"https:\\\/\\\/systronemv.com\\\/de\\\/#\\\/schema\\\/logo\\\/image\\\/\",\"url\":\"https:\\\/\\\/systronemv.com\\\/wp-content\\\/uploads\\\/2024\\\/02\\\/Systron_Logo_positiv_Rahmen-scaled.jpg\",\"contentUrl\":\"https:\\\/\\\/systronemv.com\\\/wp-content\\\/uploads\\\/2024\\\/02\\\/Systron_Logo_positiv_Rahmen-scaled.jpg\",\"width\":2560,\"height\":738,\"caption\":\"Systron emv GmbH\"},\"image\":{\"@id\":\"https:\\\/\\\/systronemv.com\\\/de\\\/#\\\/schema\\\/logo\\\/image\\\/\"}}]}<\/script>\n<!-- \/ Yoast SEO Premium plugin. -->","yoast_head_json":{"title":"Systron LabShield\u00ae - Mu-Metall","description":"Systron LabShield\u00ae Abschirmungen aus Mu-Metall (auch: \u00b5-Metall, Mumetall, mu-metal, mu-blech, Permalloy)","robots":{"index":"index","follow":"follow","max-snippet":"max-snippet:-1","max-image-preview":"max-image-preview:large","max-video-preview":"max-video-preview:-1"},"canonical":"https:\/\/systronemv.com\/de\/abschirmsysteme\/systron-labshield\/","og_locale":"de_DE","og_type":"article","og_title":"Systron LabShield\u00ae","og_description":"Systron LabShield\u00ae Abschirmungen aus Mu-Metall (auch: \u00b5-Metall, Mumetall, mu-metal, mu-blech, Permalloy)","og_url":"https:\/\/systronemv.com\/de\/abschirmsysteme\/systron-labshield\/","og_site_name":"Systron EMV","article_modified_time":"2024-03-14T10:20:08+00:00","og_image":[{"url":"https:\/\/systronemv.com\/wp-content\/uploads\/2022\/04\/LabShield_passive_active_800.jpg","type":"","width":"","height":""}],"twitter_card":"summary_large_image","twitter_misc":{"Gesch\u00e4tzte Lesezeit":"2\u00a0Minuten"},"schema":{"@context":"https:\/\/schema.org","@graph":[{"@type":"WebPage","@id":"https:\/\/systronemv.com\/de\/abschirmsysteme\/systron-labshield\/","url":"https:\/\/systronemv.com\/de\/abschirmsysteme\/systron-labshield\/","name":"Systron LabShield\u00ae - Mu-Metall","isPartOf":{"@id":"https:\/\/systronemv.com\/de\/#website"},"datePublished":"2022-04-13T14:20:59+00:00","dateModified":"2024-03-14T10:20:08+00:00","description":"Systron LabShield\u00ae Abschirmungen aus Mu-Metall (auch: \u00b5-Metall, Mumetall, mu-metal, mu-blech, Permalloy)","breadcrumb":{"@id":"https:\/\/systronemv.com\/de\/abschirmsysteme\/systron-labshield\/#breadcrumb"},"inLanguage":"de","potentialAction":[{"@type":"ReadAction","target":["https:\/\/systronemv.com\/de\/abschirmsysteme\/systron-labshield\/"]}]},{"@type":"BreadcrumbList","@id":"https:\/\/systronemv.com\/de\/abschirmsysteme\/systron-labshield\/#breadcrumb","itemListElement":[{"@type":"ListItem","position":1,"name":"Home","item":"https:\/\/systronemv.com\/de\/"},{"@type":"ListItem","position":2,"name":"Abschirmsysteme","item":"https:\/\/systronemv.com\/de\/abschirmsysteme\/"},{"@type":"ListItem","position":3,"name":"Systron LabShield\u00ae"}]},{"@type":"WebSite","@id":"https:\/\/systronemv.com\/de\/#website","url":"https:\/\/systronemv.com\/de\/","name":"SYSTRON","description":"Magnetfeld-Abschirmungen","publisher":{"@id":"https:\/\/systronemv.com\/de\/#organization"},"potentialAction":[{"@type":"SearchAction","target":{"@type":"EntryPoint","urlTemplate":"https:\/\/systronemv.com\/de\/?s={search_term_string}"},"query-input":{"@type":"PropertyValueSpecification","valueRequired":true,"valueName":"search_term_string"}}],"inLanguage":"de"},{"@type":"Organization","@id":"https:\/\/systronemv.com\/de\/#organization","name":"Systron emv GmbH","url":"https:\/\/systronemv.com\/de\/","logo":{"@type":"ImageObject","inLanguage":"de","@id":"https:\/\/systronemv.com\/de\/#\/schema\/logo\/image\/","url":"https:\/\/systronemv.com\/wp-content\/uploads\/2024\/02\/Systron_Logo_positiv_Rahmen-scaled.jpg","contentUrl":"https:\/\/systronemv.com\/wp-content\/uploads\/2024\/02\/Systron_Logo_positiv_Rahmen-scaled.jpg","width":2560,"height":738,"caption":"Systron emv GmbH"},"image":{"@id":"https:\/\/systronemv.com\/de\/#\/schema\/logo\/image\/"}}]}},"_links":{"self":[{"href":"https:\/\/systronemv.com\/de\/wp-json\/wp\/v2\/pages\/572","targetHints":{"allow":["GET"]}}],"collection":[{"href":"https:\/\/systronemv.com\/de\/wp-json\/wp\/v2\/pages"}],"about":[{"href":"https:\/\/systronemv.com\/de\/wp-json\/wp\/v2\/types\/page"}],"author":[{"embeddable":true,"href":"https:\/\/systronemv.com\/de\/wp-json\/wp\/v2\/users\/3"}],"replies":[{"embeddable":true,"href":"https:\/\/systronemv.com\/de\/wp-json\/wp\/v2\/comments?post=572"}],"version-history":[{"count":0,"href":"https:\/\/systronemv.com\/de\/wp-json\/wp\/v2\/pages\/572\/revisions"}],"up":[{"embeddable":true,"href":"https:\/\/systronemv.com\/de\/wp-json\/wp\/v2\/pages\/172"}],"wp:attachment":[{"href":"https:\/\/systronemv.com\/de\/wp-json\/wp\/v2\/media?parent=572"}],"curies":[{"name":"wp","href":"https:\/\/api.w.org\/{rel}","templated":true}]}}