{"id":556,"date":"2022-04-13T14:09:48","date_gmt":"2022-04-13T14:09:48","guid":{"rendered":"https:\/\/systronemv.com\/syst\/?page_id=556"},"modified":"2024-03-14T10:22:51","modified_gmt":"2024-03-14T10:22:51","slug":"kundenspezifische-abschirmungen","status":"publish","type":"page","link":"https:\/\/systronemv.com\/de\/abschirmungen\/kundenspezifische-abschirmungen\/","title":{"rendered":"Kundenspezifische Abschirmungen"},"content":{"rendered":"<div class=\"wpb-content-wrapper\"><p>[vc_row][vc_column][systron_generalboxes]Kundenspezifische Abschirmungen, oftmals auch \u201eNull Gauss Kammern\u201c genannt, werden entsprechend den spezifischen Anforderungen des Kunden gefertigt. Die Anwendungen reichen von kleinsten Abschirmungen im Millimeterbereich bis hin zu speziellen Konstruktionen f\u00fcr Maschinen oder Forschungsger\u00e4te. Solche Abschirmungen werden in unz\u00e4hligen Anwendungen eingesetzt (Satelliten, Formel 1 Rennwagen, Medizinaltechnik, Zug\u00fcberwachungssensoren, elektronischen W\u00e4gesystemen, Metallabscheidern, Magnetr\u00fchrwerken etc.).[\/systron_generalboxes][\/vc_column][\/vc_row][vc_row][vc_column][systron_generalboxes box_color=&#8220;general-color&#8220; left_general=&#8220;Title&#8220; box_left_title=&#8220;Ger\u00e4teabschirmungen&#8220;]Obwohl magnetische Abschirmungen oft als \u201cNull Gauss Kammer\u201d bezeichnet werden, ist ein absolutes Schirmen von Magnetfeldern auf \u201cnull Gauss\u201d nur theoretisch m\u00f6glich. In der Praxis ist stets ein Restfeld vorhanden, auch wenn noch so klein.<\/p>\n<p>Magnetische Abschirmungen f\u00fcr Ger\u00e4te und Bauteile werden nach den Anforderungen des Kunden gebaut. Abh\u00e4ngig von der Anwendung kommen entweder Nickel Eisen (\u201cMu-Metall\u201d), Silizium Eisen (\u201cTrafoblech\/Elektroblech\u201d) oder Reineisen (meist noch kombiniert mit Aluminium) zum Einsatz. Die Teile werden im 3D-CAD Programm konstruiert und individuell als Einzelanfertigung oder in Serien gefertigt. Sind h\u00f6chste Abschirmeigenschaften notwendig, ist ein sogenanntes \u201cSchlussgl\u00fchen\u201d erforderlich. \u201cSchlussgegl\u00fchtes\u201d, oder thermisch behandeltes Mu-Metall, besitzt wesentlich bessere magnetische Abschirmeigenschaften.<\/p>\n<div id='gallery-1' class='gallery galleryid-556 gallery-columns-2 gallery-size-full'><figure class='gallery-item'>\n\t\t\t<div class='gallery-icon landscape'>\n\t\t\t\t<a href='https:\/\/systronemv.com\/wp-content\/uploads\/2022\/05\/Abschirmung-Ostec-rev01_180719-scaled.jpg'><img loading=\"lazy\" decoding=\"async\" width=\"2560\" height=\"1810\" src=\"https:\/\/systronemv.com\/wp-content\/uploads\/2022\/05\/Abschirmung-Ostec-rev01_180719-scaled.jpg\" class=\"attachment-full size-full landscape\" alt=\"Kundenspezifische Abschirmungen - Ger\u00e4teabschirmungen mit Mu-Metall - Null-Gauss\" aria-describedby=\"gallery-1-1071\" srcset=\"https:\/\/systronemv.com\/wp-content\/uploads\/2022\/05\/Abschirmung-Ostec-rev01_180719-scaled.jpg 2560w, https:\/\/systronemv.com\/wp-content\/uploads\/2022\/05\/Abschirmung-Ostec-rev01_180719-300x212.jpg 300w, https:\/\/systronemv.com\/wp-content\/uploads\/2022\/05\/Abschirmung-Ostec-rev01_180719-1024x724.jpg 1024w, https:\/\/systronemv.com\/wp-content\/uploads\/2022\/05\/Abschirmung-Ostec-rev01_180719-768x543.jpg 768w, https:\/\/systronemv.com\/wp-content\/uploads\/2022\/05\/Abschirmung-Ostec-rev01_180719-1536x1086.jpg 1536w, https:\/\/systronemv.com\/wp-content\/uploads\/2022\/05\/Abschirmung-Ostec-rev01_180719-2048x1448.jpg 2048w, https:\/\/systronemv.com\/wp-content\/uploads\/2022\/05\/Abschirmung-Ostec-rev01_180719-1568x1109.jpg 1568w\" sizes=\"auto, (max-width: 2560px) 100vw, 2560px\" \/><\/a>\n\t\t\t<\/div>\n\t\t\t\t<figcaption class='wp-caption-text gallery-caption' id='gallery-1-1071'>\n\t\t\t\tCAD Modell einer Mu-Metall Abschirmbox\n\t\t\t\t<\/figcaption><\/figure><figure class='gallery-item'>\n\t\t\t<div class='gallery-icon landscape'>\n\t\t\t\t<a href='https:\/\/systronemv.com\/wp-content\/uploads\/2022\/05\/2-lagige.abschirmbox-aus-mu-metall.jpg'><img loading=\"lazy\" decoding=\"async\" width=\"800\" height=\"600\" src=\"https:\/\/systronemv.com\/wp-content\/uploads\/2022\/05\/2-lagige.abschirmbox-aus-mu-metall.jpg\" class=\"attachment-full size-full landscape\" alt=\"Kundenspezifische Abschirmungen aus Mu-Metall f\u00fcr Pr\u00e4zisions-Waage\" aria-describedby=\"gallery-1-1073\" srcset=\"https:\/\/systronemv.com\/wp-content\/uploads\/2022\/05\/2-lagige.abschirmbox-aus-mu-metall.jpg 800w, https:\/\/systronemv.com\/wp-content\/uploads\/2022\/05\/2-lagige.abschirmbox-aus-mu-metall-300x225.jpg 300w, https:\/\/systronemv.com\/wp-content\/uploads\/2022\/05\/2-lagige.abschirmbox-aus-mu-metall-768x576.jpg 768w\" sizes=\"auto, (max-width: 800px) 100vw, 800px\" \/><\/a>\n\t\t\t<\/div>\n\t\t\t\t<figcaption class='wp-caption-text gallery-caption' id='gallery-1-1073'>\n\t\t\t\tMu-Metall Abschirmbox f\u00fcr Pr\u00e4zisions-Waage\n\t\t\t\t<\/figcaption><\/figure><figure class='gallery-item'>\n\t\t\t<div class='gallery-icon landscape'>\n\t\t\t\t<a href='https:\/\/systronemv.com\/wp-content\/uploads\/2022\/05\/mu-metal-shield-Kopie.jpg'><img loading=\"lazy\" decoding=\"async\" width=\"800\" height=\"600\" src=\"https:\/\/systronemv.com\/wp-content\/uploads\/2022\/05\/mu-metal-shield-Kopie.jpg\" class=\"attachment-full size-full landscape\" alt=\"Kundenspezifische Abschirmungen aus Mu-Metall f\u00fcr Halbleiter-Pr\u00fcfanlage\" aria-describedby=\"gallery-1-1075\" srcset=\"https:\/\/systronemv.com\/wp-content\/uploads\/2022\/05\/mu-metal-shield-Kopie.jpg 800w, https:\/\/systronemv.com\/wp-content\/uploads\/2022\/05\/mu-metal-shield-Kopie-300x225.jpg 300w, https:\/\/systronemv.com\/wp-content\/uploads\/2022\/05\/mu-metal-shield-Kopie-768x576.jpg 768w\" sizes=\"auto, (max-width: 800px) 100vw, 800px\" \/><\/a>\n\t\t\t<\/div>\n\t\t\t\t<figcaption class='wp-caption-text gallery-caption' id='gallery-1-1075'>\n\t\t\t\tMu-Metall Abschirmbox f\u00fcr Halbleiter-Pr\u00fcfanlage\n\t\t\t\t<\/figcaption><\/figure>\n\t\t<\/div>\n\n<p>[\/systron_generalboxes][\/vc_column][\/vc_row][vc_row][vc_column][systron_referenceboxes references=&#8220;%5B%7B%22reference_year%22%3A%222020%22%2C%22reference_title%22%3A%22Abschirmbox%20f%C3%BCr%20Pr%C3%A4zisionswaage%20bei%20Straumann%22%2C%22url%22%3A%22url%3Ahttps%253A%252F%252Fwww.systronemv.com%252Fde%252Freferenzen%252Freferenz-kundenspezifische-abschirmungen%252F%7Ctitle%3AHome%22%7D%2C%7B%22reference_year%22%3A%222017%20-%202020%22%2C%22reference_title%22%3A%22Abschirmgeh%C3%A4use%20f%C3%BCr%20Pipettierkanal%20MagPip%20von%20Hamilton%22%2C%22url%22%3A%22url%3Ahttps%253A%252F%252Fwww.systronemv.com%252Fde%252Freferenzen%252Freferenz-kundenspezifische-abschirmungen%252F%7Ctitle%3AHome%22%7D%5D&#8220;][\/vc_column][\/vc_row]<\/p>\n<\/div>","protected":false},"excerpt":{"rendered":"<p>[vc_row][vc_column][systron_generalboxes]Kundenspezifische Abschirmungen, oftmals auch \u201eNull Gauss Kammern\u201c genannt, werden entsprechend den spezifischen Anforderungen des Kunden gefertigt. Die Anwendungen reichen von kleinsten Abschirmungen im Millimeterbereich bis hin zu speziellen Konstruktionen f\u00fcr Maschinen oder Forschungsger\u00e4te. Solche Abschirmungen werden in unz\u00e4hligen Anwendungen eingesetzt (Satelliten, Formel 1 Rennwagen, Medizinaltechnik, Zug\u00fcberwachungssensoren, elektronischen W\u00e4gesystemen, Metallabscheidern, Magnetr\u00fchrwerken etc.).[\/systron_generalboxes][\/vc_column][\/vc_row][vc_row][vc_column][systron_generalboxes box_color=&#8220;general-color&#8220; left_general=&#8220;Title&#8220; box_left_title=&#8220;Ger\u00e4teabschirmungen&#8220;]Obwohl magnetische [&hellip;]<\/p>\n","protected":false},"author":3,"featured_media":0,"parent":37,"menu_order":0,"comment_status":"closed","ping_status":"closed","template":"","meta":{"_acf_changed":false,"inline_featured_image":false,"footnotes":""},"class_list":["post-556","page","type-page","status-publish","hentry"],"acf":[],"yoast_head":"<!-- This site is optimized with the Yoast SEO Premium plugin v26.2 (Yoast SEO v27.3) - https:\/\/yoast.com\/product\/yoast-seo-premium-wordpress\/ -->\n<title>Kundenspezifische Abschirmungen aus Mu-Metall<\/title>\n<meta name=\"description\" content=\"Kundenspezifische Abschirmungen: Ger\u00e4teabschirmungen, Null Gauss Kammer, Mu-Metall, Schlussgegl\u00fcht, Reineisen\" \/>\n<meta name=\"robots\" content=\"index, follow, max-snippet:-1, max-image-preview:large, max-video-preview:-1\" \/>\n<link rel=\"canonical\" href=\"https:\/\/systronemv.com\/de\/abschirmungen\/kundenspezifische-abschirmungen\/\" \/>\n<meta property=\"og:locale\" content=\"de_DE\" \/>\n<meta property=\"og:type\" content=\"article\" \/>\n<meta property=\"og:title\" content=\"Kundenspezifische Abschirmungen\" \/>\n<meta property=\"og:description\" content=\"Kundenspezifische Abschirmungen: Ger\u00e4teabschirmungen, Null Gauss Kammer, Mu-Metall, Schlussgegl\u00fcht, Reineisen\" \/>\n<meta property=\"og:url\" content=\"https:\/\/systronemv.com\/de\/abschirmungen\/kundenspezifische-abschirmungen\/\" \/>\n<meta property=\"og:site_name\" content=\"Systron EMV\" \/>\n<meta property=\"article:modified_time\" content=\"2024-03-14T10:22:51+00:00\" \/>\n<meta property=\"og:image\" content=\"https:\/\/systronemv.com\/wp-content\/uploads\/2022\/05\/Abschirmung-Ostec-rev01_180719-scaled.jpg\" \/>\n<meta name=\"twitter:card\" content=\"summary_large_image\" \/>\n<meta name=\"twitter:label1\" content=\"Gesch\u00e4tzte Lesezeit\" \/>\n\t<meta name=\"twitter:data1\" content=\"1\u00a0Minute\" \/>\n<script type=\"application\/ld+json\" class=\"yoast-schema-graph\">{\"@context\":\"https:\\\/\\\/schema.org\",\"@graph\":[{\"@type\":\"WebPage\",\"@id\":\"https:\\\/\\\/systronemv.com\\\/de\\\/abschirmungen\\\/kundenspezifische-abschirmungen\\\/\",\"url\":\"https:\\\/\\\/systronemv.com\\\/de\\\/abschirmungen\\\/kundenspezifische-abschirmungen\\\/\",\"name\":\"Kundenspezifische Abschirmungen aus Mu-Metall\",\"isPartOf\":{\"@id\":\"https:\\\/\\\/systronemv.com\\\/de\\\/#website\"},\"datePublished\":\"2022-04-13T14:09:48+00:00\",\"dateModified\":\"2024-03-14T10:22:51+00:00\",\"description\":\"Kundenspezifische Abschirmungen: Ger\u00e4teabschirmungen, Null Gauss Kammer, Mu-Metall, Schlussgegl\u00fcht, Reineisen\",\"breadcrumb\":{\"@id\":\"https:\\\/\\\/systronemv.com\\\/de\\\/abschirmungen\\\/kundenspezifische-abschirmungen\\\/#breadcrumb\"},\"inLanguage\":\"de\",\"potentialAction\":[{\"@type\":\"ReadAction\",\"target\":[\"https:\\\/\\\/systronemv.com\\\/de\\\/abschirmungen\\\/kundenspezifische-abschirmungen\\\/\"]}]},{\"@type\":\"BreadcrumbList\",\"@id\":\"https:\\\/\\\/systronemv.com\\\/de\\\/abschirmungen\\\/kundenspezifische-abschirmungen\\\/#breadcrumb\",\"itemListElement\":[{\"@type\":\"ListItem\",\"position\":1,\"name\":\"Home\",\"item\":\"https:\\\/\\\/systronemv.com\\\/de\\\/\"},{\"@type\":\"ListItem\",\"position\":2,\"name\":\"Abschirmungen\",\"item\":\"https:\\\/\\\/systronemv.com\\\/de\\\/abschirmungen\\\/\"},{\"@type\":\"ListItem\",\"position\":3,\"name\":\"Kundenspezifische Abschirmungen\"}]},{\"@type\":\"WebSite\",\"@id\":\"https:\\\/\\\/systronemv.com\\\/de\\\/#website\",\"url\":\"https:\\\/\\\/systronemv.com\\\/de\\\/\",\"name\":\"SYSTRON\",\"description\":\"Magnetfeld-Abschirmungen\",\"publisher\":{\"@id\":\"https:\\\/\\\/systronemv.com\\\/de\\\/#organization\"},\"potentialAction\":[{\"@type\":\"SearchAction\",\"target\":{\"@type\":\"EntryPoint\",\"urlTemplate\":\"https:\\\/\\\/systronemv.com\\\/de\\\/?s={search_term_string}\"},\"query-input\":{\"@type\":\"PropertyValueSpecification\",\"valueRequired\":true,\"valueName\":\"search_term_string\"}}],\"inLanguage\":\"de\"},{\"@type\":\"Organization\",\"@id\":\"https:\\\/\\\/systronemv.com\\\/de\\\/#organization\",\"name\":\"Systron emv GmbH\",\"url\":\"https:\\\/\\\/systronemv.com\\\/de\\\/\",\"logo\":{\"@type\":\"ImageObject\",\"inLanguage\":\"de\",\"@id\":\"https:\\\/\\\/systronemv.com\\\/de\\\/#\\\/schema\\\/logo\\\/image\\\/\",\"url\":\"https:\\\/\\\/systronemv.com\\\/wp-content\\\/uploads\\\/2024\\\/02\\\/Systron_Logo_positiv_Rahmen-scaled.jpg\",\"contentUrl\":\"https:\\\/\\\/systronemv.com\\\/wp-content\\\/uploads\\\/2024\\\/02\\\/Systron_Logo_positiv_Rahmen-scaled.jpg\",\"width\":2560,\"height\":738,\"caption\":\"Systron emv GmbH\"},\"image\":{\"@id\":\"https:\\\/\\\/systronemv.com\\\/de\\\/#\\\/schema\\\/logo\\\/image\\\/\"}}]}<\/script>\n<!-- \/ Yoast SEO Premium plugin. -->","yoast_head_json":{"title":"Kundenspezifische Abschirmungen aus Mu-Metall","description":"Kundenspezifische Abschirmungen: Ger\u00e4teabschirmungen, Null Gauss Kammer, Mu-Metall, Schlussgegl\u00fcht, Reineisen","robots":{"index":"index","follow":"follow","max-snippet":"max-snippet:-1","max-image-preview":"max-image-preview:large","max-video-preview":"max-video-preview:-1"},"canonical":"https:\/\/systronemv.com\/de\/abschirmungen\/kundenspezifische-abschirmungen\/","og_locale":"de_DE","og_type":"article","og_title":"Kundenspezifische Abschirmungen","og_description":"Kundenspezifische Abschirmungen: Ger\u00e4teabschirmungen, Null Gauss Kammer, Mu-Metall, Schlussgegl\u00fcht, Reineisen","og_url":"https:\/\/systronemv.com\/de\/abschirmungen\/kundenspezifische-abschirmungen\/","og_site_name":"Systron EMV","article_modified_time":"2024-03-14T10:22:51+00:00","og_image":[{"url":"https:\/\/systronemv.com\/wp-content\/uploads\/2022\/05\/Abschirmung-Ostec-rev01_180719-scaled.jpg","type":"","width":"","height":""}],"twitter_card":"summary_large_image","twitter_misc":{"Gesch\u00e4tzte Lesezeit":"1\u00a0Minute"},"schema":{"@context":"https:\/\/schema.org","@graph":[{"@type":"WebPage","@id":"https:\/\/systronemv.com\/de\/abschirmungen\/kundenspezifische-abschirmungen\/","url":"https:\/\/systronemv.com\/de\/abschirmungen\/kundenspezifische-abschirmungen\/","name":"Kundenspezifische Abschirmungen aus Mu-Metall","isPartOf":{"@id":"https:\/\/systronemv.com\/de\/#website"},"datePublished":"2022-04-13T14:09:48+00:00","dateModified":"2024-03-14T10:22:51+00:00","description":"Kundenspezifische Abschirmungen: Ger\u00e4teabschirmungen, Null Gauss Kammer, Mu-Metall, Schlussgegl\u00fcht, Reineisen","breadcrumb":{"@id":"https:\/\/systronemv.com\/de\/abschirmungen\/kundenspezifische-abschirmungen\/#breadcrumb"},"inLanguage":"de","potentialAction":[{"@type":"ReadAction","target":["https:\/\/systronemv.com\/de\/abschirmungen\/kundenspezifische-abschirmungen\/"]}]},{"@type":"BreadcrumbList","@id":"https:\/\/systronemv.com\/de\/abschirmungen\/kundenspezifische-abschirmungen\/#breadcrumb","itemListElement":[{"@type":"ListItem","position":1,"name":"Home","item":"https:\/\/systronemv.com\/de\/"},{"@type":"ListItem","position":2,"name":"Abschirmungen","item":"https:\/\/systronemv.com\/de\/abschirmungen\/"},{"@type":"ListItem","position":3,"name":"Kundenspezifische Abschirmungen"}]},{"@type":"WebSite","@id":"https:\/\/systronemv.com\/de\/#website","url":"https:\/\/systronemv.com\/de\/","name":"SYSTRON","description":"Magnetfeld-Abschirmungen","publisher":{"@id":"https:\/\/systronemv.com\/de\/#organization"},"potentialAction":[{"@type":"SearchAction","target":{"@type":"EntryPoint","urlTemplate":"https:\/\/systronemv.com\/de\/?s={search_term_string}"},"query-input":{"@type":"PropertyValueSpecification","valueRequired":true,"valueName":"search_term_string"}}],"inLanguage":"de"},{"@type":"Organization","@id":"https:\/\/systronemv.com\/de\/#organization","name":"Systron emv GmbH","url":"https:\/\/systronemv.com\/de\/","logo":{"@type":"ImageObject","inLanguage":"de","@id":"https:\/\/systronemv.com\/de\/#\/schema\/logo\/image\/","url":"https:\/\/systronemv.com\/wp-content\/uploads\/2024\/02\/Systron_Logo_positiv_Rahmen-scaled.jpg","contentUrl":"https:\/\/systronemv.com\/wp-content\/uploads\/2024\/02\/Systron_Logo_positiv_Rahmen-scaled.jpg","width":2560,"height":738,"caption":"Systron emv GmbH"},"image":{"@id":"https:\/\/systronemv.com\/de\/#\/schema\/logo\/image\/"}}]}},"_links":{"self":[{"href":"https:\/\/systronemv.com\/de\/wp-json\/wp\/v2\/pages\/556","targetHints":{"allow":["GET"]}}],"collection":[{"href":"https:\/\/systronemv.com\/de\/wp-json\/wp\/v2\/pages"}],"about":[{"href":"https:\/\/systronemv.com\/de\/wp-json\/wp\/v2\/types\/page"}],"author":[{"embeddable":true,"href":"https:\/\/systronemv.com\/de\/wp-json\/wp\/v2\/users\/3"}],"replies":[{"embeddable":true,"href":"https:\/\/systronemv.com\/de\/wp-json\/wp\/v2\/comments?post=556"}],"version-history":[{"count":0,"href":"https:\/\/systronemv.com\/de\/wp-json\/wp\/v2\/pages\/556\/revisions"}],"up":[{"embeddable":true,"href":"https:\/\/systronemv.com\/de\/wp-json\/wp\/v2\/pages\/37"}],"wp:attachment":[{"href":"https:\/\/systronemv.com\/de\/wp-json\/wp\/v2\/media?parent=556"}],"curies":[{"name":"wp","href":"https:\/\/api.w.org\/{rel}","templated":true}]}}