{"id":544,"date":"2022-04-13T13:59:14","date_gmt":"2022-04-13T13:59:14","guid":{"rendered":"https:\/\/systronemv.com\/syst\/?page_id=544"},"modified":"2025-02-27T13:40:29","modified_gmt":"2025-02-27T13:40:29","slug":"medizinische-geraete","status":"publish","type":"page","link":"https:\/\/systronemv.com\/de\/abschirmungen\/medizinische-geraete\/","title":{"rendered":"Medizinische Ger\u00e4te"},"content":{"rendered":"<div class=\"wpb-content-wrapper\"><p>[vc_row][vc_column][systron_generalboxes left_general=&#8220;Title&#8220; box_left_title=&#8220;<\/p>\n<h1>Abschirmungen f\u00fcr medizinische Ger\u00e4te wie EEG, EKG, EMG<\/h1>\n<p>&#8222;]Medizinische Ger\u00e4te wie beispielsweise EEG, EKG, EMG oder Insulinpumpen aber auch medizinische Implantate sind empfindlich gegen\u00fcber magnetischen Feldern. Entsprechend muss die Umgebung f\u00fcr den sicheren Betrieb dieser Ger\u00e4te gewissen Anforderungen entsprechen. Insbesondere die auf der Messung der elektrischen K\u00f6rperstr\u00f6me basierenden EEG, EKG und EMG Ger\u00e4te reagieren empfindlich gegen\u00fcber magnetischen Feldern. Entsprechende Grenzwerte sind deshalb in der DIN VDE 0100-710 oder der \u00d6NORM E8007 2007-12-01, den Normen f\u00fcr \u201cStarkstromanlagen in Krankenh\u00e4usern und medizinisch genutzten R\u00e4umen\u201d, festgelegt.<\/p>\n<div id='gallery-1' class='gallery galleryid-544 gallery-columns-3 gallery-size-full'><figure class='gallery-item'>\n\t\t\t<div class='gallery-icon landscape'>\n\t\t\t\t<a href='https:\/\/systronemv.com\/wp-content\/uploads\/2022\/04\/EKG-800.jpg'><img loading=\"lazy\" decoding=\"async\" width=\"800\" height=\"533\" src=\"https:\/\/systronemv.com\/wp-content\/uploads\/2022\/04\/EKG-800.jpg\" class=\"attachment-full size-full landscape\" alt=\"Medizinische Ger\u00e4te - Abschirmungen: EKG-Aufzeichnung im Operationssal\" aria-describedby=\"gallery-1-547\" srcset=\"https:\/\/systronemv.com\/wp-content\/uploads\/2022\/04\/EKG-800.jpg 800w, https:\/\/systronemv.com\/wp-content\/uploads\/2022\/04\/EKG-800-300x200.jpg 300w, https:\/\/systronemv.com\/wp-content\/uploads\/2022\/04\/EKG-800-768x512.jpg 768w\" sizes=\"auto, (max-width: 800px) 100vw, 800px\" \/><\/a>\n\t\t\t<\/div>\n\t\t\t\t<figcaption class='wp-caption-text gallery-caption' id='gallery-1-547'>\n\t\t\t\tEKG-Aufzeichnung im Operationssaal\n\t\t\t\t<\/figcaption><\/figure>\n\t\t<\/div>\n\n<p>[\/systron_generalboxes][\/vc_column][\/vc_row][vc_row][vc_column][systron_generalboxes box_color=&#8220;general-color&#8220; left_general=&#8220;Title&#8220; box_left_title=&#8220;<\/p>\n<h2>Abschirmung medizinisch genutzter R\u00e4ume<\/h2>\n<p>&#8222;]Mit auf <a href=\"https:\/\/systronemv.com\/abschirmsysteme\/systron-powershield\/\">Systron PowerShield\u00ae<\/a> basierenden Raum- oder Fl\u00e4chenabschirmungen k\u00f6nnen medizinisch genutzte R\u00e4ume, wie Intensivzimmer oder OP-R\u00e4ume wirkungsvoll vor magnetischen Feldern gesch\u00fctzt werden. In Spit\u00e4lern wird meist eine Kombination aus Raumabschirmung und Objektabschirmung verwendet. Die Raumabschirmung reduziert Magnetfelder von entfernten Quellen wie z.B. Bahnanlagen oder Hochspannungsleitungen.<\/p>\n<div id='gallery-2' class='gallery galleryid-544 gallery-columns-3 gallery-size-full'><figure class='gallery-item'>\n\t\t\t<div class='gallery-icon landscape'>\n\t\t\t\t<a href='https:\/\/systronemv.com\/wp-content\/uploads\/2022\/04\/Fertig_abgeschirmte_Decke-800.jpg'><img loading=\"lazy\" decoding=\"async\" width=\"800\" height=\"529\" src=\"https:\/\/systronemv.com\/wp-content\/uploads\/2022\/04\/Fertig_abgeschirmte_Decke-800.jpg\" class=\"attachment-full size-full landscape\" alt=\"Medizinische Ger\u00e4te - Abschirmungen: Magnetfeldabschirmung an Decke\" aria-describedby=\"gallery-2-550\" srcset=\"https:\/\/systronemv.com\/wp-content\/uploads\/2022\/04\/Fertig_abgeschirmte_Decke-800.jpg 800w, https:\/\/systronemv.com\/wp-content\/uploads\/2022\/04\/Fertig_abgeschirmte_Decke-800-300x198.jpg 300w, https:\/\/systronemv.com\/wp-content\/uploads\/2022\/04\/Fertig_abgeschirmte_Decke-800-768x508.jpg 768w\" sizes=\"auto, (max-width: 800px) 100vw, 800px\" \/><\/a>\n\t\t\t<\/div>\n\t\t\t\t<figcaption class='wp-caption-text gallery-caption' id='gallery-2-550'>\n\t\t\t\tMagnetfeldabschirmung an der Decke im Bereich von OP-R\u00e4umen\n\t\t\t\t<\/figcaption><\/figure><figure class='gallery-item'>\n\t\t\t<div class='gallery-icon landscape'>\n\t\t\t\t<a href='https:\/\/systronemv.com\/wp-content\/uploads\/2022\/04\/Magnetisch_abgeschirmtes_Intensivzimmer_kurz_vor_Inbetriebnahme-800.jpg'><img loading=\"lazy\" decoding=\"async\" width=\"800\" height=\"450\" src=\"https:\/\/systronemv.com\/wp-content\/uploads\/2022\/04\/Magnetisch_abgeschirmtes_Intensivzimmer_kurz_vor_Inbetriebnahme-800.jpg\" class=\"attachment-full size-full landscape\" alt=\"Medizinische Ger\u00e4te - Abschirmungen: Magnetfeldabschirmung in Intensivpflegezimmer\" aria-describedby=\"gallery-2-552\" srcset=\"https:\/\/systronemv.com\/wp-content\/uploads\/2022\/04\/Magnetisch_abgeschirmtes_Intensivzimmer_kurz_vor_Inbetriebnahme-800.jpg 800w, https:\/\/systronemv.com\/wp-content\/uploads\/2022\/04\/Magnetisch_abgeschirmtes_Intensivzimmer_kurz_vor_Inbetriebnahme-800-300x169.jpg 300w, https:\/\/systronemv.com\/wp-content\/uploads\/2022\/04\/Magnetisch_abgeschirmtes_Intensivzimmer_kurz_vor_Inbetriebnahme-800-768x432.jpg 768w\" sizes=\"auto, (max-width: 800px) 100vw, 800px\" \/><\/a>\n\t\t\t<\/div>\n\t\t\t\t<figcaption class='wp-caption-text gallery-caption' id='gallery-2-552'>\n\t\t\t\tIntensivpflegezimmer mit Magnetfeldabschirmung\n\t\t\t\t<\/figcaption><\/figure>\n\t\t<\/div>\n\n<p>[\/systron_generalboxes][\/vc_column][\/vc_row][vc_row][vc_column][systron_referenceboxes references=&#8220;%5B%7B%22reference_title%22%3A%22Krankenhaus%20Nord%2C%20Wien%22%2C%22url%22%3A%22url%3Ahttps%253A%252F%252Fwww.systronemv.com%252Fde%252Freferenzen%252Freferenz-medizinische-geraete%252F%7Ctitle%3AHome%22%7D%5D&#8220;][\/vc_column][\/vc_row]<\/p>\n<\/div>","protected":false},"excerpt":{"rendered":"<p>[vc_row][vc_column][systron_generalboxes left_general=&#8220;Title&#8220; box_left_title=&#8220; Abschirmungen f\u00fcr medizinische Ger\u00e4te wie EEG, EKG, EMG &#8222;]Medizinische Ger\u00e4te wie beispielsweise EEG, EKG, EMG oder Insulinpumpen aber auch medizinische Implantate sind empfindlich gegen\u00fcber magnetischen Feldern. Entsprechend muss die Umgebung f\u00fcr den sicheren Betrieb dieser Ger\u00e4te gewissen Anforderungen entsprechen. Insbesondere die auf der Messung der elektrischen K\u00f6rperstr\u00f6me basierenden EEG, EKG und EMG [&hellip;]<\/p>\n","protected":false},"author":3,"featured_media":0,"parent":37,"menu_order":0,"comment_status":"closed","ping_status":"closed","template":"","meta":{"_acf_changed":false,"inline_featured_image":false,"footnotes":""},"class_list":["post-544","page","type-page","status-publish","hentry"],"acf":[],"yoast_head":"<!-- This site is optimized with the Yoast SEO Premium plugin v26.2 (Yoast SEO v27.3) - https:\/\/yoast.com\/product\/yoast-seo-premium-wordpress\/ -->\n<title>Medizinische Ger\u00e4te - Abschirmungen<\/title>\n<meta name=\"description\" content=\"Medizinische Ger\u00e4te - Abschirmungen: Abschirmung medizinisch genutzter Raum (EKG, EEG, EMG) mit Systron PowerShield\" \/>\n<meta name=\"robots\" content=\"index, follow, max-snippet:-1, max-image-preview:large, max-video-preview:-1\" \/>\n<link rel=\"canonical\" href=\"https:\/\/systronemv.com\/de\/abschirmungen\/medizinische-geraete\/\" \/>\n<meta property=\"og:locale\" content=\"de_DE\" \/>\n<meta property=\"og:type\" content=\"article\" \/>\n<meta property=\"og:title\" content=\"Medizinische Ger\u00e4te\" \/>\n<meta property=\"og:description\" content=\"Medizinische Ger\u00e4te - Abschirmungen: Abschirmung medizinisch genutzter Raum (EKG, EEG, EMG) mit Systron PowerShield\" \/>\n<meta property=\"og:url\" content=\"https:\/\/systronemv.com\/de\/abschirmungen\/medizinische-geraete\/\" \/>\n<meta property=\"og:site_name\" content=\"Systron EMV\" \/>\n<meta property=\"article:modified_time\" content=\"2025-02-27T13:40:29+00:00\" \/>\n<meta name=\"twitter:card\" content=\"summary_large_image\" \/>\n<meta name=\"twitter:label1\" content=\"Gesch\u00e4tzte Lesezeit\" \/>\n\t<meta name=\"twitter:data1\" content=\"1\u00a0Minute\" \/>\n<script type=\"application\/ld+json\" class=\"yoast-schema-graph\">{\"@context\":\"https:\\\/\\\/schema.org\",\"@graph\":[{\"@type\":\"WebPage\",\"@id\":\"https:\\\/\\\/systronemv.com\\\/de\\\/abschirmungen\\\/medizinische-geraete\\\/\",\"url\":\"https:\\\/\\\/systronemv.com\\\/de\\\/abschirmungen\\\/medizinische-geraete\\\/\",\"name\":\"Medizinische Ger\u00e4te - Abschirmungen\",\"isPartOf\":{\"@id\":\"https:\\\/\\\/systronemv.com\\\/de\\\/#website\"},\"datePublished\":\"2022-04-13T13:59:14+00:00\",\"dateModified\":\"2025-02-27T13:40:29+00:00\",\"description\":\"Medizinische Ger\u00e4te - Abschirmungen: Abschirmung medizinisch genutzter Raum (EKG, EEG, EMG) mit Systron PowerShield\",\"breadcrumb\":{\"@id\":\"https:\\\/\\\/systronemv.com\\\/de\\\/abschirmungen\\\/medizinische-geraete\\\/#breadcrumb\"},\"inLanguage\":\"de\",\"potentialAction\":[{\"@type\":\"ReadAction\",\"target\":[\"https:\\\/\\\/systronemv.com\\\/de\\\/abschirmungen\\\/medizinische-geraete\\\/\"]}]},{\"@type\":\"BreadcrumbList\",\"@id\":\"https:\\\/\\\/systronemv.com\\\/de\\\/abschirmungen\\\/medizinische-geraete\\\/#breadcrumb\",\"itemListElement\":[{\"@type\":\"ListItem\",\"position\":1,\"name\":\"Home\",\"item\":\"https:\\\/\\\/systronemv.com\\\/de\\\/\"},{\"@type\":\"ListItem\",\"position\":2,\"name\":\"Abschirmungen\",\"item\":\"https:\\\/\\\/systronemv.com\\\/de\\\/abschirmungen\\\/\"},{\"@type\":\"ListItem\",\"position\":3,\"name\":\"Medizinische Ger\u00e4te\"}]},{\"@type\":\"WebSite\",\"@id\":\"https:\\\/\\\/systronemv.com\\\/de\\\/#website\",\"url\":\"https:\\\/\\\/systronemv.com\\\/de\\\/\",\"name\":\"SYSTRON\",\"description\":\"Magnetfeld-Abschirmungen\",\"publisher\":{\"@id\":\"https:\\\/\\\/systronemv.com\\\/de\\\/#organization\"},\"potentialAction\":[{\"@type\":\"SearchAction\",\"target\":{\"@type\":\"EntryPoint\",\"urlTemplate\":\"https:\\\/\\\/systronemv.com\\\/de\\\/?s={search_term_string}\"},\"query-input\":{\"@type\":\"PropertyValueSpecification\",\"valueRequired\":true,\"valueName\":\"search_term_string\"}}],\"inLanguage\":\"de\"},{\"@type\":\"Organization\",\"@id\":\"https:\\\/\\\/systronemv.com\\\/de\\\/#organization\",\"name\":\"Systron emv GmbH\",\"url\":\"https:\\\/\\\/systronemv.com\\\/de\\\/\",\"logo\":{\"@type\":\"ImageObject\",\"inLanguage\":\"de\",\"@id\":\"https:\\\/\\\/systronemv.com\\\/de\\\/#\\\/schema\\\/logo\\\/image\\\/\",\"url\":\"https:\\\/\\\/systronemv.com\\\/wp-content\\\/uploads\\\/2024\\\/02\\\/Systron_Logo_positiv_Rahmen-scaled.jpg\",\"contentUrl\":\"https:\\\/\\\/systronemv.com\\\/wp-content\\\/uploads\\\/2024\\\/02\\\/Systron_Logo_positiv_Rahmen-scaled.jpg\",\"width\":2560,\"height\":738,\"caption\":\"Systron emv GmbH\"},\"image\":{\"@id\":\"https:\\\/\\\/systronemv.com\\\/de\\\/#\\\/schema\\\/logo\\\/image\\\/\"}}]}<\/script>\n<!-- \/ Yoast SEO Premium plugin. -->","yoast_head_json":{"title":"Medizinische Ger\u00e4te - Abschirmungen","description":"Medizinische Ger\u00e4te - Abschirmungen: Abschirmung medizinisch genutzter Raum (EKG, EEG, EMG) mit Systron PowerShield","robots":{"index":"index","follow":"follow","max-snippet":"max-snippet:-1","max-image-preview":"max-image-preview:large","max-video-preview":"max-video-preview:-1"},"canonical":"https:\/\/systronemv.com\/de\/abschirmungen\/medizinische-geraete\/","og_locale":"de_DE","og_type":"article","og_title":"Medizinische Ger\u00e4te","og_description":"Medizinische Ger\u00e4te - Abschirmungen: Abschirmung medizinisch genutzter Raum (EKG, EEG, EMG) mit Systron PowerShield","og_url":"https:\/\/systronemv.com\/de\/abschirmungen\/medizinische-geraete\/","og_site_name":"Systron EMV","article_modified_time":"2025-02-27T13:40:29+00:00","twitter_card":"summary_large_image","twitter_misc":{"Gesch\u00e4tzte Lesezeit":"1\u00a0Minute"},"schema":{"@context":"https:\/\/schema.org","@graph":[{"@type":"WebPage","@id":"https:\/\/systronemv.com\/de\/abschirmungen\/medizinische-geraete\/","url":"https:\/\/systronemv.com\/de\/abschirmungen\/medizinische-geraete\/","name":"Medizinische Ger\u00e4te - Abschirmungen","isPartOf":{"@id":"https:\/\/systronemv.com\/de\/#website"},"datePublished":"2022-04-13T13:59:14+00:00","dateModified":"2025-02-27T13:40:29+00:00","description":"Medizinische Ger\u00e4te - Abschirmungen: Abschirmung medizinisch genutzter Raum (EKG, EEG, EMG) mit Systron PowerShield","breadcrumb":{"@id":"https:\/\/systronemv.com\/de\/abschirmungen\/medizinische-geraete\/#breadcrumb"},"inLanguage":"de","potentialAction":[{"@type":"ReadAction","target":["https:\/\/systronemv.com\/de\/abschirmungen\/medizinische-geraete\/"]}]},{"@type":"BreadcrumbList","@id":"https:\/\/systronemv.com\/de\/abschirmungen\/medizinische-geraete\/#breadcrumb","itemListElement":[{"@type":"ListItem","position":1,"name":"Home","item":"https:\/\/systronemv.com\/de\/"},{"@type":"ListItem","position":2,"name":"Abschirmungen","item":"https:\/\/systronemv.com\/de\/abschirmungen\/"},{"@type":"ListItem","position":3,"name":"Medizinische Ger\u00e4te"}]},{"@type":"WebSite","@id":"https:\/\/systronemv.com\/de\/#website","url":"https:\/\/systronemv.com\/de\/","name":"SYSTRON","description":"Magnetfeld-Abschirmungen","publisher":{"@id":"https:\/\/systronemv.com\/de\/#organization"},"potentialAction":[{"@type":"SearchAction","target":{"@type":"EntryPoint","urlTemplate":"https:\/\/systronemv.com\/de\/?s={search_term_string}"},"query-input":{"@type":"PropertyValueSpecification","valueRequired":true,"valueName":"search_term_string"}}],"inLanguage":"de"},{"@type":"Organization","@id":"https:\/\/systronemv.com\/de\/#organization","name":"Systron emv GmbH","url":"https:\/\/systronemv.com\/de\/","logo":{"@type":"ImageObject","inLanguage":"de","@id":"https:\/\/systronemv.com\/de\/#\/schema\/logo\/image\/","url":"https:\/\/systronemv.com\/wp-content\/uploads\/2024\/02\/Systron_Logo_positiv_Rahmen-scaled.jpg","contentUrl":"https:\/\/systronemv.com\/wp-content\/uploads\/2024\/02\/Systron_Logo_positiv_Rahmen-scaled.jpg","width":2560,"height":738,"caption":"Systron emv GmbH"},"image":{"@id":"https:\/\/systronemv.com\/de\/#\/schema\/logo\/image\/"}}]}},"_links":{"self":[{"href":"https:\/\/systronemv.com\/de\/wp-json\/wp\/v2\/pages\/544","targetHints":{"allow":["GET"]}}],"collection":[{"href":"https:\/\/systronemv.com\/de\/wp-json\/wp\/v2\/pages"}],"about":[{"href":"https:\/\/systronemv.com\/de\/wp-json\/wp\/v2\/types\/page"}],"author":[{"embeddable":true,"href":"https:\/\/systronemv.com\/de\/wp-json\/wp\/v2\/users\/3"}],"replies":[{"embeddable":true,"href":"https:\/\/systronemv.com\/de\/wp-json\/wp\/v2\/comments?post=544"}],"version-history":[{"count":0,"href":"https:\/\/systronemv.com\/de\/wp-json\/wp\/v2\/pages\/544\/revisions"}],"up":[{"embeddable":true,"href":"https:\/\/systronemv.com\/de\/wp-json\/wp\/v2\/pages\/37"}],"wp:attachment":[{"href":"https:\/\/systronemv.com\/de\/wp-json\/wp\/v2\/media?parent=544"}],"curies":[{"name":"wp","href":"https:\/\/api.w.org\/{rel}","templated":true}]}}