{"id":526,"date":"2022-04-13T13:42:56","date_gmt":"2022-04-13T13:42:56","guid":{"rendered":"https:\/\/systronemv.com\/syst\/?page_id=526"},"modified":"2025-02-27T13:38:08","modified_gmt":"2025-02-27T13:38:08","slug":"magnete","status":"publish","type":"page","link":"https:\/\/systronemv.com\/de\/abschirmungen\/magnete\/","title":{"rendered":"Magnete"},"content":{"rendered":"<div class=\"wpb-content-wrapper\"><p>[vc_row][vc_column][systron_generalboxes left_general=&#8220;Title&#8220; box_left_title=&#8220;<\/p>\n<h1>Abschirmungen f\u00fcr Magnete<\/h1>\n<p>&#8222;]Permanentmagnete oder durch Spulen erzeugte Magnete, generieren starke statische Magnetfelder, welche im Kern mehrere Tesla betragen k\u00f6nnen. Zu dieser Kategorie geh\u00f6ren unter anderem NMR-Magnete.[\/systron_generalboxes][\/vc_column][\/vc_row][vc_row][vc_column][systron_generalboxes box_color=&#8220;general-color&#8220; left_general=&#8220;Title&#8220; box_left_title=&#8220;Abschirmung NMR&#8220;]Die NMR-Spektroskopie ist eine Methode zur Untersuchung der elektronischen Umgebung einzelner Atome und deren Wechselwirkungen mit den Nachbaratomen. Dabei befindet sich die Probe in einem starken, statischen Magnetfeld, welches durch eine bestromte Spule erzeugt wird.<\/p>\n<div id='gallery-1' class='gallery galleryid-526 gallery-columns-3 gallery-size-full'><figure class='gallery-item'>\n\t\t\t<div class='gallery-icon landscape'>\n\t\t\t\t<a href='https:\/\/systronemv.com\/wp-content\/uploads\/2022\/04\/nmr-stray-field.jpg'><img loading=\"lazy\" decoding=\"async\" width=\"800\" height=\"601\" src=\"https:\/\/systronemv.com\/wp-content\/uploads\/2022\/04\/nmr-stray-field.jpg\" class=\"attachment-full size-full landscape\" alt=\"Magnete - Abschirmung NMR: Streufeld eines NMR Magneten\" aria-describedby=\"gallery-1-529\" srcset=\"https:\/\/systronemv.com\/wp-content\/uploads\/2022\/04\/nmr-stray-field.jpg 800w, https:\/\/systronemv.com\/wp-content\/uploads\/2022\/04\/nmr-stray-field-300x225.jpg 300w, https:\/\/systronemv.com\/wp-content\/uploads\/2022\/04\/nmr-stray-field-768x577.jpg 768w\" sizes=\"auto, (max-width: 800px) 100vw, 800px\" \/><\/a>\n\t\t\t<\/div>\n\t\t\t\t<figcaption class='wp-caption-text gallery-caption' id='gallery-1-529'>\n\t\t\t\tStreufeld eines NMR-Magneten\n\t\t\t\t<\/figcaption><\/figure>\n\t\t<\/div>\n\n<div class=\"text-article\">\n<p>Um die starken Magnetfelder solcher DC-Magneten zu reduzieren, m\u00fcssen <a href=\"https:\/\/systronemv.com\/abschirmsysteme\/streufeldabschirmung\/\">Streufeldabschirmungen<\/a> mit hoher S\u00e4ttigung eingesetzt werden. Damit werden Bereiche um die Magnete herum auf &lt;5 Gauss (500\u00b5T) begrenzt, was dem vorgeschriebenen Grenzwert f\u00fcr elektrische Implantate wie Herzschrittmacher entspricht. Die Anwendung ist jedoch nicht nur auf das Einhalten der 5 Gauss Linie begrenzt, sondern richtet sich nach den Vorgaben des Kunden. So werden oftmals im biologischen Forschungsbereich Werte in der Gr\u00f6ssenordnung des Erdmagnetfeldes, also 50\u00b5T verlangt, damit die biologischen Experimente in \u201cnat\u00fcrlicher\u201d Umgebung durchgef\u00fchrt werden k\u00f6nnen.<\/p>\n<p>Mittels <a href=\"https:\/\/systronemv.com\/abschirmsysteme\/streufeldabschirmung\/\">Streufeldabschirmung<\/a> werden die Felder von starken Magneten, wie sie von NMR\u2018s verursacht werden, wirkungsvoll reduziert. Als Abschirmmaterial f\u00fcr starke magnetische Gleichfelder wird meist Reineisen verwendet, welches eine hohe S\u00e4ttigungsflussdichte besitzt.<\/p>\n<div id='gallery-2' class='gallery galleryid-526 gallery-columns-3 gallery-size-full'><figure class='gallery-item'>\n\t\t\t<div class='gallery-icon landscape'>\n\t\t\t\t<a href='https:\/\/systronemv.com\/de\/abschirmungen\/magnete\/img_5856-800-2\/'><img loading=\"lazy\" decoding=\"async\" width=\"800\" height=\"450\" src=\"https:\/\/systronemv.com\/wp-content\/uploads\/2022\/04\/IMG_5856-800-1.jpg\" class=\"attachment-full size-full landscape\" alt=\"Magnete - Abschirmungen: Abschirmung aus Reineisen um NMR Magnet\" aria-describedby=\"gallery-2-534\" srcset=\"https:\/\/systronemv.com\/wp-content\/uploads\/2022\/04\/IMG_5856-800-1.jpg 800w, https:\/\/systronemv.com\/wp-content\/uploads\/2022\/04\/IMG_5856-800-1-300x169.jpg 300w, https:\/\/systronemv.com\/wp-content\/uploads\/2022\/04\/IMG_5856-800-1-768x432.jpg 768w\" sizes=\"auto, (max-width: 800px) 100vw, 800px\" \/><\/a>\n\t\t\t<\/div>\n\t\t\t\t<figcaption class='wp-caption-text gallery-caption' id='gallery-2-534'>\n\t\t\t\tAbschirmung aus Reineisen um NMR-Magnet\n\t\t\t\t<\/figcaption><\/figure>\n\t\t<\/div>\n\n<p>Die ben\u00f6tigte St\u00e4rke des Materials und die Abschirmfl\u00e4che wird durch &#8222;Finite Elemente Methode&#8220; (FEM) Simulationen ermittelt. Gleichfeldabschirmungen sind im Vergleich zu Wechselfeldabschirmungen typischerweise wesentlich dicker und entsprechend schwerer.<\/p>\n<div id='gallery-3' class='gallery galleryid-526 gallery-columns-3 gallery-size-full'><figure class='gallery-item'>\n\t\t\t<div class='gallery-icon landscape'>\n\t\t\t\t<a href='https:\/\/systronemv.com\/de\/abschirmungen\/magnete\/3d_fem_nmr_shielded-800-2\/'><img loading=\"lazy\" decoding=\"async\" width=\"800\" height=\"587\" src=\"https:\/\/systronemv.com\/wp-content\/uploads\/2022\/04\/3D_FEM_NMR_Shielded-800-1.jpg\" class=\"attachment-full size-full landscape\" alt=\"Magnete - Abschirmungen: 3D FEM Magnetfeldsimulation\" aria-describedby=\"gallery-3-537\" srcset=\"https:\/\/systronemv.com\/wp-content\/uploads\/2022\/04\/3D_FEM_NMR_Shielded-800-1.jpg 800w, https:\/\/systronemv.com\/wp-content\/uploads\/2022\/04\/3D_FEM_NMR_Shielded-800-1-300x220.jpg 300w, https:\/\/systronemv.com\/wp-content\/uploads\/2022\/04\/3D_FEM_NMR_Shielded-800-1-768x564.jpg 768w\" sizes=\"auto, (max-width: 800px) 100vw, 800px\" \/><\/a>\n\t\t\t<\/div>\n\t\t\t\t<figcaption class='wp-caption-text gallery-caption' id='gallery-3-537'>\n\t\t\t\t3D FEM Simulation einer Magnetfeldabschirmung f\u00fcr einen NMR-Magneten\n\t\t\t\t<\/figcaption><\/figure>\n\t\t<\/div>\n\n<\/div>\n<p>[\/systron_generalboxes][\/vc_column][\/vc_row][vc_row][vc_column][systron_referenceboxes references=&#8220;%5B%7B%22reference_title%22%3A%22NMR-Abschirmung%20Institute%20%60Paris%22%2C%22url%22%3A%22url%3Ahttps%253A%252F%252Fsystronemv.com%252Fde%252Freferenzen%252Freferenz-magnete%252F%7Ctitle%3AHome%22%7D%5D&#8220;][\/vc_column][\/vc_row]<\/p>\n<\/div>","protected":false},"excerpt":{"rendered":"<p>[vc_row][vc_column][systron_generalboxes left_general=&#8220;Title&#8220; box_left_title=&#8220; Abschirmungen f\u00fcr Magnete &#8222;]Permanentmagnete oder durch Spulen erzeugte Magnete, generieren starke statische Magnetfelder, welche im Kern mehrere Tesla betragen k\u00f6nnen. Zu dieser Kategorie geh\u00f6ren unter anderem NMR-Magnete.[\/systron_generalboxes][\/vc_column][\/vc_row][vc_row][vc_column][systron_generalboxes box_color=&#8220;general-color&#8220; left_general=&#8220;Title&#8220; box_left_title=&#8220;Abschirmung NMR&#8220;]Die NMR-Spektroskopie ist eine Methode zur Untersuchung der elektronischen Umgebung einzelner Atome und deren Wechselwirkungen mit den Nachbaratomen. Dabei befindet sich die [&hellip;]<\/p>\n","protected":false},"author":3,"featured_media":0,"parent":37,"menu_order":0,"comment_status":"closed","ping_status":"closed","template":"","meta":{"_acf_changed":false,"inline_featured_image":false,"footnotes":""},"class_list":["post-526","page","type-page","status-publish","hentry"],"acf":[],"yoast_head":"<!-- This site is optimized with the Yoast SEO Premium plugin v26.2 (Yoast SEO v27.2) - https:\/\/yoast.com\/product\/yoast-seo-premium-wordpress\/ -->\n<title>Magnete - Abschirmung NMR MRI<\/title>\n<meta name=\"description\" content=\"Magnete - Abschirmungen: NMR-Spektroskopie, MRI, Reineisenabschirmung, Simulation 5-Gauss Linie\" \/>\n<meta name=\"robots\" content=\"index, follow, max-snippet:-1, max-image-preview:large, max-video-preview:-1\" \/>\n<link rel=\"canonical\" href=\"https:\/\/systronemv.com\/de\/abschirmungen\/magnete\/\" \/>\n<meta property=\"og:locale\" content=\"de_DE\" \/>\n<meta property=\"og:type\" content=\"article\" \/>\n<meta property=\"og:title\" content=\"Magnete\" \/>\n<meta property=\"og:description\" content=\"Magnete - Abschirmungen: NMR-Spektroskopie, MRI, Reineisenabschirmung, Simulation 5-Gauss Linie\" \/>\n<meta property=\"og:url\" content=\"https:\/\/systronemv.com\/de\/abschirmungen\/magnete\/\" \/>\n<meta property=\"og:site_name\" content=\"Systron EMV\" \/>\n<meta property=\"article:modified_time\" content=\"2025-02-27T13:38:08+00:00\" \/>\n<meta name=\"twitter:card\" content=\"summary_large_image\" \/>\n<meta name=\"twitter:label1\" content=\"Gesch\u00e4tzte Lesezeit\" \/>\n\t<meta name=\"twitter:data1\" content=\"1\u00a0Minute\" \/>\n<script type=\"application\/ld+json\" class=\"yoast-schema-graph\">{\"@context\":\"https:\/\/schema.org\",\"@graph\":[{\"@type\":\"WebPage\",\"@id\":\"https:\/\/systronemv.com\/de\/abschirmungen\/magnete\/\",\"url\":\"https:\/\/systronemv.com\/de\/abschirmungen\/magnete\/\",\"name\":\"Magnete - Abschirmung NMR MRI\",\"isPartOf\":{\"@id\":\"https:\/\/systronemv.com\/de\/#website\"},\"datePublished\":\"2022-04-13T13:42:56+00:00\",\"dateModified\":\"2025-02-27T13:38:08+00:00\",\"description\":\"Magnete - Abschirmungen: NMR-Spektroskopie, MRI, Reineisenabschirmung, Simulation 5-Gauss Linie\",\"breadcrumb\":{\"@id\":\"https:\/\/systronemv.com\/de\/abschirmungen\/magnete\/#breadcrumb\"},\"inLanguage\":\"de\",\"potentialAction\":[{\"@type\":\"ReadAction\",\"target\":[\"https:\/\/systronemv.com\/de\/abschirmungen\/magnete\/\"]}]},{\"@type\":\"BreadcrumbList\",\"@id\":\"https:\/\/systronemv.com\/de\/abschirmungen\/magnete\/#breadcrumb\",\"itemListElement\":[{\"@type\":\"ListItem\",\"position\":1,\"name\":\"Home\",\"item\":\"https:\/\/systronemv.com\/de\/\"},{\"@type\":\"ListItem\",\"position\":2,\"name\":\"Abschirmungen\",\"item\":\"https:\/\/systronemv.com\/de\/abschirmungen\/\"},{\"@type\":\"ListItem\",\"position\":3,\"name\":\"Magnete\"}]},{\"@type\":\"WebSite\",\"@id\":\"https:\/\/systronemv.com\/de\/#website\",\"url\":\"https:\/\/systronemv.com\/de\/\",\"name\":\"SYSTRON\",\"description\":\"Magnetfeld-Abschirmungen\",\"publisher\":{\"@id\":\"https:\/\/systronemv.com\/de\/#organization\"},\"potentialAction\":[{\"@type\":\"SearchAction\",\"target\":{\"@type\":\"EntryPoint\",\"urlTemplate\":\"https:\/\/systronemv.com\/de\/?s={search_term_string}\"},\"query-input\":{\"@type\":\"PropertyValueSpecification\",\"valueRequired\":true,\"valueName\":\"search_term_string\"}}],\"inLanguage\":\"de\"},{\"@type\":\"Organization\",\"@id\":\"https:\/\/systronemv.com\/de\/#organization\",\"name\":\"Systron emv GmbH\",\"url\":\"https:\/\/systronemv.com\/de\/\",\"logo\":{\"@type\":\"ImageObject\",\"inLanguage\":\"de\",\"@id\":\"https:\/\/systronemv.com\/de\/#\/schema\/logo\/image\/\",\"url\":\"https:\/\/systronemv.com\/wp-content\/uploads\/2024\/02\/Systron_Logo_positiv_Rahmen-scaled.jpg\",\"contentUrl\":\"https:\/\/systronemv.com\/wp-content\/uploads\/2024\/02\/Systron_Logo_positiv_Rahmen-scaled.jpg\",\"width\":2560,\"height\":738,\"caption\":\"Systron emv GmbH\"},\"image\":{\"@id\":\"https:\/\/systronemv.com\/de\/#\/schema\/logo\/image\/\"}}]}<\/script>\n<!-- \/ Yoast SEO Premium plugin. -->","yoast_head_json":{"title":"Magnete - Abschirmung NMR MRI","description":"Magnete - Abschirmungen: NMR-Spektroskopie, MRI, Reineisenabschirmung, Simulation 5-Gauss Linie","robots":{"index":"index","follow":"follow","max-snippet":"max-snippet:-1","max-image-preview":"max-image-preview:large","max-video-preview":"max-video-preview:-1"},"canonical":"https:\/\/systronemv.com\/de\/abschirmungen\/magnete\/","og_locale":"de_DE","og_type":"article","og_title":"Magnete","og_description":"Magnete - Abschirmungen: NMR-Spektroskopie, MRI, Reineisenabschirmung, Simulation 5-Gauss Linie","og_url":"https:\/\/systronemv.com\/de\/abschirmungen\/magnete\/","og_site_name":"Systron EMV","article_modified_time":"2025-02-27T13:38:08+00:00","twitter_card":"summary_large_image","twitter_misc":{"Gesch\u00e4tzte Lesezeit":"1\u00a0Minute"},"schema":{"@context":"https:\/\/schema.org","@graph":[{"@type":"WebPage","@id":"https:\/\/systronemv.com\/de\/abschirmungen\/magnete\/","url":"https:\/\/systronemv.com\/de\/abschirmungen\/magnete\/","name":"Magnete - Abschirmung NMR MRI","isPartOf":{"@id":"https:\/\/systronemv.com\/de\/#website"},"datePublished":"2022-04-13T13:42:56+00:00","dateModified":"2025-02-27T13:38:08+00:00","description":"Magnete - Abschirmungen: NMR-Spektroskopie, MRI, Reineisenabschirmung, Simulation 5-Gauss Linie","breadcrumb":{"@id":"https:\/\/systronemv.com\/de\/abschirmungen\/magnete\/#breadcrumb"},"inLanguage":"de","potentialAction":[{"@type":"ReadAction","target":["https:\/\/systronemv.com\/de\/abschirmungen\/magnete\/"]}]},{"@type":"BreadcrumbList","@id":"https:\/\/systronemv.com\/de\/abschirmungen\/magnete\/#breadcrumb","itemListElement":[{"@type":"ListItem","position":1,"name":"Home","item":"https:\/\/systronemv.com\/de\/"},{"@type":"ListItem","position":2,"name":"Abschirmungen","item":"https:\/\/systronemv.com\/de\/abschirmungen\/"},{"@type":"ListItem","position":3,"name":"Magnete"}]},{"@type":"WebSite","@id":"https:\/\/systronemv.com\/de\/#website","url":"https:\/\/systronemv.com\/de\/","name":"SYSTRON","description":"Magnetfeld-Abschirmungen","publisher":{"@id":"https:\/\/systronemv.com\/de\/#organization"},"potentialAction":[{"@type":"SearchAction","target":{"@type":"EntryPoint","urlTemplate":"https:\/\/systronemv.com\/de\/?s={search_term_string}"},"query-input":{"@type":"PropertyValueSpecification","valueRequired":true,"valueName":"search_term_string"}}],"inLanguage":"de"},{"@type":"Organization","@id":"https:\/\/systronemv.com\/de\/#organization","name":"Systron emv GmbH","url":"https:\/\/systronemv.com\/de\/","logo":{"@type":"ImageObject","inLanguage":"de","@id":"https:\/\/systronemv.com\/de\/#\/schema\/logo\/image\/","url":"https:\/\/systronemv.com\/wp-content\/uploads\/2024\/02\/Systron_Logo_positiv_Rahmen-scaled.jpg","contentUrl":"https:\/\/systronemv.com\/wp-content\/uploads\/2024\/02\/Systron_Logo_positiv_Rahmen-scaled.jpg","width":2560,"height":738,"caption":"Systron emv GmbH"},"image":{"@id":"https:\/\/systronemv.com\/de\/#\/schema\/logo\/image\/"}}]}},"_links":{"self":[{"href":"https:\/\/systronemv.com\/de\/wp-json\/wp\/v2\/pages\/526","targetHints":{"allow":["GET"]}}],"collection":[{"href":"https:\/\/systronemv.com\/de\/wp-json\/wp\/v2\/pages"}],"about":[{"href":"https:\/\/systronemv.com\/de\/wp-json\/wp\/v2\/types\/page"}],"author":[{"embeddable":true,"href":"https:\/\/systronemv.com\/de\/wp-json\/wp\/v2\/users\/3"}],"replies":[{"embeddable":true,"href":"https:\/\/systronemv.com\/de\/wp-json\/wp\/v2\/comments?post=526"}],"version-history":[{"count":0,"href":"https:\/\/systronemv.com\/de\/wp-json\/wp\/v2\/pages\/526\/revisions"}],"up":[{"embeddable":true,"href":"https:\/\/systronemv.com\/de\/wp-json\/wp\/v2\/pages\/37"}],"wp:attachment":[{"href":"https:\/\/systronemv.com\/de\/wp-json\/wp\/v2\/media?parent=526"}],"curies":[{"name":"wp","href":"https:\/\/api.w.org\/{rel}","templated":true}]}}