{"id":515,"date":"2022-04-13T13:23:29","date_gmt":"2022-04-13T13:23:29","guid":{"rendered":"https:\/\/systronemv.com\/syst\/?page_id=515"},"modified":"2025-02-28T09:16:18","modified_gmt":"2025-02-28T09:16:18","slug":"personenschutz","status":"publish","type":"page","link":"https:\/\/systronemv.com\/de\/abschirmungen\/personenschutz\/","title":{"rendered":"Personenschutz"},"content":{"rendered":"<div class=\"wpb-content-wrapper\"><p>[vc_row][vc_column][systron_generalboxes left_general=&#8220;Title&#8220; box_left_title=&#8220;<\/p>\n<h1>Abschirmungen f\u00fcr Personenschutz<\/h1>\n<p>&#8222;]Um Personen an Ihrem Arbeitsplatz oder der Wohnung vor niederfrequenten Magnetfeldern zu sch\u00fctzen, bietet Systron L\u00f6sungen an, um ganze R\u00e4ume magnetisch abzuschirmen.<\/p>\n<p>Raumabschirmungen zum Schutz von Personen werden dann eingesetzt, wenn sich magnetische Feldquellen in der N\u00e4he befinden. Insbesondere Magnetfelder von Hochspannungsleitungen, Bahnanlagen oder von\u00a0 Trafostationen k\u00f6nnen Feldst\u00e4rken verursachen, die \u00fcber den gesetzlichen Grenzwerten liegen.[\/systron_generalboxes][\/vc_column][\/vc_row][vc_row][vc_column][systron_generalboxes box_color=&#8220;general-color&#8220; left_general=&#8220;Title&#8220; box_left_title=&#8220;<\/p>\n<h2>Systron PowerShield\u00ae Raumabschirmungen zum Personenschutz<\/h2>\n<p>&#8222;]Mit den auf <a href=\"https:\/\/systronemv.com\/abschirmsysteme\/systron-powershield\/\">Systron PowerShield\u00ae<\/a> basierenden System werden sensitive Bereiche in Geb\u00e4uden wirkungsvoll vor Magnetfeldern von Bahnanlagen oder Hochspannungsleitungen gesch\u00fctzt. Mit dem Abschirmsystem k\u00f6nnen auch ganze Geb\u00e4udeteile abgeschirmt werden.<\/p>\n<div id='gallery-1' class='gallery galleryid-515 gallery-columns-3 gallery-size-full'><figure class='gallery-item'>\n\t\t\t<div class='gallery-icon landscape'>\n\t\t\t\t<a href='https:\/\/systronemv.com\/wp-content\/uploads\/2022\/04\/Gebude_Ausgangslage.jpg'><img loading=\"lazy\" decoding=\"async\" width=\"733\" height=\"550\" src=\"https:\/\/systronemv.com\/wp-content\/uploads\/2022\/04\/Gebude_Ausgangslage.jpg\" class=\"attachment-full size-full landscape\" alt=\"Abschirmung Elektrosmog - Abschirmungen: Systron PowerShield\" aria-describedby=\"gallery-1-519\" srcset=\"https:\/\/systronemv.com\/wp-content\/uploads\/2022\/04\/Gebude_Ausgangslage.jpg 733w, https:\/\/systronemv.com\/wp-content\/uploads\/2022\/04\/Gebude_Ausgangslage-300x225.jpg 300w\" sizes=\"auto, (max-width: 733px) 100vw, 733px\" \/><\/a>\n\t\t\t<\/div>\n\t\t\t\t<figcaption class='wp-caption-text gallery-caption' id='gallery-1-519'>\n\t\t\t\tRaumabschirmung im Geb\u00e4udeinnern sch\u00fctzt vor Bahnfeldern\n\t\t\t\t<\/figcaption><\/figure><figure class='gallery-item'>\n\t\t\t<div class='gallery-icon landscape'>\n\t\t\t\t<a href='https:\/\/systronemv.com\/wp-content\/uploads\/2022\/04\/Geschirmtes-Buero-mit-Systron-Po-werShield-800.jpg'><img loading=\"lazy\" decoding=\"async\" width=\"800\" height=\"600\" src=\"https:\/\/systronemv.com\/wp-content\/uploads\/2022\/04\/Geschirmtes-Buero-mit-Systron-Po-werShield-800.jpg\" class=\"attachment-full size-full landscape\" alt=\"Personenschutz - Abschirmungen: Installierte Magnetfeldabschirmung\" aria-describedby=\"gallery-1-521\" srcset=\"https:\/\/systronemv.com\/wp-content\/uploads\/2022\/04\/Geschirmtes-Buero-mit-Systron-Po-werShield-800.jpg 800w, https:\/\/systronemv.com\/wp-content\/uploads\/2022\/04\/Geschirmtes-Buero-mit-Systron-Po-werShield-800-300x225.jpg 300w, https:\/\/systronemv.com\/wp-content\/uploads\/2022\/04\/Geschirmtes-Buero-mit-Systron-Po-werShield-800-768x576.jpg 768w\" sizes=\"auto, (max-width: 800px) 100vw, 800px\" \/><\/a>\n\t\t\t<\/div>\n\t\t\t\t<figcaption class='wp-caption-text gallery-caption' id='gallery-1-521'>\n\t\t\t\tInstallierte Magnetfeldabschirmung \n\t\t\t\t<\/figcaption><\/figure>\n\t\t<\/div>\n\n<p>[\/systron_generalboxes][\/vc_column][\/vc_row][vc_row][vc_column][systron_referenceboxes box_left_title=&#8220;<\/p>\n<h2>Referenzen<\/h2>\n<p>&#8220; references=&#8220;%5B%7B%22reference_year%22%3A%22-%22%2C%22reference_title%22%3A%22Panoramapark%20Emmenbr%C3%BCcke%20Luzern%22%2C%22url%22%3A%22url%3Ahttps%253A%252F%252Fwww.systronemv.com%252Fde%252Freferenzen%252Freferenz-personenschutz%252F%7Ctitle%3AHome%22%7D%5D&#8220;][\/vc_column][\/vc_row]<\/p>\n<\/div>","protected":false},"excerpt":{"rendered":"<p>[vc_row][vc_column][systron_generalboxes left_general=&#8220;Title&#8220; box_left_title=&#8220; Abschirmungen f\u00fcr Personenschutz &#8222;]Um Personen an Ihrem Arbeitsplatz oder der Wohnung vor niederfrequenten Magnetfeldern zu sch\u00fctzen, bietet Systron L\u00f6sungen an, um ganze R\u00e4ume magnetisch abzuschirmen. Raumabschirmungen zum Schutz von Personen werden dann eingesetzt, wenn sich magnetische Feldquellen in der N\u00e4he befinden. Insbesondere Magnetfelder von Hochspannungsleitungen, Bahnanlagen oder von\u00a0 Trafostationen k\u00f6nnen Feldst\u00e4rken verursachen, [&hellip;]<\/p>\n","protected":false},"author":3,"featured_media":0,"parent":37,"menu_order":0,"comment_status":"closed","ping_status":"closed","template":"","meta":{"_acf_changed":false,"inline_featured_image":false,"footnotes":""},"class_list":["post-515","page","type-page","status-publish","hentry"],"acf":[],"yoast_head":"<!-- This site is optimized with the Yoast SEO Premium plugin v26.2 (Yoast SEO v27.2) - https:\/\/yoast.com\/product\/yoast-seo-premium-wordpress\/ -->\n<title>Personenschutz - Abschirmungen<\/title>\n<meta name=\"description\" content=\"Personenschutz - Abschirmungen: Systron PowerShield\u00ae Raumabschirmungen zum Schutz von Personen vor niederfrequenten Magnetfeldern\" \/>\n<meta name=\"robots\" content=\"index, follow, max-snippet:-1, max-image-preview:large, max-video-preview:-1\" \/>\n<link rel=\"canonical\" href=\"https:\/\/systronemv.com\/de\/abschirmungen\/personenschutz\/\" \/>\n<meta property=\"og:locale\" content=\"de_DE\" \/>\n<meta property=\"og:type\" content=\"article\" \/>\n<meta property=\"og:title\" content=\"Personenschutz\" \/>\n<meta property=\"og:description\" content=\"Personenschutz - Abschirmungen: Systron PowerShield\u00ae Raumabschirmungen zum Schutz von Personen vor niederfrequenten Magnetfeldern\" \/>\n<meta property=\"og:url\" content=\"https:\/\/systronemv.com\/de\/abschirmungen\/personenschutz\/\" \/>\n<meta property=\"og:site_name\" content=\"Systron EMV\" \/>\n<meta property=\"article:modified_time\" content=\"2025-02-28T09:16:18+00:00\" \/>\n<meta name=\"twitter:card\" content=\"summary_large_image\" \/>\n<meta name=\"twitter:label1\" content=\"Gesch\u00e4tzte Lesezeit\" \/>\n\t<meta name=\"twitter:data1\" content=\"1\u00a0Minute\" \/>\n<script type=\"application\/ld+json\" class=\"yoast-schema-graph\">{\"@context\":\"https:\/\/schema.org\",\"@graph\":[{\"@type\":\"WebPage\",\"@id\":\"https:\/\/systronemv.com\/de\/abschirmungen\/personenschutz\/\",\"url\":\"https:\/\/systronemv.com\/de\/abschirmungen\/personenschutz\/\",\"name\":\"Personenschutz - Abschirmungen\",\"isPartOf\":{\"@id\":\"https:\/\/systronemv.com\/de\/#website\"},\"datePublished\":\"2022-04-13T13:23:29+00:00\",\"dateModified\":\"2025-02-28T09:16:18+00:00\",\"description\":\"Personenschutz - Abschirmungen: Systron PowerShield\u00ae Raumabschirmungen zum Schutz von Personen vor niederfrequenten Magnetfeldern\",\"breadcrumb\":{\"@id\":\"https:\/\/systronemv.com\/de\/abschirmungen\/personenschutz\/#breadcrumb\"},\"inLanguage\":\"de\",\"potentialAction\":[{\"@type\":\"ReadAction\",\"target\":[\"https:\/\/systronemv.com\/de\/abschirmungen\/personenschutz\/\"]}]},{\"@type\":\"BreadcrumbList\",\"@id\":\"https:\/\/systronemv.com\/de\/abschirmungen\/personenschutz\/#breadcrumb\",\"itemListElement\":[{\"@type\":\"ListItem\",\"position\":1,\"name\":\"Home\",\"item\":\"https:\/\/systronemv.com\/de\/\"},{\"@type\":\"ListItem\",\"position\":2,\"name\":\"Abschirmungen\",\"item\":\"https:\/\/systronemv.com\/de\/abschirmungen\/\"},{\"@type\":\"ListItem\",\"position\":3,\"name\":\"Personenschutz\"}]},{\"@type\":\"WebSite\",\"@id\":\"https:\/\/systronemv.com\/de\/#website\",\"url\":\"https:\/\/systronemv.com\/de\/\",\"name\":\"SYSTRON\",\"description\":\"Magnetfeld-Abschirmungen\",\"publisher\":{\"@id\":\"https:\/\/systronemv.com\/de\/#organization\"},\"potentialAction\":[{\"@type\":\"SearchAction\",\"target\":{\"@type\":\"EntryPoint\",\"urlTemplate\":\"https:\/\/systronemv.com\/de\/?s={search_term_string}\"},\"query-input\":{\"@type\":\"PropertyValueSpecification\",\"valueRequired\":true,\"valueName\":\"search_term_string\"}}],\"inLanguage\":\"de\"},{\"@type\":\"Organization\",\"@id\":\"https:\/\/systronemv.com\/de\/#organization\",\"name\":\"Systron emv GmbH\",\"url\":\"https:\/\/systronemv.com\/de\/\",\"logo\":{\"@type\":\"ImageObject\",\"inLanguage\":\"de\",\"@id\":\"https:\/\/systronemv.com\/de\/#\/schema\/logo\/image\/\",\"url\":\"https:\/\/systronemv.com\/wp-content\/uploads\/2024\/02\/Systron_Logo_positiv_Rahmen-scaled.jpg\",\"contentUrl\":\"https:\/\/systronemv.com\/wp-content\/uploads\/2024\/02\/Systron_Logo_positiv_Rahmen-scaled.jpg\",\"width\":2560,\"height\":738,\"caption\":\"Systron emv GmbH\"},\"image\":{\"@id\":\"https:\/\/systronemv.com\/de\/#\/schema\/logo\/image\/\"}}]}<\/script>\n<!-- \/ Yoast SEO Premium plugin. -->","yoast_head_json":{"title":"Personenschutz - Abschirmungen","description":"Personenschutz - Abschirmungen: Systron PowerShield\u00ae Raumabschirmungen zum Schutz von Personen vor niederfrequenten Magnetfeldern","robots":{"index":"index","follow":"follow","max-snippet":"max-snippet:-1","max-image-preview":"max-image-preview:large","max-video-preview":"max-video-preview:-1"},"canonical":"https:\/\/systronemv.com\/de\/abschirmungen\/personenschutz\/","og_locale":"de_DE","og_type":"article","og_title":"Personenschutz","og_description":"Personenschutz - Abschirmungen: Systron PowerShield\u00ae Raumabschirmungen zum Schutz von Personen vor niederfrequenten Magnetfeldern","og_url":"https:\/\/systronemv.com\/de\/abschirmungen\/personenschutz\/","og_site_name":"Systron EMV","article_modified_time":"2025-02-28T09:16:18+00:00","twitter_card":"summary_large_image","twitter_misc":{"Gesch\u00e4tzte Lesezeit":"1\u00a0Minute"},"schema":{"@context":"https:\/\/schema.org","@graph":[{"@type":"WebPage","@id":"https:\/\/systronemv.com\/de\/abschirmungen\/personenschutz\/","url":"https:\/\/systronemv.com\/de\/abschirmungen\/personenschutz\/","name":"Personenschutz - Abschirmungen","isPartOf":{"@id":"https:\/\/systronemv.com\/de\/#website"},"datePublished":"2022-04-13T13:23:29+00:00","dateModified":"2025-02-28T09:16:18+00:00","description":"Personenschutz - Abschirmungen: Systron PowerShield\u00ae Raumabschirmungen zum Schutz von Personen vor niederfrequenten Magnetfeldern","breadcrumb":{"@id":"https:\/\/systronemv.com\/de\/abschirmungen\/personenschutz\/#breadcrumb"},"inLanguage":"de","potentialAction":[{"@type":"ReadAction","target":["https:\/\/systronemv.com\/de\/abschirmungen\/personenschutz\/"]}]},{"@type":"BreadcrumbList","@id":"https:\/\/systronemv.com\/de\/abschirmungen\/personenschutz\/#breadcrumb","itemListElement":[{"@type":"ListItem","position":1,"name":"Home","item":"https:\/\/systronemv.com\/de\/"},{"@type":"ListItem","position":2,"name":"Abschirmungen","item":"https:\/\/systronemv.com\/de\/abschirmungen\/"},{"@type":"ListItem","position":3,"name":"Personenschutz"}]},{"@type":"WebSite","@id":"https:\/\/systronemv.com\/de\/#website","url":"https:\/\/systronemv.com\/de\/","name":"SYSTRON","description":"Magnetfeld-Abschirmungen","publisher":{"@id":"https:\/\/systronemv.com\/de\/#organization"},"potentialAction":[{"@type":"SearchAction","target":{"@type":"EntryPoint","urlTemplate":"https:\/\/systronemv.com\/de\/?s={search_term_string}"},"query-input":{"@type":"PropertyValueSpecification","valueRequired":true,"valueName":"search_term_string"}}],"inLanguage":"de"},{"@type":"Organization","@id":"https:\/\/systronemv.com\/de\/#organization","name":"Systron emv GmbH","url":"https:\/\/systronemv.com\/de\/","logo":{"@type":"ImageObject","inLanguage":"de","@id":"https:\/\/systronemv.com\/de\/#\/schema\/logo\/image\/","url":"https:\/\/systronemv.com\/wp-content\/uploads\/2024\/02\/Systron_Logo_positiv_Rahmen-scaled.jpg","contentUrl":"https:\/\/systronemv.com\/wp-content\/uploads\/2024\/02\/Systron_Logo_positiv_Rahmen-scaled.jpg","width":2560,"height":738,"caption":"Systron emv GmbH"},"image":{"@id":"https:\/\/systronemv.com\/de\/#\/schema\/logo\/image\/"}}]}},"_links":{"self":[{"href":"https:\/\/systronemv.com\/de\/wp-json\/wp\/v2\/pages\/515","targetHints":{"allow":["GET"]}}],"collection":[{"href":"https:\/\/systronemv.com\/de\/wp-json\/wp\/v2\/pages"}],"about":[{"href":"https:\/\/systronemv.com\/de\/wp-json\/wp\/v2\/types\/page"}],"author":[{"embeddable":true,"href":"https:\/\/systronemv.com\/de\/wp-json\/wp\/v2\/users\/3"}],"replies":[{"embeddable":true,"href":"https:\/\/systronemv.com\/de\/wp-json\/wp\/v2\/comments?post=515"}],"version-history":[{"count":0,"href":"https:\/\/systronemv.com\/de\/wp-json\/wp\/v2\/pages\/515\/revisions"}],"up":[{"embeddable":true,"href":"https:\/\/systronemv.com\/de\/wp-json\/wp\/v2\/pages\/37"}],"wp:attachment":[{"href":"https:\/\/systronemv.com\/de\/wp-json\/wp\/v2\/media?parent=515"}],"curies":[{"name":"wp","href":"https:\/\/api.w.org\/{rel}","templated":true}]}}