{"id":37,"date":"2022-03-23T09:12:40","date_gmt":"2022-03-23T09:12:40","guid":{"rendered":"https:\/\/systronemv.com\/syst\/?page_id=37"},"modified":"2025-03-14T06:35:05","modified_gmt":"2025-03-14T06:35:05","slug":"abschirmungen","status":"publish","type":"page","link":"https:\/\/systronemv.com\/de\/abschirmungen\/","title":{"rendered":"Abschirmungen"},"content":{"rendered":"<div class=\"wpb-content-wrapper\"><p>[vc_row][vc_column][systron_generalboxes left_general=&#8220;Title&#8220; box_left_title=&#8220;<\/p>\n<h2>Magnetfeld-Abschirmungen<\/h2>\n<p>&#8222;]Magnetfeld-Abschirmungen dienen dazu, magnetische Felder und elektromagnetische Felder zu blockieren oder umzuleiten. Dadurch k\u00f6nnen empfindliche Ger\u00e4te, Personen oder auch Daten vor deren Einfluss gesch\u00fctzt werden.<\/p>\n<p>Magnetfelder k\u00f6nnen durch Magnete bzw. Permanentmagnete entstehen, welche aus ferromagnetischen Materialien wie Eisen, Nickel oder Kobalt bestehen. Bei dem resultierenden Magnetfeld handelt es sich um ein statisches Magnetfeld.<\/p>\n<p>Magnetfelder k\u00f6nnen auch durch Elektromagnete entstehen. Wenn ein Strom durch eine Spule oder einen Leiter fliesst, wird gleichzeitig immer ein Magnetfeld erzeugt. Mit einem Gleichstrom (DC) wird ein statisches Magnetfeld erzeugt. Sobald es sich um Wechselstrom (AC) handelt, spricht man von magnetischen Wechselfelder.<\/p>\n<p>Eine Magnetfeld-Abschirmung muss immer spezifisch auf die vorhanden Anforderungen angepasst und ausgelegt werden. Gerade die St\u00e4rke und Frequenz des Magnetfeldes spielt dabei eine entscheidende Rolle.<\/p>\n<p>Magnetfeld-Abschirmungen kommen in den unterschiedlichsten Bereichen zum Einsatz und werden in der <a href=\"https:\/\/systronemv.com\/de\/abschirmungen\/elektrische-betriebsmittel\/\">Industrie &amp; Energie<\/a>, <a href=\"https:\/\/systronemv.com\/de\/abschirmungen\/elektronenstrahlgeraete\/\">Forschung<\/a>, <a href=\"https:\/\/systronemv.com\/de\/abschirmungen\/medizinische-geraete\/\">Medizintechnik<\/a>, Halbleiterindustrie, Elektronik\u00a0 und Luft- und Raumfahrt eingesetzt.<\/p>\n<div id='gallery-1' class='gallery galleryid-37 gallery-columns-3 gallery-size-full'><figure class='gallery-item'>\n\t\t\t<div class='gallery-icon landscape'>\n\t\t\t\t<a href='https:\/\/systronemv.com\/wp-content\/uploads\/2022\/04\/magnetfeld-abschirmung-als-raumabschirmung.jpg'><img loading=\"lazy\" decoding=\"async\" width=\"800\" height=\"600\" src=\"https:\/\/systronemv.com\/wp-content\/uploads\/2022\/04\/magnetfeld-abschirmung-als-raumabschirmung.jpg\" class=\"attachment-full size-full landscape\" alt=\"Magnetfeld-Abschirmung als Raumabschirmung\" aria-describedby=\"gallery-1-455\" srcset=\"https:\/\/systronemv.com\/wp-content\/uploads\/2022\/04\/magnetfeld-abschirmung-als-raumabschirmung.jpg 800w, https:\/\/systronemv.com\/wp-content\/uploads\/2022\/04\/magnetfeld-abschirmung-als-raumabschirmung-300x225.jpg 300w, https:\/\/systronemv.com\/wp-content\/uploads\/2022\/04\/magnetfeld-abschirmung-als-raumabschirmung-768x576.jpg 768w\" sizes=\"auto, (max-width: 800px) 100vw, 800px\" \/><\/a>\n\t\t\t<\/div>\n\t\t\t\t<figcaption class='wp-caption-text gallery-caption' id='gallery-1-455'>\n\t\t\t\tMagnetfeld-Abschirmung eines Raumes\n\t\t\t\t<\/figcaption><\/figure><figure class='gallery-item'>\n\t\t\t<div class='gallery-icon landscape'>\n\t\t\t\t<a href='https:\/\/systronemv.com\/wp-content\/uploads\/2022\/04\/magnetfeld-abschirmung-aus-mu-metall.jpg'><img loading=\"lazy\" decoding=\"async\" width=\"800\" height=\"600\" src=\"https:\/\/systronemv.com\/wp-content\/uploads\/2022\/04\/magnetfeld-abschirmung-aus-mu-metall.jpg\" class=\"attachment-full size-full landscape\" alt=\"Magnetfeld-Abschirmung aus Mu-Metall f\u00fcr ein Labor\" aria-describedby=\"gallery-1-453\" srcset=\"https:\/\/systronemv.com\/wp-content\/uploads\/2022\/04\/magnetfeld-abschirmung-aus-mu-metall.jpg 800w, https:\/\/systronemv.com\/wp-content\/uploads\/2022\/04\/magnetfeld-abschirmung-aus-mu-metall-300x225.jpg 300w, https:\/\/systronemv.com\/wp-content\/uploads\/2022\/04\/magnetfeld-abschirmung-aus-mu-metall-768x576.jpg 768w\" sizes=\"auto, (max-width: 800px) 100vw, 800px\" \/><\/a>\n\t\t\t<\/div>\n\t\t\t\t<figcaption class='wp-caption-text gallery-caption' id='gallery-1-453'>\n\t\t\t\tMagnetfeld-Abschirmung aus Mu-Metall f\u00fcr ein Labor\n\t\t\t\t<\/figcaption><\/figure>\n\t\t<\/div>\n\n<p>[\/systron_generalboxes][\/vc_column][\/vc_row]<\/p>\n<\/div>","protected":false},"excerpt":{"rendered":"<p>[vc_row][vc_column][systron_generalboxes left_general=&#8220;Title&#8220; box_left_title=&#8220; Magnetfeld-Abschirmungen &#8222;]Magnetfeld-Abschirmungen dienen dazu, magnetische Felder und elektromagnetische Felder zu blockieren oder umzuleiten. Dadurch k\u00f6nnen empfindliche Ger\u00e4te, Personen oder auch Daten vor deren Einfluss gesch\u00fctzt werden. Magnetfelder k\u00f6nnen durch Magnete bzw. Permanentmagnete entstehen, welche aus ferromagnetischen Materialien wie Eisen, Nickel oder Kobalt bestehen. Bei dem resultierenden Magnetfeld handelt es sich um ein [&hellip;]<\/p>\n","protected":false},"author":3,"featured_media":0,"parent":0,"menu_order":0,"comment_status":"closed","ping_status":"closed","template":"","meta":{"_acf_changed":false,"inline_featured_image":false,"footnotes":""},"class_list":["post-37","page","type-page","status-publish","hentry"],"acf":[],"yoast_head":"<!-- This site is optimized with the Yoast SEO Premium plugin v26.2 (Yoast SEO v27.3) - https:\/\/yoast.com\/product\/yoast-seo-premium-wordpress\/ -->\n<title>Magnetfeld-Abschirmungen (magnetic shielding)<\/title>\n<meta name=\"description\" content=\"Magnetfeld-Abschirmungen (magnetic shielding) sch\u00fctzen Menschen und elektronische Ger\u00e4te vor elektromagnetischer Strahlung\" \/>\n<meta name=\"robots\" content=\"index, follow, max-snippet:-1, max-image-preview:large, max-video-preview:-1\" \/>\n<link rel=\"canonical\" href=\"https:\/\/systronemv.com\/de\/abschirmungen\/\" \/>\n<meta property=\"og:locale\" content=\"de_DE\" \/>\n<meta property=\"og:type\" content=\"article\" \/>\n<meta property=\"og:title\" content=\"Abschirmungen\" \/>\n<meta property=\"og:description\" content=\"Magnetfeld-Abschirmungen (magnetic shielding) sch\u00fctzen Menschen und elektronische Ger\u00e4te vor elektromagnetischer Strahlung\" \/>\n<meta property=\"og:url\" content=\"https:\/\/systronemv.com\/de\/abschirmungen\/\" \/>\n<meta property=\"og:site_name\" content=\"Systron EMV\" \/>\n<meta property=\"article:modified_time\" content=\"2025-03-14T06:35:05+00:00\" \/>\n<meta name=\"twitter:card\" content=\"summary_large_image\" \/>\n<meta name=\"twitter:label1\" content=\"Gesch\u00e4tzte Lesezeit\" \/>\n\t<meta name=\"twitter:data1\" content=\"1\u00a0Minute\" \/>\n<script type=\"application\/ld+json\" class=\"yoast-schema-graph\">{\"@context\":\"https:\\\/\\\/schema.org\",\"@graph\":[{\"@type\":\"WebPage\",\"@id\":\"https:\\\/\\\/systronemv.com\\\/de\\\/abschirmungen\\\/\",\"url\":\"https:\\\/\\\/systronemv.com\\\/de\\\/abschirmungen\\\/\",\"name\":\"Magnetfeld-Abschirmungen (magnetic shielding)\",\"isPartOf\":{\"@id\":\"https:\\\/\\\/systronemv.com\\\/de\\\/#website\"},\"datePublished\":\"2022-03-23T09:12:40+00:00\",\"dateModified\":\"2025-03-14T06:35:05+00:00\",\"description\":\"Magnetfeld-Abschirmungen (magnetic shielding) sch\u00fctzen Menschen und elektronische Ger\u00e4te vor elektromagnetischer Strahlung\",\"breadcrumb\":{\"@id\":\"https:\\\/\\\/systronemv.com\\\/de\\\/abschirmungen\\\/#breadcrumb\"},\"inLanguage\":\"de\",\"potentialAction\":[{\"@type\":\"ReadAction\",\"target\":[\"https:\\\/\\\/systronemv.com\\\/de\\\/abschirmungen\\\/\"]}]},{\"@type\":\"BreadcrumbList\",\"@id\":\"https:\\\/\\\/systronemv.com\\\/de\\\/abschirmungen\\\/#breadcrumb\",\"itemListElement\":[{\"@type\":\"ListItem\",\"position\":1,\"name\":\"Home\",\"item\":\"https:\\\/\\\/systronemv.com\\\/de\\\/\"},{\"@type\":\"ListItem\",\"position\":2,\"name\":\"Abschirmungen\"}]},{\"@type\":\"WebSite\",\"@id\":\"https:\\\/\\\/systronemv.com\\\/de\\\/#website\",\"url\":\"https:\\\/\\\/systronemv.com\\\/de\\\/\",\"name\":\"SYSTRON\",\"description\":\"Magnetfeld-Abschirmungen\",\"publisher\":{\"@id\":\"https:\\\/\\\/systronemv.com\\\/de\\\/#organization\"},\"potentialAction\":[{\"@type\":\"SearchAction\",\"target\":{\"@type\":\"EntryPoint\",\"urlTemplate\":\"https:\\\/\\\/systronemv.com\\\/de\\\/?s={search_term_string}\"},\"query-input\":{\"@type\":\"PropertyValueSpecification\",\"valueRequired\":true,\"valueName\":\"search_term_string\"}}],\"inLanguage\":\"de\"},{\"@type\":\"Organization\",\"@id\":\"https:\\\/\\\/systronemv.com\\\/de\\\/#organization\",\"name\":\"Systron emv GmbH\",\"url\":\"https:\\\/\\\/systronemv.com\\\/de\\\/\",\"logo\":{\"@type\":\"ImageObject\",\"inLanguage\":\"de\",\"@id\":\"https:\\\/\\\/systronemv.com\\\/de\\\/#\\\/schema\\\/logo\\\/image\\\/\",\"url\":\"https:\\\/\\\/systronemv.com\\\/wp-content\\\/uploads\\\/2024\\\/02\\\/Systron_Logo_positiv_Rahmen-scaled.jpg\",\"contentUrl\":\"https:\\\/\\\/systronemv.com\\\/wp-content\\\/uploads\\\/2024\\\/02\\\/Systron_Logo_positiv_Rahmen-scaled.jpg\",\"width\":2560,\"height\":738,\"caption\":\"Systron emv GmbH\"},\"image\":{\"@id\":\"https:\\\/\\\/systronemv.com\\\/de\\\/#\\\/schema\\\/logo\\\/image\\\/\"}}]}<\/script>\n<!-- \/ Yoast SEO Premium plugin. -->","yoast_head_json":{"title":"Magnetfeld-Abschirmungen (magnetic shielding)","description":"Magnetfeld-Abschirmungen (magnetic shielding) sch\u00fctzen Menschen und elektronische Ger\u00e4te vor elektromagnetischer Strahlung","robots":{"index":"index","follow":"follow","max-snippet":"max-snippet:-1","max-image-preview":"max-image-preview:large","max-video-preview":"max-video-preview:-1"},"canonical":"https:\/\/systronemv.com\/de\/abschirmungen\/","og_locale":"de_DE","og_type":"article","og_title":"Abschirmungen","og_description":"Magnetfeld-Abschirmungen (magnetic shielding) sch\u00fctzen Menschen und elektronische Ger\u00e4te vor elektromagnetischer Strahlung","og_url":"https:\/\/systronemv.com\/de\/abschirmungen\/","og_site_name":"Systron EMV","article_modified_time":"2025-03-14T06:35:05+00:00","twitter_card":"summary_large_image","twitter_misc":{"Gesch\u00e4tzte Lesezeit":"1\u00a0Minute"},"schema":{"@context":"https:\/\/schema.org","@graph":[{"@type":"WebPage","@id":"https:\/\/systronemv.com\/de\/abschirmungen\/","url":"https:\/\/systronemv.com\/de\/abschirmungen\/","name":"Magnetfeld-Abschirmungen (magnetic shielding)","isPartOf":{"@id":"https:\/\/systronemv.com\/de\/#website"},"datePublished":"2022-03-23T09:12:40+00:00","dateModified":"2025-03-14T06:35:05+00:00","description":"Magnetfeld-Abschirmungen (magnetic shielding) sch\u00fctzen Menschen und elektronische Ger\u00e4te vor elektromagnetischer Strahlung","breadcrumb":{"@id":"https:\/\/systronemv.com\/de\/abschirmungen\/#breadcrumb"},"inLanguage":"de","potentialAction":[{"@type":"ReadAction","target":["https:\/\/systronemv.com\/de\/abschirmungen\/"]}]},{"@type":"BreadcrumbList","@id":"https:\/\/systronemv.com\/de\/abschirmungen\/#breadcrumb","itemListElement":[{"@type":"ListItem","position":1,"name":"Home","item":"https:\/\/systronemv.com\/de\/"},{"@type":"ListItem","position":2,"name":"Abschirmungen"}]},{"@type":"WebSite","@id":"https:\/\/systronemv.com\/de\/#website","url":"https:\/\/systronemv.com\/de\/","name":"SYSTRON","description":"Magnetfeld-Abschirmungen","publisher":{"@id":"https:\/\/systronemv.com\/de\/#organization"},"potentialAction":[{"@type":"SearchAction","target":{"@type":"EntryPoint","urlTemplate":"https:\/\/systronemv.com\/de\/?s={search_term_string}"},"query-input":{"@type":"PropertyValueSpecification","valueRequired":true,"valueName":"search_term_string"}}],"inLanguage":"de"},{"@type":"Organization","@id":"https:\/\/systronemv.com\/de\/#organization","name":"Systron emv GmbH","url":"https:\/\/systronemv.com\/de\/","logo":{"@type":"ImageObject","inLanguage":"de","@id":"https:\/\/systronemv.com\/de\/#\/schema\/logo\/image\/","url":"https:\/\/systronemv.com\/wp-content\/uploads\/2024\/02\/Systron_Logo_positiv_Rahmen-scaled.jpg","contentUrl":"https:\/\/systronemv.com\/wp-content\/uploads\/2024\/02\/Systron_Logo_positiv_Rahmen-scaled.jpg","width":2560,"height":738,"caption":"Systron emv GmbH"},"image":{"@id":"https:\/\/systronemv.com\/de\/#\/schema\/logo\/image\/"}}]}},"_links":{"self":[{"href":"https:\/\/systronemv.com\/de\/wp-json\/wp\/v2\/pages\/37","targetHints":{"allow":["GET"]}}],"collection":[{"href":"https:\/\/systronemv.com\/de\/wp-json\/wp\/v2\/pages"}],"about":[{"href":"https:\/\/systronemv.com\/de\/wp-json\/wp\/v2\/types\/page"}],"author":[{"embeddable":true,"href":"https:\/\/systronemv.com\/de\/wp-json\/wp\/v2\/users\/3"}],"replies":[{"embeddable":true,"href":"https:\/\/systronemv.com\/de\/wp-json\/wp\/v2\/comments?post=37"}],"version-history":[{"count":2,"href":"https:\/\/systronemv.com\/de\/wp-json\/wp\/v2\/pages\/37\/revisions"}],"predecessor-version":[{"id":3008,"href":"https:\/\/systronemv.com\/de\/wp-json\/wp\/v2\/pages\/37\/revisions\/3008"}],"wp:attachment":[{"href":"https:\/\/systronemv.com\/de\/wp-json\/wp\/v2\/media?parent=37"}],"curies":[{"name":"wp","href":"https:\/\/api.w.org\/{rel}","templated":true}]}}