{"id":313,"date":"2022-04-07T11:50:02","date_gmt":"2022-04-07T11:50:02","guid":{"rendered":"https:\/\/systronemv.com\/syst\/?page_id=313"},"modified":"2025-02-10T14:56:23","modified_gmt":"2025-02-10T14:56:23","slug":"nisv-pr-nis","status":"publish","type":"page","link":"https:\/\/systronemv.com\/de\/nisv-pr-nis\/","title":{"rendered":"NISV \/ PR-NIS"},"content":{"rendered":"<div class=\"wpb-content-wrapper\"><p>[vc_row][vc_column][systron_generalboxes]In der Schweiz gelten strenge Grenzwerte in Bezug auf nichtionisierende Strahlung. Diese sind in der Verordnung \u00fcber den Schutz vor nichtionisierender Strahlung (<a href=\"https:\/\/fedlex.data.admin.ch\/filestore\/fedlex.data.admin.ch\/eli\/cc\/2000\/38\/20220101\/de\/pdf-a\/fedlex-data-admin-ch-eli-cc-2000-38-20220101-de-pdf-a.pdf\">NISV<\/a>) geregelt und regulieren die verursachten Magnetfelder von Transformatorenstationen, sowie von Kabel- und Freileitungen. Die PR-NIS der Stadt Z\u00fcrich geht noch einen Schritt weiter und betrachtet auch Quellen innerhalb von Geb\u00e4uden von Hausinstallationen wie bspw. Steigleitung und Elektroverteilungen.<\/p>\n<div id='gallery-1' class='gallery galleryid-313 gallery-columns-3 gallery-size-full'><figure class='gallery-item'>\n\t\t\t<div class='gallery-icon landscape'>\n\t\t\t\t<a href='https:\/\/systronemv.com\/wp-content\/uploads\/2022\/04\/PR-NIS_NISV-800.jpg'><img loading=\"lazy\" decoding=\"async\" width=\"800\" height=\"587\" src=\"https:\/\/systronemv.com\/wp-content\/uploads\/2022\/04\/PR-NIS_NISV-800.jpg\" class=\"attachment-full size-full landscape\" alt=\"NISV \/ PR-NIS Magnetfeldberechnungen mit EFC400\" aria-describedby=\"gallery-1-314\" srcset=\"https:\/\/systronemv.com\/wp-content\/uploads\/2022\/04\/PR-NIS_NISV-800.jpg 800w, https:\/\/systronemv.com\/wp-content\/uploads\/2022\/04\/PR-NIS_NISV-800-300x220.jpg 300w, https:\/\/systronemv.com\/wp-content\/uploads\/2022\/04\/PR-NIS_NISV-800-768x564.jpg 768w\" sizes=\"auto, (max-width: 800px) 100vw, 800px\" \/><\/a>\n\t\t\t<\/div>\n\t\t\t\t<figcaption class='wp-caption-text gallery-caption' id='gallery-1-314'>\n\t\t\t\tGeltungsbereich von NISV und PR-NIS\n\t\t\t\t<\/figcaption><\/figure>\n\t\t<\/div>\n\n<p>[\/systron_generalboxes][\/vc_column][\/vc_row][vc_row][vc_column][systron_generalboxes box_color=&#8220;general-color&#8220; left_general=&#8220;Title&#8220; box_left_title=&#8220;NISV&#8220;]Seit dem 1. Februar 2000 ist in der Schweiz die <a href=\"https:\/\/fedlex.data.admin.ch\/filestore\/fedlex.data.admin.ch\/eli\/cc\/2000\/38\/20220101\/de\/pdf-a\/fedlex-data-admin-ch-eli-cc-2000-38-20220101-de-pdf-a.pdf\">Verordnung \u00fcber den Schutz vor nichtionisierender Strahlung NISV<\/a> (SR 814.710) in Kraft. Sie hat zum Zweck, Menschen vor sch\u00e4dlicher oder l\u00e4stiger nichtionisierender Strahlung, erzeugt von ortsfesten Anlagen, zu sch\u00fctzen. Darin werden Immissionsgrenzwerte (IGW) und zur vorsorglichen Emissionsbegrenzung ein Anlagegrenzwert (AGW) festgelegt. Die Immissionsgrenzwerte m\u00fcssen \u00fcberall eingehalten werden, wo sich Menschen aufhalten k\u00f6nnen. Der Anlagegrenzwert muss bei Hochspannungsanlagen wie Kabel- und Freileitungen, Transformatorenstationen, Unterwerken und Schaltanlagen sowie Eisen- und Stra\u00dfenbahnen, an Orten mit empfindlicher Nutzung eingehalten werden.<\/p>\n<p>Als Orte mit empfindlicher Nutzung gelten Orte, in denen sich Personen mehr als 4 Stunden pro Tag respektive 800 Stunden pro Jahr aufhalten, sowie \u00f6ffentliche oder private, raumplanungsrechtlich festgesetzte Kinderspielpl\u00e4tze. Auch Arbeitspl\u00e4tze, welche mehr als 4 Stunden pro Tag belegt sind, selbst wenn dies nicht ausschlie\u00dflich durch ein und dieselbe Person der Fall ist, gelten als Orte mit empfindlicher Nutzung. Weiter muss der Anlagegrenzwert bei unbebauten Fl\u00e4chen, auf denen Orte mit empfindlicher Nutzung entstehen k\u00f6nnen, eingehalten werden.<\/p>\n<p>Bei Transformatorenstationen gelten s\u00e4mtliche stromf\u00fchrenden Teile der Station, einschlie\u00dflich der Niederspannungsverbindung und des Niederspannungsverteilers, als Anlage. Daher m\u00fcssen sie bei der Berechnung mitber\u00fccksichtigt werden. Als massgebender Betriebszustand gilt der Betrieb bei Nennlast.[\/systron_generalboxes][\/vc_column][\/vc_row][vc_row][vc_column][systron_generalboxes left_general=&#8220;Title&#8220; box_left_title=&#8220;PR-NIS&#8220;]Die Stadt Z\u00fcrich will mit der Planungsrichtlinie Nichtionisierende Strahlung (<a href=\"https:\/\/www.stadt-zuerich.ch\/content\/dam\/web\/de\/planen-bauen\/projekte-und-ausschreibungen\/dokumente\/hochbauvorhaben\/vorgaben\/energie-gebaeudetechnik\/planungsrichtlinie-nichtionisierende-strahlung.pdf\">PR-NIS<\/a>) s\u00e4mtliche geb\u00e4udetechnischen Grundinstallationen stadteigener Geb\u00e4ude bez\u00fcglich ihrer elektromagnetischen Immissionen nach einheitlichen Vorgaben behandeln, um damit f\u00fcr alle Nutzer gleiche Bedingungen zu schaffen.<\/p>\n<p>Die Planungsrichtlinie regelt die maximalen Immissionen abh\u00e4ngig von der Art der Nutzung von Geb\u00e4uden und Aussenr\u00e4umen. Die Verursacher nichtionisierender Strahlung sind technische Einrichtungen wie Elektroinstallationen, Elektroverteiler, Sendeanlagen usw. Um die Grenzwerte der PR-NIS einhalten zu k\u00f6nnen, liefert die Richtlinie Planungs- und Installationshinweise. Die PR-NIS macht keine Vorgaben zur Strahlungsbegrenzung von mobilen Ger\u00e4ten (PC, Drucker, mobile Telefone).<\/p>\n<p>Die Planungsrichtlinie behandelt elektromagnetische Immissionen im Frequenzbereich zwischen 0 &#8211; 300 GHz (nichtionisierende Strahlung). Bei allen Neubauten ist die vorliegende Planungsrichtlinie umzusetzen.<\/p>\n<p>Die Anforderungen an die Emissionsbegrenzung sind abh\u00e4ngig von der Nutzung. Grunds\u00e4tzlich gelten f\u00fcr Orte, an denen sich Menschen in der Regel l\u00e4ngere Zeit aufhalten h\u00f6here Anforderungen als f\u00fcr Orte, an denen sich Menschen meist nur kurzzeitig aufhalten. Es werden folgende Arten der Nutzung unterschieden:<\/p>\n<p><strong>Als Nutzungszonen B gelten:<\/strong><br \/>\na. R\u00e4ume in Geb\u00e4uden, in denen sich Personen regelm\u00e4ssig w\u00e4hrend l\u00e4ngerer Zeit aufhalten.<br \/>\nb. Fl\u00e4chen von un\u00fcberbauten Grundst\u00fccken, auf denen Nutzungen nach den Buchstaben a. zugelassen sind.<\/p>\n<p>Als Nutzungszonen A gelten Orte an denen sich vorwiegend Nutzer aufhalten, die als besonders empfindlich eingestuft werden z.B. Kinderkrippen, -horte, -g\u00e4rten und -spielpl\u00e4tze, Schlafzimmer, Bettenzimmer.<\/p>\n<div id='gallery-2' class='gallery galleryid-313 gallery-columns-3 gallery-size-full'><figure class='gallery-item'>\n\t\t\t<div class='gallery-icon landscape'>\n\t\t\t\t<a href='https:\/\/systronemv.com\/wp-content\/uploads\/2022\/04\/PR-NIS_Zonenplan-900.jpg'><img loading=\"lazy\" decoding=\"async\" width=\"900\" height=\"249\" src=\"https:\/\/systronemv.com\/wp-content\/uploads\/2022\/04\/PR-NIS_Zonenplan-900.jpg\" class=\"attachment-full size-full landscape\" alt=\"\" aria-describedby=\"gallery-2-319\" srcset=\"https:\/\/systronemv.com\/wp-content\/uploads\/2022\/04\/PR-NIS_Zonenplan-900.jpg 900w, https:\/\/systronemv.com\/wp-content\/uploads\/2022\/04\/PR-NIS_Zonenplan-900-300x83.jpg 300w, https:\/\/systronemv.com\/wp-content\/uploads\/2022\/04\/PR-NIS_Zonenplan-900-768x212.jpg 768w\" sizes=\"auto, (max-width: 900px) 100vw, 900px\" \/><\/a>\n\t\t\t<\/div>\n\t\t\t\t<figcaption class='wp-caption-text gallery-caption' id='gallery-2-319'>\n\t\t\t\tPR-NIS Zonenplan\n\t\t\t\t<\/figcaption><\/figure>\n\t\t<\/div>\n\n<p>Die PR-NIS gilt auch f\u00fcr nach Minergie-ECO zertifizierte Geb\u00e4ude in der ganzen Schweiz.[\/systron_generalboxes][\/vc_column][\/vc_row]<\/p>\n<\/div>","protected":false},"excerpt":{"rendered":"<p>[vc_row][vc_column][systron_generalboxes]In der Schweiz gelten strenge Grenzwerte in Bezug auf nichtionisierende Strahlung. Diese sind in der Verordnung \u00fcber den Schutz vor nichtionisierender Strahlung (NISV) geregelt und regulieren die verursachten Magnetfelder von Transformatorenstationen, sowie von Kabel- und Freileitungen. Die PR-NIS der Stadt Z\u00fcrich geht noch einen Schritt weiter und betrachtet auch Quellen innerhalb von Geb\u00e4uden von Hausinstallationen [&hellip;]<\/p>\n","protected":false},"author":3,"featured_media":0,"parent":0,"menu_order":0,"comment_status":"closed","ping_status":"closed","template":"","meta":{"_acf_changed":false,"inline_featured_image":false,"footnotes":""},"class_list":["post-313","page","type-page","status-publish","hentry"],"acf":[],"yoast_head":"<!-- This site is optimized with the Yoast SEO Premium plugin v26.2 (Yoast SEO v27.2) - https:\/\/yoast.com\/product\/yoast-seo-premium-wordpress\/ -->\n<title>NISV \/ PR-NIS - Abschirmungen<\/title>\n<meta name=\"description\" content=\"NISV \/ PR-NIS - Abschirmungen: Schutz vor nichtionisierender Strahlung NISV, Planungsrichtlinie Stadt Z\u00fcrich, PR-NIS\" \/>\n<meta name=\"robots\" content=\"index, follow, max-snippet:-1, max-image-preview:large, max-video-preview:-1\" \/>\n<link rel=\"canonical\" href=\"https:\/\/systronemv.com\/de\/nisv-pr-nis\/\" \/>\n<meta property=\"og:locale\" content=\"de_DE\" \/>\n<meta property=\"og:type\" content=\"article\" \/>\n<meta property=\"og:title\" content=\"NISV \/ PR-NIS\" \/>\n<meta property=\"og:description\" content=\"NISV \/ PR-NIS - Abschirmungen: Schutz vor nichtionisierender Strahlung NISV, Planungsrichtlinie Stadt Z\u00fcrich, PR-NIS\" \/>\n<meta property=\"og:url\" content=\"https:\/\/systronemv.com\/de\/nisv-pr-nis\/\" \/>\n<meta property=\"og:site_name\" content=\"Systron EMV\" \/>\n<meta property=\"article:modified_time\" content=\"2025-02-10T14:56:23+00:00\" \/>\n<meta name=\"twitter:card\" content=\"summary_large_image\" \/>\n<meta name=\"twitter:label1\" content=\"Gesch\u00e4tzte Lesezeit\" \/>\n\t<meta name=\"twitter:data1\" content=\"3\u00a0Minuten\" \/>\n<script type=\"application\/ld+json\" class=\"yoast-schema-graph\">{\"@context\":\"https:\/\/schema.org\",\"@graph\":[{\"@type\":\"WebPage\",\"@id\":\"https:\/\/systronemv.com\/de\/nisv-pr-nis\/\",\"url\":\"https:\/\/systronemv.com\/de\/nisv-pr-nis\/\",\"name\":\"NISV \/ PR-NIS - Abschirmungen\",\"isPartOf\":{\"@id\":\"https:\/\/systronemv.com\/de\/#website\"},\"datePublished\":\"2022-04-07T11:50:02+00:00\",\"dateModified\":\"2025-02-10T14:56:23+00:00\",\"description\":\"NISV \/ PR-NIS - Abschirmungen: Schutz vor nichtionisierender Strahlung NISV, Planungsrichtlinie Stadt Z\u00fcrich, PR-NIS\",\"breadcrumb\":{\"@id\":\"https:\/\/systronemv.com\/de\/nisv-pr-nis\/#breadcrumb\"},\"inLanguage\":\"de\",\"potentialAction\":[{\"@type\":\"ReadAction\",\"target\":[\"https:\/\/systronemv.com\/de\/nisv-pr-nis\/\"]}]},{\"@type\":\"BreadcrumbList\",\"@id\":\"https:\/\/systronemv.com\/de\/nisv-pr-nis\/#breadcrumb\",\"itemListElement\":[{\"@type\":\"ListItem\",\"position\":1,\"name\":\"Home\",\"item\":\"https:\/\/systronemv.com\/de\/\"},{\"@type\":\"ListItem\",\"position\":2,\"name\":\"NISV \/ PR-NIS\"}]},{\"@type\":\"WebSite\",\"@id\":\"https:\/\/systronemv.com\/de\/#website\",\"url\":\"https:\/\/systronemv.com\/de\/\",\"name\":\"SYSTRON\",\"description\":\"Magnetfeld-Abschirmungen\",\"publisher\":{\"@id\":\"https:\/\/systronemv.com\/de\/#organization\"},\"potentialAction\":[{\"@type\":\"SearchAction\",\"target\":{\"@type\":\"EntryPoint\",\"urlTemplate\":\"https:\/\/systronemv.com\/de\/?s={search_term_string}\"},\"query-input\":{\"@type\":\"PropertyValueSpecification\",\"valueRequired\":true,\"valueName\":\"search_term_string\"}}],\"inLanguage\":\"de\"},{\"@type\":\"Organization\",\"@id\":\"https:\/\/systronemv.com\/de\/#organization\",\"name\":\"Systron emv GmbH\",\"url\":\"https:\/\/systronemv.com\/de\/\",\"logo\":{\"@type\":\"ImageObject\",\"inLanguage\":\"de\",\"@id\":\"https:\/\/systronemv.com\/de\/#\/schema\/logo\/image\/\",\"url\":\"https:\/\/systronemv.com\/wp-content\/uploads\/2024\/02\/Systron_Logo_positiv_Rahmen-scaled.jpg\",\"contentUrl\":\"https:\/\/systronemv.com\/wp-content\/uploads\/2024\/02\/Systron_Logo_positiv_Rahmen-scaled.jpg\",\"width\":2560,\"height\":738,\"caption\":\"Systron emv GmbH\"},\"image\":{\"@id\":\"https:\/\/systronemv.com\/de\/#\/schema\/logo\/image\/\"}}]}<\/script>\n<!-- \/ Yoast SEO Premium plugin. -->","yoast_head_json":{"title":"NISV \/ PR-NIS - Abschirmungen","description":"NISV \/ PR-NIS - Abschirmungen: Schutz vor nichtionisierender Strahlung NISV, Planungsrichtlinie Stadt Z\u00fcrich, PR-NIS","robots":{"index":"index","follow":"follow","max-snippet":"max-snippet:-1","max-image-preview":"max-image-preview:large","max-video-preview":"max-video-preview:-1"},"canonical":"https:\/\/systronemv.com\/de\/nisv-pr-nis\/","og_locale":"de_DE","og_type":"article","og_title":"NISV \/ PR-NIS","og_description":"NISV \/ PR-NIS - Abschirmungen: Schutz vor nichtionisierender Strahlung NISV, Planungsrichtlinie Stadt Z\u00fcrich, PR-NIS","og_url":"https:\/\/systronemv.com\/de\/nisv-pr-nis\/","og_site_name":"Systron EMV","article_modified_time":"2025-02-10T14:56:23+00:00","twitter_card":"summary_large_image","twitter_misc":{"Gesch\u00e4tzte Lesezeit":"3\u00a0Minuten"},"schema":{"@context":"https:\/\/schema.org","@graph":[{"@type":"WebPage","@id":"https:\/\/systronemv.com\/de\/nisv-pr-nis\/","url":"https:\/\/systronemv.com\/de\/nisv-pr-nis\/","name":"NISV \/ PR-NIS - Abschirmungen","isPartOf":{"@id":"https:\/\/systronemv.com\/de\/#website"},"datePublished":"2022-04-07T11:50:02+00:00","dateModified":"2025-02-10T14:56:23+00:00","description":"NISV \/ PR-NIS - Abschirmungen: Schutz vor nichtionisierender Strahlung NISV, Planungsrichtlinie Stadt Z\u00fcrich, PR-NIS","breadcrumb":{"@id":"https:\/\/systronemv.com\/de\/nisv-pr-nis\/#breadcrumb"},"inLanguage":"de","potentialAction":[{"@type":"ReadAction","target":["https:\/\/systronemv.com\/de\/nisv-pr-nis\/"]}]},{"@type":"BreadcrumbList","@id":"https:\/\/systronemv.com\/de\/nisv-pr-nis\/#breadcrumb","itemListElement":[{"@type":"ListItem","position":1,"name":"Home","item":"https:\/\/systronemv.com\/de\/"},{"@type":"ListItem","position":2,"name":"NISV \/ PR-NIS"}]},{"@type":"WebSite","@id":"https:\/\/systronemv.com\/de\/#website","url":"https:\/\/systronemv.com\/de\/","name":"SYSTRON","description":"Magnetfeld-Abschirmungen","publisher":{"@id":"https:\/\/systronemv.com\/de\/#organization"},"potentialAction":[{"@type":"SearchAction","target":{"@type":"EntryPoint","urlTemplate":"https:\/\/systronemv.com\/de\/?s={search_term_string}"},"query-input":{"@type":"PropertyValueSpecification","valueRequired":true,"valueName":"search_term_string"}}],"inLanguage":"de"},{"@type":"Organization","@id":"https:\/\/systronemv.com\/de\/#organization","name":"Systron emv GmbH","url":"https:\/\/systronemv.com\/de\/","logo":{"@type":"ImageObject","inLanguage":"de","@id":"https:\/\/systronemv.com\/de\/#\/schema\/logo\/image\/","url":"https:\/\/systronemv.com\/wp-content\/uploads\/2024\/02\/Systron_Logo_positiv_Rahmen-scaled.jpg","contentUrl":"https:\/\/systronemv.com\/wp-content\/uploads\/2024\/02\/Systron_Logo_positiv_Rahmen-scaled.jpg","width":2560,"height":738,"caption":"Systron emv GmbH"},"image":{"@id":"https:\/\/systronemv.com\/de\/#\/schema\/logo\/image\/"}}]}},"_links":{"self":[{"href":"https:\/\/systronemv.com\/de\/wp-json\/wp\/v2\/pages\/313","targetHints":{"allow":["GET"]}}],"collection":[{"href":"https:\/\/systronemv.com\/de\/wp-json\/wp\/v2\/pages"}],"about":[{"href":"https:\/\/systronemv.com\/de\/wp-json\/wp\/v2\/types\/page"}],"author":[{"embeddable":true,"href":"https:\/\/systronemv.com\/de\/wp-json\/wp\/v2\/users\/3"}],"replies":[{"embeddable":true,"href":"https:\/\/systronemv.com\/de\/wp-json\/wp\/v2\/comments?post=313"}],"version-history":[{"count":0,"href":"https:\/\/systronemv.com\/de\/wp-json\/wp\/v2\/pages\/313\/revisions"}],"wp:attachment":[{"href":"https:\/\/systronemv.com\/de\/wp-json\/wp\/v2\/media?parent=313"}],"curies":[{"name":"wp","href":"https:\/\/api.w.org\/{rel}","templated":true}]}}