{"id":245,"date":"2022-04-04T08:28:53","date_gmt":"2022-04-04T08:28:53","guid":{"rendered":"https:\/\/systronemv.com\/syst\/?page_id=245"},"modified":"2024-03-14T10:30:45","modified_gmt":"2024-03-14T10:30:45","slug":"beratung","status":"publish","type":"page","link":"https:\/\/systronemv.com\/de\/magnetfeldanalyse\/beratung\/","title":{"rendered":"Beratung"},"content":{"rendered":"<div class=\"wpb-content-wrapper\"><p>[vc_row][vc_column][systron_generalboxes]Mit rund 30-j\u00e4hriger Erfahrung ber\u00e4t Systron ihre Kunden gerne pers\u00f6nlich in allen Belangen, bei denen es um niederfrequente Magnetfelder geht.\u00a0So erstellt Systron unter anderem auch komplexe Machbarkeitsstudien, welche teilweise Jahre vor der effektiven Realisierung eines Projektes durchgef\u00fchrt werden.\u00a0Dar\u00fcber hinaus kann Systron auch die ganze Planung von Abschirml\u00f6sungen bis hin zur eigentlichen Realisierung ausf\u00fchren und dies alles aus einer Hand.<\/p>\n<figure id=\"attachment_246\" aria-describedby=\"caption-attachment-246\" style=\"width: 700px\" class=\"wp-caption alignleft\"><img loading=\"lazy\" decoding=\"async\" class=\"wp-image-246 size-full\" src=\"https:\/\/systronemv.com\/wp-content\/uploads\/2022\/04\/berantung.jpg\" alt=\"\" width=\"700\" height=\"538\" srcset=\"https:\/\/systronemv.com\/wp-content\/uploads\/2022\/04\/berantung.jpg 700w, https:\/\/systronemv.com\/wp-content\/uploads\/2022\/04\/berantung-300x231.jpg 300w\" sizes=\"auto, (max-width: 700px) 100vw, 700px\" \/><figcaption id=\"caption-attachment-246\" class=\"wp-caption-text\">Pers\u00f6nliche Beratung<\/figcaption><\/figure>\n<p>[\/systron_generalboxes][\/vc_column][\/vc_row]<\/p>\n<\/div>","protected":false},"excerpt":{"rendered":"<p>[vc_row][vc_column][systron_generalboxes]Mit rund 30-j\u00e4hriger Erfahrung ber\u00e4t Systron ihre Kunden gerne pers\u00f6nlich in allen Belangen, bei denen es um niederfrequente Magnetfelder geht.\u00a0So erstellt Systron unter anderem auch komplexe Machbarkeitsstudien, welche teilweise Jahre vor der effektiven Realisierung eines Projektes durchgef\u00fchrt werden.\u00a0Dar\u00fcber hinaus kann Systron auch die ganze Planung von Abschirml\u00f6sungen bis hin zur eigentlichen Realisierung ausf\u00fchren und dies [&hellip;]<\/p>\n","protected":false},"author":3,"featured_media":0,"parent":201,"menu_order":0,"comment_status":"closed","ping_status":"closed","template":"","meta":{"_acf_changed":false,"inline_featured_image":false,"footnotes":""},"class_list":["post-245","page","type-page","status-publish","hentry"],"acf":[],"yoast_head":"<!-- This site is optimized with the Yoast SEO Premium plugin v26.2 (Yoast SEO v27.3) - https:\/\/yoast.com\/product\/yoast-seo-premium-wordpress\/ -->\n<title>Beratung - Abschirmungen<\/title>\n<meta name=\"description\" content=\"Beratung - Abschirmungen: Beratung im Bereich niederfrequenter Magnetfelder, Machbarkeitsstudien f\u00fcr Abschirmungen, NISV\" \/>\n<meta name=\"robots\" content=\"index, follow, max-snippet:-1, max-image-preview:large, max-video-preview:-1\" \/>\n<link rel=\"canonical\" href=\"https:\/\/systronemv.com\/de\/magnetfeldanalyse\/beratung\/\" \/>\n<meta property=\"og:locale\" content=\"de_DE\" \/>\n<meta property=\"og:type\" content=\"article\" \/>\n<meta property=\"og:title\" content=\"Beratung\" \/>\n<meta property=\"og:description\" content=\"Beratung - Abschirmungen: Beratung im Bereich niederfrequenter Magnetfelder, Machbarkeitsstudien f\u00fcr Abschirmungen, NISV\" \/>\n<meta property=\"og:url\" content=\"https:\/\/systronemv.com\/de\/magnetfeldanalyse\/beratung\/\" \/>\n<meta property=\"og:site_name\" content=\"Systron EMV\" \/>\n<meta property=\"article:modified_time\" content=\"2024-03-14T10:30:45+00:00\" \/>\n<meta property=\"og:image\" content=\"https:\/\/systronemv.com\/wp-content\/uploads\/2022\/04\/berantung.jpg\" \/>\n<meta name=\"twitter:card\" content=\"summary_large_image\" \/>\n<meta name=\"twitter:label1\" content=\"Gesch\u00e4tzte Lesezeit\" \/>\n\t<meta name=\"twitter:data1\" content=\"1\u00a0Minute\" \/>\n<script type=\"application\/ld+json\" class=\"yoast-schema-graph\">{\"@context\":\"https:\\\/\\\/schema.org\",\"@graph\":[{\"@type\":\"WebPage\",\"@id\":\"https:\\\/\\\/systronemv.com\\\/de\\\/magnetfeldanalyse\\\/beratung\\\/\",\"url\":\"https:\\\/\\\/systronemv.com\\\/de\\\/magnetfeldanalyse\\\/beratung\\\/\",\"name\":\"Beratung - Abschirmungen\",\"isPartOf\":{\"@id\":\"https:\\\/\\\/systronemv.com\\\/de\\\/#website\"},\"primaryImageOfPage\":{\"@id\":\"https:\\\/\\\/systronemv.com\\\/de\\\/magnetfeldanalyse\\\/beratung\\\/#primaryimage\"},\"image\":{\"@id\":\"https:\\\/\\\/systronemv.com\\\/de\\\/magnetfeldanalyse\\\/beratung\\\/#primaryimage\"},\"thumbnailUrl\":\"https:\\\/\\\/systronemv.com\\\/wp-content\\\/uploads\\\/2022\\\/04\\\/berantung.jpg\",\"datePublished\":\"2022-04-04T08:28:53+00:00\",\"dateModified\":\"2024-03-14T10:30:45+00:00\",\"description\":\"Beratung - Abschirmungen: Beratung im Bereich niederfrequenter Magnetfelder, Machbarkeitsstudien f\u00fcr Abschirmungen, NISV\",\"breadcrumb\":{\"@id\":\"https:\\\/\\\/systronemv.com\\\/de\\\/magnetfeldanalyse\\\/beratung\\\/#breadcrumb\"},\"inLanguage\":\"de\",\"potentialAction\":[{\"@type\":\"ReadAction\",\"target\":[\"https:\\\/\\\/systronemv.com\\\/de\\\/magnetfeldanalyse\\\/beratung\\\/\"]}]},{\"@type\":\"ImageObject\",\"inLanguage\":\"de\",\"@id\":\"https:\\\/\\\/systronemv.com\\\/de\\\/magnetfeldanalyse\\\/beratung\\\/#primaryimage\",\"url\":\"https:\\\/\\\/systronemv.com\\\/wp-content\\\/uploads\\\/2022\\\/04\\\/berantung.jpg\",\"contentUrl\":\"https:\\\/\\\/systronemv.com\\\/wp-content\\\/uploads\\\/2022\\\/04\\\/berantung.jpg\"},{\"@type\":\"BreadcrumbList\",\"@id\":\"https:\\\/\\\/systronemv.com\\\/de\\\/magnetfeldanalyse\\\/beratung\\\/#breadcrumb\",\"itemListElement\":[{\"@type\":\"ListItem\",\"position\":1,\"name\":\"Home\",\"item\":\"https:\\\/\\\/systronemv.com\\\/de\\\/\"},{\"@type\":\"ListItem\",\"position\":2,\"name\":\"Magnetfeldanalyse\",\"item\":\"https:\\\/\\\/systronemv.com\\\/de\\\/magnetfeldanalyse\\\/\"},{\"@type\":\"ListItem\",\"position\":3,\"name\":\"Beratung\"}]},{\"@type\":\"WebSite\",\"@id\":\"https:\\\/\\\/systronemv.com\\\/de\\\/#website\",\"url\":\"https:\\\/\\\/systronemv.com\\\/de\\\/\",\"name\":\"SYSTRON\",\"description\":\"Magnetfeld-Abschirmungen\",\"publisher\":{\"@id\":\"https:\\\/\\\/systronemv.com\\\/de\\\/#organization\"},\"potentialAction\":[{\"@type\":\"SearchAction\",\"target\":{\"@type\":\"EntryPoint\",\"urlTemplate\":\"https:\\\/\\\/systronemv.com\\\/de\\\/?s={search_term_string}\"},\"query-input\":{\"@type\":\"PropertyValueSpecification\",\"valueRequired\":true,\"valueName\":\"search_term_string\"}}],\"inLanguage\":\"de\"},{\"@type\":\"Organization\",\"@id\":\"https:\\\/\\\/systronemv.com\\\/de\\\/#organization\",\"name\":\"Systron emv GmbH\",\"url\":\"https:\\\/\\\/systronemv.com\\\/de\\\/\",\"logo\":{\"@type\":\"ImageObject\",\"inLanguage\":\"de\",\"@id\":\"https:\\\/\\\/systronemv.com\\\/de\\\/#\\\/schema\\\/logo\\\/image\\\/\",\"url\":\"https:\\\/\\\/systronemv.com\\\/wp-content\\\/uploads\\\/2024\\\/02\\\/Systron_Logo_positiv_Rahmen-scaled.jpg\",\"contentUrl\":\"https:\\\/\\\/systronemv.com\\\/wp-content\\\/uploads\\\/2024\\\/02\\\/Systron_Logo_positiv_Rahmen-scaled.jpg\",\"width\":2560,\"height\":738,\"caption\":\"Systron emv GmbH\"},\"image\":{\"@id\":\"https:\\\/\\\/systronemv.com\\\/de\\\/#\\\/schema\\\/logo\\\/image\\\/\"}}]}<\/script>\n<!-- \/ Yoast SEO Premium plugin. -->","yoast_head_json":{"title":"Beratung - Abschirmungen","description":"Beratung - Abschirmungen: Beratung im Bereich niederfrequenter Magnetfelder, Machbarkeitsstudien f\u00fcr Abschirmungen, NISV","robots":{"index":"index","follow":"follow","max-snippet":"max-snippet:-1","max-image-preview":"max-image-preview:large","max-video-preview":"max-video-preview:-1"},"canonical":"https:\/\/systronemv.com\/de\/magnetfeldanalyse\/beratung\/","og_locale":"de_DE","og_type":"article","og_title":"Beratung","og_description":"Beratung - Abschirmungen: Beratung im Bereich niederfrequenter Magnetfelder, Machbarkeitsstudien f\u00fcr Abschirmungen, NISV","og_url":"https:\/\/systronemv.com\/de\/magnetfeldanalyse\/beratung\/","og_site_name":"Systron EMV","article_modified_time":"2024-03-14T10:30:45+00:00","og_image":[{"url":"https:\/\/systronemv.com\/wp-content\/uploads\/2022\/04\/berantung.jpg","type":"","width":"","height":""}],"twitter_card":"summary_large_image","twitter_misc":{"Gesch\u00e4tzte Lesezeit":"1\u00a0Minute"},"schema":{"@context":"https:\/\/schema.org","@graph":[{"@type":"WebPage","@id":"https:\/\/systronemv.com\/de\/magnetfeldanalyse\/beratung\/","url":"https:\/\/systronemv.com\/de\/magnetfeldanalyse\/beratung\/","name":"Beratung - Abschirmungen","isPartOf":{"@id":"https:\/\/systronemv.com\/de\/#website"},"primaryImageOfPage":{"@id":"https:\/\/systronemv.com\/de\/magnetfeldanalyse\/beratung\/#primaryimage"},"image":{"@id":"https:\/\/systronemv.com\/de\/magnetfeldanalyse\/beratung\/#primaryimage"},"thumbnailUrl":"https:\/\/systronemv.com\/wp-content\/uploads\/2022\/04\/berantung.jpg","datePublished":"2022-04-04T08:28:53+00:00","dateModified":"2024-03-14T10:30:45+00:00","description":"Beratung - Abschirmungen: Beratung im Bereich niederfrequenter Magnetfelder, Machbarkeitsstudien f\u00fcr Abschirmungen, NISV","breadcrumb":{"@id":"https:\/\/systronemv.com\/de\/magnetfeldanalyse\/beratung\/#breadcrumb"},"inLanguage":"de","potentialAction":[{"@type":"ReadAction","target":["https:\/\/systronemv.com\/de\/magnetfeldanalyse\/beratung\/"]}]},{"@type":"ImageObject","inLanguage":"de","@id":"https:\/\/systronemv.com\/de\/magnetfeldanalyse\/beratung\/#primaryimage","url":"https:\/\/systronemv.com\/wp-content\/uploads\/2022\/04\/berantung.jpg","contentUrl":"https:\/\/systronemv.com\/wp-content\/uploads\/2022\/04\/berantung.jpg"},{"@type":"BreadcrumbList","@id":"https:\/\/systronemv.com\/de\/magnetfeldanalyse\/beratung\/#breadcrumb","itemListElement":[{"@type":"ListItem","position":1,"name":"Home","item":"https:\/\/systronemv.com\/de\/"},{"@type":"ListItem","position":2,"name":"Magnetfeldanalyse","item":"https:\/\/systronemv.com\/de\/magnetfeldanalyse\/"},{"@type":"ListItem","position":3,"name":"Beratung"}]},{"@type":"WebSite","@id":"https:\/\/systronemv.com\/de\/#website","url":"https:\/\/systronemv.com\/de\/","name":"SYSTRON","description":"Magnetfeld-Abschirmungen","publisher":{"@id":"https:\/\/systronemv.com\/de\/#organization"},"potentialAction":[{"@type":"SearchAction","target":{"@type":"EntryPoint","urlTemplate":"https:\/\/systronemv.com\/de\/?s={search_term_string}"},"query-input":{"@type":"PropertyValueSpecification","valueRequired":true,"valueName":"search_term_string"}}],"inLanguage":"de"},{"@type":"Organization","@id":"https:\/\/systronemv.com\/de\/#organization","name":"Systron emv GmbH","url":"https:\/\/systronemv.com\/de\/","logo":{"@type":"ImageObject","inLanguage":"de","@id":"https:\/\/systronemv.com\/de\/#\/schema\/logo\/image\/","url":"https:\/\/systronemv.com\/wp-content\/uploads\/2024\/02\/Systron_Logo_positiv_Rahmen-scaled.jpg","contentUrl":"https:\/\/systronemv.com\/wp-content\/uploads\/2024\/02\/Systron_Logo_positiv_Rahmen-scaled.jpg","width":2560,"height":738,"caption":"Systron emv GmbH"},"image":{"@id":"https:\/\/systronemv.com\/de\/#\/schema\/logo\/image\/"}}]}},"_links":{"self":[{"href":"https:\/\/systronemv.com\/de\/wp-json\/wp\/v2\/pages\/245","targetHints":{"allow":["GET"]}}],"collection":[{"href":"https:\/\/systronemv.com\/de\/wp-json\/wp\/v2\/pages"}],"about":[{"href":"https:\/\/systronemv.com\/de\/wp-json\/wp\/v2\/types\/page"}],"author":[{"embeddable":true,"href":"https:\/\/systronemv.com\/de\/wp-json\/wp\/v2\/users\/3"}],"replies":[{"embeddable":true,"href":"https:\/\/systronemv.com\/de\/wp-json\/wp\/v2\/comments?post=245"}],"version-history":[{"count":0,"href":"https:\/\/systronemv.com\/de\/wp-json\/wp\/v2\/pages\/245\/revisions"}],"up":[{"embeddable":true,"href":"https:\/\/systronemv.com\/de\/wp-json\/wp\/v2\/pages\/201"}],"wp:attachment":[{"href":"https:\/\/systronemv.com\/de\/wp-json\/wp\/v2\/media?parent=245"}],"curies":[{"name":"wp","href":"https:\/\/api.w.org\/{rel}","templated":true}]}}