{"id":229,"date":"2022-04-01T14:39:35","date_gmt":"2022-04-01T14:39:35","guid":{"rendered":"https:\/\/systronemv.com\/syst\/?page_id=229"},"modified":"2024-03-14T10:27:44","modified_gmt":"2024-03-14T10:27:44","slug":"grenzwerte","status":"publish","type":"page","link":"https:\/\/systronemv.com\/de\/grenzwerte\/","title":{"rendered":"Grenzwerte"},"content":{"rendered":"<div class=\"wpb-content-wrapper\"><p>[vc_row][vc_column][systron_generalboxes left_general=&#8220;Full Table&#8220;]\u00dcbersicht bez\u00fcglich geltender Grenzwerte f\u00fcr elektrische und magnetische, niederfrequente Felder.<\/p>\n<table class=\"table align-top\" style=\"width: 100%; height: 298px;\">\n<thead>\n<tr>\n<th style=\"width: 22.2383%;\">Grenzwerte<\/th>\n<th style=\"width: 14.6145%;\">Frequenz (f)<\/th>\n<th style=\"width: 15.1958%;\">Flussdichte (B)<\/th>\n<th style=\"width: 16.2811%;\">Feldst\u00e4rke (E)<\/th>\n<th style=\"width: 30.6529%;\">Anwendung \/ G\u00fcltigkeit<\/th>\n<\/tr>\n<\/thead>\n<tbody>\n<tr>\n<td style=\"width: 22.2383%;\">Immissionsgrenzwerte IGW gem\u00e4\u00df 26. BImSchV<\/td>\n<td style=\"width: 14.6145%;\">50 Hz<br \/>\n16.7 Hz<\/td>\n<td style=\"width: 15.1958%;\">100 \u00b5T<br \/>\n300 \u00b5T<\/td>\n<td style=\"width: 16.2811%;\">5\u2019000 V\/m<br \/>\n10\u2019000 V\/m<\/td>\n<td style=\"width: 30.6529%;\">Deutschland: \u00dcberall wo sich Menschen aufhalten k\u00f6nnen<\/td>\n<\/tr>\n<tr>\n<td style=\"width: 22.2383%;\">Immissionsgrenzwerte IGW gem\u00e4\u00df NISV<\/td>\n<td style=\"width: 14.6145%;\">0 Hz<br \/>\n16.7 Hz<br \/>\n400 Hz<br \/>\nstatisch<\/td>\n<td style=\"width: 15.1958%;\">100 \u00b5T<br \/>\n300 \u00b5T<br \/>\n12.5 \u00b5T<br \/>\n40\u2019000 \u00b5T<\/td>\n<td style=\"width: 16.2811%;\">5\u2019000 V\/m<br \/>\n10\u2019000 V\/m<br \/>\n625 V\/m<br \/>\n\u2014<\/td>\n<td style=\"width: 30.6529%;\">Schweiz: \u00dcberall wo sich Menschen aufhalten k\u00f6nnen<\/td>\n<\/tr>\n<tr>\n<td style=\"width: 22.2383%;\">Anlagegrenzwert AGW gem\u00e4\u00df NISV<\/td>\n<td style=\"width: 14.6145%;\">50 Hz<\/td>\n<td style=\"width: 15.1958%;\">1 \u00b5T<\/td>\n<td style=\"width: 16.2811%;\">\u2014<\/td>\n<td style=\"width: 30.6529%;\">Schweiz: An Orten mit empfindlicher Nutzung<\/td>\n<\/tr>\n<tr>\n<td style=\"width: 22.2383%;\">Arbeitsschutz,<br \/>\nBGV B11 Expositionsbereich 1 BGV B11 Expositionsbereich 2<\/td>\n<td style=\"width: 14.6145%;\">50 Hz<br \/>\n16.7 Hz50 Hz<br \/>\n16.7 Hz<\/td>\n<td style=\"width: 15.1958%;\">1\u2019358 \u00b5T<br \/>\n4\u2019073 \u00b5T424 \u00b5T<br \/>\n1\u2019270 \u00b5T<\/td>\n<td style=\"width: 16.2811%;\">21\u2019320 V\/m<br \/>\n30\u2019000 V\/m6\u2019666 V\/m<br \/>\n20\u2019000 V\/m<\/td>\n<td style=\"width: 30.6529%;\">Deutschland: Die Vorschrift gilt, soweit Versicherte elektrischen, magnetischen oder elektromagnetischen Feldern ausgesetzt sind (sofern nicht die 26. BImSchV. zur Anwendung gelangt).<\/td>\n<\/tr>\n<tr>\n<td style=\"width: 22.2383%;\">Arbeitshygienische Grenzwerte AHG gem\u00e4\u00df SUVA<\/td>\n<td style=\"width: 14.6145%;\">50 Hz<br \/>\n16.7 Hz<br \/>\n400 Hz<br \/>\nstatisch<\/td>\n<td style=\"width: 15.1958%;\">500 \u00b5T<br \/>\n1500 \u00b5T<br \/>\n62.5 \u00b5T<br \/>\n200\u2019000 \u00b5T<\/td>\n<td style=\"width: 16.2811%;\">10\u2019000 V\/m<br \/>\n20\u2019000 V\/m<br \/>\n1\u2019250 V\/m<br \/>\n40\u2019000 V\/m<\/td>\n<td style=\"width: 30.6529%;\">Schweiz: An betriebseigenen Arbeitspl\u00e4tzen bei beruflicher Exposition<\/td>\n<\/tr>\n<tr>\n<td style=\"width: 22.2383%;\">St\u00f6rfestigkeit gem\u00e4\u00df EN 61000-4-8<\/td>\n<td style=\"width: 14.6145%;\">50 Hz<\/td>\n<td style=\"width: 15.1958%;\">3.75 \u00b5T<\/td>\n<td style=\"width: 16.2811%;\">\u2014<\/td>\n<td style=\"width: 30.6529%;\">EU: St\u00f6rfestigkeit gegen Magnetfelder mit energietechnischen Frequenzen f\u00fcr Ger\u00e4te<\/td>\n<\/tr>\n<tr>\n<td style=\"width: 22.2383%;\">St\u00f6rschwellengrenzwerte gem\u00e4\u00df IRPA 1990<\/td>\n<td style=\"width: 14.6145%;\">50 Hz<\/td>\n<td style=\"width: 15.1958%;\">16 \u00b5T<\/td>\n<td style=\"width: 16.2811%;\">2\u2019500 V\/m<\/td>\n<td style=\"width: 30.6529%;\">Int.: F\u00fcr Tr\u00e4ger von Implantaten wie Herzschrittmacher, H\u00f6rhilfen<\/td>\n<\/tr>\n<tr>\n<td style=\"width: 22.2383%;\">Starkstromanlagen in Krankenh\u00e4usern und medizinisch genutzten R\u00e4umen au\u00dferhalb von Krankenh\u00e4usern \u00d6NORM E8007<\/td>\n<td style=\"width: 14.6145%;\">50 Hz<\/td>\n<td style=\"width: 15.1958%;\">EMG \/ 0.1 \u00b5T<br \/>\nEEG \/ 0.2 \u00b5T<br \/>\nEKG \/ 0.4 \u00b5T<\/td>\n<td style=\"width: 16.2811%;\">\u2014<\/td>\n<td style=\"width: 30.6529%;\">\u00d6sterreich: F\u00fcr medizinisch genutzte R\u00e4ume, auch mit EMG \/ EEG \/ EKG<\/td>\n<\/tr>\n<tr>\n<td style=\"width: 22.2383%;\">Medizinische genutzte R\u00e4ume, Patientenzimmer, gem\u00e4\u00df DIN\/VDE 0100-710<\/td>\n<td style=\"width: 14.6145%;\">50 Hz<\/td>\n<td style=\"width: 15.1958%;\">0.2 \u00b5T<br \/>\n0.4 \u00b5T<\/td>\n<td style=\"width: 16.2811%;\">\u2014<\/td>\n<td style=\"width: 30.6529%;\">Deutschland: F\u00fcr medizinisch genutzte R\u00e4ume mit EEG \/ EKG Einrichtungen<\/td>\n<\/tr>\n<tr>\n<td style=\"width: 22.2383%;\">Referenzwerte f\u00fcr die Exposition der Bev\u00f6lkerung durch elektrische und magnetische Wechselfelder. Public Health (ICNIRP)<\/td>\n<td style=\"width: 14.6145%;\">25 Hz \u2013 50 Hz<br \/>\n50 Hz \u2013 400Hz<br \/>\n400 Hz \u2013 3000 Hz<\/td>\n<td style=\"width: 15.1958%;\">200 \u00b5T<br \/>\n200 \u00b5T<br \/>\n8 x 10-2\/f T<\/td>\n<td style=\"width: 16.2811%;\">5\u2019000 V\/m<br \/>\n2.5 x 102\/f kV\/m<br \/>\n2.5 x 102\/f kV\/m<\/td>\n<td style=\"width: 30.6529%;\">Int.: Richtlinie ICNIRP<\/td>\n<\/tr>\n<tr>\n<td style=\"width: 22.2383%;\">Referenzwerte f\u00fcr die Exposition durch elektrische und magnetische Wechselfelder am Arbeitsplatz. Beruflich bedingte Exposition (ICNIRP)<\/td>\n<td style=\"width: 14.6145%;\">25 Hz \u2013 300 Hz<br \/>\n300 Hz \u2013 3000 Hz<\/td>\n<td style=\"width: 15.1958%;\">1 mT<br \/>\n0.3\/f T<\/td>\n<td style=\"width: 16.2811%;\">5 x 102\/f kV\/m<br \/>\n5 x 102\/f kV\/m<\/td>\n<td style=\"width: 30.6529%;\">Int.: Richtlinie ICNIRP<\/td>\n<\/tr>\n<\/tbody>\n<\/table>\n<p>[\/systron_generalboxes][\/vc_column][\/vc_row]<\/p>\n<\/div>","protected":false},"excerpt":{"rendered":"<p>[vc_row][vc_column][systron_generalboxes left_general=&#8220;Full Table&#8220;]\u00dcbersicht bez\u00fcglich geltender Grenzwerte f\u00fcr elektrische und magnetische, niederfrequente Felder. Grenzwerte Frequenz (f) Flussdichte (B) Feldst\u00e4rke (E) Anwendung \/ G\u00fcltigkeit Immissionsgrenzwerte IGW gem\u00e4\u00df 26. BImSchV 50 Hz 16.7 Hz 100 \u00b5T 300 \u00b5T 5\u2019000 V\/m 10\u2019000 V\/m Deutschland: \u00dcberall wo sich Menschen aufhalten k\u00f6nnen Immissionsgrenzwerte IGW gem\u00e4\u00df NISV 0 Hz 16.7 Hz 400 [&hellip;]<\/p>\n","protected":false},"author":3,"featured_media":0,"parent":0,"menu_order":0,"comment_status":"closed","ping_status":"closed","template":"","meta":{"_acf_changed":false,"inline_featured_image":false,"footnotes":""},"class_list":["post-229","page","type-page","status-publish","hentry"],"acf":[],"yoast_head":"<!-- This site is optimized with the Yoast SEO Premium plugin v26.2 (Yoast SEO v27.3) - https:\/\/yoast.com\/product\/yoast-seo-premium-wordpress\/ -->\n<title>Grenzwerte - NISV - Anlagegrenzwert - PR-NIS<\/title>\n<meta name=\"description\" content=\"Grenzwerte: Magnetfeldabschirmung zur Einhaltung der NISV (Anlagegrenzwert, Immissionsgrenzwert), PR-NIS\" \/>\n<meta name=\"robots\" content=\"index, follow, max-snippet:-1, max-image-preview:large, max-video-preview:-1\" \/>\n<link rel=\"canonical\" href=\"https:\/\/systronemv.com\/de\/grenzwerte\/\" \/>\n<meta property=\"og:locale\" content=\"de_DE\" \/>\n<meta property=\"og:type\" content=\"article\" \/>\n<meta property=\"og:title\" content=\"Grenzwerte\" \/>\n<meta property=\"og:description\" content=\"Grenzwerte: Magnetfeldabschirmung zur Einhaltung der NISV (Anlagegrenzwert, Immissionsgrenzwert), PR-NIS\" \/>\n<meta property=\"og:url\" content=\"https:\/\/systronemv.com\/de\/grenzwerte\/\" \/>\n<meta property=\"og:site_name\" content=\"Systron EMV\" \/>\n<meta property=\"article:modified_time\" content=\"2024-03-14T10:27:44+00:00\" \/>\n<meta name=\"twitter:card\" content=\"summary_large_image\" \/>\n<meta name=\"twitter:label1\" content=\"Gesch\u00e4tzte Lesezeit\" \/>\n\t<meta name=\"twitter:data1\" content=\"3\u00a0Minuten\" \/>\n<script type=\"application\/ld+json\" class=\"yoast-schema-graph\">{\"@context\":\"https:\\\/\\\/schema.org\",\"@graph\":[{\"@type\":\"WebPage\",\"@id\":\"https:\\\/\\\/systronemv.com\\\/de\\\/grenzwerte\\\/\",\"url\":\"https:\\\/\\\/systronemv.com\\\/de\\\/grenzwerte\\\/\",\"name\":\"Grenzwerte - NISV - Anlagegrenzwert - PR-NIS\",\"isPartOf\":{\"@id\":\"https:\\\/\\\/systronemv.com\\\/de\\\/#website\"},\"datePublished\":\"2022-04-01T14:39:35+00:00\",\"dateModified\":\"2024-03-14T10:27:44+00:00\",\"description\":\"Grenzwerte: Magnetfeldabschirmung zur Einhaltung der NISV (Anlagegrenzwert, Immissionsgrenzwert), PR-NIS\",\"breadcrumb\":{\"@id\":\"https:\\\/\\\/systronemv.com\\\/de\\\/grenzwerte\\\/#breadcrumb\"},\"inLanguage\":\"de\",\"potentialAction\":[{\"@type\":\"ReadAction\",\"target\":[\"https:\\\/\\\/systronemv.com\\\/de\\\/grenzwerte\\\/\"]}]},{\"@type\":\"BreadcrumbList\",\"@id\":\"https:\\\/\\\/systronemv.com\\\/de\\\/grenzwerte\\\/#breadcrumb\",\"itemListElement\":[{\"@type\":\"ListItem\",\"position\":1,\"name\":\"Home\",\"item\":\"https:\\\/\\\/systronemv.com\\\/de\\\/\"},{\"@type\":\"ListItem\",\"position\":2,\"name\":\"Grenzwerte\"}]},{\"@type\":\"WebSite\",\"@id\":\"https:\\\/\\\/systronemv.com\\\/de\\\/#website\",\"url\":\"https:\\\/\\\/systronemv.com\\\/de\\\/\",\"name\":\"SYSTRON\",\"description\":\"Magnetfeld-Abschirmungen\",\"publisher\":{\"@id\":\"https:\\\/\\\/systronemv.com\\\/de\\\/#organization\"},\"potentialAction\":[{\"@type\":\"SearchAction\",\"target\":{\"@type\":\"EntryPoint\",\"urlTemplate\":\"https:\\\/\\\/systronemv.com\\\/de\\\/?s={search_term_string}\"},\"query-input\":{\"@type\":\"PropertyValueSpecification\",\"valueRequired\":true,\"valueName\":\"search_term_string\"}}],\"inLanguage\":\"de\"},{\"@type\":\"Organization\",\"@id\":\"https:\\\/\\\/systronemv.com\\\/de\\\/#organization\",\"name\":\"Systron emv GmbH\",\"url\":\"https:\\\/\\\/systronemv.com\\\/de\\\/\",\"logo\":{\"@type\":\"ImageObject\",\"inLanguage\":\"de\",\"@id\":\"https:\\\/\\\/systronemv.com\\\/de\\\/#\\\/schema\\\/logo\\\/image\\\/\",\"url\":\"https:\\\/\\\/systronemv.com\\\/wp-content\\\/uploads\\\/2024\\\/02\\\/Systron_Logo_positiv_Rahmen-scaled.jpg\",\"contentUrl\":\"https:\\\/\\\/systronemv.com\\\/wp-content\\\/uploads\\\/2024\\\/02\\\/Systron_Logo_positiv_Rahmen-scaled.jpg\",\"width\":2560,\"height\":738,\"caption\":\"Systron emv GmbH\"},\"image\":{\"@id\":\"https:\\\/\\\/systronemv.com\\\/de\\\/#\\\/schema\\\/logo\\\/image\\\/\"}}]}<\/script>\n<!-- \/ Yoast SEO Premium plugin. -->","yoast_head_json":{"title":"Grenzwerte - NISV - Anlagegrenzwert - PR-NIS","description":"Grenzwerte: Magnetfeldabschirmung zur Einhaltung der NISV (Anlagegrenzwert, Immissionsgrenzwert), PR-NIS","robots":{"index":"index","follow":"follow","max-snippet":"max-snippet:-1","max-image-preview":"max-image-preview:large","max-video-preview":"max-video-preview:-1"},"canonical":"https:\/\/systronemv.com\/de\/grenzwerte\/","og_locale":"de_DE","og_type":"article","og_title":"Grenzwerte","og_description":"Grenzwerte: Magnetfeldabschirmung zur Einhaltung der NISV (Anlagegrenzwert, Immissionsgrenzwert), PR-NIS","og_url":"https:\/\/systronemv.com\/de\/grenzwerte\/","og_site_name":"Systron EMV","article_modified_time":"2024-03-14T10:27:44+00:00","twitter_card":"summary_large_image","twitter_misc":{"Gesch\u00e4tzte Lesezeit":"3\u00a0Minuten"},"schema":{"@context":"https:\/\/schema.org","@graph":[{"@type":"WebPage","@id":"https:\/\/systronemv.com\/de\/grenzwerte\/","url":"https:\/\/systronemv.com\/de\/grenzwerte\/","name":"Grenzwerte - NISV - Anlagegrenzwert - PR-NIS","isPartOf":{"@id":"https:\/\/systronemv.com\/de\/#website"},"datePublished":"2022-04-01T14:39:35+00:00","dateModified":"2024-03-14T10:27:44+00:00","description":"Grenzwerte: Magnetfeldabschirmung zur Einhaltung der NISV (Anlagegrenzwert, Immissionsgrenzwert), PR-NIS","breadcrumb":{"@id":"https:\/\/systronemv.com\/de\/grenzwerte\/#breadcrumb"},"inLanguage":"de","potentialAction":[{"@type":"ReadAction","target":["https:\/\/systronemv.com\/de\/grenzwerte\/"]}]},{"@type":"BreadcrumbList","@id":"https:\/\/systronemv.com\/de\/grenzwerte\/#breadcrumb","itemListElement":[{"@type":"ListItem","position":1,"name":"Home","item":"https:\/\/systronemv.com\/de\/"},{"@type":"ListItem","position":2,"name":"Grenzwerte"}]},{"@type":"WebSite","@id":"https:\/\/systronemv.com\/de\/#website","url":"https:\/\/systronemv.com\/de\/","name":"SYSTRON","description":"Magnetfeld-Abschirmungen","publisher":{"@id":"https:\/\/systronemv.com\/de\/#organization"},"potentialAction":[{"@type":"SearchAction","target":{"@type":"EntryPoint","urlTemplate":"https:\/\/systronemv.com\/de\/?s={search_term_string}"},"query-input":{"@type":"PropertyValueSpecification","valueRequired":true,"valueName":"search_term_string"}}],"inLanguage":"de"},{"@type":"Organization","@id":"https:\/\/systronemv.com\/de\/#organization","name":"Systron emv GmbH","url":"https:\/\/systronemv.com\/de\/","logo":{"@type":"ImageObject","inLanguage":"de","@id":"https:\/\/systronemv.com\/de\/#\/schema\/logo\/image\/","url":"https:\/\/systronemv.com\/wp-content\/uploads\/2024\/02\/Systron_Logo_positiv_Rahmen-scaled.jpg","contentUrl":"https:\/\/systronemv.com\/wp-content\/uploads\/2024\/02\/Systron_Logo_positiv_Rahmen-scaled.jpg","width":2560,"height":738,"caption":"Systron emv GmbH"},"image":{"@id":"https:\/\/systronemv.com\/de\/#\/schema\/logo\/image\/"}}]}},"_links":{"self":[{"href":"https:\/\/systronemv.com\/de\/wp-json\/wp\/v2\/pages\/229","targetHints":{"allow":["GET"]}}],"collection":[{"href":"https:\/\/systronemv.com\/de\/wp-json\/wp\/v2\/pages"}],"about":[{"href":"https:\/\/systronemv.com\/de\/wp-json\/wp\/v2\/types\/page"}],"author":[{"embeddable":true,"href":"https:\/\/systronemv.com\/de\/wp-json\/wp\/v2\/users\/3"}],"replies":[{"embeddable":true,"href":"https:\/\/systronemv.com\/de\/wp-json\/wp\/v2\/comments?post=229"}],"version-history":[{"count":0,"href":"https:\/\/systronemv.com\/de\/wp-json\/wp\/v2\/pages\/229\/revisions"}],"wp:attachment":[{"href":"https:\/\/systronemv.com\/de\/wp-json\/wp\/v2\/media?parent=229"}],"curies":[{"name":"wp","href":"https:\/\/api.w.org\/{rel}","templated":true}]}}