{"id":206,"date":"2022-03-31T09:37:35","date_gmt":"2022-03-31T09:37:35","guid":{"rendered":"https:\/\/systronemv.com\/syst\/?page_id=206"},"modified":"2024-03-14T10:39:05","modified_gmt":"2024-03-14T10:39:05","slug":"referenz-elektrische-betriebsmittel","status":"publish","type":"page","link":"https:\/\/systronemv.com\/de\/referenzen\/referenz-elektrische-betriebsmittel\/","title":{"rendered":"Ref. Elektrische Betriebsmittel"},"content":{"rendered":"<div class=\"wpb-content-wrapper\"><p>[vc_row][vc_column][systron_generalboxes]Magnetfelder, welche von elektrischen Betriebsmitteln verursacht werden, m\u00fcssen typischerweise reduziert werden, um die gesetzlichen Grenzwerte in \u00abOrten mit empfindlicher Nutzung\u00bb (OMEN) einzuhalten. Nachfolgend sind zwei Referenzprojekte beschrieben.[\/systron_generalboxes][\/vc_column][\/vc_row][vc_row][vc_column][systron_generalboxes box_color=&#8220;general-color&#8220; left_general=&#8220;Title&#8220; box_left_title=&#8220;B\u00fcror\u00e4umlichkeiten Z\u00fcrich West, PSP Swiss Property&#8220;]Im Erdgeschoss der Liegenschaft in Z\u00fcrich West wird ein ehemaliger Industrieraum zu B\u00fcror\u00e4umlichkeiten mit st\u00e4ndigen Arbeitspl\u00e4tzen umgebaut \/ umgenutzt. Neben den gem\u00e4ss NISV als \u00abOrte mit empfindlicher Nutzung\u00bb (OMEN) zu betrachtenden R\u00e4umen befindet sich eine bestehende Transformatorenstation.<\/p>\n<p>Systron wurde damit beauftragt die Ist-Situation mit einer Magnetfeldberechnung abzubilden und eine kundenspezifische Abschirml\u00f6sung zu entwickeln. Anschliessend durften wir die komplette Installation inkl. Messnachweis ausf\u00fchren.<\/p>\n<p>Nachfolgende Abbildung zeigt die Ist-Situation als Isolinienbild in der Software EFC-400 simuliert.<\/p>\n<div id='gallery-1' class='gallery galleryid-206 gallery-columns-3 gallery-size-full'><figure class='gallery-item'>\n\t\t\t<div class='gallery-icon landscape'>\n\t\t\t\t<a href='https:\/\/systronemv.com\/wp-content\/uploads\/2022\/04\/OMEN-800.jpg'><img loading=\"lazy\" decoding=\"async\" width=\"800\" height=\"332\" src=\"https:\/\/systronemv.com\/wp-content\/uploads\/2022\/04\/OMEN-800.jpg\" class=\"attachment-full size-full landscape\" alt=\"\" aria-describedby=\"gallery-1-666\" srcset=\"https:\/\/systronemv.com\/wp-content\/uploads\/2022\/04\/OMEN-800.jpg 800w, https:\/\/systronemv.com\/wp-content\/uploads\/2022\/04\/OMEN-800-300x125.jpg 300w, https:\/\/systronemv.com\/wp-content\/uploads\/2022\/04\/OMEN-800-768x319.jpg 768w\" sizes=\"auto, (max-width: 800px) 100vw, 800px\" \/><\/a>\n\t\t\t<\/div>\n\t\t\t\t<figcaption class='wp-caption-text gallery-caption' id='gallery-1-666'>\n\t\t\t\tSimulationsergebnis Isolinienberechnung\n\t\t\t\t<\/figcaption><\/figure>\n\t\t<\/div>\n\n<p>Die Simulationsergebnisse zeigten, dass der 1\u00b5T Anlagegrenzwert bei den OMEN deutlich \u00fcberschritten wird.\u00a0Anhand der Resultate wurde eine geeignete Abschirml\u00f6sung mit Systron PowerShield\u00ae entwickelt und mittels Simulation verifiziert.<\/p>\n<div id='gallery-2' class='gallery galleryid-206 gallery-columns-3 gallery-size-full'><figure class='gallery-item'>\n\t\t\t<div class='gallery-icon landscape'>\n\t\t\t\t<a href='https:\/\/systronemv.com\/wp-content\/uploads\/2022\/04\/Hardturmstrasse_161_Iolinienberechnung_3D_geschirmt-800.jpg'><img loading=\"lazy\" decoding=\"async\" width=\"800\" height=\"395\" src=\"https:\/\/systronemv.com\/wp-content\/uploads\/2022\/04\/Hardturmstrasse_161_Iolinienberechnung_3D_geschirmt-800.jpg\" class=\"attachment-full size-full landscape\" alt=\"\" aria-describedby=\"gallery-2-669\" srcset=\"https:\/\/systronemv.com\/wp-content\/uploads\/2022\/04\/Hardturmstrasse_161_Iolinienberechnung_3D_geschirmt-800.jpg 800w, https:\/\/systronemv.com\/wp-content\/uploads\/2022\/04\/Hardturmstrasse_161_Iolinienberechnung_3D_geschirmt-800-300x148.jpg 300w, https:\/\/systronemv.com\/wp-content\/uploads\/2022\/04\/Hardturmstrasse_161_Iolinienberechnung_3D_geschirmt-800-768x379.jpg 768w\" sizes=\"auto, (max-width: 800px) 100vw, 800px\" \/><\/a>\n\t\t\t<\/div>\n\t\t\t\t<figcaption class='wp-caption-text gallery-caption' id='gallery-2-669'>\n\t\t\t\tSimulationsergebnis mit Abschirmung\n\t\t\t\t<\/figcaption><\/figure>\n\t\t<\/div>\n\n<p>Die entwickelte L\u00f6sung, mit einer Abschirmfl\u00e4che von rund 225m\u00b2, wurde wie geplant installiert.<\/p>\n<div id='gallery-3' class='gallery galleryid-206 gallery-columns-3 gallery-size-full'><figure class='gallery-item'>\n\t\t\t<div class='gallery-icon portrait'>\n\t\t\t\t<a href='https:\/\/systronemv.com\/wp-content\/uploads\/2022\/04\/Abschirmung_Hardturmstrasse_161-600-1.jpg'><img loading=\"lazy\" decoding=\"async\" width=\"338\" height=\"600\" src=\"https:\/\/systronemv.com\/wp-content\/uploads\/2022\/04\/Abschirmung_Hardturmstrasse_161-600-1.jpg\" class=\"attachment-full size-full landscape\" alt=\"\" aria-describedby=\"gallery-3-671\" srcset=\"https:\/\/systronemv.com\/wp-content\/uploads\/2022\/04\/Abschirmung_Hardturmstrasse_161-600-1.jpg 338w, https:\/\/systronemv.com\/wp-content\/uploads\/2022\/04\/Abschirmung_Hardturmstrasse_161-600-1-169x300.jpg 169w\" sizes=\"auto, (max-width: 338px) 100vw, 338px\" \/><\/a>\n\t\t\t<\/div>\n\t\t\t\t<figcaption class='wp-caption-text gallery-caption' id='gallery-3-671'>\n\t\t\t\tInstallierte Abschirmung\n\t\t\t\t<\/figcaption><\/figure>\n\t\t<\/div>\n\n<p>Um die Wirksamkeit der entwickelten L\u00f6sung auch in der Praxis zu zeigen, wurden Messungen der \u201cIst-Situation\u201d vor, sowie nach Montage der Systron PowerShield\u00ae Abschirmung durchgef\u00fchrt. Nachfolgend wird die Wirksamkeit der Abschirmung beim Messpunkt mit der gr\u00f6ssten magnetischen Flussdichte aufgezeigt.<\/p>\n<div id='gallery-4' class='gallery galleryid-206 gallery-columns-3 gallery-size-full'><figure class='gallery-item'>\n\t\t\t<div class='gallery-icon landscape'>\n\t\t\t\t<a href='https:\/\/systronemv.com\/wp-content\/uploads\/2022\/04\/Messung_Hardturmstr_161_ungeschirmt-800.jpg'><img loading=\"lazy\" decoding=\"async\" width=\"800\" height=\"450\" src=\"https:\/\/systronemv.com\/wp-content\/uploads\/2022\/04\/Messung_Hardturmstr_161_ungeschirmt-800.jpg\" class=\"attachment-full size-full landscape\" alt=\"\" aria-describedby=\"gallery-4-673\" srcset=\"https:\/\/systronemv.com\/wp-content\/uploads\/2022\/04\/Messung_Hardturmstr_161_ungeschirmt-800.jpg 800w, https:\/\/systronemv.com\/wp-content\/uploads\/2022\/04\/Messung_Hardturmstr_161_ungeschirmt-800-300x169.jpg 300w, https:\/\/systronemv.com\/wp-content\/uploads\/2022\/04\/Messung_Hardturmstr_161_ungeschirmt-800-768x432.jpg 768w\" sizes=\"auto, (max-width: 800px) 100vw, 800px\" \/><\/a>\n\t\t\t<\/div>\n\t\t\t\t<figcaption class='wp-caption-text gallery-caption' id='gallery-4-673'>\n\t\t\t\tMessung vor Installation der Abschirmung\n\t\t\t\t<\/figcaption><\/figure><figure class='gallery-item'>\n\t\t\t<div class='gallery-icon landscape'>\n\t\t\t\t<a href='https:\/\/systronemv.com\/wp-content\/uploads\/2022\/04\/Messung_Hardturmstr_161_geschirmt.-800.jpg'><img loading=\"lazy\" decoding=\"async\" width=\"800\" height=\"453\" src=\"https:\/\/systronemv.com\/wp-content\/uploads\/2022\/04\/Messung_Hardturmstr_161_geschirmt.-800.jpg\" class=\"attachment-full size-full landscape\" alt=\"\" aria-describedby=\"gallery-4-675\" srcset=\"https:\/\/systronemv.com\/wp-content\/uploads\/2022\/04\/Messung_Hardturmstr_161_geschirmt.-800.jpg 800w, https:\/\/systronemv.com\/wp-content\/uploads\/2022\/04\/Messung_Hardturmstr_161_geschirmt.-800-300x170.jpg 300w, https:\/\/systronemv.com\/wp-content\/uploads\/2022\/04\/Messung_Hardturmstr_161_geschirmt.-800-768x435.jpg 768w\" sizes=\"auto, (max-width: 800px) 100vw, 800px\" \/><\/a>\n\t\t\t<\/div>\n\t\t\t\t<figcaption class='wp-caption-text gallery-caption' id='gallery-4-675'>\n\t\t\t\tMessung nach Installation der Abschirmung\n\t\t\t\t<\/figcaption><\/figure>\n\t\t<\/div>\n\n<p>Die Resultate zeigen, dass der Maximalwert der gemessenen 50 Hz Felder (gr\u00fcne Kurve) an besagtem Messpunkt von 30\u2019082 nT auf 234.5 nT abgenommen hat. Somit wurden die Felder an diesem Punkt um den Faktor 128 bzw. um 99.2% reduziert. Die Messwerte von Systron wurden durch ein Ingenieurb\u00fcro verifiziert.<\/p>\n<p>Anhand der Messungen konnte auch gezeigt werden, dass die NISV-Grenzwerte nach Installation der Abschirmung deutlich eingehalten sind.[\/systron_generalboxes][\/vc_column][\/vc_row][vc_row][vc_column][systron_generalboxes left_general=&#8220;Title&#8220; box_left_title=&#8220;Universit\u00e4t Z\u00fcrich, Kanton Z\u00fcrich \/ ewz&#8220;]Im Auftrag des Kanton Z\u00fcrich plante ewz die Trafostationen Y13, Y18, Y34 und Y38 f\u00fcr die Universit\u00e4t Z\u00fcrich am Campus Irchel. Oberhalb aller Stationen befinden sich Orte mit empfindlicher Nutzung (OMEN).<\/p>\n<p>Systron wurde bei allen Stationen mit der Berechnung der magnetischen Flussdichte sowie mit der Umsetzung der vorgeschlagenen Abschirmmassnahmen, zur Einhaltung der NISV, beauftragt.<\/p>\n<p>Insgesamt wurde im Rahmen dieser Projekte 520 m\u00b2 <a href=\"https:\/\/systronemv.com\/abschirmsysteme\/systron-powershield\/\">Systron PowerShield\u00ae<\/a> Fl\u00e4chenabschirmung installiert.<\/p>\n<div id='gallery-5' class='gallery galleryid-206 gallery-columns-3 gallery-size-full'><figure class='gallery-item'>\n\t\t\t<div class='gallery-icon landscape'>\n\t\t\t\t<a href='https:\/\/systronemv.com\/wp-content\/uploads\/2022\/04\/Uni_Irchel_Simulation_Y34_ungeschirmt-800.jpg'><img loading=\"lazy\" decoding=\"async\" width=\"800\" height=\"395\" src=\"https:\/\/systronemv.com\/wp-content\/uploads\/2022\/04\/Uni_Irchel_Simulation_Y34_ungeschirmt-800.jpg\" class=\"attachment-full size-full landscape\" alt=\"\" aria-describedby=\"gallery-5-678\" srcset=\"https:\/\/systronemv.com\/wp-content\/uploads\/2022\/04\/Uni_Irchel_Simulation_Y34_ungeschirmt-800.jpg 800w, https:\/\/systronemv.com\/wp-content\/uploads\/2022\/04\/Uni_Irchel_Simulation_Y34_ungeschirmt-800-300x148.jpg 300w, https:\/\/systronemv.com\/wp-content\/uploads\/2022\/04\/Uni_Irchel_Simulation_Y34_ungeschirmt-800-768x379.jpg 768w\" sizes=\"auto, (max-width: 800px) 100vw, 800px\" \/><\/a>\n\t\t\t<\/div>\n\t\t\t\t<figcaption class='wp-caption-text gallery-caption' id='gallery-5-678'>\n\t\t\t\tMagnetfeldsimulation Y34, Universit\u00e4t Z\u00fcrich ohne Abschirmung\n\t\t\t\t<\/figcaption><\/figure><figure class='gallery-item'>\n\t\t\t<div class='gallery-icon landscape'>\n\t\t\t\t<a href='https:\/\/systronemv.com\/wp-content\/uploads\/2022\/04\/Uni_Irchel_Simulation_Y34_geschirmt-800.jpg'><img loading=\"lazy\" decoding=\"async\" width=\"800\" height=\"400\" src=\"https:\/\/systronemv.com\/wp-content\/uploads\/2022\/04\/Uni_Irchel_Simulation_Y34_geschirmt-800.jpg\" class=\"attachment-full size-full landscape\" alt=\"\" aria-describedby=\"gallery-5-680\" srcset=\"https:\/\/systronemv.com\/wp-content\/uploads\/2022\/04\/Uni_Irchel_Simulation_Y34_geschirmt-800.jpg 800w, https:\/\/systronemv.com\/wp-content\/uploads\/2022\/04\/Uni_Irchel_Simulation_Y34_geschirmt-800-300x150.jpg 300w, https:\/\/systronemv.com\/wp-content\/uploads\/2022\/04\/Uni_Irchel_Simulation_Y34_geschirmt-800-768x384.jpg 768w\" sizes=\"auto, (max-width: 800px) 100vw, 800px\" \/><\/a>\n\t\t\t<\/div>\n\t\t\t\t<figcaption class='wp-caption-text gallery-caption' id='gallery-5-680'>\n\t\t\t\tMagnetfeldsimulation Y34, Universit\u00e4t Z\u00fcrich mit Abschirmung\n\t\t\t\t<\/figcaption><\/figure><figure class='gallery-item'>\n\t\t\t<div class='gallery-icon landscape'>\n\t\t\t\t<a href='https:\/\/systronemv.com\/wp-content\/uploads\/2022\/04\/Uni_Irchel_Abschirmung_Y34-800.jpg'><img loading=\"lazy\" decoding=\"async\" width=\"800\" height=\"600\" src=\"https:\/\/systronemv.com\/wp-content\/uploads\/2022\/04\/Uni_Irchel_Abschirmung_Y34-800.jpg\" class=\"attachment-full size-full landscape\" alt=\"\" aria-describedby=\"gallery-5-682\" srcset=\"https:\/\/systronemv.com\/wp-content\/uploads\/2022\/04\/Uni_Irchel_Abschirmung_Y34-800.jpg 800w, https:\/\/systronemv.com\/wp-content\/uploads\/2022\/04\/Uni_Irchel_Abschirmung_Y34-800-300x225.jpg 300w, https:\/\/systronemv.com\/wp-content\/uploads\/2022\/04\/Uni_Irchel_Abschirmung_Y34-800-768x576.jpg 768w\" sizes=\"auto, (max-width: 800px) 100vw, 800px\" \/><\/a>\n\t\t\t<\/div>\n\t\t\t\t<figcaption class='wp-caption-text gallery-caption' id='gallery-5-682'>\n\t\t\t\tMagnetfeldabschirmung Y34, Universit\u00e4t Z\u00fcrich\n\t\t\t\t<\/figcaption><\/figure><figure class='gallery-item'>\n\t\t\t<div class='gallery-icon landscape'>\n\t\t\t\t<a href='https:\/\/systronemv.com\/wp-content\/uploads\/2022\/04\/Uni_Irchel_Abschirmung_Y38-800.jpg'><img loading=\"lazy\" decoding=\"async\" width=\"800\" height=\"600\" src=\"https:\/\/systronemv.com\/wp-content\/uploads\/2022\/04\/Uni_Irchel_Abschirmung_Y38-800.jpg\" class=\"attachment-full size-full landscape\" alt=\"\" aria-describedby=\"gallery-5-684\" srcset=\"https:\/\/systronemv.com\/wp-content\/uploads\/2022\/04\/Uni_Irchel_Abschirmung_Y38-800.jpg 800w, https:\/\/systronemv.com\/wp-content\/uploads\/2022\/04\/Uni_Irchel_Abschirmung_Y38-800-300x225.jpg 300w, https:\/\/systronemv.com\/wp-content\/uploads\/2022\/04\/Uni_Irchel_Abschirmung_Y38-800-768x576.jpg 768w\" sizes=\"auto, (max-width: 800px) 100vw, 800px\" \/><\/a>\n\t\t\t<\/div>\n\t\t\t\t<figcaption class='wp-caption-text gallery-caption' id='gallery-5-684'>\n\t\t\t\tMagnetfeldabschirmung Y38, Universit\u00e4t Z\u00fcrich\n\t\t\t\t<\/figcaption><\/figure>\n\t\t<\/div>\n\n<p>[\/systron_generalboxes][\/vc_column][\/vc_row][vc_row][vc_column][systron_generalboxes box_color=&#8220;general-color&#8220; disc_table=&#8220;yes&#8220; left_general=&#8220;Title&#8220; box_left_title=&#8220;Weitere Referenzen \/ Kunden&#8220;]<\/p>\n<table style=\"width: 87.3868%; height: 168px;\">\n<tbody>\n<tr style=\"height: 24px;\">\n<td style=\"width: 20.4045%; height: 24px;\">ewz<\/td>\n<td style=\"width: 19.1402%; height: 24px;\">BKW<\/td>\n<td style=\"width: 17.832%; height: 24px;\">ABB<\/td>\n<\/tr>\n<tr style=\"height: 24px;\">\n<td style=\"width: 20.4045%; height: 24px;\">Groupe E<\/td>\n<td style=\"width: 19.1402%; height: 24px;\">ail<\/td>\n<td style=\"width: 17.832%; height: 24px;\">Siemens<\/td>\n<\/tr>\n<tr style=\"height: 24px;\">\n<td style=\"width: 20.4045%; height: 24px;\">ewb<\/td>\n<td style=\"width: 19.1402%; height: 24px;\">eniwa<\/td>\n<td style=\"width: 17.832%; height: 24px;\">TBGN<\/td>\n<\/tr>\n<tr style=\"height: 24px;\">\n<td style=\"width: 20.4045%; height: 24px;\">ES Biel<\/td>\n<td style=\"width: 19.1402%; height: 24px;\">SiL<\/td>\n<td style=\"width: 17.832%; height: 24px;\">ckw<\/td>\n<\/tr>\n<tr style=\"height: 24px;\">\n<td style=\"width: 20.4045%; height: 24px;\">WWZ<\/td>\n<td style=\"width: 19.1402%; height: 24px;\">GESA<\/td>\n<td style=\"width: 17.832%; height: 24px;\">ETH Z\u00fcrich<\/td>\n<\/tr>\n<tr style=\"height: 24px;\">\n<td style=\"width: 20.4045%; height: 24px;\">AEW<\/td>\n<td style=\"width: 19.1402%; height: 24px;\">EWD<\/td>\n<td style=\"width: 17.832%; height: 24px;\">FHNW<\/td>\n<\/tr>\n<tr style=\"height: 24px;\">\n<td style=\"width: 20.4045%; height: 24px;\">IWB<\/td>\n<td style=\"width: 19.1402%; height: 24px;\">SBB<\/td>\n<td style=\"width: 17.832%; height: 24px;\">Stadt Z\u00fcrich<\/td>\n<\/tr>\n<\/tbody>\n<\/table>\n<p>[\/systron_generalboxes][\/vc_column][\/vc_row]<\/p>\n<\/div>","protected":false},"excerpt":{"rendered":"<p>[vc_row][vc_column][systron_generalboxes]Magnetfelder, welche von elektrischen Betriebsmitteln verursacht werden, m\u00fcssen typischerweise reduziert werden, um die gesetzlichen Grenzwerte in \u00abOrten mit empfindlicher Nutzung\u00bb (OMEN) einzuhalten. Nachfolgend sind zwei Referenzprojekte beschrieben.[\/systron_generalboxes][\/vc_column][\/vc_row][vc_row][vc_column][systron_generalboxes box_color=&#8220;general-color&#8220; left_general=&#8220;Title&#8220; box_left_title=&#8220;B\u00fcror\u00e4umlichkeiten Z\u00fcrich West, PSP Swiss Property&#8220;]Im Erdgeschoss der Liegenschaft in Z\u00fcrich West wird ein ehemaliger Industrieraum zu B\u00fcror\u00e4umlichkeiten mit st\u00e4ndigen Arbeitspl\u00e4tzen umgebaut \/ umgenutzt. Neben den [&hellip;]<\/p>\n","protected":false},"author":3,"featured_media":0,"parent":196,"menu_order":0,"comment_status":"closed","ping_status":"closed","template":"","meta":{"_acf_changed":false,"inline_featured_image":false,"footnotes":""},"class_list":["post-206","page","type-page","status-publish","hentry"],"acf":[],"yoast_head":"<!-- This site is optimized with the Yoast SEO Premium plugin v26.2 (Yoast SEO v27.3) - https:\/\/yoast.com\/product\/yoast-seo-premium-wordpress\/ -->\n<title>Referenz Elektrische Betriebsmittel - Abschirmungen<\/title>\n<meta name=\"description\" content=\"Referenz Elektrische Betriebsmittel - Abschirmungen: Magnetfelder von elektrischen Betriebsmittel reduzieren (Trafostation, Uni Z\u00fcrich)\" \/>\n<meta name=\"robots\" content=\"index, follow, max-snippet:-1, max-image-preview:large, max-video-preview:-1\" \/>\n<link rel=\"canonical\" href=\"https:\/\/systronemv.com\/de\/referenzen\/referenz-elektrische-betriebsmittel\/\" \/>\n<meta property=\"og:locale\" content=\"de_DE\" \/>\n<meta property=\"og:type\" content=\"article\" \/>\n<meta property=\"og:title\" content=\"Ref. Elektrische Betriebsmittel\" \/>\n<meta property=\"og:description\" content=\"Referenz Elektrische Betriebsmittel - Abschirmungen: Magnetfelder von elektrischen Betriebsmittel reduzieren (Trafostation, Uni Z\u00fcrich)\" \/>\n<meta property=\"og:url\" content=\"https:\/\/systronemv.com\/de\/referenzen\/referenz-elektrische-betriebsmittel\/\" \/>\n<meta property=\"og:site_name\" content=\"Systron EMV\" \/>\n<meta property=\"article:modified_time\" content=\"2024-03-14T10:39:05+00:00\" \/>\n<meta property=\"og:image\" content=\"https:\/\/systronemv.com\/wp-content\/uploads\/2022\/04\/OMEN-800.jpg\" \/>\n<meta name=\"twitter:card\" content=\"summary_large_image\" \/>\n<meta name=\"twitter:label1\" content=\"Gesch\u00e4tzte Lesezeit\" \/>\n\t<meta name=\"twitter:data1\" content=\"3\u00a0Minuten\" \/>\n<script type=\"application\/ld+json\" class=\"yoast-schema-graph\">{\"@context\":\"https:\\\/\\\/schema.org\",\"@graph\":[{\"@type\":\"WebPage\",\"@id\":\"https:\\\/\\\/systronemv.com\\\/de\\\/referenzen\\\/referenz-elektrische-betriebsmittel\\\/\",\"url\":\"https:\\\/\\\/systronemv.com\\\/de\\\/referenzen\\\/referenz-elektrische-betriebsmittel\\\/\",\"name\":\"Referenz Elektrische Betriebsmittel - Abschirmungen\",\"isPartOf\":{\"@id\":\"https:\\\/\\\/systronemv.com\\\/de\\\/#website\"},\"datePublished\":\"2022-03-31T09:37:35+00:00\",\"dateModified\":\"2024-03-14T10:39:05+00:00\",\"description\":\"Referenz Elektrische Betriebsmittel - Abschirmungen: Magnetfelder von elektrischen Betriebsmittel reduzieren (Trafostation, Uni Z\u00fcrich)\",\"breadcrumb\":{\"@id\":\"https:\\\/\\\/systronemv.com\\\/de\\\/referenzen\\\/referenz-elektrische-betriebsmittel\\\/#breadcrumb\"},\"inLanguage\":\"de\",\"potentialAction\":[{\"@type\":\"ReadAction\",\"target\":[\"https:\\\/\\\/systronemv.com\\\/de\\\/referenzen\\\/referenz-elektrische-betriebsmittel\\\/\"]}]},{\"@type\":\"BreadcrumbList\",\"@id\":\"https:\\\/\\\/systronemv.com\\\/de\\\/referenzen\\\/referenz-elektrische-betriebsmittel\\\/#breadcrumb\",\"itemListElement\":[{\"@type\":\"ListItem\",\"position\":1,\"name\":\"Home\",\"item\":\"https:\\\/\\\/systronemv.com\\\/de\\\/\"},{\"@type\":\"ListItem\",\"position\":2,\"name\":\"Referenzen\",\"item\":\"https:\\\/\\\/systronemv.com\\\/de\\\/referenzen\\\/\"},{\"@type\":\"ListItem\",\"position\":3,\"name\":\"Ref. Elektrische Betriebsmittel\"}]},{\"@type\":\"WebSite\",\"@id\":\"https:\\\/\\\/systronemv.com\\\/de\\\/#website\",\"url\":\"https:\\\/\\\/systronemv.com\\\/de\\\/\",\"name\":\"SYSTRON\",\"description\":\"Magnetfeld-Abschirmungen\",\"publisher\":{\"@id\":\"https:\\\/\\\/systronemv.com\\\/de\\\/#organization\"},\"potentialAction\":[{\"@type\":\"SearchAction\",\"target\":{\"@type\":\"EntryPoint\",\"urlTemplate\":\"https:\\\/\\\/systronemv.com\\\/de\\\/?s={search_term_string}\"},\"query-input\":{\"@type\":\"PropertyValueSpecification\",\"valueRequired\":true,\"valueName\":\"search_term_string\"}}],\"inLanguage\":\"de\"},{\"@type\":\"Organization\",\"@id\":\"https:\\\/\\\/systronemv.com\\\/de\\\/#organization\",\"name\":\"Systron emv GmbH\",\"url\":\"https:\\\/\\\/systronemv.com\\\/de\\\/\",\"logo\":{\"@type\":\"ImageObject\",\"inLanguage\":\"de\",\"@id\":\"https:\\\/\\\/systronemv.com\\\/de\\\/#\\\/schema\\\/logo\\\/image\\\/\",\"url\":\"https:\\\/\\\/systronemv.com\\\/wp-content\\\/uploads\\\/2024\\\/02\\\/Systron_Logo_positiv_Rahmen-scaled.jpg\",\"contentUrl\":\"https:\\\/\\\/systronemv.com\\\/wp-content\\\/uploads\\\/2024\\\/02\\\/Systron_Logo_positiv_Rahmen-scaled.jpg\",\"width\":2560,\"height\":738,\"caption\":\"Systron emv GmbH\"},\"image\":{\"@id\":\"https:\\\/\\\/systronemv.com\\\/de\\\/#\\\/schema\\\/logo\\\/image\\\/\"}}]}<\/script>\n<!-- \/ Yoast SEO Premium plugin. -->","yoast_head_json":{"title":"Referenz Elektrische Betriebsmittel - Abschirmungen","description":"Referenz Elektrische Betriebsmittel - Abschirmungen: Magnetfelder von elektrischen Betriebsmittel reduzieren (Trafostation, Uni Z\u00fcrich)","robots":{"index":"index","follow":"follow","max-snippet":"max-snippet:-1","max-image-preview":"max-image-preview:large","max-video-preview":"max-video-preview:-1"},"canonical":"https:\/\/systronemv.com\/de\/referenzen\/referenz-elektrische-betriebsmittel\/","og_locale":"de_DE","og_type":"article","og_title":"Ref. Elektrische Betriebsmittel","og_description":"Referenz Elektrische Betriebsmittel - Abschirmungen: Magnetfelder von elektrischen Betriebsmittel reduzieren (Trafostation, Uni Z\u00fcrich)","og_url":"https:\/\/systronemv.com\/de\/referenzen\/referenz-elektrische-betriebsmittel\/","og_site_name":"Systron EMV","article_modified_time":"2024-03-14T10:39:05+00:00","og_image":[{"url":"https:\/\/systronemv.com\/wp-content\/uploads\/2022\/04\/OMEN-800.jpg","type":"","width":"","height":""}],"twitter_card":"summary_large_image","twitter_misc":{"Gesch\u00e4tzte Lesezeit":"3\u00a0Minuten"},"schema":{"@context":"https:\/\/schema.org","@graph":[{"@type":"WebPage","@id":"https:\/\/systronemv.com\/de\/referenzen\/referenz-elektrische-betriebsmittel\/","url":"https:\/\/systronemv.com\/de\/referenzen\/referenz-elektrische-betriebsmittel\/","name":"Referenz Elektrische Betriebsmittel - Abschirmungen","isPartOf":{"@id":"https:\/\/systronemv.com\/de\/#website"},"datePublished":"2022-03-31T09:37:35+00:00","dateModified":"2024-03-14T10:39:05+00:00","description":"Referenz Elektrische Betriebsmittel - Abschirmungen: Magnetfelder von elektrischen Betriebsmittel reduzieren (Trafostation, Uni Z\u00fcrich)","breadcrumb":{"@id":"https:\/\/systronemv.com\/de\/referenzen\/referenz-elektrische-betriebsmittel\/#breadcrumb"},"inLanguage":"de","potentialAction":[{"@type":"ReadAction","target":["https:\/\/systronemv.com\/de\/referenzen\/referenz-elektrische-betriebsmittel\/"]}]},{"@type":"BreadcrumbList","@id":"https:\/\/systronemv.com\/de\/referenzen\/referenz-elektrische-betriebsmittel\/#breadcrumb","itemListElement":[{"@type":"ListItem","position":1,"name":"Home","item":"https:\/\/systronemv.com\/de\/"},{"@type":"ListItem","position":2,"name":"Referenzen","item":"https:\/\/systronemv.com\/de\/referenzen\/"},{"@type":"ListItem","position":3,"name":"Ref. Elektrische Betriebsmittel"}]},{"@type":"WebSite","@id":"https:\/\/systronemv.com\/de\/#website","url":"https:\/\/systronemv.com\/de\/","name":"SYSTRON","description":"Magnetfeld-Abschirmungen","publisher":{"@id":"https:\/\/systronemv.com\/de\/#organization"},"potentialAction":[{"@type":"SearchAction","target":{"@type":"EntryPoint","urlTemplate":"https:\/\/systronemv.com\/de\/?s={search_term_string}"},"query-input":{"@type":"PropertyValueSpecification","valueRequired":true,"valueName":"search_term_string"}}],"inLanguage":"de"},{"@type":"Organization","@id":"https:\/\/systronemv.com\/de\/#organization","name":"Systron emv GmbH","url":"https:\/\/systronemv.com\/de\/","logo":{"@type":"ImageObject","inLanguage":"de","@id":"https:\/\/systronemv.com\/de\/#\/schema\/logo\/image\/","url":"https:\/\/systronemv.com\/wp-content\/uploads\/2024\/02\/Systron_Logo_positiv_Rahmen-scaled.jpg","contentUrl":"https:\/\/systronemv.com\/wp-content\/uploads\/2024\/02\/Systron_Logo_positiv_Rahmen-scaled.jpg","width":2560,"height":738,"caption":"Systron emv GmbH"},"image":{"@id":"https:\/\/systronemv.com\/de\/#\/schema\/logo\/image\/"}}]}},"_links":{"self":[{"href":"https:\/\/systronemv.com\/de\/wp-json\/wp\/v2\/pages\/206","targetHints":{"allow":["GET"]}}],"collection":[{"href":"https:\/\/systronemv.com\/de\/wp-json\/wp\/v2\/pages"}],"about":[{"href":"https:\/\/systronemv.com\/de\/wp-json\/wp\/v2\/types\/page"}],"author":[{"embeddable":true,"href":"https:\/\/systronemv.com\/de\/wp-json\/wp\/v2\/users\/3"}],"replies":[{"embeddable":true,"href":"https:\/\/systronemv.com\/de\/wp-json\/wp\/v2\/comments?post=206"}],"version-history":[{"count":0,"href":"https:\/\/systronemv.com\/de\/wp-json\/wp\/v2\/pages\/206\/revisions"}],"up":[{"embeddable":true,"href":"https:\/\/systronemv.com\/de\/wp-json\/wp\/v2\/pages\/196"}],"wp:attachment":[{"href":"https:\/\/systronemv.com\/de\/wp-json\/wp\/v2\/media?parent=206"}],"curies":[{"name":"wp","href":"https:\/\/api.w.org\/{rel}","templated":true}]}}