{"id":182,"date":"2022-03-31T07:50:36","date_gmt":"2022-03-31T07:50:36","guid":{"rendered":"https:\/\/systronemv.com\/syst\/?page_id=182"},"modified":"2024-03-14T10:20:42","modified_gmt":"2024-03-14T10:20:42","slug":"systron-powershield","status":"publish","type":"page","link":"https:\/\/systronemv.com\/de\/abschirmsysteme\/systron-powershield\/","title":{"rendered":"Systron PowerShield\u00ae"},"content":{"rendered":"<div class=\"wpb-content-wrapper\"><p>[vc_row][vc_column][systron_generalboxes left_general=&#8220;Image&#8220; left_image=&#8220;173&#8243;]Systron PowerShield\u00ae wird zur Abschirmung niederfrequenter Wechselfelder verwendet. Das patentierte Abschirmsystem besteht aus einer Kombination von magnetisch und elektrisch leitenden Metallblechen. Systron PowerShield\u00ae wird als Fl\u00e4chenabschirmung in Form von Wand-, Decken- oder Bodenabschirmung eingesetzt. Insbesondere in Elektror\u00e4umen oder in R\u00e4umen, welche von externen Magnetfeldern gesch\u00fctzt werden sollen. Systron PowerShield\u00ae ist auch die\u00a0 Basis f\u00fcr andere Systeme wie beispielsweise Systron CableShield\u00ae, das Abschirmsystem f\u00fcr Kabeltrassen, Rohrbl\u00f6cke und Stromschienen.<\/p>\n<p>Systron PowerShield\u00ae ist in zwei Ausf\u00fchrungen erh\u00e4ltlich. Die erste Variante besteht aus Silizium Eisen (Elektroblech) und einer Deckschicht aus Aluminium und ist f\u00fcr den Einsatz in trockenen Innenr\u00e4umen geeignet. Die zweite, korrosionsfesten Variante besteht aus Nickel Eisen (Mu-Metall).<\/p>\n<p>Die einzelnen Aluminiumplatten werden miteinander verschweisst, um die bestm\u00f6gliche Abschirmwirkung zu erhalten.<\/p>\n<div id='gallery-1' class='gallery galleryid-182 gallery-columns-3 gallery-size-full'><figure class='gallery-item'>\n\t\t\t<div class='gallery-icon landscape'>\n\t\t\t\t<a href='https:\/\/systronemv.com\/wp-content\/uploads\/2022\/03\/PowerShield_Flaechenabschirmung_800.jpg'><img loading=\"lazy\" decoding=\"async\" width=\"800\" height=\"600\" src=\"https:\/\/systronemv.com\/wp-content\/uploads\/2022\/03\/PowerShield_Flaechenabschirmung_800.jpg\" class=\"attachment-full size-full landscape\" alt=\"Systron PowerShield\u00ae - Abschirmungen: Magnetfeldabschirmung\" aria-describedby=\"gallery-1-185\" srcset=\"https:\/\/systronemv.com\/wp-content\/uploads\/2022\/03\/PowerShield_Flaechenabschirmung_800.jpg 800w, https:\/\/systronemv.com\/wp-content\/uploads\/2022\/03\/PowerShield_Flaechenabschirmung_800-300x225.jpg 300w, https:\/\/systronemv.com\/wp-content\/uploads\/2022\/03\/PowerShield_Flaechenabschirmung_800-768x576.jpg 768w\" sizes=\"auto, (max-width: 800px) 100vw, 800px\" \/><\/a>\n\t\t\t<\/div>\n\t\t\t\t<figcaption class='wp-caption-text gallery-caption' id='gallery-1-185'>\n\t\t\t\tSystron PowerShield\u00ae Magnetfeldabschirmung\n\t\t\t\t<\/figcaption><\/figure>\n\t\t<\/div>\n\n<p>[\/systron_generalboxes][\/vc_column][\/vc_row][vc_row][vc_column][systron_generalboxes box_color=&#8220;general-color&#8220; left_general=&#8220;Title&#8220; technische=&#8220;yes&#8220; box_left_title=&#8220;Technische Spezifikationen&#8220;]<\/p>\n<table style=\"height: 127px; width: 100%; border-collapse: collapse;\" cellspacing=\"6\">\n<tbody>\n<tr style=\"height: 24px;\">\n<td style=\"width: 20.7904%; height: 30px;\"><strong>Materialst\u00e4rke:<\/strong><\/td>\n<td style=\"width: 79.2096%; height: 30px;\">insgesamt ca. 3mm<\/td>\n<\/tr>\n<tr style=\"height: 24px;\">\n<td style=\"width: 20.7904%; height: 31px;\"><strong>Gewicht:<\/strong><\/td>\n<td style=\"width: 79.2096%; height: 31px;\">8kg\/m\u00b2 bis 11kg\/m\u00b2<\/td>\n<\/tr>\n<tr style=\"height: 24px;\">\n<td style=\"width: 20.7904%; height: 32px;\"><strong>Frequenzbereich:<\/strong><\/td>\n<td style=\"width: 79.2096%; height: 32px;\">10Hz bis 100kHz<\/td>\n<\/tr>\n<tr style=\"height: 24px;\">\n<td style=\"width: 20.7904%; height: 34px;\"><strong>Schirmfaktor:<\/strong><\/td>\n<td style=\"width: 79.2096%; height: 34px;\">ca. 10 @ 16.7 Hz, 20 @ 50 Hz, 100 @ 300 Hz<\/td>\n<\/tr>\n<\/tbody>\n<\/table>\n<p>[\/systron_generalboxes][\/vc_column][\/vc_row]<\/p>\n<\/div>","protected":false},"excerpt":{"rendered":"<p>[vc_row][vc_column][systron_generalboxes left_general=&#8220;Image&#8220; left_image=&#8220;173&#8243;]Systron PowerShield\u00ae wird zur Abschirmung niederfrequenter Wechselfelder verwendet. Das patentierte Abschirmsystem besteht aus einer Kombination von magnetisch und elektrisch leitenden Metallblechen. Systron PowerShield\u00ae wird als Fl\u00e4chenabschirmung in Form von Wand-, Decken- oder Bodenabschirmung eingesetzt. Insbesondere in Elektror\u00e4umen oder in R\u00e4umen, welche von externen Magnetfeldern gesch\u00fctzt werden sollen. Systron PowerShield\u00ae ist auch die\u00a0 Basis [&hellip;]<\/p>\n","protected":false},"author":3,"featured_media":0,"parent":172,"menu_order":0,"comment_status":"closed","ping_status":"closed","template":"","meta":{"_acf_changed":false,"inline_featured_image":false,"footnotes":""},"class_list":["post-182","page","type-page","status-publish","hentry"],"acf":[],"yoast_head":"<!-- This site is optimized with the Yoast SEO Premium plugin v26.2 (Yoast SEO v27.3) - https:\/\/yoast.com\/product\/yoast-seo-premium-wordpress\/ -->\n<title>Systron PowerShield\u00ae - Abschirmungen<\/title>\n<meta name=\"description\" content=\"Systron PowerShield\u00ae - Abschirmungen - PowerShield zur Abschirmung niederfrequenter Magnetfelder und Wechselfelder Wechselfelder\" \/>\n<meta name=\"robots\" content=\"index, follow, max-snippet:-1, max-image-preview:large, max-video-preview:-1\" \/>\n<link rel=\"canonical\" href=\"https:\/\/systronemv.com\/de\/abschirmsysteme\/systron-powershield\/\" \/>\n<meta property=\"og:locale\" content=\"de_DE\" \/>\n<meta property=\"og:type\" content=\"article\" \/>\n<meta property=\"og:title\" content=\"Systron PowerShield\u00ae\" \/>\n<meta property=\"og:description\" content=\"Systron PowerShield\u00ae - Abschirmungen - PowerShield zur Abschirmung niederfrequenter Magnetfelder und Wechselfelder Wechselfelder\" \/>\n<meta property=\"og:url\" content=\"https:\/\/systronemv.com\/de\/abschirmsysteme\/systron-powershield\/\" \/>\n<meta property=\"og:site_name\" content=\"Systron EMV\" \/>\n<meta property=\"article:modified_time\" content=\"2024-03-14T10:20:42+00:00\" \/>\n<meta property=\"og:image\" content=\"https:\/\/systronemv.com\/wp-content\/uploads\/2022\/03\/PowerShield_Flaechenabschirmung_800.jpg\" \/>\n<meta name=\"twitter:card\" content=\"summary_large_image\" \/>\n<meta name=\"twitter:label1\" content=\"Gesch\u00e4tzte Lesezeit\" \/>\n\t<meta name=\"twitter:data1\" content=\"2\u00a0Minuten\" \/>\n<script type=\"application\/ld+json\" class=\"yoast-schema-graph\">{\"@context\":\"https:\\\/\\\/schema.org\",\"@graph\":[{\"@type\":\"WebPage\",\"@id\":\"https:\\\/\\\/systronemv.com\\\/de\\\/abschirmsysteme\\\/systron-powershield\\\/\",\"url\":\"https:\\\/\\\/systronemv.com\\\/de\\\/abschirmsysteme\\\/systron-powershield\\\/\",\"name\":\"Systron PowerShield\u00ae - Abschirmungen\",\"isPartOf\":{\"@id\":\"https:\\\/\\\/systronemv.com\\\/de\\\/#website\"},\"datePublished\":\"2022-03-31T07:50:36+00:00\",\"dateModified\":\"2024-03-14T10:20:42+00:00\",\"description\":\"Systron PowerShield\u00ae - Abschirmungen - PowerShield zur Abschirmung niederfrequenter Magnetfelder und Wechselfelder Wechselfelder\",\"breadcrumb\":{\"@id\":\"https:\\\/\\\/systronemv.com\\\/de\\\/abschirmsysteme\\\/systron-powershield\\\/#breadcrumb\"},\"inLanguage\":\"de\",\"potentialAction\":[{\"@type\":\"ReadAction\",\"target\":[\"https:\\\/\\\/systronemv.com\\\/de\\\/abschirmsysteme\\\/systron-powershield\\\/\"]}]},{\"@type\":\"BreadcrumbList\",\"@id\":\"https:\\\/\\\/systronemv.com\\\/de\\\/abschirmsysteme\\\/systron-powershield\\\/#breadcrumb\",\"itemListElement\":[{\"@type\":\"ListItem\",\"position\":1,\"name\":\"Home\",\"item\":\"https:\\\/\\\/systronemv.com\\\/de\\\/\"},{\"@type\":\"ListItem\",\"position\":2,\"name\":\"Abschirmsysteme\",\"item\":\"https:\\\/\\\/systronemv.com\\\/de\\\/abschirmsysteme\\\/\"},{\"@type\":\"ListItem\",\"position\":3,\"name\":\"Systron PowerShield\u00ae\"}]},{\"@type\":\"WebSite\",\"@id\":\"https:\\\/\\\/systronemv.com\\\/de\\\/#website\",\"url\":\"https:\\\/\\\/systronemv.com\\\/de\\\/\",\"name\":\"SYSTRON\",\"description\":\"Magnetfeld-Abschirmungen\",\"publisher\":{\"@id\":\"https:\\\/\\\/systronemv.com\\\/de\\\/#organization\"},\"potentialAction\":[{\"@type\":\"SearchAction\",\"target\":{\"@type\":\"EntryPoint\",\"urlTemplate\":\"https:\\\/\\\/systronemv.com\\\/de\\\/?s={search_term_string}\"},\"query-input\":{\"@type\":\"PropertyValueSpecification\",\"valueRequired\":true,\"valueName\":\"search_term_string\"}}],\"inLanguage\":\"de\"},{\"@type\":\"Organization\",\"@id\":\"https:\\\/\\\/systronemv.com\\\/de\\\/#organization\",\"name\":\"Systron emv GmbH\",\"url\":\"https:\\\/\\\/systronemv.com\\\/de\\\/\",\"logo\":{\"@type\":\"ImageObject\",\"inLanguage\":\"de\",\"@id\":\"https:\\\/\\\/systronemv.com\\\/de\\\/#\\\/schema\\\/logo\\\/image\\\/\",\"url\":\"https:\\\/\\\/systronemv.com\\\/wp-content\\\/uploads\\\/2024\\\/02\\\/Systron_Logo_positiv_Rahmen-scaled.jpg\",\"contentUrl\":\"https:\\\/\\\/systronemv.com\\\/wp-content\\\/uploads\\\/2024\\\/02\\\/Systron_Logo_positiv_Rahmen-scaled.jpg\",\"width\":2560,\"height\":738,\"caption\":\"Systron emv GmbH\"},\"image\":{\"@id\":\"https:\\\/\\\/systronemv.com\\\/de\\\/#\\\/schema\\\/logo\\\/image\\\/\"}}]}<\/script>\n<!-- \/ Yoast SEO Premium plugin. -->","yoast_head_json":{"title":"Systron PowerShield\u00ae - Abschirmungen","description":"Systron PowerShield\u00ae - Abschirmungen - PowerShield zur Abschirmung niederfrequenter Magnetfelder und Wechselfelder Wechselfelder","robots":{"index":"index","follow":"follow","max-snippet":"max-snippet:-1","max-image-preview":"max-image-preview:large","max-video-preview":"max-video-preview:-1"},"canonical":"https:\/\/systronemv.com\/de\/abschirmsysteme\/systron-powershield\/","og_locale":"de_DE","og_type":"article","og_title":"Systron PowerShield\u00ae","og_description":"Systron PowerShield\u00ae - Abschirmungen - PowerShield zur Abschirmung niederfrequenter Magnetfelder und Wechselfelder Wechselfelder","og_url":"https:\/\/systronemv.com\/de\/abschirmsysteme\/systron-powershield\/","og_site_name":"Systron EMV","article_modified_time":"2024-03-14T10:20:42+00:00","og_image":[{"url":"https:\/\/systronemv.com\/wp-content\/uploads\/2022\/03\/PowerShield_Flaechenabschirmung_800.jpg","type":"","width":"","height":""}],"twitter_card":"summary_large_image","twitter_misc":{"Gesch\u00e4tzte Lesezeit":"2\u00a0Minuten"},"schema":{"@context":"https:\/\/schema.org","@graph":[{"@type":"WebPage","@id":"https:\/\/systronemv.com\/de\/abschirmsysteme\/systron-powershield\/","url":"https:\/\/systronemv.com\/de\/abschirmsysteme\/systron-powershield\/","name":"Systron PowerShield\u00ae - Abschirmungen","isPartOf":{"@id":"https:\/\/systronemv.com\/de\/#website"},"datePublished":"2022-03-31T07:50:36+00:00","dateModified":"2024-03-14T10:20:42+00:00","description":"Systron PowerShield\u00ae - Abschirmungen - PowerShield zur Abschirmung niederfrequenter Magnetfelder und Wechselfelder Wechselfelder","breadcrumb":{"@id":"https:\/\/systronemv.com\/de\/abschirmsysteme\/systron-powershield\/#breadcrumb"},"inLanguage":"de","potentialAction":[{"@type":"ReadAction","target":["https:\/\/systronemv.com\/de\/abschirmsysteme\/systron-powershield\/"]}]},{"@type":"BreadcrumbList","@id":"https:\/\/systronemv.com\/de\/abschirmsysteme\/systron-powershield\/#breadcrumb","itemListElement":[{"@type":"ListItem","position":1,"name":"Home","item":"https:\/\/systronemv.com\/de\/"},{"@type":"ListItem","position":2,"name":"Abschirmsysteme","item":"https:\/\/systronemv.com\/de\/abschirmsysteme\/"},{"@type":"ListItem","position":3,"name":"Systron PowerShield\u00ae"}]},{"@type":"WebSite","@id":"https:\/\/systronemv.com\/de\/#website","url":"https:\/\/systronemv.com\/de\/","name":"SYSTRON","description":"Magnetfeld-Abschirmungen","publisher":{"@id":"https:\/\/systronemv.com\/de\/#organization"},"potentialAction":[{"@type":"SearchAction","target":{"@type":"EntryPoint","urlTemplate":"https:\/\/systronemv.com\/de\/?s={search_term_string}"},"query-input":{"@type":"PropertyValueSpecification","valueRequired":true,"valueName":"search_term_string"}}],"inLanguage":"de"},{"@type":"Organization","@id":"https:\/\/systronemv.com\/de\/#organization","name":"Systron emv GmbH","url":"https:\/\/systronemv.com\/de\/","logo":{"@type":"ImageObject","inLanguage":"de","@id":"https:\/\/systronemv.com\/de\/#\/schema\/logo\/image\/","url":"https:\/\/systronemv.com\/wp-content\/uploads\/2024\/02\/Systron_Logo_positiv_Rahmen-scaled.jpg","contentUrl":"https:\/\/systronemv.com\/wp-content\/uploads\/2024\/02\/Systron_Logo_positiv_Rahmen-scaled.jpg","width":2560,"height":738,"caption":"Systron emv GmbH"},"image":{"@id":"https:\/\/systronemv.com\/de\/#\/schema\/logo\/image\/"}}]}},"_links":{"self":[{"href":"https:\/\/systronemv.com\/de\/wp-json\/wp\/v2\/pages\/182","targetHints":{"allow":["GET"]}}],"collection":[{"href":"https:\/\/systronemv.com\/de\/wp-json\/wp\/v2\/pages"}],"about":[{"href":"https:\/\/systronemv.com\/de\/wp-json\/wp\/v2\/types\/page"}],"author":[{"embeddable":true,"href":"https:\/\/systronemv.com\/de\/wp-json\/wp\/v2\/users\/3"}],"replies":[{"embeddable":true,"href":"https:\/\/systronemv.com\/de\/wp-json\/wp\/v2\/comments?post=182"}],"version-history":[{"count":0,"href":"https:\/\/systronemv.com\/de\/wp-json\/wp\/v2\/pages\/182\/revisions"}],"up":[{"embeddable":true,"href":"https:\/\/systronemv.com\/de\/wp-json\/wp\/v2\/pages\/172"}],"wp:attachment":[{"href":"https:\/\/systronemv.com\/de\/wp-json\/wp\/v2\/media?parent=182"}],"curies":[{"name":"wp","href":"https:\/\/api.w.org\/{rel}","templated":true}]}}