{"id":172,"date":"2022-03-31T07:45:12","date_gmt":"2022-03-31T07:45:12","guid":{"rendered":"https:\/\/systronemv.com\/syst\/?page_id=172"},"modified":"2025-02-27T12:40:09","modified_gmt":"2025-02-27T12:40:09","slug":"abschirmsysteme","status":"publish","type":"page","link":"https:\/\/systronemv.com\/de\/abschirmsysteme\/","title":{"rendered":"Abschirmsysteme"},"content":{"rendered":"<div class=\"wpb-content-wrapper\"><p>[vc_row][vc_column][systron_generalboxes left_general=&#8220;Title&#8220; box_left_title=&#8220;<\/p>\n<h1>Abschirmsysteme gegen Magnetfelder<\/h1>\n<p>&#8222;]Um Magnetfelder wirkungsvoll zu minimieren, muss ein f\u00fcr die Anwendung und Anforderung geeignetes Abschirmsystem eingesetzt werden. F\u00fcr die Reduktion statischer Felder, sehr langsam ver\u00e4nderliche Felder (Near-DC) oder Wechselfelder gibt es unterschiedliche Konzepte.<\/p>\n<p>Die Abschirmungen von Systron basieren auf den drei Konzepten Systron PowerShield\u00ae, Systron CableShield\u00ae und Systron LabShield\u00ae. Jedes dieser Konzepte beseht aus einer Kombination von elektrisch und magnetisch leitenden Materialien. Zur Reduktion von st\u00f6renden Magnetfeldern gelangen auch aktive Kompensationssysteme zum Einsatz.<\/p>\n<p>&nbsp;<\/p>\n<p><a href=\"systron-powershield\/\"><img loading=\"lazy\" decoding=\"async\" class=\"alignnone wp-image-173 size-full\" src=\"https:\/\/systronemv.com\/wp-content\/uploads\/2022\/03\/Logo_PowerShield_schwarz.png\" alt=\"Systron PowerShield\" width=\"215\" height=\"72\" \/><\/a>\u00a0 \u00a0 \u00a0 \u00a0 <a href=\"systron-labshield\/\"><img loading=\"lazy\" decoding=\"async\" class=\"alignnone wp-image-174 size-full\" src=\"https:\/\/systronemv.com\/wp-content\/uploads\/2022\/03\/Logo_LabShield_schwarz.png\" alt=\"Systron LabShield\" width=\"170\" height=\"57\" \/><\/a>\u00a0 \u00a0 \u00a0 \u00a0 <a href=\"systron-cableshield\/\"><img loading=\"lazy\" decoding=\"async\" class=\"alignnone wp-image-175 size-full\" src=\"https:\/\/systronemv.com\/wp-content\/uploads\/2022\/03\/Logo_CableShield_schwarz.png\" alt=\"Systron CableShield\" width=\"199\" height=\"66\" \/><\/a>[\/systron_generalboxes][\/vc_column][\/vc_row]<\/p>\n<\/div>","protected":false},"excerpt":{"rendered":"<p>[vc_row][vc_column][systron_generalboxes left_general=&#8220;Title&#8220; box_left_title=&#8220; Abschirmsysteme gegen Magnetfelder &#8222;]Um Magnetfelder wirkungsvoll zu minimieren, muss ein f\u00fcr die Anwendung und Anforderung geeignetes Abschirmsystem eingesetzt werden. F\u00fcr die Reduktion statischer Felder, sehr langsam ver\u00e4nderliche Felder (Near-DC) oder Wechselfelder gibt es unterschiedliche Konzepte. Die Abschirmungen von Systron basieren auf den drei Konzepten Systron PowerShield\u00ae, Systron CableShield\u00ae und Systron LabShield\u00ae. Jedes [&hellip;]<\/p>\n","protected":false},"author":3,"featured_media":0,"parent":0,"menu_order":0,"comment_status":"closed","ping_status":"closed","template":"","meta":{"_acf_changed":false,"inline_featured_image":false,"footnotes":""},"class_list":["post-172","page","type-page","status-publish","hentry"],"acf":[],"yoast_head":"<!-- This site is optimized with the Yoast SEO Premium plugin v26.2 (Yoast SEO v27.2) - https:\/\/yoast.com\/product\/yoast-seo-premium-wordpress\/ -->\n<title>Abschirmsysteme gegen Magnetfelder - Streufeldabschirmung<\/title>\n<meta name=\"description\" content=\"Abschirmsysteme mit aktiver Kompensation sch\u00fctzen Menschen und empfindliche Ger\u00e4te vor st\u00f6renden, niederfrequenten Magnetfeldern.\" \/>\n<meta name=\"robots\" content=\"index, follow, max-snippet:-1, max-image-preview:large, max-video-preview:-1\" \/>\n<link rel=\"canonical\" href=\"https:\/\/systronemv.com\/de\/abschirmsysteme\/\" \/>\n<meta property=\"og:locale\" content=\"de_DE\" \/>\n<meta property=\"og:type\" content=\"article\" \/>\n<meta property=\"og:title\" content=\"Abschirmsysteme\" \/>\n<meta property=\"og:description\" content=\"Abschirmsysteme mit aktiver Kompensation sch\u00fctzen Menschen und empfindliche Ger\u00e4te vor st\u00f6renden, niederfrequenten Magnetfeldern.\" \/>\n<meta property=\"og:url\" content=\"https:\/\/systronemv.com\/de\/abschirmsysteme\/\" \/>\n<meta property=\"og:site_name\" content=\"Systron EMV\" \/>\n<meta property=\"article:modified_time\" content=\"2025-02-27T12:40:09+00:00\" \/>\n<meta property=\"og:image\" content=\"https:\/\/systronemv.com\/wp-content\/uploads\/2022\/03\/Logo_PowerShield_schwarz.png\" \/>\n\t<meta property=\"og:image:width\" content=\"215\" \/>\n\t<meta property=\"og:image:height\" content=\"72\" \/>\n\t<meta property=\"og:image:type\" content=\"image\/png\" \/>\n<meta name=\"twitter:card\" content=\"summary_large_image\" \/>\n<meta name=\"twitter:label1\" content=\"Gesch\u00e4tzte Lesezeit\" \/>\n\t<meta name=\"twitter:data1\" content=\"2\u00a0Minuten\" \/>\n<script type=\"application\/ld+json\" class=\"yoast-schema-graph\">{\"@context\":\"https:\/\/schema.org\",\"@graph\":[{\"@type\":\"WebPage\",\"@id\":\"https:\/\/systronemv.com\/de\/abschirmsysteme\/\",\"url\":\"https:\/\/systronemv.com\/de\/abschirmsysteme\/\",\"name\":\"Abschirmsysteme gegen Magnetfelder - Streufeldabschirmung\",\"isPartOf\":{\"@id\":\"https:\/\/systronemv.com\/de\/#website\"},\"primaryImageOfPage\":{\"@id\":\"https:\/\/systronemv.com\/de\/abschirmsysteme\/#primaryimage\"},\"image\":{\"@id\":\"https:\/\/systronemv.com\/de\/abschirmsysteme\/#primaryimage\"},\"thumbnailUrl\":\"https:\/\/systronemv.com\/wp-content\/uploads\/2022\/03\/Logo_PowerShield_schwarz.png\",\"datePublished\":\"2022-03-31T07:45:12+00:00\",\"dateModified\":\"2025-02-27T12:40:09+00:00\",\"description\":\"Abschirmsysteme mit aktiver Kompensation sch\u00fctzen Menschen und empfindliche Ger\u00e4te vor st\u00f6renden, niederfrequenten Magnetfeldern.\",\"breadcrumb\":{\"@id\":\"https:\/\/systronemv.com\/de\/abschirmsysteme\/#breadcrumb\"},\"inLanguage\":\"de\",\"potentialAction\":[{\"@type\":\"ReadAction\",\"target\":[\"https:\/\/systronemv.com\/de\/abschirmsysteme\/\"]}]},{\"@type\":\"ImageObject\",\"inLanguage\":\"de\",\"@id\":\"https:\/\/systronemv.com\/de\/abschirmsysteme\/#primaryimage\",\"url\":\"https:\/\/systronemv.com\/wp-content\/uploads\/2022\/03\/Logo_PowerShield_schwarz.png\",\"contentUrl\":\"https:\/\/systronemv.com\/wp-content\/uploads\/2022\/03\/Logo_PowerShield_schwarz.png\"},{\"@type\":\"BreadcrumbList\",\"@id\":\"https:\/\/systronemv.com\/de\/abschirmsysteme\/#breadcrumb\",\"itemListElement\":[{\"@type\":\"ListItem\",\"position\":1,\"name\":\"Home\",\"item\":\"https:\/\/systronemv.com\/de\/\"},{\"@type\":\"ListItem\",\"position\":2,\"name\":\"Abschirmsysteme\"}]},{\"@type\":\"WebSite\",\"@id\":\"https:\/\/systronemv.com\/de\/#website\",\"url\":\"https:\/\/systronemv.com\/de\/\",\"name\":\"SYSTRON\",\"description\":\"Magnetfeld-Abschirmungen\",\"publisher\":{\"@id\":\"https:\/\/systronemv.com\/de\/#organization\"},\"potentialAction\":[{\"@type\":\"SearchAction\",\"target\":{\"@type\":\"EntryPoint\",\"urlTemplate\":\"https:\/\/systronemv.com\/de\/?s={search_term_string}\"},\"query-input\":{\"@type\":\"PropertyValueSpecification\",\"valueRequired\":true,\"valueName\":\"search_term_string\"}}],\"inLanguage\":\"de\"},{\"@type\":\"Organization\",\"@id\":\"https:\/\/systronemv.com\/de\/#organization\",\"name\":\"Systron emv GmbH\",\"url\":\"https:\/\/systronemv.com\/de\/\",\"logo\":{\"@type\":\"ImageObject\",\"inLanguage\":\"de\",\"@id\":\"https:\/\/systronemv.com\/de\/#\/schema\/logo\/image\/\",\"url\":\"https:\/\/systronemv.com\/wp-content\/uploads\/2024\/02\/Systron_Logo_positiv_Rahmen-scaled.jpg\",\"contentUrl\":\"https:\/\/systronemv.com\/wp-content\/uploads\/2024\/02\/Systron_Logo_positiv_Rahmen-scaled.jpg\",\"width\":2560,\"height\":738,\"caption\":\"Systron emv GmbH\"},\"image\":{\"@id\":\"https:\/\/systronemv.com\/de\/#\/schema\/logo\/image\/\"}}]}<\/script>\n<!-- \/ Yoast SEO Premium plugin. -->","yoast_head_json":{"title":"Abschirmsysteme gegen Magnetfelder - Streufeldabschirmung","description":"Abschirmsysteme mit aktiver Kompensation sch\u00fctzen Menschen und empfindliche Ger\u00e4te vor st\u00f6renden, niederfrequenten Magnetfeldern.","robots":{"index":"index","follow":"follow","max-snippet":"max-snippet:-1","max-image-preview":"max-image-preview:large","max-video-preview":"max-video-preview:-1"},"canonical":"https:\/\/systronemv.com\/de\/abschirmsysteme\/","og_locale":"de_DE","og_type":"article","og_title":"Abschirmsysteme","og_description":"Abschirmsysteme mit aktiver Kompensation sch\u00fctzen Menschen und empfindliche Ger\u00e4te vor st\u00f6renden, niederfrequenten Magnetfeldern.","og_url":"https:\/\/systronemv.com\/de\/abschirmsysteme\/","og_site_name":"Systron EMV","article_modified_time":"2025-02-27T12:40:09+00:00","og_image":[{"width":215,"height":72,"url":"https:\/\/systronemv.com\/wp-content\/uploads\/2022\/03\/Logo_PowerShield_schwarz.png","type":"image\/png"}],"twitter_card":"summary_large_image","twitter_misc":{"Gesch\u00e4tzte Lesezeit":"2\u00a0Minuten"},"schema":{"@context":"https:\/\/schema.org","@graph":[{"@type":"WebPage","@id":"https:\/\/systronemv.com\/de\/abschirmsysteme\/","url":"https:\/\/systronemv.com\/de\/abschirmsysteme\/","name":"Abschirmsysteme gegen Magnetfelder - Streufeldabschirmung","isPartOf":{"@id":"https:\/\/systronemv.com\/de\/#website"},"primaryImageOfPage":{"@id":"https:\/\/systronemv.com\/de\/abschirmsysteme\/#primaryimage"},"image":{"@id":"https:\/\/systronemv.com\/de\/abschirmsysteme\/#primaryimage"},"thumbnailUrl":"https:\/\/systronemv.com\/wp-content\/uploads\/2022\/03\/Logo_PowerShield_schwarz.png","datePublished":"2022-03-31T07:45:12+00:00","dateModified":"2025-02-27T12:40:09+00:00","description":"Abschirmsysteme mit aktiver Kompensation sch\u00fctzen Menschen und empfindliche Ger\u00e4te vor st\u00f6renden, niederfrequenten Magnetfeldern.","breadcrumb":{"@id":"https:\/\/systronemv.com\/de\/abschirmsysteme\/#breadcrumb"},"inLanguage":"de","potentialAction":[{"@type":"ReadAction","target":["https:\/\/systronemv.com\/de\/abschirmsysteme\/"]}]},{"@type":"ImageObject","inLanguage":"de","@id":"https:\/\/systronemv.com\/de\/abschirmsysteme\/#primaryimage","url":"https:\/\/systronemv.com\/wp-content\/uploads\/2022\/03\/Logo_PowerShield_schwarz.png","contentUrl":"https:\/\/systronemv.com\/wp-content\/uploads\/2022\/03\/Logo_PowerShield_schwarz.png"},{"@type":"BreadcrumbList","@id":"https:\/\/systronemv.com\/de\/abschirmsysteme\/#breadcrumb","itemListElement":[{"@type":"ListItem","position":1,"name":"Home","item":"https:\/\/systronemv.com\/de\/"},{"@type":"ListItem","position":2,"name":"Abschirmsysteme"}]},{"@type":"WebSite","@id":"https:\/\/systronemv.com\/de\/#website","url":"https:\/\/systronemv.com\/de\/","name":"SYSTRON","description":"Magnetfeld-Abschirmungen","publisher":{"@id":"https:\/\/systronemv.com\/de\/#organization"},"potentialAction":[{"@type":"SearchAction","target":{"@type":"EntryPoint","urlTemplate":"https:\/\/systronemv.com\/de\/?s={search_term_string}"},"query-input":{"@type":"PropertyValueSpecification","valueRequired":true,"valueName":"search_term_string"}}],"inLanguage":"de"},{"@type":"Organization","@id":"https:\/\/systronemv.com\/de\/#organization","name":"Systron emv GmbH","url":"https:\/\/systronemv.com\/de\/","logo":{"@type":"ImageObject","inLanguage":"de","@id":"https:\/\/systronemv.com\/de\/#\/schema\/logo\/image\/","url":"https:\/\/systronemv.com\/wp-content\/uploads\/2024\/02\/Systron_Logo_positiv_Rahmen-scaled.jpg","contentUrl":"https:\/\/systronemv.com\/wp-content\/uploads\/2024\/02\/Systron_Logo_positiv_Rahmen-scaled.jpg","width":2560,"height":738,"caption":"Systron emv GmbH"},"image":{"@id":"https:\/\/systronemv.com\/de\/#\/schema\/logo\/image\/"}}]}},"_links":{"self":[{"href":"https:\/\/systronemv.com\/de\/wp-json\/wp\/v2\/pages\/172","targetHints":{"allow":["GET"]}}],"collection":[{"href":"https:\/\/systronemv.com\/de\/wp-json\/wp\/v2\/pages"}],"about":[{"href":"https:\/\/systronemv.com\/de\/wp-json\/wp\/v2\/types\/page"}],"author":[{"embeddable":true,"href":"https:\/\/systronemv.com\/de\/wp-json\/wp\/v2\/users\/3"}],"replies":[{"embeddable":true,"href":"https:\/\/systronemv.com\/de\/wp-json\/wp\/v2\/comments?post=172"}],"version-history":[{"count":0,"href":"https:\/\/systronemv.com\/de\/wp-json\/wp\/v2\/pages\/172\/revisions"}],"wp:attachment":[{"href":"https:\/\/systronemv.com\/de\/wp-json\/wp\/v2\/media?parent=172"}],"curies":[{"name":"wp","href":"https:\/\/api.w.org\/{rel}","templated":true}]}}