{"id":1659,"date":"2023-08-28T08:10:58","date_gmt":"2023-08-28T08:10:58","guid":{"rendered":"https:\/\/powershield.ch\/?page_id=1659"},"modified":"2025-06-13T05:42:29","modified_gmt":"2025-06-13T05:42:29","slug":"lizenzen","status":"publish","type":"page","link":"https:\/\/systronemv.com\/de\/emf-software\/lizenzen\/","title":{"rendered":"Lizenzen"},"content":{"rendered":"<div class=\"wpb-content-wrapper\"><p>[vc_row][vc_column][systron_generalboxes left_general=&#8220;Image&#8220; left_image=&#8220;1767&#8243;]Hier k\u00f6nnen Sie die Software <strong>Edison &#8211; Low Frequency<\/strong> kostenlos herunterladen.<\/p>\n<p><strong><a class=\"maxbutton-1 maxbutton maxbutton-download-demo\" target=\"_blank\" rel=\"noopener\" href=\"https:\/\/systronemv.com\/de\/emf-software\/download\/\"><span class='mb-text'>Download Demo<\/span><\/a><\/strong>[\/systron_generalboxes][\/vc_column][\/vc_row][vc_row][vc_column][systron_generalboxes box_color=&#8220;general-color&#8220; left_general=&#8220;Title&#8220; box_left_title=&#8220;Lizenzen&#8220;]Die Lizenzierung erfolgt als knotengesperrte Abonnementlizenz. Dabei kann die Software auf einer beliebigen Anzahl Computer innerhalb des Unternehmens installiert werden. Die ben\u00f6tigte Anzahl Lizenzen richtet sich danach, wie viele Personen die Software gleichzeitig nutzen m\u00f6chten. Die Lizenz kann einfach in der Software aktiviert oder deaktiviert werden. Eine g\u00fcltige Lizenz beinhaltet auch s\u00e4mtliche zuk\u00fcnftige Updates sowie den Support durch Systron.<\/p>\n<table style=\"height: 166px; width: 64.3631%; border-color: #000000; border-style: none;\">\n<tbody>\n<tr style=\"height: 56px; background-color: #c4c4c4;\">\n<td style=\"height: 56px; border-color: #ffffff; border-style: none; width: 302px; background-color: #dbdbdb;\" width=\"302\"><span style=\"font-size: 12pt;\">Laufzeit<\/span><\/td>\n<td style=\"height: 56px; border-color: #ffffff; border-style: none; background-color: #dbdbdb;\" width=\"302\"><span style=\"font-size: 12pt;\">Kosten pro Lizenz <\/span><span style=\"font-size: 8pt;\">(exkl. MwSt.)<\/span><\/td>\n<\/tr>\n<tr style=\"height: 56px; background-color: #ebebeb;\">\n<td style=\"height: 56px; border-color: #ffffff; border-style: none; background-color: #ededed;\" width=\"302\">6 Monate<\/td>\n<td style=\"height: 56px; border-color: #ffffff; border-style: none; background-color: #ededed;\" width=\"302\">2\u2019300 CHF<\/td>\n<\/tr>\n<tr style=\"height: 56px;\">\n<td style=\"height: 56px; border-color: #ffffff; border-style: none; background-color: #dbdbdb;\" width=\"302\">12 Monate<\/td>\n<td style=\"height: 56px; border-color: #ffffff; border-style: none; background-color: #dbdbdb;\" width=\"302\">3\u2019500 CHF<\/td>\n<\/tr>\n<\/tbody>\n<\/table>\n<p>[\/systron_generalboxes][\/vc_column][\/vc_row][vc_row][vc_column][systron_generalboxes left_general=&#8220;Image&#8220;]Software:<\/p>\n<ul>\n<li>Windows 10 ab Oktober 2020 (20H2) oder h\u00f6her<\/li>\n<li>Windows 64-Bit-System<\/li>\n<li>Microsoft .NET Framework 4.8.1<\/li>\n<\/ul>\n<p>Hardware:<\/p>\n<ul>\n<li>8 GB RAM<\/li>\n<li>1 GB Festplattenspeicher<\/li>\n<\/ul>\n<p>[\/systron_generalboxes][\/vc_column][\/vc_row]<\/p>\n<\/div>","protected":false},"excerpt":{"rendered":"<p>[vc_row][vc_column][systron_generalboxes left_general=&#8220;Image&#8220; left_image=&#8220;1767&#8243;]Hier k\u00f6nnen Sie die Software Edison &#8211; Low Frequency kostenlos herunterladen. [\/systron_generalboxes][\/vc_column][\/vc_row][vc_row][vc_column][systron_generalboxes box_color=&#8220;general-color&#8220; left_general=&#8220;Title&#8220; box_left_title=&#8220;Lizenzen&#8220;]Die Lizenzierung erfolgt als knotengesperrte Abonnementlizenz. Dabei kann die Software auf einer beliebigen Anzahl Computer innerhalb des Unternehmens installiert werden. Die ben\u00f6tigte Anzahl Lizenzen richtet sich danach, wie viele Personen die Software gleichzeitig nutzen m\u00f6chten. Die Lizenz kann einfach [&hellip;]<\/p>\n","protected":false},"author":3,"featured_media":0,"parent":1645,"menu_order":0,"comment_status":"closed","ping_status":"closed","template":"","meta":{"_acf_changed":false,"inline_featured_image":false,"footnotes":""},"class_list":["post-1659","page","type-page","status-publish","hentry"],"acf":[],"yoast_head":"<!-- This site is optimized with the Yoast SEO Premium plugin v26.2 (Yoast SEO v27.3) - https:\/\/yoast.com\/product\/yoast-seo-premium-wordpress\/ -->\n<title>Edison Low Frequency - Lizenzen<\/title>\n<meta name=\"description\" content=\"Edison - Lizenzen f\u00fcr die Magnetfeld-Simulations-Software zur Berechnung, Simulation und Visualisierung von elektromagnetischen Feldern\" \/>\n<meta name=\"robots\" content=\"index, follow, max-snippet:-1, max-image-preview:large, max-video-preview:-1\" \/>\n<link rel=\"canonical\" href=\"https:\/\/systronemv.com\/de\/emf-software\/lizenzen\/\" \/>\n<meta property=\"og:locale\" content=\"de_DE\" \/>\n<meta property=\"og:type\" content=\"article\" \/>\n<meta property=\"og:title\" content=\"Lizenzen\" \/>\n<meta property=\"og:description\" content=\"Edison - Lizenzen f\u00fcr die Magnetfeld-Simulations-Software zur Berechnung, Simulation und Visualisierung von elektromagnetischen Feldern\" \/>\n<meta property=\"og:url\" content=\"https:\/\/systronemv.com\/de\/emf-software\/lizenzen\/\" \/>\n<meta property=\"og:site_name\" content=\"Systron EMV\" \/>\n<meta property=\"article:modified_time\" content=\"2025-06-13T05:42:29+00:00\" \/>\n<meta name=\"twitter:card\" content=\"summary_large_image\" \/>\n<meta name=\"twitter:label1\" content=\"Gesch\u00e4tzte Lesezeit\" \/>\n\t<meta name=\"twitter:data1\" content=\"1\u00a0Minute\" \/>\n<script type=\"application\/ld+json\" class=\"yoast-schema-graph\">{\"@context\":\"https:\\\/\\\/schema.org\",\"@graph\":[{\"@type\":\"WebPage\",\"@id\":\"https:\\\/\\\/systronemv.com\\\/de\\\/emf-software\\\/lizenzen\\\/\",\"url\":\"https:\\\/\\\/systronemv.com\\\/de\\\/emf-software\\\/lizenzen\\\/\",\"name\":\"Edison Low Frequency - Lizenzen\",\"isPartOf\":{\"@id\":\"https:\\\/\\\/systronemv.com\\\/de\\\/#website\"},\"datePublished\":\"2023-08-28T08:10:58+00:00\",\"dateModified\":\"2025-06-13T05:42:29+00:00\",\"description\":\"Edison - Lizenzen f\u00fcr die Magnetfeld-Simulations-Software zur Berechnung, Simulation und Visualisierung von elektromagnetischen Feldern\",\"breadcrumb\":{\"@id\":\"https:\\\/\\\/systronemv.com\\\/de\\\/emf-software\\\/lizenzen\\\/#breadcrumb\"},\"inLanguage\":\"de\",\"potentialAction\":[{\"@type\":\"ReadAction\",\"target\":[\"https:\\\/\\\/systronemv.com\\\/de\\\/emf-software\\\/lizenzen\\\/\"]}]},{\"@type\":\"BreadcrumbList\",\"@id\":\"https:\\\/\\\/systronemv.com\\\/de\\\/emf-software\\\/lizenzen\\\/#breadcrumb\",\"itemListElement\":[{\"@type\":\"ListItem\",\"position\":1,\"name\":\"Home\",\"item\":\"https:\\\/\\\/systronemv.com\\\/de\\\/\"},{\"@type\":\"ListItem\",\"position\":2,\"name\":\"EMF-Software\",\"item\":\"https:\\\/\\\/systronemv.com\\\/de\\\/emf-software\\\/\"},{\"@type\":\"ListItem\",\"position\":3,\"name\":\"Lizenzen\"}]},{\"@type\":\"WebSite\",\"@id\":\"https:\\\/\\\/systronemv.com\\\/de\\\/#website\",\"url\":\"https:\\\/\\\/systronemv.com\\\/de\\\/\",\"name\":\"SYSTRON\",\"description\":\"Magnetfeld-Abschirmungen\",\"publisher\":{\"@id\":\"https:\\\/\\\/systronemv.com\\\/de\\\/#organization\"},\"potentialAction\":[{\"@type\":\"SearchAction\",\"target\":{\"@type\":\"EntryPoint\",\"urlTemplate\":\"https:\\\/\\\/systronemv.com\\\/de\\\/?s={search_term_string}\"},\"query-input\":{\"@type\":\"PropertyValueSpecification\",\"valueRequired\":true,\"valueName\":\"search_term_string\"}}],\"inLanguage\":\"de\"},{\"@type\":\"Organization\",\"@id\":\"https:\\\/\\\/systronemv.com\\\/de\\\/#organization\",\"name\":\"Systron emv GmbH\",\"url\":\"https:\\\/\\\/systronemv.com\\\/de\\\/\",\"logo\":{\"@type\":\"ImageObject\",\"inLanguage\":\"de\",\"@id\":\"https:\\\/\\\/systronemv.com\\\/de\\\/#\\\/schema\\\/logo\\\/image\\\/\",\"url\":\"https:\\\/\\\/systronemv.com\\\/wp-content\\\/uploads\\\/2024\\\/02\\\/Systron_Logo_positiv_Rahmen-scaled.jpg\",\"contentUrl\":\"https:\\\/\\\/systronemv.com\\\/wp-content\\\/uploads\\\/2024\\\/02\\\/Systron_Logo_positiv_Rahmen-scaled.jpg\",\"width\":2560,\"height\":738,\"caption\":\"Systron emv GmbH\"},\"image\":{\"@id\":\"https:\\\/\\\/systronemv.com\\\/de\\\/#\\\/schema\\\/logo\\\/image\\\/\"}}]}<\/script>\n<!-- \/ Yoast SEO Premium plugin. -->","yoast_head_json":{"title":"Edison Low Frequency - Lizenzen","description":"Edison - Lizenzen f\u00fcr die Magnetfeld-Simulations-Software zur Berechnung, Simulation und Visualisierung von elektromagnetischen Feldern","robots":{"index":"index","follow":"follow","max-snippet":"max-snippet:-1","max-image-preview":"max-image-preview:large","max-video-preview":"max-video-preview:-1"},"canonical":"https:\/\/systronemv.com\/de\/emf-software\/lizenzen\/","og_locale":"de_DE","og_type":"article","og_title":"Lizenzen","og_description":"Edison - Lizenzen f\u00fcr die Magnetfeld-Simulations-Software zur Berechnung, Simulation und Visualisierung von elektromagnetischen Feldern","og_url":"https:\/\/systronemv.com\/de\/emf-software\/lizenzen\/","og_site_name":"Systron EMV","article_modified_time":"2025-06-13T05:42:29+00:00","twitter_card":"summary_large_image","twitter_misc":{"Gesch\u00e4tzte Lesezeit":"1\u00a0Minute"},"schema":{"@context":"https:\/\/schema.org","@graph":[{"@type":"WebPage","@id":"https:\/\/systronemv.com\/de\/emf-software\/lizenzen\/","url":"https:\/\/systronemv.com\/de\/emf-software\/lizenzen\/","name":"Edison Low Frequency - Lizenzen","isPartOf":{"@id":"https:\/\/systronemv.com\/de\/#website"},"datePublished":"2023-08-28T08:10:58+00:00","dateModified":"2025-06-13T05:42:29+00:00","description":"Edison - Lizenzen f\u00fcr die Magnetfeld-Simulations-Software zur Berechnung, Simulation und Visualisierung von elektromagnetischen Feldern","breadcrumb":{"@id":"https:\/\/systronemv.com\/de\/emf-software\/lizenzen\/#breadcrumb"},"inLanguage":"de","potentialAction":[{"@type":"ReadAction","target":["https:\/\/systronemv.com\/de\/emf-software\/lizenzen\/"]}]},{"@type":"BreadcrumbList","@id":"https:\/\/systronemv.com\/de\/emf-software\/lizenzen\/#breadcrumb","itemListElement":[{"@type":"ListItem","position":1,"name":"Home","item":"https:\/\/systronemv.com\/de\/"},{"@type":"ListItem","position":2,"name":"EMF-Software","item":"https:\/\/systronemv.com\/de\/emf-software\/"},{"@type":"ListItem","position":3,"name":"Lizenzen"}]},{"@type":"WebSite","@id":"https:\/\/systronemv.com\/de\/#website","url":"https:\/\/systronemv.com\/de\/","name":"SYSTRON","description":"Magnetfeld-Abschirmungen","publisher":{"@id":"https:\/\/systronemv.com\/de\/#organization"},"potentialAction":[{"@type":"SearchAction","target":{"@type":"EntryPoint","urlTemplate":"https:\/\/systronemv.com\/de\/?s={search_term_string}"},"query-input":{"@type":"PropertyValueSpecification","valueRequired":true,"valueName":"search_term_string"}}],"inLanguage":"de"},{"@type":"Organization","@id":"https:\/\/systronemv.com\/de\/#organization","name":"Systron emv GmbH","url":"https:\/\/systronemv.com\/de\/","logo":{"@type":"ImageObject","inLanguage":"de","@id":"https:\/\/systronemv.com\/de\/#\/schema\/logo\/image\/","url":"https:\/\/systronemv.com\/wp-content\/uploads\/2024\/02\/Systron_Logo_positiv_Rahmen-scaled.jpg","contentUrl":"https:\/\/systronemv.com\/wp-content\/uploads\/2024\/02\/Systron_Logo_positiv_Rahmen-scaled.jpg","width":2560,"height":738,"caption":"Systron emv GmbH"},"image":{"@id":"https:\/\/systronemv.com\/de\/#\/schema\/logo\/image\/"}}]}},"_links":{"self":[{"href":"https:\/\/systronemv.com\/de\/wp-json\/wp\/v2\/pages\/1659","targetHints":{"allow":["GET"]}}],"collection":[{"href":"https:\/\/systronemv.com\/de\/wp-json\/wp\/v2\/pages"}],"about":[{"href":"https:\/\/systronemv.com\/de\/wp-json\/wp\/v2\/types\/page"}],"author":[{"embeddable":true,"href":"https:\/\/systronemv.com\/de\/wp-json\/wp\/v2\/users\/3"}],"replies":[{"embeddable":true,"href":"https:\/\/systronemv.com\/de\/wp-json\/wp\/v2\/comments?post=1659"}],"version-history":[{"count":3,"href":"https:\/\/systronemv.com\/de\/wp-json\/wp\/v2\/pages\/1659\/revisions"}],"predecessor-version":[{"id":3107,"href":"https:\/\/systronemv.com\/de\/wp-json\/wp\/v2\/pages\/1659\/revisions\/3107"}],"up":[{"embeddable":true,"href":"https:\/\/systronemv.com\/de\/wp-json\/wp\/v2\/pages\/1645"}],"wp:attachment":[{"href":"https:\/\/systronemv.com\/de\/wp-json\/wp\/v2\/media?parent=1659"}],"curies":[{"name":"wp","href":"https:\/\/api.w.org\/{rel}","templated":true}]}}